{"id":111046,"date":"2025-02-15T16:58:33","date_gmt":"2025-02-15T16:58:33","guid":{"rendered":"https:\/\/kinamihealth.com\/product\/teosyal-puresense-redensity-ii-2x1ml\/"},"modified":"2026-01-28T11:03:48","modified_gmt":"2026-01-28T11:03:48","slug":"teosyal-puresense-redensity-ii-2x1ml","status":"publish","type":"product","link":"https:\/\/kinamihealth.com\/fr\/produit\/teosyal-puresense-redensity-ii-2x1ml\/","title":{"rendered":"TEOSYAL\u00ae PURESENSE REDENSITY II 2x1ml"},"content":{"rendered":"<p>Teosyal PureSense Redensity II est un gel avanc\u00e9 con\u00e7u pour traiter la zone d\u00e9licate et sensible du contour des yeux. Ce produit contient un m\u00e9lange subtil d&#8217;acide hyaluronique non r\u00e9ticul\u00e9 et r\u00e9ticul\u00e9, sp\u00e9cialement indiqu\u00e9 pour les cernes et les creux sous les yeux. Les ingr\u00e9dients contenus dans Teosyal PureSense Redensity II contribuent \u00e0 r\u00e9g\u00e9n\u00e9rer et \u00e0 restructurer les cellules cutan\u00e9es, tout en les prot\u00e9geant de l&#8217;oxydation. Cela am\u00e9liore la qualit\u00e9 de la peau et offre une correction naturelle et durable des yeux fatigu\u00e9s. Veuillez noter que ce produit ne peut pas \u00eatre utilis\u00e9 pour traiter les cernes creus\u00e9s et les poches sous les yeux. Il est indiqu\u00e9 pour le traitement du contour des yeux, o\u00f9 il peut restaurer le volume de la peau et r\u00e9duire l&#8217;apparence des rides et des cernes.<\/p>\n","protected":false},"excerpt":{"rendered":"<p>Commandez TEOSYAL\u00ae PURESENSE REDENSITY II en ligne pour r\u00e9duire les cernes sous les yeux et retrouver un regard rajeuni et rafra\u00eechi. <strong>Procurez-vous ce produit d\u00e8s aujourd&#8217;hui chez Kinami Health, votre source fiable pour des produits esth\u00e9tiques de qualit\u00e9, disponibles rapidement et \u00e0 des prix abordables.<\/strong><\/p>\n","protected":false},"featured_media":111047,"comment_status":"closed","ping_status":"closed","template":"","meta":{"_acf_changed":false,"inline_featured_image":false},"product_brand":[1303],"product_cat":[1217],"product_tag":[1222],"class_list":{"0":"post-111046","1":"product","2":"type-product","3":"status-publish","4":"has-post-thumbnail","6":"product_brand-teosyal","7":"product_cat-produits-de-comblement-dermique","8":"product_tag-dispositifs-medicaux","10":"first","11":"instock","12":"taxable","13":"shipping-taxable","14":"purchasable","15":"product-type-simple","16":"add-to-wishlist-before_image"},"acf":[],"yoast_head":"<!-- This site is optimized with the Yoast SEO plugin v27.1.1 - https:\/\/yoast.com\/product\/yoast-seo-wordpress\/ -->\n<title>Commander TEOSYAL\u00ae PURESENSE REDENSITY II 2x1ml en ligne | Boutique en ligne | Kinami Health<\/title>\n<meta name=\"description\" content=\"Commandez Teosyal Puresense Redensity II pour r\u00e9duire les cernes, les ridules et les creux sous les yeux. Un produit de comblement \u00e0 base d&#039;acide hyaluronique de haute qualit\u00e9, con\u00e7u pour les peaux d\u00e9licates.\" \/>\n<meta name=\"robots\" content=\"index, follow, max-snippet:-1, max-image-preview:large, max-video-preview:-1\" \/>\n<link rel=\"canonical\" href=\"https:\/\/kinamihealth.com\/fr\/wp-json\/wp\/v2\/product\/111046\" \/>\n<meta property=\"og:locale\" content=\"fr_FR\" \/>\n<meta property=\"og:type\" content=\"article\" \/>\n<meta property=\"og:title\" content=\"Commander TEOSYAL\u00ae PURESENSE REDENSITY II 2x1ml en ligne | Boutique en ligne | Kinami Health\" \/>\n<meta property=\"og:description\" content=\"Commandez Teosyal Puresense Redensity II pour r\u00e9duire les cernes, les ridules et les creux sous les yeux. Un produit de comblement \u00e0 base d&#039;acide hyaluronique de haute qualit\u00e9, con\u00e7u pour les peaux d\u00e9licates.\" \/>\n<meta property=\"og:url\" content=\"https:\/\/kinamihealth.com\/fr\/produit\/teosyal-puresense-redensity-ii-2x1ml\/\" \/>\n<meta property=\"og:site_name\" content=\"Kinami Health\" \/>\n<meta property=\"article:modified_time\" content=\"2026-01-28T11:03:48+00:00\" \/>\n<meta property=\"og:image\" content=\"https:\/\/kinamihealth.com\/wp-content\/uploads\/2025\/02\/TEOXANE-TEOSYAL-REDENSITY2-PURESENSE-2X1ML-01.jpg\" \/>\n\t<meta property=\"og:image:width\" content=\"800\" \/>\n\t<meta property=\"og:image:height\" content=\"800\" \/>\n\t<meta property=\"og:image:type\" content=\"image\/jpeg\" \/>\n<meta name=\"twitter:card\" content=\"summary_large_image\" \/>\n<meta name=\"twitter:label1\" content=\"Dur\u00e9e de lecture estim\u00e9e\" \/>\n\t<meta name=\"twitter:data1\" content=\"1 minute\" \/>\n<!-- \/ Yoast SEO plugin. -->","yoast_head_json":{"title":"Commander TEOSYAL\u00ae PURESENSE REDENSITY II 2x1ml en ligne | Boutique en ligne | Kinami Health","description":"Commandez Teosyal Puresense Redensity II pour r\u00e9duire les cernes, les ridules et les creux sous les yeux. Un produit de comblement \u00e0 base d'acide hyaluronique de haute qualit\u00e9, con\u00e7u pour les peaux d\u00e9licates.","robots":{"index":"index","follow":"follow","max-snippet":"max-snippet:-1","max-image-preview":"max-image-preview:large","max-video-preview":"max-video-preview:-1"},"canonical":"https:\/\/kinamihealth.com\/fr\/wp-json\/wp\/v2\/product\/111046","og_locale":"fr_FR","og_type":"article","og_title":"Commander TEOSYAL\u00ae PURESENSE REDENSITY II 2x1ml en ligne | Boutique en ligne | Kinami Health","og_description":"Commandez Teosyal Puresense Redensity II pour r\u00e9duire les cernes, les ridules et les creux sous les yeux. Un produit de comblement \u00e0 base d'acide hyaluronique de haute qualit\u00e9, con\u00e7u pour les peaux d\u00e9licates.","og_url":"https:\/\/kinamihealth.com\/fr\/produit\/teosyal-puresense-redensity-ii-2x1ml\/","og_site_name":"Kinami Health","article_modified_time":"2026-01-28T11:03:48+00:00","og_image":[{"width":800,"height":800,"url":"https:\/\/kinamihealth.com\/wp-content\/uploads\/2025\/02\/TEOXANE-TEOSYAL-REDENSITY2-PURESENSE-2X1ML-01.jpg","type":"image\/jpeg"}],"twitter_card":"summary_large_image","twitter_misc":{"Dur\u00e9e de lecture estim\u00e9e":"1 minute"},"schema":{"@context":"https:\/\/schema.org","@graph":[{"@type":"WebPage","@id":"https:\/\/kinamihealth.com\/fr\/produit\/teosyal-puresense-redensity-ii-2x1ml\/","url":"https:\/\/kinamihealth.com\/fr\/produit\/teosyal-puresense-redensity-ii-2x1ml\/","name":"Commander TEOSYAL\u00ae PURESENSE REDENSITY II 2x1ml en ligne | Boutique en ligne | Kinami Health","isPartOf":{"@id":"https:\/\/kinamihealth.com\/#website"},"primaryImageOfPage":{"@id":"https:\/\/kinamihealth.com\/fr\/produit\/teosyal-puresense-redensity-ii-2x1ml\/#primaryimage"},"image":{"@id":"https:\/\/kinamihealth.com\/fr\/produit\/teosyal-puresense-redensity-ii-2x1ml\/#primaryimage"},"thumbnailUrl":"https:\/\/kinamihealth.com\/wp-content\/uploads\/2025\/02\/TEOXANE-TEOSYAL-REDENSITY2-PURESENSE-2X1ML-01.jpg","datePublished":"2025-02-15T16:58:33+00:00","dateModified":"2026-01-28T11:03:48+00:00","description":"Commandez Teosyal Puresense Redensity II pour r\u00e9duire les cernes, les ridules et les creux sous les yeux. Un produit de comblement \u00e0 base d'acide hyaluronique de haute qualit\u00e9, con\u00e7u pour les peaux d\u00e9licates.","breadcrumb":{"@id":"https:\/\/kinamihealth.com\/fr\/produit\/teosyal-puresense-redensity-ii-2x1ml\/#breadcrumb"},"inLanguage":"fr-FR","potentialAction":[{"@type":"ReadAction","target":["https:\/\/kinamihealth.com\/fr\/produit\/teosyal-puresense-redensity-ii-2x1ml\/"]}]},{"@type":"ImageObject","inLanguage":"fr-FR","@id":"https:\/\/kinamihealth.com\/fr\/produit\/teosyal-puresense-redensity-ii-2x1ml\/#primaryimage","url":"https:\/\/kinamihealth.com\/wp-content\/uploads\/2025\/02\/TEOXANE-TEOSYAL-REDENSITY2-PURESENSE-2X1ML-01.jpg","contentUrl":"https:\/\/kinamihealth.com\/wp-content\/uploads\/2025\/02\/TEOXANE-TEOSYAL-REDENSITY2-PURESENSE-2X1ML-01.jpg","width":800,"height":800},{"@type":"BreadcrumbList","@id":"https:\/\/kinamihealth.com\/fr\/produit\/teosyal-puresense-redensity-ii-2x1ml\/#breadcrumb","itemListElement":[{"@type":"ListItem","position":1,"name":"Page d'accueil","item":"https:\/\/kinamihealth.com\/"},{"@type":"ListItem","position":2,"name":"Boutique","item":"https:\/\/kinamihealth.com\/shop\/"},{"@type":"ListItem","position":3,"name":"TEOSYAL\u00ae PURESENSE REDENSITY II 2x1ml"}]},{"@type":"WebSite","@id":"https:\/\/kinamihealth.com\/#website","url":"https:\/\/kinamihealth.com\/","name":"Kinami Health","description":"","publisher":{"@id":"https:\/\/kinamihealth.com\/#organization"},"potentialAction":[{"@type":"SearchAction","target":{"@type":"EntryPoint","urlTemplate":"https:\/\/kinamihealth.com\/?s={search_term_string}"},"query-input":{"@type":"PropertyValueSpecification","valueRequired":true,"valueName":"search_term_string"}}],"inLanguage":"fr-FR"},{"@type":"Organization","@id":"https:\/\/kinamihealth.com\/#organization","name":"Kinami Health","url":"https:\/\/kinamihealth.com\/","logo":{"@type":"ImageObject","inLanguage":"fr-FR","@id":"https:\/\/kinamihealth.com\/#\/schema\/logo\/image\/","url":"https:\/\/kinamihealth.com\/wp-content\/uploads\/2025\/01\/KH_logo_black_2-1.png","contentUrl":"https:\/\/kinamihealth.com\/wp-content\/uploads\/2025\/01\/KH_logo_black_2-1.png","width":339,"height":34,"caption":"Kinami Health"},"image":{"@id":"https:\/\/kinamihealth.com\/#\/schema\/logo\/image\/"}}]}},"_links":{"self":[{"href":"https:\/\/kinamihealth.com\/fr\/wp-json\/wp\/v2\/product\/111046","targetHints":{"allow":["GET"]}}],"collection":[{"href":"https:\/\/kinamihealth.com\/fr\/wp-json\/wp\/v2\/product"}],"about":[{"href":"https:\/\/kinamihealth.com\/fr\/wp-json\/wp\/v2\/types\/product"}],"replies":[{"embeddable":true,"href":"https:\/\/kinamihealth.com\/fr\/wp-json\/wp\/v2\/comments?post=111046"}],"version-history":[{"count":0,"href":"https:\/\/kinamihealth.com\/fr\/wp-json\/wp\/v2\/product\/111046\/revisions"}],"wp:featuredmedia":[{"embeddable":true,"href":"https:\/\/kinamihealth.com\/fr\/wp-json\/wp\/v2\/media\/111047"}],"wp:attachment":[{"href":"https:\/\/kinamihealth.com\/fr\/wp-json\/wp\/v2\/media?parent=111046"}],"wp:term":[{"taxonomy":"product_brand","embeddable":true,"href":"https:\/\/kinamihealth.com\/fr\/wp-json\/wp\/v2\/product_brand?post=111046"},{"taxonomy":"product_cat","embeddable":true,"href":"https:\/\/kinamihealth.com\/fr\/wp-json\/wp\/v2\/product_cat?post=111046"},{"taxonomy":"product_tag","embeddable":true,"href":"https:\/\/kinamihealth.com\/fr\/wp-json\/wp\/v2\/product_tag?post=111046"}],"curies":[{"name":"wp","href":"https:\/\/api.w.org\/{rel}","templated":true}]}}