{"id":111037,"date":"2025-02-15T16:58:26","date_gmt":"2025-02-15T16:58:26","guid":{"rendered":"https:\/\/kinamihealth.com\/product\/teosyal-puresense-kiss\/"},"modified":"2026-01-28T11:03:21","modified_gmt":"2026-01-28T11:03:21","slug":"teosyal-puresense-kiss","status":"publish","type":"product","link":"https:\/\/kinamihealth.com\/fr\/produit\/teosyal-puresense-kiss\/","title":{"rendered":"TEOSYAL\u00ae PURESENSE KISS"},"content":{"rendered":"<p>Teosyal PureSense Kiss est un produit d&#8217;augmentation des l\u00e8vres sp\u00e9cialement con\u00e7u pour harmoniser le contour et le volume des l\u00e8vres. Gr\u00e2ce \u00e0 son profil \u00e9lastique id\u00e9al, Teosyal PureSense Kiss est particuli\u00e8rement adapt\u00e9 \u00e0 la mobilit\u00e9 des l\u00e8vres. Utilisez Teosyal PureSense Kiss pour remodeler les l\u00e8vres et augmenter leur volume tout en traitant leur hydratation et les rides autour de la bouche. Le produit contient de la lidoca\u00efne, un anesth\u00e9sique puissant, pour une injection plus confortable. Il est destin\u00e9 \u00e0 une injection dans la muqueuse labiale ou dans le derme pour l&#8217;augmentation des l\u00e8vres, le remodelage des l\u00e8vres, la r\u00e9hydratation des l\u00e8vres et la correction des rides p\u00e9ribuccales.<\/p>\n","protected":false},"excerpt":{"rendered":"<p>Commandez Teosyal Puresense Kiss en ligne pour offrir \u00e0 vos patients un volume des l\u00e8vres durable et un confort maximal. <strong>Commandez d\u00e8s maintenant chez Kinami Health, votre source fiable pour des produits esth\u00e9tiques de qualit\u00e9, disponibles rapidement et \u00e0 des prix abordables.<\/strong><\/p>\n","protected":false},"featured_media":111038,"comment_status":"closed","ping_status":"closed","template":"","meta":{"_acf_changed":false,"inline_featured_image":false},"product_brand":[1303],"product_cat":[1217],"product_tag":[1222],"class_list":{"0":"post-111037","1":"product","2":"type-product","3":"status-publish","4":"has-post-thumbnail","6":"product_brand-teosyal","7":"product_cat-produits-de-comblement-dermique","8":"product_tag-dispositifs-medicaux","10":"first","11":"instock","12":"taxable","13":"shipping-taxable","14":"purchasable","15":"product-type-simple","16":"add-to-wishlist-before_image"},"acf":[],"yoast_head":"<!-- This site is optimized with the Yoast SEO plugin v27.3 - https:\/\/yoast.com\/product\/yoast-seo-wordpress\/ -->\n<title>Commander TEOSYAL\u00ae PURESENSE KISS en ligne | Boutique en ligne | Kinami Health<\/title>\n<meta name=\"description\" content=\"Commandez Teosyal Puresense Kiss en ligne pour obtenir des l\u00e8vres magnifiquement mises en valeur, avec un volume et une hydratation durables. Sp\u00e9cialement con\u00e7u pour le contour et la d\u00e9finition des l\u00e8vres.\" \/>\n<meta name=\"robots\" content=\"index, follow, max-snippet:-1, max-image-preview:large, max-video-preview:-1\" \/>\n<link rel=\"canonical\" href=\"https:\/\/kinamihealth.com\/fr\/wp-json\/wp\/v2\/product\/111037\" \/>\n<meta property=\"og:locale\" content=\"fr_FR\" \/>\n<meta property=\"og:type\" content=\"article\" \/>\n<meta property=\"og:title\" content=\"Commander TEOSYAL\u00ae PURESENSE KISS en ligne | Boutique en ligne | Kinami Health\" \/>\n<meta property=\"og:description\" content=\"Commandez Teosyal Puresense Kiss en ligne pour obtenir des l\u00e8vres magnifiquement mises en valeur, avec un volume et une hydratation durables. Sp\u00e9cialement con\u00e7u pour le contour et la d\u00e9finition des l\u00e8vres.\" \/>\n<meta property=\"og:url\" content=\"https:\/\/kinamihealth.com\/fr\/produit\/teosyal-puresense-kiss\/\" \/>\n<meta property=\"og:site_name\" content=\"Kinami Health\" \/>\n<meta property=\"article:modified_time\" content=\"2026-01-28T11:03:21+00:00\" \/>\n<meta property=\"og:image\" content=\"https:\/\/kinamihealth.com\/wp-content\/uploads\/2025\/02\/TEOXANE-TEOSYAL-KISS-PURESENSE-27G-01.jpg\" \/>\n\t<meta property=\"og:image:width\" content=\"800\" \/>\n\t<meta property=\"og:image:height\" content=\"800\" \/>\n\t<meta property=\"og:image:type\" content=\"image\/jpeg\" \/>\n<meta name=\"twitter:card\" content=\"summary_large_image\" \/>\n<meta name=\"twitter:label1\" content=\"Dur\u00e9e de lecture estim\u00e9e\" \/>\n\t<meta name=\"twitter:data1\" content=\"1 minute\" \/>\n<!-- \/ Yoast SEO plugin. -->","yoast_head_json":{"title":"Commander TEOSYAL\u00ae PURESENSE KISS en ligne | Boutique en ligne | Kinami Health","description":"Commandez Teosyal Puresense Kiss en ligne pour obtenir des l\u00e8vres magnifiquement mises en valeur, avec un volume et une hydratation durables. Sp\u00e9cialement con\u00e7u pour le contour et la d\u00e9finition des l\u00e8vres.","robots":{"index":"index","follow":"follow","max-snippet":"max-snippet:-1","max-image-preview":"max-image-preview:large","max-video-preview":"max-video-preview:-1"},"canonical":"https:\/\/kinamihealth.com\/fr\/wp-json\/wp\/v2\/product\/111037","og_locale":"fr_FR","og_type":"article","og_title":"Commander TEOSYAL\u00ae PURESENSE KISS en ligne | Boutique en ligne | Kinami Health","og_description":"Commandez Teosyal Puresense Kiss en ligne pour obtenir des l\u00e8vres magnifiquement mises en valeur, avec un volume et une hydratation durables. Sp\u00e9cialement con\u00e7u pour le contour et la d\u00e9finition des l\u00e8vres.","og_url":"https:\/\/kinamihealth.com\/fr\/produit\/teosyal-puresense-kiss\/","og_site_name":"Kinami Health","article_modified_time":"2026-01-28T11:03:21+00:00","og_image":[{"width":800,"height":800,"url":"https:\/\/kinamihealth.com\/wp-content\/uploads\/2025\/02\/TEOXANE-TEOSYAL-KISS-PURESENSE-27G-01.jpg","type":"image\/jpeg"}],"twitter_card":"summary_large_image","twitter_misc":{"Dur\u00e9e de lecture estim\u00e9e":"1 minute"},"schema":{"@context":"https:\/\/schema.org","@graph":[{"@type":"WebPage","@id":"https:\/\/kinamihealth.com\/fr\/produit\/teosyal-puresense-kiss\/","url":"https:\/\/kinamihealth.com\/fr\/produit\/teosyal-puresense-kiss\/","name":"Commander TEOSYAL\u00ae PURESENSE KISS en ligne | Boutique en ligne | Kinami Health","isPartOf":{"@id":"https:\/\/kinamihealth.com\/#website"},"primaryImageOfPage":{"@id":"https:\/\/kinamihealth.com\/fr\/produit\/teosyal-puresense-kiss\/#primaryimage"},"image":{"@id":"https:\/\/kinamihealth.com\/fr\/produit\/teosyal-puresense-kiss\/#primaryimage"},"thumbnailUrl":"https:\/\/kinamihealth.com\/wp-content\/uploads\/2025\/02\/TEOXANE-TEOSYAL-KISS-PURESENSE-27G-01.jpg","datePublished":"2025-02-15T16:58:26+00:00","dateModified":"2026-01-28T11:03:21+00:00","description":"Commandez Teosyal Puresense Kiss en ligne pour obtenir des l\u00e8vres magnifiquement mises en valeur, avec un volume et une hydratation durables. Sp\u00e9cialement con\u00e7u pour le contour et la d\u00e9finition des l\u00e8vres.","breadcrumb":{"@id":"https:\/\/kinamihealth.com\/fr\/produit\/teosyal-puresense-kiss\/#breadcrumb"},"inLanguage":"fr-FR","potentialAction":[{"@type":"ReadAction","target":["https:\/\/kinamihealth.com\/fr\/produit\/teosyal-puresense-kiss\/"]}]},{"@type":"ImageObject","inLanguage":"fr-FR","@id":"https:\/\/kinamihealth.com\/fr\/produit\/teosyal-puresense-kiss\/#primaryimage","url":"https:\/\/kinamihealth.com\/wp-content\/uploads\/2025\/02\/TEOXANE-TEOSYAL-KISS-PURESENSE-27G-01.jpg","contentUrl":"https:\/\/kinamihealth.com\/wp-content\/uploads\/2025\/02\/TEOXANE-TEOSYAL-KISS-PURESENSE-27G-01.jpg","width":800,"height":800},{"@type":"BreadcrumbList","@id":"https:\/\/kinamihealth.com\/fr\/produit\/teosyal-puresense-kiss\/#breadcrumb","itemListElement":[{"@type":"ListItem","position":1,"name":"Page d'accueil","item":"https:\/\/kinamihealth.com\/"},{"@type":"ListItem","position":2,"name":"Boutique","item":"https:\/\/kinamihealth.com\/shop\/"},{"@type":"ListItem","position":3,"name":"TEOSYAL\u00ae PURESENSE KISS"}]},{"@type":"WebSite","@id":"https:\/\/kinamihealth.com\/#website","url":"https:\/\/kinamihealth.com\/","name":"Kinami Health","description":"","publisher":{"@id":"https:\/\/kinamihealth.com\/#organization"},"potentialAction":[{"@type":"SearchAction","target":{"@type":"EntryPoint","urlTemplate":"https:\/\/kinamihealth.com\/?s={search_term_string}"},"query-input":{"@type":"PropertyValueSpecification","valueRequired":true,"valueName":"search_term_string"}}],"inLanguage":"fr-FR"},{"@type":"Organization","@id":"https:\/\/kinamihealth.com\/#organization","name":"Kinami Health","url":"https:\/\/kinamihealth.com\/","logo":{"@type":"ImageObject","inLanguage":"fr-FR","@id":"https:\/\/kinamihealth.com\/#\/schema\/logo\/image\/","url":"https:\/\/kinamihealth.com\/wp-content\/uploads\/2025\/01\/KH_logo_black_2-1.png","contentUrl":"https:\/\/kinamihealth.com\/wp-content\/uploads\/2025\/01\/KH_logo_black_2-1.png","width":339,"height":34,"caption":"Kinami Health"},"image":{"@id":"https:\/\/kinamihealth.com\/#\/schema\/logo\/image\/"}}]}},"_links":{"self":[{"href":"https:\/\/kinamihealth.com\/fr\/wp-json\/wp\/v2\/product\/111037","targetHints":{"allow":["GET"]}}],"collection":[{"href":"https:\/\/kinamihealth.com\/fr\/wp-json\/wp\/v2\/product"}],"about":[{"href":"https:\/\/kinamihealth.com\/fr\/wp-json\/wp\/v2\/types\/product"}],"replies":[{"embeddable":true,"href":"https:\/\/kinamihealth.com\/fr\/wp-json\/wp\/v2\/comments?post=111037"}],"version-history":[{"count":0,"href":"https:\/\/kinamihealth.com\/fr\/wp-json\/wp\/v2\/product\/111037\/revisions"}],"wp:featuredmedia":[{"embeddable":true,"href":"https:\/\/kinamihealth.com\/fr\/wp-json\/wp\/v2\/media\/111038"}],"wp:attachment":[{"href":"https:\/\/kinamihealth.com\/fr\/wp-json\/wp\/v2\/media?parent=111037"}],"wp:term":[{"taxonomy":"product_brand","embeddable":true,"href":"https:\/\/kinamihealth.com\/fr\/wp-json\/wp\/v2\/product_brand?post=111037"},{"taxonomy":"product_cat","embeddable":true,"href":"https:\/\/kinamihealth.com\/fr\/wp-json\/wp\/v2\/product_cat?post=111037"},{"taxonomy":"product_tag","embeddable":true,"href":"https:\/\/kinamihealth.com\/fr\/wp-json\/wp\/v2\/product_tag?post=111037"}],"curies":[{"name":"wp","href":"https:\/\/api.w.org\/{rel}","templated":true}]}}