{"id":111028,"date":"2025-02-15T16:58:24","date_gmt":"2025-02-15T16:58:24","guid":{"rendered":"https:\/\/kinamihealth.com\/product\/teosyal-puresense-deep-lines\/"},"modified":"2026-01-28T11:02:59","modified_gmt":"2026-01-28T11:02:59","slug":"teosyal-puresense-deep-lines","status":"publish","type":"product","link":"https:\/\/kinamihealth.com\/fr\/produit\/teosyal-puresense-deep-lines\/","title":{"rendered":"TEOSYAL\u00ae PURESENSE DEEP LINES"},"content":{"rendered":"<p>Teosyal PureSense Deep Lines est utilis\u00e9 pour le comblement en profondeur des rides tr\u00e8s marqu\u00e9es. Teosyal PureSense Deep Lines pr\u00e9sente un profil visco\u00e9lastique optimal, adapt\u00e9 au traitement des rides profondes telles que les sillons nasog\u00e9niens et les rides d&#8217;amertume prononc\u00e9s. Le produit contient de la lidoca\u00efne, un anesth\u00e9sique puissant, pour une injection plus confortable. Il est indiqu\u00e9 pour le traitement des rides profondes, des ridules et des plis du visage, l&#8217;augmentation des pommettes et la restauration de la forme du visage.<\/p>\n","protected":false},"excerpt":{"rendered":"<p>Commandez TEOSYAL\u00ae PURESENSE DEEP LINES pour offrir une solution de haute qualit\u00e9 aux patients qui souhaitent r\u00e9duire leurs rides profondes, restaurer le volume perdu et rajeunir leur apparence. <strong>Procurez-vous le produit d\u00e8s aujourd&#8217;hui chez Kinami Health \u2013 fiable, rapide et abordable.<\/strong><\/p>\n","protected":false},"featured_media":111029,"comment_status":"closed","ping_status":"closed","template":"","meta":{"_acf_changed":false,"inline_featured_image":false},"product_brand":[1303],"product_cat":[1217],"product_tag":[1222],"class_list":{"0":"post-111028","1":"product","2":"type-product","3":"status-publish","4":"has-post-thumbnail","6":"product_brand-teosyal","7":"product_cat-produits-de-comblement-dermique","8":"product_tag-dispositifs-medicaux","10":"first","11":"instock","12":"taxable","13":"shipping-taxable","14":"purchasable","15":"product-type-simple","16":"add-to-wishlist-before_image"},"acf":[],"yoast_head":"<!-- This site is optimized with the Yoast SEO plugin v27.1.1 - https:\/\/yoast.com\/product\/yoast-seo-wordpress\/ -->\n<title>Commander TEOSYAL\u00ae PURESENSE DEEP LINES en ligne | Boutique en ligne | Kinami Health<\/title>\n<meta name=\"description\" content=\"Commandez Teosyal Puresense Deep Lines en ligne pour r\u00e9duire les rides profondes et restaurer le volume. Produit de comblement \u00e0 base d&#039;acide hyaluronique de haute qualit\u00e9 offrant des r\u00e9sultats durables et naturels.\" \/>\n<meta name=\"robots\" content=\"index, follow, max-snippet:-1, max-image-preview:large, max-video-preview:-1\" \/>\n<link rel=\"canonical\" href=\"https:\/\/kinamihealth.com\/fr\/wp-json\/wp\/v2\/product\/111028\" \/>\n<meta property=\"og:locale\" content=\"fr_FR\" \/>\n<meta property=\"og:type\" content=\"article\" \/>\n<meta property=\"og:title\" content=\"Commander TEOSYAL\u00ae PURESENSE DEEP LINES en ligne | Boutique en ligne | Kinami Health\" \/>\n<meta property=\"og:description\" content=\"Commandez Teosyal Puresense Deep Lines en ligne pour r\u00e9duire les rides profondes et restaurer le volume. Produit de comblement \u00e0 base d&#039;acide hyaluronique de haute qualit\u00e9 offrant des r\u00e9sultats durables et naturels.\" \/>\n<meta property=\"og:url\" content=\"https:\/\/kinamihealth.com\/fr\/produit\/teosyal-puresense-deep-lines\/\" \/>\n<meta property=\"og:site_name\" content=\"Kinami Health\" \/>\n<meta property=\"article:modified_time\" content=\"2026-01-28T11:02:59+00:00\" \/>\n<meta property=\"og:image\" content=\"https:\/\/kinamihealth.com\/wp-content\/uploads\/2025\/02\/TEOXANE-TEOSYAL-DEEPLINES-PURESENSE-30G-01.jpg\" \/>\n\t<meta property=\"og:image:width\" content=\"800\" \/>\n\t<meta property=\"og:image:height\" content=\"800\" \/>\n\t<meta property=\"og:image:type\" content=\"image\/jpeg\" \/>\n<meta name=\"twitter:card\" content=\"summary_large_image\" \/>\n<meta name=\"twitter:label1\" content=\"Dur\u00e9e de lecture estim\u00e9e\" \/>\n\t<meta name=\"twitter:data1\" content=\"1 minute\" \/>\n<!-- \/ Yoast SEO plugin. -->","yoast_head_json":{"title":"Commander TEOSYAL\u00ae PURESENSE DEEP LINES en ligne | Boutique en ligne | Kinami Health","description":"Commandez Teosyal Puresense Deep Lines en ligne pour r\u00e9duire les rides profondes et restaurer le volume. Produit de comblement \u00e0 base d'acide hyaluronique de haute qualit\u00e9 offrant des r\u00e9sultats durables et naturels.","robots":{"index":"index","follow":"follow","max-snippet":"max-snippet:-1","max-image-preview":"max-image-preview:large","max-video-preview":"max-video-preview:-1"},"canonical":"https:\/\/kinamihealth.com\/fr\/wp-json\/wp\/v2\/product\/111028","og_locale":"fr_FR","og_type":"article","og_title":"Commander TEOSYAL\u00ae PURESENSE DEEP LINES en ligne | Boutique en ligne | Kinami Health","og_description":"Commandez Teosyal Puresense Deep Lines en ligne pour r\u00e9duire les rides profondes et restaurer le volume. Produit de comblement \u00e0 base d'acide hyaluronique de haute qualit\u00e9 offrant des r\u00e9sultats durables et naturels.","og_url":"https:\/\/kinamihealth.com\/fr\/produit\/teosyal-puresense-deep-lines\/","og_site_name":"Kinami Health","article_modified_time":"2026-01-28T11:02:59+00:00","og_image":[{"width":800,"height":800,"url":"https:\/\/kinamihealth.com\/wp-content\/uploads\/2025\/02\/TEOXANE-TEOSYAL-DEEPLINES-PURESENSE-30G-01.jpg","type":"image\/jpeg"}],"twitter_card":"summary_large_image","twitter_misc":{"Dur\u00e9e de lecture estim\u00e9e":"1 minute"},"schema":{"@context":"https:\/\/schema.org","@graph":[{"@type":"WebPage","@id":"https:\/\/kinamihealth.com\/fr\/produit\/teosyal-puresense-deep-lines\/","url":"https:\/\/kinamihealth.com\/fr\/produit\/teosyal-puresense-deep-lines\/","name":"Commander TEOSYAL\u00ae PURESENSE DEEP LINES en ligne | Boutique en ligne | Kinami Health","isPartOf":{"@id":"https:\/\/kinamihealth.com\/#website"},"primaryImageOfPage":{"@id":"https:\/\/kinamihealth.com\/fr\/produit\/teosyal-puresense-deep-lines\/#primaryimage"},"image":{"@id":"https:\/\/kinamihealth.com\/fr\/produit\/teosyal-puresense-deep-lines\/#primaryimage"},"thumbnailUrl":"https:\/\/kinamihealth.com\/wp-content\/uploads\/2025\/02\/TEOXANE-TEOSYAL-DEEPLINES-PURESENSE-30G-01.jpg","datePublished":"2025-02-15T16:58:24+00:00","dateModified":"2026-01-28T11:02:59+00:00","description":"Commandez Teosyal Puresense Deep Lines en ligne pour r\u00e9duire les rides profondes et restaurer le volume. Produit de comblement \u00e0 base d'acide hyaluronique de haute qualit\u00e9 offrant des r\u00e9sultats durables et naturels.","breadcrumb":{"@id":"https:\/\/kinamihealth.com\/fr\/produit\/teosyal-puresense-deep-lines\/#breadcrumb"},"inLanguage":"fr-FR","potentialAction":[{"@type":"ReadAction","target":["https:\/\/kinamihealth.com\/fr\/produit\/teosyal-puresense-deep-lines\/"]}]},{"@type":"ImageObject","inLanguage":"fr-FR","@id":"https:\/\/kinamihealth.com\/fr\/produit\/teosyal-puresense-deep-lines\/#primaryimage","url":"https:\/\/kinamihealth.com\/wp-content\/uploads\/2025\/02\/TEOXANE-TEOSYAL-DEEPLINES-PURESENSE-30G-01.jpg","contentUrl":"https:\/\/kinamihealth.com\/wp-content\/uploads\/2025\/02\/TEOXANE-TEOSYAL-DEEPLINES-PURESENSE-30G-01.jpg","width":800,"height":800},{"@type":"BreadcrumbList","@id":"https:\/\/kinamihealth.com\/fr\/produit\/teosyal-puresense-deep-lines\/#breadcrumb","itemListElement":[{"@type":"ListItem","position":1,"name":"Page d'accueil","item":"https:\/\/kinamihealth.com\/"},{"@type":"ListItem","position":2,"name":"Boutique","item":"https:\/\/kinamihealth.com\/shop\/"},{"@type":"ListItem","position":3,"name":"TEOSYAL\u00ae PURESENSE DEEP LINES"}]},{"@type":"WebSite","@id":"https:\/\/kinamihealth.com\/#website","url":"https:\/\/kinamihealth.com\/","name":"Kinami Health","description":"","publisher":{"@id":"https:\/\/kinamihealth.com\/#organization"},"potentialAction":[{"@type":"SearchAction","target":{"@type":"EntryPoint","urlTemplate":"https:\/\/kinamihealth.com\/?s={search_term_string}"},"query-input":{"@type":"PropertyValueSpecification","valueRequired":true,"valueName":"search_term_string"}}],"inLanguage":"fr-FR"},{"@type":"Organization","@id":"https:\/\/kinamihealth.com\/#organization","name":"Kinami Health","url":"https:\/\/kinamihealth.com\/","logo":{"@type":"ImageObject","inLanguage":"fr-FR","@id":"https:\/\/kinamihealth.com\/#\/schema\/logo\/image\/","url":"https:\/\/kinamihealth.com\/wp-content\/uploads\/2025\/01\/KH_logo_black_2-1.png","contentUrl":"https:\/\/kinamihealth.com\/wp-content\/uploads\/2025\/01\/KH_logo_black_2-1.png","width":339,"height":34,"caption":"Kinami Health"},"image":{"@id":"https:\/\/kinamihealth.com\/#\/schema\/logo\/image\/"}}]}},"_links":{"self":[{"href":"https:\/\/kinamihealth.com\/fr\/wp-json\/wp\/v2\/product\/111028","targetHints":{"allow":["GET"]}}],"collection":[{"href":"https:\/\/kinamihealth.com\/fr\/wp-json\/wp\/v2\/product"}],"about":[{"href":"https:\/\/kinamihealth.com\/fr\/wp-json\/wp\/v2\/types\/product"}],"replies":[{"embeddable":true,"href":"https:\/\/kinamihealth.com\/fr\/wp-json\/wp\/v2\/comments?post=111028"}],"version-history":[{"count":0,"href":"https:\/\/kinamihealth.com\/fr\/wp-json\/wp\/v2\/product\/111028\/revisions"}],"wp:featuredmedia":[{"embeddable":true,"href":"https:\/\/kinamihealth.com\/fr\/wp-json\/wp\/v2\/media\/111029"}],"wp:attachment":[{"href":"https:\/\/kinamihealth.com\/fr\/wp-json\/wp\/v2\/media?parent=111028"}],"wp:term":[{"taxonomy":"product_brand","embeddable":true,"href":"https:\/\/kinamihealth.com\/fr\/wp-json\/wp\/v2\/product_brand?post=111028"},{"taxonomy":"product_cat","embeddable":true,"href":"https:\/\/kinamihealth.com\/fr\/wp-json\/wp\/v2\/product_cat?post=111028"},{"taxonomy":"product_tag","embeddable":true,"href":"https:\/\/kinamihealth.com\/fr\/wp-json\/wp\/v2\/product_tag?post=111028"}],"curies":[{"name":"wp","href":"https:\/\/api.w.org\/{rel}","templated":true}]}}