{"id":110676,"date":"2025-02-15T16:58:15","date_gmt":"2025-02-15T16:58:15","guid":{"rendered":"https:\/\/kinamihealth.com\/product\/stylage-xl-bi-soft-lidocaine\/"},"modified":"2026-01-21T15:43:50","modified_gmt":"2026-01-21T15:43:50","slug":"stylage-xl-bi-soft-lidocaine","status":"publish","type":"product","link":"https:\/\/kinamihealth.com\/fr\/produit\/stylage-xl-bi-soft-lidocaine\/","title":{"rendered":"STYLAGE\u00ae XL BI-SOFT Lidocaine"},"content":{"rendered":"<p>Stylage Bi-Soft XL Lidocaine est un produit de comblement injectable \u00e0 base d&#8217;acide hyaluronique sp\u00e9cialement con\u00e7u pour restaurer le volume du visage perdu au fil du temps. En restaurant le volume du visage, Stylage Bi-Soft XL Lidocaine offre un \u00e9quilibre plus harmonieux aux traits du visage en redessinant les joues, les pommettes, le menton et la m\u00e2choire pour une apparence plus pleine, plus douce et plus jeune. Stylage Bi-Soft XL Lidocaine peut \u00e9galement contribuer \u00e0 traiter le rel\u00e2chement cutan\u00e9. Utilisez Stylage XL Lidoca\u00efne dans le derme profond ou sous-cutan\u00e9. Contient de la lidoca\u00efne, un anesth\u00e9sique puissant, pour une injection plus confortable.<\/p>\n","protected":false},"excerpt":{"rendered":"<p><strong>STYLAGE\u00ae XL BI-SOFT avec lidoca\u00efne <\/strong>est un produit de comblement dermique unique utilis\u00e9 exclusivement pour restaurer le volume facial perdu en raison de l&#8217;\u00e2ge, d&#8217;une perte de poids ou d&#8217;une maladie. Il comble rapidement la peau rel\u00e2ch\u00e9e et creus\u00e9e autour du visage et am\u00e9liore consid\u00e9rablement l&#8217;hydratation et la texture. Facilitez l&#8217;exp\u00e9rience du patient pendant la proc\u00e9dure d&#8217;injection en incorporant de la lidoca\u00efne comme anesth\u00e9sique. Injectez le produit de comblement \u00e0 l&#8217;aide d&#8217;une seringue BI-SOFT brevet\u00e9e qui assure une prise en main et une manipulation optimales avec des gants. Elle minimise \u00e9galement la pression sur les tissus pendant l&#8217;insertion du gel HA. Offrez \u00e0 vos clients des r\u00e9sultats rajeunissants durables en retardant l&#8217;absorption de l&#8217;acide hyaluronique gr\u00e2ce au mannitol antioxydant. Commandez STYLAGE\u00ae XL BI-SOFT\u00ae avec lidoca\u00efne chez Kinami Health, un magasin en ligne agr\u00e9\u00e9 et r\u00e9put\u00e9, et b\u00e9n\u00e9ficiez de solutions de la meilleure qualit\u00e9 lorsque vous commandez des produits de la marque STYLAGE.<\/p>\n","protected":false},"featured_media":110677,"comment_status":"closed","ping_status":"closed","template":"","meta":{"_acf_changed":false,"inline_featured_image":false},"product_brand":[1299],"product_cat":[1217],"product_tag":[1222],"class_list":{"0":"post-110676","1":"product","2":"type-product","3":"status-publish","4":"has-post-thumbnail","6":"product_brand-stylage","7":"product_cat-produits-de-comblement-dermique","8":"product_tag-dispositifs-medicaux","10":"first","11":"instock","12":"taxable","13":"shipping-taxable","14":"purchasable","15":"product-type-simple","16":"add-to-wishlist-before_image"},"acf":[],"yoast_head":"<!-- This site is optimized with the Yoast SEO plugin v27.3 - https:\/\/yoast.com\/product\/yoast-seo-wordpress\/ -->\n<title>Commander STYLAGE\u00ae XL BI-SOFT Lidocaine en ligne | Boutique en ligne | Kinami Health<\/title>\n<meta name=\"description\" content=\"Commandez STYLAGE\u00ae XL BI-SOFT avec lidoca\u00efne en ligne pour restaurer instantan\u00e9ment le volume perdu autour du visage, l\u00e0 o\u00f9 le rel\u00e2chement et l\u2019affaissement cutan\u00e9s sont les plus visibles.\" \/>\n<meta name=\"robots\" content=\"index, follow, max-snippet:-1, max-image-preview:large, max-video-preview:-1\" \/>\n<link rel=\"canonical\" href=\"https:\/\/kinamihealth.com\/fr\/wp-json\/wp\/v2\/product\/110676\" \/>\n<meta property=\"og:locale\" content=\"fr_FR\" \/>\n<meta property=\"og:type\" content=\"article\" \/>\n<meta property=\"og:title\" content=\"Commander STYLAGE\u00ae XL BI-SOFT Lidocaine en ligne | Boutique en ligne | Kinami Health\" \/>\n<meta property=\"og:description\" content=\"Commandez STYLAGE\u00ae XL BI-SOFT avec lidoca\u00efne en ligne pour restaurer instantan\u00e9ment le volume perdu autour du visage, l\u00e0 o\u00f9 le rel\u00e2chement et l\u2019affaissement cutan\u00e9s sont les plus visibles.\" \/>\n<meta property=\"og:url\" content=\"https:\/\/kinamihealth.com\/fr\/product\/stylage-xl-bi-soft-lidocaine\/\" \/>\n<meta property=\"og:site_name\" content=\"Kinami Health\" \/>\n<meta property=\"article:modified_time\" content=\"2026-01-21T15:43:50+00:00\" \/>\n<meta property=\"og:image\" content=\"https:\/\/kinamihealth.com\/wp-content\/uploads\/2025\/02\/VIVACY-STYLAGE-XL-LIDOCAINE-BISOFT-01.jpg\" \/>\n\t<meta property=\"og:image:width\" content=\"800\" \/>\n\t<meta property=\"og:image:height\" content=\"800\" \/>\n\t<meta property=\"og:image:type\" content=\"image\/jpeg\" \/>\n<meta name=\"twitter:card\" content=\"summary_large_image\" \/>\n<meta name=\"twitter:label1\" content=\"Dur\u00e9e de lecture estim\u00e9e\" \/>\n\t<meta name=\"twitter:data1\" content=\"1 minute\" \/>\n<!-- \/ Yoast SEO plugin. -->","yoast_head_json":{"title":"Commander STYLAGE\u00ae XL BI-SOFT Lidocaine en ligne | Boutique en ligne | Kinami Health","description":"Commandez STYLAGE\u00ae XL BI-SOFT avec lidoca\u00efne en ligne pour restaurer instantan\u00e9ment le volume perdu autour du visage, l\u00e0 o\u00f9 le rel\u00e2chement et l\u2019affaissement cutan\u00e9s sont les plus visibles.","robots":{"index":"index","follow":"follow","max-snippet":"max-snippet:-1","max-image-preview":"max-image-preview:large","max-video-preview":"max-video-preview:-1"},"canonical":"https:\/\/kinamihealth.com\/fr\/wp-json\/wp\/v2\/product\/110676","og_locale":"fr_FR","og_type":"article","og_title":"Commander STYLAGE\u00ae XL BI-SOFT Lidocaine en ligne | Boutique en ligne | Kinami Health","og_description":"Commandez STYLAGE\u00ae XL BI-SOFT avec lidoca\u00efne en ligne pour restaurer instantan\u00e9ment le volume perdu autour du visage, l\u00e0 o\u00f9 le rel\u00e2chement et l\u2019affaissement cutan\u00e9s sont les plus visibles.","og_url":"https:\/\/kinamihealth.com\/fr\/product\/stylage-xl-bi-soft-lidocaine\/","og_site_name":"Kinami Health","article_modified_time":"2026-01-21T15:43:50+00:00","og_image":[{"width":800,"height":800,"url":"https:\/\/kinamihealth.com\/wp-content\/uploads\/2025\/02\/VIVACY-STYLAGE-XL-LIDOCAINE-BISOFT-01.jpg","type":"image\/jpeg"}],"twitter_card":"summary_large_image","twitter_misc":{"Dur\u00e9e de lecture estim\u00e9e":"1 minute"},"schema":{"@context":"https:\/\/schema.org","@graph":[{"@type":"WebPage","@id":"https:\/\/kinamihealth.com\/fr\/product\/stylage-xl-bi-soft-lidocaine\/","url":"https:\/\/kinamihealth.com\/fr\/product\/stylage-xl-bi-soft-lidocaine\/","name":"Commander STYLAGE\u00ae XL BI-SOFT Lidocaine en ligne | Boutique en ligne | Kinami Health","isPartOf":{"@id":"https:\/\/kinamihealth.com\/#website"},"primaryImageOfPage":{"@id":"https:\/\/kinamihealth.com\/fr\/product\/stylage-xl-bi-soft-lidocaine\/#primaryimage"},"image":{"@id":"https:\/\/kinamihealth.com\/fr\/product\/stylage-xl-bi-soft-lidocaine\/#primaryimage"},"thumbnailUrl":"https:\/\/kinamihealth.com\/wp-content\/uploads\/2025\/02\/VIVACY-STYLAGE-XL-LIDOCAINE-BISOFT-01.jpg","datePublished":"2025-02-15T16:58:15+00:00","dateModified":"2026-01-21T15:43:50+00:00","description":"Commandez STYLAGE\u00ae XL BI-SOFT avec lidoca\u00efne en ligne pour restaurer instantan\u00e9ment le volume perdu autour du visage, l\u00e0 o\u00f9 le rel\u00e2chement et l\u2019affaissement cutan\u00e9s sont les plus visibles.","breadcrumb":{"@id":"https:\/\/kinamihealth.com\/fr\/product\/stylage-xl-bi-soft-lidocaine\/#breadcrumb"},"inLanguage":"fr-FR","potentialAction":[{"@type":"ReadAction","target":["https:\/\/kinamihealth.com\/fr\/product\/stylage-xl-bi-soft-lidocaine\/"]}]},{"@type":"ImageObject","inLanguage":"fr-FR","@id":"https:\/\/kinamihealth.com\/fr\/product\/stylage-xl-bi-soft-lidocaine\/#primaryimage","url":"https:\/\/kinamihealth.com\/wp-content\/uploads\/2025\/02\/VIVACY-STYLAGE-XL-LIDOCAINE-BISOFT-01.jpg","contentUrl":"https:\/\/kinamihealth.com\/wp-content\/uploads\/2025\/02\/VIVACY-STYLAGE-XL-LIDOCAINE-BISOFT-01.jpg","width":800,"height":800},{"@type":"BreadcrumbList","@id":"https:\/\/kinamihealth.com\/fr\/product\/stylage-xl-bi-soft-lidocaine\/#breadcrumb","itemListElement":[{"@type":"ListItem","position":1,"name":"Page d'accueil","item":"https:\/\/kinamihealth.com\/"},{"@type":"ListItem","position":2,"name":"Boutique","item":"https:\/\/kinamihealth.com\/shop\/"},{"@type":"ListItem","position":3,"name":"STYLAGE\u00ae XL BI-SOFT Lidocaine"}]},{"@type":"WebSite","@id":"https:\/\/kinamihealth.com\/#website","url":"https:\/\/kinamihealth.com\/","name":"Kinami Health","description":"","publisher":{"@id":"https:\/\/kinamihealth.com\/#organization"},"potentialAction":[{"@type":"SearchAction","target":{"@type":"EntryPoint","urlTemplate":"https:\/\/kinamihealth.com\/?s={search_term_string}"},"query-input":{"@type":"PropertyValueSpecification","valueRequired":true,"valueName":"search_term_string"}}],"inLanguage":"fr-FR"},{"@type":"Organization","@id":"https:\/\/kinamihealth.com\/#organization","name":"Kinami Health","url":"https:\/\/kinamihealth.com\/","logo":{"@type":"ImageObject","inLanguage":"fr-FR","@id":"https:\/\/kinamihealth.com\/#\/schema\/logo\/image\/","url":"https:\/\/kinamihealth.com\/wp-content\/uploads\/2025\/01\/KH_logo_black_2-1.png","contentUrl":"https:\/\/kinamihealth.com\/wp-content\/uploads\/2025\/01\/KH_logo_black_2-1.png","width":339,"height":34,"caption":"Kinami Health"},"image":{"@id":"https:\/\/kinamihealth.com\/#\/schema\/logo\/image\/"}}]}},"_links":{"self":[{"href":"https:\/\/kinamihealth.com\/fr\/wp-json\/wp\/v2\/product\/110676","targetHints":{"allow":["GET"]}}],"collection":[{"href":"https:\/\/kinamihealth.com\/fr\/wp-json\/wp\/v2\/product"}],"about":[{"href":"https:\/\/kinamihealth.com\/fr\/wp-json\/wp\/v2\/types\/product"}],"replies":[{"embeddable":true,"href":"https:\/\/kinamihealth.com\/fr\/wp-json\/wp\/v2\/comments?post=110676"}],"version-history":[{"count":0,"href":"https:\/\/kinamihealth.com\/fr\/wp-json\/wp\/v2\/product\/110676\/revisions"}],"wp:featuredmedia":[{"embeddable":true,"href":"https:\/\/kinamihealth.com\/fr\/wp-json\/wp\/v2\/media\/110677"}],"wp:attachment":[{"href":"https:\/\/kinamihealth.com\/fr\/wp-json\/wp\/v2\/media?parent=110676"}],"wp:term":[{"taxonomy":"product_brand","embeddable":true,"href":"https:\/\/kinamihealth.com\/fr\/wp-json\/wp\/v2\/product_brand?post=110676"},{"taxonomy":"product_cat","embeddable":true,"href":"https:\/\/kinamihealth.com\/fr\/wp-json\/wp\/v2\/product_cat?post=110676"},{"taxonomy":"product_tag","embeddable":true,"href":"https:\/\/kinamihealth.com\/fr\/wp-json\/wp\/v2\/product_tag?post=110676"}],"curies":[{"name":"wp","href":"https:\/\/api.w.org\/{rel}","templated":true}]}}