{"id":110671,"date":"2025-02-15T16:58:14","date_gmt":"2025-02-15T16:58:14","guid":{"rendered":"https:\/\/kinamihealth.com\/product\/stylage-xl-bi-soft\/"},"modified":"2026-01-21T15:40:25","modified_gmt":"2026-01-21T15:40:25","slug":"stylage-xl-bi-soft","status":"publish","type":"product","link":"https:\/\/kinamihealth.com\/fr\/produit\/stylage-xl-bi-soft\/","title":{"rendered":"STYLAGE\u00ae XL BI-SOFT"},"content":{"rendered":"<p>Stylage\u00ae Bi-Soft XL est un produit de comblement \u00e0 base d&#8217;acide hyaluronique sp\u00e9cialement con\u00e7u pour restaurer le volume facial perdu au fil du temps. En restaurant le volume facial, Stylage Bi-Soft XL offre un \u00e9quilibre plus harmonieux aux traits du visage en redessinant les contours des joues, des pommettes, du menton et de la m\u00e2choire pour une apparence plus pleine, plus douce et plus jeune. Stylage Bi-Soft XL peut \u00e9galement contribuer \u00e0 traiter le rel\u00e2chement cutan\u00e9. Utilisez Stylage\u00ae XL dans le derme profond ou sous-cutan\u00e9.<\/p>\n","protected":false},"excerpt":{"rendered":"<p><strong>STYLAGE\u00ae XL BI-SOFT<\/strong> est un produit de comblement dermique \u00e0 haute visco\u00e9lasticit\u00e9 sp\u00e9cialement con\u00e7u pour restaurer le volume de la peau rel\u00e2ch\u00e9e et creus\u00e9e autour du visage. Rajeunissez compl\u00e8tement et instantan\u00e9ment les clients vieillissants en am\u00e9liorant l&#8217;hydratation et l&#8217;\u00e9lasticit\u00e9 des tissus. Utilisez la technologie brevet\u00e9e Vivacy IPN-Like pour d\u00e9terminer avec pr\u00e9cision la densit\u00e9 du gel d&#8217;acide hyaluronique n\u00e9cessaire au remodelage complet des contours du visage. Injectez le produit de comblement \u00e0 l&#8217;aide de la seringue innovante BI-SOFT et facilitez la proc\u00e9dure d&#8217;administration tant pour les clients que pour les praticiens. Commandez STYLAGE XL BI-SOFT chez une boutique en ligne r\u00e9put\u00e9e et professionnelle et poursuivez votre visite chez Kinami Health pour consulter, s\u00e9lectionner et commander des produits STYLAGE de qualit\u00e9 sup\u00e9rieure.<\/p>\n","protected":false},"featured_media":110675,"comment_status":"closed","ping_status":"closed","template":"","meta":{"_acf_changed":false,"inline_featured_image":false},"product_brand":[1299],"product_cat":[1217],"product_tag":[1222],"class_list":{"0":"post-110671","1":"product","2":"type-product","3":"status-publish","4":"has-post-thumbnail","6":"product_brand-stylage","7":"product_cat-produits-de-comblement-dermique","8":"product_tag-dispositifs-medicaux","10":"first","11":"instock","12":"taxable","13":"shipping-taxable","14":"purchasable","15":"product-type-simple","16":"add-to-wishlist-before_image"},"acf":[],"yoast_head":"<!-- This site is optimized with the Yoast SEO plugin v27.3 - https:\/\/yoast.com\/product\/yoast-seo-wordpress\/ -->\n<title>Commander STYLAGE\u00ae XL BI-SOFT en ligne | Boutique en ligne | Kinami Health<\/title>\n<meta name=\"description\" content=\"Commander STYLAGE\u00ae XL BI-SOFT en ligne et utiliser ce produit de comblement dermique pour restaurer le volume perdu du visage. Comblez les creux autour des tempes, du menton et des joues.\" \/>\n<meta name=\"robots\" content=\"index, follow, max-snippet:-1, max-image-preview:large, max-video-preview:-1\" \/>\n<link rel=\"canonical\" href=\"https:\/\/kinamihealth.com\/fr\/wp-json\/wp\/v2\/product\/110671\" \/>\n<meta property=\"og:locale\" content=\"fr_FR\" \/>\n<meta property=\"og:type\" content=\"article\" \/>\n<meta property=\"og:title\" content=\"Commander STYLAGE\u00ae XL BI-SOFT en ligne | Boutique en ligne | Kinami Health\" \/>\n<meta property=\"og:description\" content=\"Commander STYLAGE\u00ae XL BI-SOFT en ligne et utiliser ce produit de comblement dermique pour restaurer le volume perdu du visage. Comblez les creux autour des tempes, du menton et des joues.\" \/>\n<meta property=\"og:url\" content=\"https:\/\/kinamihealth.com\/fr\/product\/stylage-xl-bi-soft\/\" \/>\n<meta property=\"og:site_name\" content=\"Kinami Health\" \/>\n<meta property=\"article:modified_time\" content=\"2026-01-21T15:40:25+00:00\" \/>\n<meta property=\"og:image\" content=\"https:\/\/kinamihealth.com\/wp-content\/uploads\/2025\/02\/STYLAGE-XL-BISOFT-03.jpg\" \/>\n\t<meta property=\"og:image:width\" content=\"800\" \/>\n\t<meta property=\"og:image:height\" content=\"800\" \/>\n\t<meta property=\"og:image:type\" content=\"image\/jpeg\" \/>\n<meta name=\"twitter:card\" content=\"summary_large_image\" \/>\n<meta name=\"twitter:label1\" content=\"Dur\u00e9e de lecture estim\u00e9e\" \/>\n\t<meta name=\"twitter:data1\" content=\"1 minute\" \/>\n<!-- \/ Yoast SEO plugin. -->","yoast_head_json":{"title":"Commander STYLAGE\u00ae XL BI-SOFT en ligne | Boutique en ligne | Kinami Health","description":"Commander STYLAGE\u00ae XL BI-SOFT en ligne et utiliser ce produit de comblement dermique pour restaurer le volume perdu du visage. Comblez les creux autour des tempes, du menton et des joues.","robots":{"index":"index","follow":"follow","max-snippet":"max-snippet:-1","max-image-preview":"max-image-preview:large","max-video-preview":"max-video-preview:-1"},"canonical":"https:\/\/kinamihealth.com\/fr\/wp-json\/wp\/v2\/product\/110671","og_locale":"fr_FR","og_type":"article","og_title":"Commander STYLAGE\u00ae XL BI-SOFT en ligne | Boutique en ligne | Kinami Health","og_description":"Commander STYLAGE\u00ae XL BI-SOFT en ligne et utiliser ce produit de comblement dermique pour restaurer le volume perdu du visage. Comblez les creux autour des tempes, du menton et des joues.","og_url":"https:\/\/kinamihealth.com\/fr\/product\/stylage-xl-bi-soft\/","og_site_name":"Kinami Health","article_modified_time":"2026-01-21T15:40:25+00:00","og_image":[{"width":800,"height":800,"url":"https:\/\/kinamihealth.com\/wp-content\/uploads\/2025\/02\/STYLAGE-XL-BISOFT-03.jpg","type":"image\/jpeg"}],"twitter_card":"summary_large_image","twitter_misc":{"Dur\u00e9e de lecture estim\u00e9e":"1 minute"},"schema":{"@context":"https:\/\/schema.org","@graph":[{"@type":"WebPage","@id":"https:\/\/kinamihealth.com\/fr\/product\/stylage-xl-bi-soft\/","url":"https:\/\/kinamihealth.com\/fr\/product\/stylage-xl-bi-soft\/","name":"Commander STYLAGE\u00ae XL BI-SOFT en ligne | Boutique en ligne | Kinami Health","isPartOf":{"@id":"https:\/\/kinamihealth.com\/#website"},"primaryImageOfPage":{"@id":"https:\/\/kinamihealth.com\/fr\/product\/stylage-xl-bi-soft\/#primaryimage"},"image":{"@id":"https:\/\/kinamihealth.com\/fr\/product\/stylage-xl-bi-soft\/#primaryimage"},"thumbnailUrl":"https:\/\/kinamihealth.com\/wp-content\/uploads\/2025\/02\/STYLAGE-XL-BISOFT-03.jpg","datePublished":"2025-02-15T16:58:14+00:00","dateModified":"2026-01-21T15:40:25+00:00","description":"Commander STYLAGE\u00ae XL BI-SOFT en ligne et utiliser ce produit de comblement dermique pour restaurer le volume perdu du visage. Comblez les creux autour des tempes, du menton et des joues.","breadcrumb":{"@id":"https:\/\/kinamihealth.com\/fr\/product\/stylage-xl-bi-soft\/#breadcrumb"},"inLanguage":"fr-FR","potentialAction":[{"@type":"ReadAction","target":["https:\/\/kinamihealth.com\/fr\/product\/stylage-xl-bi-soft\/"]}]},{"@type":"ImageObject","inLanguage":"fr-FR","@id":"https:\/\/kinamihealth.com\/fr\/product\/stylage-xl-bi-soft\/#primaryimage","url":"https:\/\/kinamihealth.com\/wp-content\/uploads\/2025\/02\/STYLAGE-XL-BISOFT-03.jpg","contentUrl":"https:\/\/kinamihealth.com\/wp-content\/uploads\/2025\/02\/STYLAGE-XL-BISOFT-03.jpg","width":800,"height":800},{"@type":"BreadcrumbList","@id":"https:\/\/kinamihealth.com\/fr\/product\/stylage-xl-bi-soft\/#breadcrumb","itemListElement":[{"@type":"ListItem","position":1,"name":"Page d'accueil","item":"https:\/\/kinamihealth.com\/"},{"@type":"ListItem","position":2,"name":"Boutique","item":"https:\/\/kinamihealth.com\/shop\/"},{"@type":"ListItem","position":3,"name":"STYLAGE\u00ae XL BI-SOFT"}]},{"@type":"WebSite","@id":"https:\/\/kinamihealth.com\/#website","url":"https:\/\/kinamihealth.com\/","name":"Kinami Health","description":"","publisher":{"@id":"https:\/\/kinamihealth.com\/#organization"},"potentialAction":[{"@type":"SearchAction","target":{"@type":"EntryPoint","urlTemplate":"https:\/\/kinamihealth.com\/?s={search_term_string}"},"query-input":{"@type":"PropertyValueSpecification","valueRequired":true,"valueName":"search_term_string"}}],"inLanguage":"fr-FR"},{"@type":"Organization","@id":"https:\/\/kinamihealth.com\/#organization","name":"Kinami Health","url":"https:\/\/kinamihealth.com\/","logo":{"@type":"ImageObject","inLanguage":"fr-FR","@id":"https:\/\/kinamihealth.com\/#\/schema\/logo\/image\/","url":"https:\/\/kinamihealth.com\/wp-content\/uploads\/2025\/01\/KH_logo_black_2-1.png","contentUrl":"https:\/\/kinamihealth.com\/wp-content\/uploads\/2025\/01\/KH_logo_black_2-1.png","width":339,"height":34,"caption":"Kinami Health"},"image":{"@id":"https:\/\/kinamihealth.com\/#\/schema\/logo\/image\/"}}]}},"_links":{"self":[{"href":"https:\/\/kinamihealth.com\/fr\/wp-json\/wp\/v2\/product\/110671","targetHints":{"allow":["GET"]}}],"collection":[{"href":"https:\/\/kinamihealth.com\/fr\/wp-json\/wp\/v2\/product"}],"about":[{"href":"https:\/\/kinamihealth.com\/fr\/wp-json\/wp\/v2\/types\/product"}],"replies":[{"embeddable":true,"href":"https:\/\/kinamihealth.com\/fr\/wp-json\/wp\/v2\/comments?post=110671"}],"version-history":[{"count":0,"href":"https:\/\/kinamihealth.com\/fr\/wp-json\/wp\/v2\/product\/110671\/revisions"}],"wp:featuredmedia":[{"embeddable":true,"href":"https:\/\/kinamihealth.com\/fr\/wp-json\/wp\/v2\/media\/110675"}],"wp:attachment":[{"href":"https:\/\/kinamihealth.com\/fr\/wp-json\/wp\/v2\/media?parent=110671"}],"wp:term":[{"taxonomy":"product_brand","embeddable":true,"href":"https:\/\/kinamihealth.com\/fr\/wp-json\/wp\/v2\/product_brand?post=110671"},{"taxonomy":"product_cat","embeddable":true,"href":"https:\/\/kinamihealth.com\/fr\/wp-json\/wp\/v2\/product_cat?post=110671"},{"taxonomy":"product_tag","embeddable":true,"href":"https:\/\/kinamihealth.com\/fr\/wp-json\/wp\/v2\/product_tag?post=110671"}],"curies":[{"name":"wp","href":"https:\/\/api.w.org\/{rel}","templated":true}]}}