{"id":110665,"date":"2025-02-15T16:58:12","date_gmt":"2025-02-15T16:58:12","guid":{"rendered":"https:\/\/kinamihealth.com\/product\/stylage-special-lips-bi-soft\/"},"modified":"2026-01-21T15:40:47","modified_gmt":"2026-01-21T15:40:47","slug":"stylage-special-lips-bi-soft","status":"publish","type":"product","link":"https:\/\/kinamihealth.com\/fr\/produit\/stylage-special-lips-bi-soft\/","title":{"rendered":"STYLAGE\u00ae SPECIAL LIPS BI-SOFT"},"content":{"rendered":"<p>Stylage Bi-Soft Special Lips est con\u00e7u pour embellir les l\u00e8vres, en leur apportant un volume subtil et en corrigeant leur contour. Utilisez Stylage Bi-Soft Special Lips pour corriger une disproportion entre la l\u00e8vre sup\u00e9rieure et la l\u00e8vre inf\u00e9rieure, r\u00e9duire les rides p\u00e9ribuccales ou les rides du fumeur au-dessus de la l\u00e8vre sup\u00e9rieure et restaurer l&#8217;hydratation des l\u00e8vres.<\/p>\n","protected":false},"excerpt":{"rendered":"<p><strong>STYLAGE\u00ae SPECIAL LIPS BI-SOFT\u00ae <\/strong>est un produit de comblement sp\u00e9cialement formul\u00e9 pour les l\u00e8vres et les rides et ridules autour de la bouche. Ce produit de comblement est inject\u00e9 \u00e0 l&#8217;aide de la seringue BI-SOFT\u00ae, un type de seringue sp\u00e9cial fabriqu\u00e9 en polycarbonate et en \u00e9lastom\u00e8re thermoplastique afin d&#8217;am\u00e9liorer la maniabilit\u00e9 lors de l&#8217;utilisation de gants chirurgicaux. La technologie IPN-Like est utilis\u00e9e pour cr\u00e9er de l&#8217;acide hyaluronique r\u00e9ticul\u00e9 extr\u00eamement pur et st\u00e9rile, dont la viscosit\u00e9 est soigneusement ajust\u00e9e pour les tissus mous et mobiles des l\u00e8vres. <strong>Commandez<\/strong> STYLAGE\u00ae SPECIAL LIPS BI-SOFT chez <strong>Kinami Health<\/strong> et procurez-vous les produits de la marque STYLAGE qui r\u00e9pondent aux besoins de rajeunissement de nombreux clients.<\/p>\n","protected":false},"featured_media":110666,"comment_status":"closed","ping_status":"closed","template":"","meta":{"_acf_changed":false,"inline_featured_image":false},"product_brand":[1299],"product_cat":[1217],"product_tag":[1222],"class_list":{"0":"post-110665","1":"product","2":"type-product","3":"status-publish","4":"has-post-thumbnail","6":"product_brand-stylage","7":"product_cat-produits-de-comblement-dermique","8":"product_tag-dispositifs-medicaux","10":"first","11":"instock","12":"taxable","13":"shipping-taxable","14":"purchasable","15":"product-type-simple","16":"add-to-wishlist-before_image"},"acf":[],"yoast_head":"<!-- This site is optimized with the Yoast SEO plugin v27.1.1 - https:\/\/yoast.com\/product\/yoast-seo-wordpress\/ -->\n<title>Commander STYLAGE\u00ae SPECIAL LIPS BI-SOFT en ligne | Boutique en ligne | Kinami Health<\/title>\n<meta name=\"description\" content=\"Commander STYLAGE SPECIAL LIPS BI-SOFT en ligne et utiliser ce produit de comblement \u00e0 base d&#039;acide hyaluronique pour am\u00e9liorer la forme, la sym\u00e9trie et le volume des l\u00e8vres.\" \/>\n<meta name=\"robots\" content=\"index, follow, max-snippet:-1, max-image-preview:large, max-video-preview:-1\" \/>\n<link rel=\"canonical\" href=\"https:\/\/kinamihealth.com\/fr\/wp-json\/wp\/v2\/product\/110665\" \/>\n<meta property=\"og:locale\" content=\"fr_FR\" \/>\n<meta property=\"og:type\" content=\"article\" \/>\n<meta property=\"og:title\" content=\"Commander STYLAGE\u00ae SPECIAL LIPS BI-SOFT en ligne | Boutique en ligne | Kinami Health\" \/>\n<meta property=\"og:description\" content=\"Commander STYLAGE SPECIAL LIPS BI-SOFT en ligne et utiliser ce produit de comblement \u00e0 base d&#039;acide hyaluronique pour am\u00e9liorer la forme, la sym\u00e9trie et le volume des l\u00e8vres.\" \/>\n<meta property=\"og:url\" content=\"https:\/\/kinamihealth.com\/fr\/product\/stylage-special-lips-bi-soft\/\" \/>\n<meta property=\"og:site_name\" content=\"Kinami Health\" \/>\n<meta property=\"article:modified_time\" content=\"2026-01-21T15:40:47+00:00\" \/>\n<meta property=\"og:image\" content=\"https:\/\/kinamihealth.com\/wp-content\/uploads\/2025\/02\/VIVACY-STYLAGE-SPECIALLIPS-BISOFT-01.jpg\" \/>\n\t<meta property=\"og:image:width\" content=\"800\" \/>\n\t<meta property=\"og:image:height\" content=\"800\" \/>\n\t<meta property=\"og:image:type\" content=\"image\/jpeg\" \/>\n<meta name=\"twitter:card\" content=\"summary_large_image\" \/>\n<meta name=\"twitter:label1\" content=\"Dur\u00e9e de lecture estim\u00e9e\" \/>\n\t<meta name=\"twitter:data1\" content=\"1 minute\" \/>\n<!-- \/ Yoast SEO plugin. -->","yoast_head_json":{"title":"Commander STYLAGE\u00ae SPECIAL LIPS BI-SOFT en ligne | Boutique en ligne | Kinami Health","description":"Commander STYLAGE SPECIAL LIPS BI-SOFT en ligne et utiliser ce produit de comblement \u00e0 base d'acide hyaluronique pour am\u00e9liorer la forme, la sym\u00e9trie et le volume des l\u00e8vres.","robots":{"index":"index","follow":"follow","max-snippet":"max-snippet:-1","max-image-preview":"max-image-preview:large","max-video-preview":"max-video-preview:-1"},"canonical":"https:\/\/kinamihealth.com\/fr\/wp-json\/wp\/v2\/product\/110665","og_locale":"fr_FR","og_type":"article","og_title":"Commander STYLAGE\u00ae SPECIAL LIPS BI-SOFT en ligne | Boutique en ligne | Kinami Health","og_description":"Commander STYLAGE SPECIAL LIPS BI-SOFT en ligne et utiliser ce produit de comblement \u00e0 base d'acide hyaluronique pour am\u00e9liorer la forme, la sym\u00e9trie et le volume des l\u00e8vres.","og_url":"https:\/\/kinamihealth.com\/fr\/product\/stylage-special-lips-bi-soft\/","og_site_name":"Kinami Health","article_modified_time":"2026-01-21T15:40:47+00:00","og_image":[{"width":800,"height":800,"url":"https:\/\/kinamihealth.com\/wp-content\/uploads\/2025\/02\/VIVACY-STYLAGE-SPECIALLIPS-BISOFT-01.jpg","type":"image\/jpeg"}],"twitter_card":"summary_large_image","twitter_misc":{"Dur\u00e9e de lecture estim\u00e9e":"1 minute"},"schema":{"@context":"https:\/\/schema.org","@graph":[{"@type":"WebPage","@id":"https:\/\/kinamihealth.com\/fr\/product\/stylage-special-lips-bi-soft\/","url":"https:\/\/kinamihealth.com\/fr\/product\/stylage-special-lips-bi-soft\/","name":"Commander STYLAGE\u00ae SPECIAL LIPS BI-SOFT en ligne | Boutique en ligne | Kinami Health","isPartOf":{"@id":"https:\/\/kinamihealth.com\/#website"},"primaryImageOfPage":{"@id":"https:\/\/kinamihealth.com\/fr\/product\/stylage-special-lips-bi-soft\/#primaryimage"},"image":{"@id":"https:\/\/kinamihealth.com\/fr\/product\/stylage-special-lips-bi-soft\/#primaryimage"},"thumbnailUrl":"https:\/\/kinamihealth.com\/wp-content\/uploads\/2025\/02\/VIVACY-STYLAGE-SPECIALLIPS-BISOFT-01.jpg","datePublished":"2025-02-15T16:58:12+00:00","dateModified":"2026-01-21T15:40:47+00:00","description":"Commander STYLAGE SPECIAL LIPS BI-SOFT en ligne et utiliser ce produit de comblement \u00e0 base d'acide hyaluronique pour am\u00e9liorer la forme, la sym\u00e9trie et le volume des l\u00e8vres.","breadcrumb":{"@id":"https:\/\/kinamihealth.com\/fr\/product\/stylage-special-lips-bi-soft\/#breadcrumb"},"inLanguage":"fr-FR","potentialAction":[{"@type":"ReadAction","target":["https:\/\/kinamihealth.com\/fr\/product\/stylage-special-lips-bi-soft\/"]}]},{"@type":"ImageObject","inLanguage":"fr-FR","@id":"https:\/\/kinamihealth.com\/fr\/product\/stylage-special-lips-bi-soft\/#primaryimage","url":"https:\/\/kinamihealth.com\/wp-content\/uploads\/2025\/02\/VIVACY-STYLAGE-SPECIALLIPS-BISOFT-01.jpg","contentUrl":"https:\/\/kinamihealth.com\/wp-content\/uploads\/2025\/02\/VIVACY-STYLAGE-SPECIALLIPS-BISOFT-01.jpg","width":800,"height":800},{"@type":"BreadcrumbList","@id":"https:\/\/kinamihealth.com\/fr\/product\/stylage-special-lips-bi-soft\/#breadcrumb","itemListElement":[{"@type":"ListItem","position":1,"name":"Page d'accueil","item":"https:\/\/kinamihealth.com\/"},{"@type":"ListItem","position":2,"name":"Boutique","item":"https:\/\/kinamihealth.com\/shop\/"},{"@type":"ListItem","position":3,"name":"STYLAGE\u00ae SPECIAL LIPS BI-SOFT"}]},{"@type":"WebSite","@id":"https:\/\/kinamihealth.com\/#website","url":"https:\/\/kinamihealth.com\/","name":"Kinami Health","description":"","publisher":{"@id":"https:\/\/kinamihealth.com\/#organization"},"potentialAction":[{"@type":"SearchAction","target":{"@type":"EntryPoint","urlTemplate":"https:\/\/kinamihealth.com\/?s={search_term_string}"},"query-input":{"@type":"PropertyValueSpecification","valueRequired":true,"valueName":"search_term_string"}}],"inLanguage":"fr-FR"},{"@type":"Organization","@id":"https:\/\/kinamihealth.com\/#organization","name":"Kinami Health","url":"https:\/\/kinamihealth.com\/","logo":{"@type":"ImageObject","inLanguage":"fr-FR","@id":"https:\/\/kinamihealth.com\/#\/schema\/logo\/image\/","url":"https:\/\/kinamihealth.com\/wp-content\/uploads\/2025\/01\/KH_logo_black_2-1.png","contentUrl":"https:\/\/kinamihealth.com\/wp-content\/uploads\/2025\/01\/KH_logo_black_2-1.png","width":339,"height":34,"caption":"Kinami Health"},"image":{"@id":"https:\/\/kinamihealth.com\/#\/schema\/logo\/image\/"}}]}},"_links":{"self":[{"href":"https:\/\/kinamihealth.com\/fr\/wp-json\/wp\/v2\/product\/110665","targetHints":{"allow":["GET"]}}],"collection":[{"href":"https:\/\/kinamihealth.com\/fr\/wp-json\/wp\/v2\/product"}],"about":[{"href":"https:\/\/kinamihealth.com\/fr\/wp-json\/wp\/v2\/types\/product"}],"replies":[{"embeddable":true,"href":"https:\/\/kinamihealth.com\/fr\/wp-json\/wp\/v2\/comments?post=110665"}],"version-history":[{"count":0,"href":"https:\/\/kinamihealth.com\/fr\/wp-json\/wp\/v2\/product\/110665\/revisions"}],"wp:featuredmedia":[{"embeddable":true,"href":"https:\/\/kinamihealth.com\/fr\/wp-json\/wp\/v2\/media\/110666"}],"wp:attachment":[{"href":"https:\/\/kinamihealth.com\/fr\/wp-json\/wp\/v2\/media?parent=110665"}],"wp:term":[{"taxonomy":"product_brand","embeddable":true,"href":"https:\/\/kinamihealth.com\/fr\/wp-json\/wp\/v2\/product_brand?post=110665"},{"taxonomy":"product_cat","embeddable":true,"href":"https:\/\/kinamihealth.com\/fr\/wp-json\/wp\/v2\/product_cat?post=110665"},{"taxonomy":"product_tag","embeddable":true,"href":"https:\/\/kinamihealth.com\/fr\/wp-json\/wp\/v2\/product_tag?post=110665"}],"curies":[{"name":"wp","href":"https:\/\/api.w.org\/{rel}","templated":true}]}}