{"id":110663,"date":"2025-02-15T16:57:01","date_gmt":"2025-02-15T16:57:01","guid":{"rendered":"https:\/\/kinamihealth.com\/product\/sesderma-repaskin-invisible-fluid-spf50\/"},"modified":"2026-01-21T15:53:31","modified_gmt":"2026-01-21T15:53:31","slug":"sesderma-repaskin-invisible-fluid-spf50","status":"publish","type":"product","link":"https:\/\/kinamihealth.com\/fr\/produit\/sesderma-repaskin-invisible-fluid-spf50\/","title":{"rendered":"SESDERMA\u00ae REPASKIN INVISIBLE FLUID SPF50"},"content":{"rendered":"<p>Le fluide invisible SPF50+ Repaskin pr\u00e9sente une texture fluide ultra-l\u00e9g\u00e8re, p\u00e9n\u00e8tre rapidement et ne laisse aucun film gras ni trace blanche. De plus, il contient des antioxydants et des enzymes r\u00e9paratrices, une combinaison unique qui aide \u00e0 lutter contre les dommages caus\u00e9s par le soleil et \u00e0 pr\u00e9venir le vieillissement cutan\u00e9 pr\u00e9coce.<\/p>\n","protected":false},"excerpt":{"rendered":"<p>Commandez SESDERMA\u00ae REPASKIN INVISIBLE FLUID SPF50+ 50 ml et b\u00e9n\u00e9ficiez d&#8217;une <strong>protection efficace contre l&#8217;exposition au soleil<\/strong>. Prot\u00e9gez votre visage et votre corps contre les <strong>dommages caus\u00e9s par le stress oxydatif<\/strong>, tout en maintenant votre peau <strong>hydrat\u00e9e<\/strong>. Le fluide est <strong>enti\u00e8rement absorb\u00e9<\/strong> et ne laisse <strong>aucun r\u00e9sidu visible<\/strong>. Commander Repaskin Fluid Invisible SPF et revitalisez votre peau gr\u00e2ce \u00e0 un fluide protecteur <strong>non com\u00e9dog\u00e8ne<\/strong> con\u00e7u pour nourrir, hydrater et corriger les imperfections.<\/p>\n","protected":false},"featured_media":110664,"comment_status":"closed","ping_status":"closed","template":"","meta":{"_acf_changed":false,"inline_featured_image":false},"product_brand":[1295],"product_cat":[1380],"product_tag":[1222],"class_list":{"0":"post-110663","1":"product","2":"type-product","3":"status-publish","4":"has-post-thumbnail","6":"product_brand-sesderma","7":"product_cat-soins-de-la-peau","8":"product_tag-dispositifs-medicaux","10":"first","11":"instock","12":"taxable","13":"shipping-taxable","14":"purchasable","15":"product-type-simple","16":"add-to-wishlist-before_image"},"acf":[],"yoast_head":"<!-- This site is optimized with the Yoast SEO plugin v27.1.1 - https:\/\/yoast.com\/product\/yoast-seo-wordpress\/ -->\n<title>Commander SESDERMA\u00ae REPASKIN INVISIBLE FLUID SPF50+ en ligne | Boutique en ligne | Kinami Health<\/title>\n<meta name=\"description\" content=\"Commandez SESDERMA\u00ae REPASKIN INVISIBLE FLUID SPF50+ et b\u00e9n\u00e9ficiez d&#039;une protection solaire \u00e0 large spectre. Pr\u00e9venez les dommages caus\u00e9s par le soleil et r\u00e9duisez les signes de l\u2019\u00e2ge. Commandez chez Kinami Health !\" \/>\n<meta name=\"robots\" content=\"index, follow, max-snippet:-1, max-image-preview:large, max-video-preview:-1\" \/>\n<link rel=\"canonical\" href=\"https:\/\/kinamihealth.com\/fr\/wp-json\/wp\/v2\/product\/110663\" \/>\n<meta property=\"og:locale\" content=\"fr_FR\" \/>\n<meta property=\"og:type\" content=\"article\" \/>\n<meta property=\"og:title\" content=\"Commander SESDERMA\u00ae REPASKIN INVISIBLE FLUID SPF50+ en ligne | Boutique en ligne | Kinami Health\" \/>\n<meta property=\"og:description\" content=\"Commandez SESDERMA\u00ae REPASKIN INVISIBLE FLUID SPF50+ et b\u00e9n\u00e9ficiez d&#039;une protection solaire \u00e0 large spectre. Pr\u00e9venez les dommages caus\u00e9s par le soleil et r\u00e9duisez les signes de l\u2019\u00e2ge. Commandez chez Kinami Health !\" \/>\n<meta property=\"og:url\" content=\"https:\/\/kinamihealth.com\/fr\/product\/sesderma-repaskin-invisible-fluid-spf50\/\" \/>\n<meta property=\"og:site_name\" content=\"Kinami Health\" \/>\n<meta property=\"article:modified_time\" content=\"2026-01-21T15:53:31+00:00\" \/>\n<meta property=\"og:image\" content=\"https:\/\/kinamihealth.com\/wp-content\/uploads\/2025\/02\/SESDERMA-REPASKIN-INVISIBLE-FLUID-SPF50-01.jpg\" \/>\n\t<meta property=\"og:image:width\" content=\"800\" \/>\n\t<meta property=\"og:image:height\" content=\"800\" \/>\n\t<meta property=\"og:image:type\" content=\"image\/jpeg\" \/>\n<meta name=\"twitter:card\" content=\"summary_large_image\" \/>\n<meta name=\"twitter:label1\" content=\"Dur\u00e9e de lecture estim\u00e9e\" \/>\n\t<meta name=\"twitter:data1\" content=\"1 minute\" \/>\n<!-- \/ Yoast SEO plugin. -->","yoast_head_json":{"title":"Commander SESDERMA\u00ae REPASKIN INVISIBLE FLUID SPF50+ en ligne | Boutique en ligne | Kinami Health","description":"Commandez SESDERMA\u00ae REPASKIN INVISIBLE FLUID SPF50+ et b\u00e9n\u00e9ficiez d'une protection solaire \u00e0 large spectre. Pr\u00e9venez les dommages caus\u00e9s par le soleil et r\u00e9duisez les signes de l\u2019\u00e2ge. Commandez chez Kinami Health !","robots":{"index":"index","follow":"follow","max-snippet":"max-snippet:-1","max-image-preview":"max-image-preview:large","max-video-preview":"max-video-preview:-1"},"canonical":"https:\/\/kinamihealth.com\/fr\/wp-json\/wp\/v2\/product\/110663","og_locale":"fr_FR","og_type":"article","og_title":"Commander SESDERMA\u00ae REPASKIN INVISIBLE FLUID SPF50+ en ligne | Boutique en ligne | Kinami Health","og_description":"Commandez SESDERMA\u00ae REPASKIN INVISIBLE FLUID SPF50+ et b\u00e9n\u00e9ficiez d'une protection solaire \u00e0 large spectre. Pr\u00e9venez les dommages caus\u00e9s par le soleil et r\u00e9duisez les signes de l\u2019\u00e2ge. Commandez chez Kinami Health !","og_url":"https:\/\/kinamihealth.com\/fr\/product\/sesderma-repaskin-invisible-fluid-spf50\/","og_site_name":"Kinami Health","article_modified_time":"2026-01-21T15:53:31+00:00","og_image":[{"width":800,"height":800,"url":"https:\/\/kinamihealth.com\/wp-content\/uploads\/2025\/02\/SESDERMA-REPASKIN-INVISIBLE-FLUID-SPF50-01.jpg","type":"image\/jpeg"}],"twitter_card":"summary_large_image","twitter_misc":{"Dur\u00e9e de lecture estim\u00e9e":"1 minute"},"schema":{"@context":"https:\/\/schema.org","@graph":[{"@type":"WebPage","@id":"https:\/\/kinamihealth.com\/fr\/product\/sesderma-repaskin-invisible-fluid-spf50\/","url":"https:\/\/kinamihealth.com\/fr\/product\/sesderma-repaskin-invisible-fluid-spf50\/","name":"Commander SESDERMA\u00ae REPASKIN INVISIBLE FLUID SPF50+ en ligne | Boutique en ligne | Kinami Health","isPartOf":{"@id":"https:\/\/kinamihealth.com\/#website"},"primaryImageOfPage":{"@id":"https:\/\/kinamihealth.com\/fr\/product\/sesderma-repaskin-invisible-fluid-spf50\/#primaryimage"},"image":{"@id":"https:\/\/kinamihealth.com\/fr\/product\/sesderma-repaskin-invisible-fluid-spf50\/#primaryimage"},"thumbnailUrl":"https:\/\/kinamihealth.com\/wp-content\/uploads\/2025\/02\/SESDERMA-REPASKIN-INVISIBLE-FLUID-SPF50-01.jpg","datePublished":"2025-02-15T16:57:01+00:00","dateModified":"2026-01-21T15:53:31+00:00","description":"Commandez SESDERMA\u00ae REPASKIN INVISIBLE FLUID SPF50+ et b\u00e9n\u00e9ficiez d'une protection solaire \u00e0 large spectre. Pr\u00e9venez les dommages caus\u00e9s par le soleil et r\u00e9duisez les signes de l\u2019\u00e2ge. Commandez chez Kinami Health !","breadcrumb":{"@id":"https:\/\/kinamihealth.com\/fr\/product\/sesderma-repaskin-invisible-fluid-spf50\/#breadcrumb"},"inLanguage":"fr-FR","potentialAction":[{"@type":"ReadAction","target":["https:\/\/kinamihealth.com\/fr\/product\/sesderma-repaskin-invisible-fluid-spf50\/"]}]},{"@type":"ImageObject","inLanguage":"fr-FR","@id":"https:\/\/kinamihealth.com\/fr\/product\/sesderma-repaskin-invisible-fluid-spf50\/#primaryimage","url":"https:\/\/kinamihealth.com\/wp-content\/uploads\/2025\/02\/SESDERMA-REPASKIN-INVISIBLE-FLUID-SPF50-01.jpg","contentUrl":"https:\/\/kinamihealth.com\/wp-content\/uploads\/2025\/02\/SESDERMA-REPASKIN-INVISIBLE-FLUID-SPF50-01.jpg","width":800,"height":800},{"@type":"BreadcrumbList","@id":"https:\/\/kinamihealth.com\/fr\/product\/sesderma-repaskin-invisible-fluid-spf50\/#breadcrumb","itemListElement":[{"@type":"ListItem","position":1,"name":"Page d'accueil","item":"https:\/\/kinamihealth.com\/"},{"@type":"ListItem","position":2,"name":"Boutique","item":"https:\/\/kinamihealth.com\/shop\/"},{"@type":"ListItem","position":3,"name":"SESDERMA\u00ae REPASKIN INVISIBLE FLUID SPF50"}]},{"@type":"WebSite","@id":"https:\/\/kinamihealth.com\/#website","url":"https:\/\/kinamihealth.com\/","name":"Kinami Health","description":"","publisher":{"@id":"https:\/\/kinamihealth.com\/#organization"},"potentialAction":[{"@type":"SearchAction","target":{"@type":"EntryPoint","urlTemplate":"https:\/\/kinamihealth.com\/?s={search_term_string}"},"query-input":{"@type":"PropertyValueSpecification","valueRequired":true,"valueName":"search_term_string"}}],"inLanguage":"fr-FR"},{"@type":"Organization","@id":"https:\/\/kinamihealth.com\/#organization","name":"Kinami Health","url":"https:\/\/kinamihealth.com\/","logo":{"@type":"ImageObject","inLanguage":"fr-FR","@id":"https:\/\/kinamihealth.com\/#\/schema\/logo\/image\/","url":"https:\/\/kinamihealth.com\/wp-content\/uploads\/2025\/01\/KH_logo_black_2-1.png","contentUrl":"https:\/\/kinamihealth.com\/wp-content\/uploads\/2025\/01\/KH_logo_black_2-1.png","width":339,"height":34,"caption":"Kinami Health"},"image":{"@id":"https:\/\/kinamihealth.com\/#\/schema\/logo\/image\/"}}]}},"_links":{"self":[{"href":"https:\/\/kinamihealth.com\/fr\/wp-json\/wp\/v2\/product\/110663","targetHints":{"allow":["GET"]}}],"collection":[{"href":"https:\/\/kinamihealth.com\/fr\/wp-json\/wp\/v2\/product"}],"about":[{"href":"https:\/\/kinamihealth.com\/fr\/wp-json\/wp\/v2\/types\/product"}],"replies":[{"embeddable":true,"href":"https:\/\/kinamihealth.com\/fr\/wp-json\/wp\/v2\/comments?post=110663"}],"version-history":[{"count":0,"href":"https:\/\/kinamihealth.com\/fr\/wp-json\/wp\/v2\/product\/110663\/revisions"}],"wp:featuredmedia":[{"embeddable":true,"href":"https:\/\/kinamihealth.com\/fr\/wp-json\/wp\/v2\/media\/110664"}],"wp:attachment":[{"href":"https:\/\/kinamihealth.com\/fr\/wp-json\/wp\/v2\/media?parent=110663"}],"wp:term":[{"taxonomy":"product_brand","embeddable":true,"href":"https:\/\/kinamihealth.com\/fr\/wp-json\/wp\/v2\/product_brand?post=110663"},{"taxonomy":"product_cat","embeddable":true,"href":"https:\/\/kinamihealth.com\/fr\/wp-json\/wp\/v2\/product_cat?post=110663"},{"taxonomy":"product_tag","embeddable":true,"href":"https:\/\/kinamihealth.com\/fr\/wp-json\/wp\/v2\/product_tag?post=110663"}],"curies":[{"name":"wp","href":"https:\/\/api.w.org\/{rel}","templated":true}]}}