{"id":110657,"date":"2025-02-15T16:54:44","date_gmt":"2025-02-15T16:54:44","guid":{"rendered":"https:\/\/kinamihealth.com\/product\/sesderma-factor-g-renew-rejuvenating-cream\/"},"modified":"2026-01-21T15:52:18","modified_gmt":"2026-01-21T15:52:18","slug":"sesderma-factor-g-renew-rejuvenating-cream","status":"publish","type":"product","link":"https:\/\/kinamihealth.com\/fr\/produit\/sesderma-factor-g-renew-rejuvenating-cream\/","title":{"rendered":"SESDERMA\u00ae FACTOR G RENEW Cr\u00e8me rajeunissante"},"content":{"rendered":"<p>CR\u00c8ME rajeunissante FACTOR G Renew aux facteurs de croissance d&#8217;origine v\u00e9g\u00e9tale. Elle rajeunit le visage, lisse les rides, raffermit la peau et augmente son \u00e9lasticit\u00e9. Cette cr\u00e8me prot\u00e8ge la peau contre les radicaux libres et le photovieillissement gr\u00e2ce \u00e0 son complexe antioxydant. Elle convient aux peaux normales \u00e0 s\u00e8ches.<\/p>\n","protected":false},"excerpt":{"rendered":"<p><strong>La cr\u00e8me Factor G Renew <\/strong>est une <strong>cr\u00e8me rajeunissante <\/strong>soigneusement con\u00e7ue par <strong>Sesderma <\/strong>qui utilise <strong>7 facteurs de croissance biotechnologiques d&#8217;origine v\u00e9g\u00e9tale <\/strong>afin de <strong>revitaliser <\/strong>et <strong>hydrater <\/strong>la peau du <strong>visage<\/strong>, du <strong>cou<\/strong> et du <strong>d\u00e9collet\u00e9<\/strong>. Utilisez des <strong>facteurs de croissance <\/strong>et d&#8217;autres <strong>nutriments actifs <\/strong>pour stimuler consid\u00e9rablement la <strong>production de collag\u00e8ne <\/strong>et d&#8217;<strong>\u00e9lastine <\/strong>et am\u00e9liorer l&#8217;<strong>\u00e9lasticit\u00e9 <\/strong>et la <strong>fermet\u00e9 <\/strong>des <strong>tissus conjonctifs<\/strong>. Appliquez-la <strong>quotidiennement<\/strong> pour <strong>hydrater<\/strong> et <strong>\u00e9quilibrer<\/strong> la peau s\u00e8che et affaiss\u00e9e. Commandez la cr\u00e8me <strong>SESDERMA\u00ae FACTOR G RENEW REJUVENATING CREAM <\/strong>chez <strong>Kinami Health<\/strong> et procurez-vous les <strong>produits de la marque Sesderma<\/strong>.<\/p>\n","protected":false},"featured_media":110658,"comment_status":"closed","ping_status":"closed","template":"","meta":{"_acf_changed":false,"inline_featured_image":false},"product_brand":[1295],"product_cat":[1380],"product_tag":[1222],"class_list":{"0":"post-110657","1":"product","2":"type-product","3":"status-publish","4":"has-post-thumbnail","6":"product_brand-sesderma","7":"product_cat-soins-de-la-peau","8":"product_tag-dispositifs-medicaux","10":"first","11":"instock","12":"taxable","13":"shipping-taxable","14":"purchasable","15":"product-type-simple","16":"add-to-wishlist-before_image"},"acf":[],"yoast_head":"<!-- This site is optimized with the Yoast SEO plugin v27.5 - https:\/\/yoast.com\/product\/yoast-seo-wordpress\/ -->\n<title>Commander SESDERMA\u00ae FACTOR G RENEW Cr\u00e8me rajeunissante en ligne | Boutique en ligne | Kinami Health<\/title>\n<meta name=\"description\" content=\"Commander la cr\u00e8me rajeunissante SESDERMA Factor G Renew en ligne pour augmenter le volume du visage, du cou et du d\u00e9collet\u00e9 et corriger leurs rides et ridules gr\u00e2ce \u00e0 des nutriments nanom\u00e9triques.\" \/>\n<meta name=\"robots\" content=\"index, follow, max-snippet:-1, max-image-preview:large, max-video-preview:-1\" \/>\n<link rel=\"canonical\" href=\"https:\/\/kinamihealth.com\/fr\/wp-json\/wp\/v2\/product\/110657\" \/>\n<meta property=\"og:locale\" content=\"fr_FR\" \/>\n<meta property=\"og:type\" content=\"article\" \/>\n<meta property=\"og:title\" content=\"Commander SESDERMA\u00ae FACTOR G RENEW Cr\u00e8me rajeunissante en ligne | Boutique en ligne | Kinami Health\" \/>\n<meta property=\"og:description\" content=\"Commander la cr\u00e8me rajeunissante SESDERMA Factor G Renew en ligne pour augmenter le volume du visage, du cou et du d\u00e9collet\u00e9 et corriger leurs rides et ridules gr\u00e2ce \u00e0 des nutriments nanom\u00e9triques.\" \/>\n<meta property=\"og:url\" content=\"https:\/\/kinamihealth.com\/fr\/product\/sesderma-factor-g-renew-rejuvenating-cream\/\" \/>\n<meta property=\"og:site_name\" content=\"Kinami Health\" \/>\n<meta property=\"article:modified_time\" content=\"2026-01-21T15:52:18+00:00\" \/>\n<meta property=\"og:image\" content=\"https:\/\/kinamihealth.com\/wp-content\/uploads\/2025\/02\/SESDERMA-FACTOR-G-RENEW-CREAM-01.jpg\" \/>\n\t<meta property=\"og:image:width\" content=\"800\" \/>\n\t<meta property=\"og:image:height\" content=\"800\" \/>\n\t<meta property=\"og:image:type\" content=\"image\/jpeg\" \/>\n<meta name=\"twitter:card\" content=\"summary_large_image\" \/>\n<meta name=\"twitter:label1\" content=\"Dur\u00e9e de lecture estim\u00e9e\" \/>\n\t<meta name=\"twitter:data1\" content=\"1 minute\" \/>\n<!-- \/ Yoast SEO plugin. -->","yoast_head_json":{"title":"Commander SESDERMA\u00ae FACTOR G RENEW Cr\u00e8me rajeunissante en ligne | Boutique en ligne | Kinami Health","description":"Commander la cr\u00e8me rajeunissante SESDERMA Factor G Renew en ligne pour augmenter le volume du visage, du cou et du d\u00e9collet\u00e9 et corriger leurs rides et ridules gr\u00e2ce \u00e0 des nutriments nanom\u00e9triques.","robots":{"index":"index","follow":"follow","max-snippet":"max-snippet:-1","max-image-preview":"max-image-preview:large","max-video-preview":"max-video-preview:-1"},"canonical":"https:\/\/kinamihealth.com\/fr\/wp-json\/wp\/v2\/product\/110657","og_locale":"fr_FR","og_type":"article","og_title":"Commander SESDERMA\u00ae FACTOR G RENEW Cr\u00e8me rajeunissante en ligne | Boutique en ligne | Kinami Health","og_description":"Commander la cr\u00e8me rajeunissante SESDERMA Factor G Renew en ligne pour augmenter le volume du visage, du cou et du d\u00e9collet\u00e9 et corriger leurs rides et ridules gr\u00e2ce \u00e0 des nutriments nanom\u00e9triques.","og_url":"https:\/\/kinamihealth.com\/fr\/product\/sesderma-factor-g-renew-rejuvenating-cream\/","og_site_name":"Kinami Health","article_modified_time":"2026-01-21T15:52:18+00:00","og_image":[{"width":800,"height":800,"url":"https:\/\/kinamihealth.com\/wp-content\/uploads\/2025\/02\/SESDERMA-FACTOR-G-RENEW-CREAM-01.jpg","type":"image\/jpeg"}],"twitter_card":"summary_large_image","twitter_misc":{"Dur\u00e9e de lecture estim\u00e9e":"1 minute"},"schema":{"@context":"https:\/\/schema.org","@graph":[{"@type":"WebPage","@id":"https:\/\/kinamihealth.com\/fr\/product\/sesderma-factor-g-renew-rejuvenating-cream\/","url":"https:\/\/kinamihealth.com\/fr\/product\/sesderma-factor-g-renew-rejuvenating-cream\/","name":"Commander SESDERMA\u00ae FACTOR G RENEW Cr\u00e8me rajeunissante en ligne | Boutique en ligne | Kinami Health","isPartOf":{"@id":"https:\/\/kinamihealth.com\/#website"},"primaryImageOfPage":{"@id":"https:\/\/kinamihealth.com\/fr\/product\/sesderma-factor-g-renew-rejuvenating-cream\/#primaryimage"},"image":{"@id":"https:\/\/kinamihealth.com\/fr\/product\/sesderma-factor-g-renew-rejuvenating-cream\/#primaryimage"},"thumbnailUrl":"https:\/\/kinamihealth.com\/wp-content\/uploads\/2025\/02\/SESDERMA-FACTOR-G-RENEW-CREAM-01.jpg","datePublished":"2025-02-15T16:54:44+00:00","dateModified":"2026-01-21T15:52:18+00:00","description":"Commander la cr\u00e8me rajeunissante SESDERMA Factor G Renew en ligne pour augmenter le volume du visage, du cou et du d\u00e9collet\u00e9 et corriger leurs rides et ridules gr\u00e2ce \u00e0 des nutriments nanom\u00e9triques.","breadcrumb":{"@id":"https:\/\/kinamihealth.com\/fr\/product\/sesderma-factor-g-renew-rejuvenating-cream\/#breadcrumb"},"inLanguage":"fr-FR","potentialAction":[{"@type":"ReadAction","target":["https:\/\/kinamihealth.com\/fr\/product\/sesderma-factor-g-renew-rejuvenating-cream\/"]}]},{"@type":"ImageObject","inLanguage":"fr-FR","@id":"https:\/\/kinamihealth.com\/fr\/product\/sesderma-factor-g-renew-rejuvenating-cream\/#primaryimage","url":"https:\/\/kinamihealth.com\/wp-content\/uploads\/2025\/02\/SESDERMA-FACTOR-G-RENEW-CREAM-01.jpg","contentUrl":"https:\/\/kinamihealth.com\/wp-content\/uploads\/2025\/02\/SESDERMA-FACTOR-G-RENEW-CREAM-01.jpg","width":800,"height":800},{"@type":"BreadcrumbList","@id":"https:\/\/kinamihealth.com\/fr\/product\/sesderma-factor-g-renew-rejuvenating-cream\/#breadcrumb","itemListElement":[{"@type":"ListItem","position":1,"name":"Page d'accueil","item":"https:\/\/kinamihealth.com\/"},{"@type":"ListItem","position":2,"name":"Boutique","item":"https:\/\/kinamihealth.com\/shop\/"},{"@type":"ListItem","position":3,"name":"SESDERMA\u00ae FACTOR G RENEW Cr\u00e8me rajeunissante"}]},{"@type":"WebSite","@id":"https:\/\/kinamihealth.com\/#website","url":"https:\/\/kinamihealth.com\/","name":"Kinami Health","description":"","publisher":{"@id":"https:\/\/kinamihealth.com\/#organization"},"potentialAction":[{"@type":"SearchAction","target":{"@type":"EntryPoint","urlTemplate":"https:\/\/kinamihealth.com\/?s={search_term_string}"},"query-input":{"@type":"PropertyValueSpecification","valueRequired":true,"valueName":"search_term_string"}}],"inLanguage":"fr-FR"},{"@type":"Organization","@id":"https:\/\/kinamihealth.com\/#organization","name":"Kinami Health","url":"https:\/\/kinamihealth.com\/","logo":{"@type":"ImageObject","inLanguage":"fr-FR","@id":"https:\/\/kinamihealth.com\/#\/schema\/logo\/image\/","url":"https:\/\/kinamihealth.com\/wp-content\/uploads\/2025\/01\/KH_logo_black_2-1.png","contentUrl":"https:\/\/kinamihealth.com\/wp-content\/uploads\/2025\/01\/KH_logo_black_2-1.png","width":339,"height":34,"caption":"Kinami Health"},"image":{"@id":"https:\/\/kinamihealth.com\/#\/schema\/logo\/image\/"}}]}},"_links":{"self":[{"href":"https:\/\/kinamihealth.com\/fr\/wp-json\/wp\/v2\/product\/110657","targetHints":{"allow":["GET"]}}],"collection":[{"href":"https:\/\/kinamihealth.com\/fr\/wp-json\/wp\/v2\/product"}],"about":[{"href":"https:\/\/kinamihealth.com\/fr\/wp-json\/wp\/v2\/types\/product"}],"replies":[{"embeddable":true,"href":"https:\/\/kinamihealth.com\/fr\/wp-json\/wp\/v2\/comments?post=110657"}],"version-history":[{"count":0,"href":"https:\/\/kinamihealth.com\/fr\/wp-json\/wp\/v2\/product\/110657\/revisions"}],"wp:featuredmedia":[{"embeddable":true,"href":"https:\/\/kinamihealth.com\/fr\/wp-json\/wp\/v2\/media\/110658"}],"wp:attachment":[{"href":"https:\/\/kinamihealth.com\/fr\/wp-json\/wp\/v2\/media?parent=110657"}],"wp:term":[{"taxonomy":"product_brand","embeddable":true,"href":"https:\/\/kinamihealth.com\/fr\/wp-json\/wp\/v2\/product_brand?post=110657"},{"taxonomy":"product_cat","embeddable":true,"href":"https:\/\/kinamihealth.com\/fr\/wp-json\/wp\/v2\/product_cat?post=110657"},{"taxonomy":"product_tag","embeddable":true,"href":"https:\/\/kinamihealth.com\/fr\/wp-json\/wp\/v2\/product_tag?post=110657"}],"curies":[{"name":"wp","href":"https:\/\/api.w.org\/{rel}","templated":true}]}}