{"id":110653,"date":"2025-02-15T16:54:24","date_gmt":"2025-02-15T16:54:24","guid":{"rendered":"https:\/\/kinamihealth.com\/product\/sesderma-c-vit-mist\/"},"modified":"2026-01-21T15:52:15","modified_gmt":"2026-01-21T15:52:15","slug":"sesderma-c-vit-mist","status":"publish","type":"product","link":"https:\/\/kinamihealth.com\/fr\/produit\/sesderma-c-vit-mist\/","title":{"rendered":"SESDERMA\u00ae C-VIT MIST"},"content":{"rendered":"<p>C-VIT Mist rafra\u00eechit et hydrate votre peau tout en lui apportant un puissant effet antioxydant, anti-rides et illuminateur \u00e0 l&#8217;aide de ses ingr\u00e9dients actifs. Gr\u00e2ce \u00e0 la nanotechnologie, ceux-ci p\u00e9n\u00e8trent en profondeur et renforcent leur efficacit\u00e9.<\/p>\n","protected":false},"excerpt":{"rendered":"<p><strong>SESDERMA\u00ae C-VIT MIST <\/strong>est un <strong>hydratant <\/strong>aux <strong>propri\u00e9t\u00e9s antioxydantes<\/strong> qui <strong>illumine <\/strong>et <strong>revitalise <\/strong>la <strong>peau <\/strong>chaque fois que vous avez besoin de vous sentir \u00e0 nouveau <strong>frais <\/strong>et <strong>hydrat\u00e9<\/strong>. Appliquez ce <strong>skinbooster portable<\/strong> sur une <strong>peau propre <\/strong>ou sur votre <strong>maquillage <\/strong>comme <strong>fixateur<\/strong>. Emportez-le avec vous \u00e0 tout moment et utilisez-le <strong>plusieurs fois par jour<\/strong>, <strong>tous les jours<\/strong>. Prot\u00e9gez votre peau des <strong>rayons UV<\/strong> et des autres causes de <strong>radicaux libres<\/strong> en une simple vaporisation sur le visage. <strong>Commandez<\/strong> la <strong>brume C-VIT MIST<\/strong> chez <strong>Kinami Health<\/strong> et <strong>commandez<\/strong> <strong>des produits Sesderma de qualit\u00e9 sup\u00e9rieure<\/strong>.<\/p>\n","protected":false},"featured_media":110654,"comment_status":"closed","ping_status":"closed","template":"","meta":{"_acf_changed":false,"inline_featured_image":false},"product_brand":[1295],"product_cat":[1380],"product_tag":[1222],"class_list":{"0":"post-110653","1":"product","2":"type-product","3":"status-publish","4":"has-post-thumbnail","6":"product_brand-sesderma","7":"product_cat-soins-de-la-peau","8":"product_tag-dispositifs-medicaux","10":"first","11":"instock","12":"taxable","13":"shipping-taxable","14":"purchasable","15":"product-type-simple","16":"add-to-wishlist-before_image"},"acf":[],"yoast_head":"<!-- This site is optimized with the Yoast SEO plugin v27.1.1 - https:\/\/yoast.com\/product\/yoast-seo-wordpress\/ -->\n<title>Commander SESDERMA\u00ae C-VIT MIST en ligne | Boutique en ligne | Kinami Health<\/title>\n<meta name=\"description\" content=\"Commander C-VIT MIST en ligne et corrigez les rides et ridules tout en rafra\u00eechissant, hydratant et illuminant rapidement votre peau quand bon vous semble.\" \/>\n<meta name=\"robots\" content=\"index, follow, max-snippet:-1, max-image-preview:large, max-video-preview:-1\" \/>\n<link rel=\"canonical\" href=\"https:\/\/kinamihealth.com\/fr\/wp-json\/wp\/v2\/product\/110653\" \/>\n<meta property=\"og:locale\" content=\"fr_FR\" \/>\n<meta property=\"og:type\" content=\"article\" \/>\n<meta property=\"og:title\" content=\"Commander SESDERMA\u00ae C-VIT MIST en ligne | Boutique en ligne | Kinami Health\" \/>\n<meta property=\"og:description\" content=\"Commander C-VIT MIST en ligne et corrigez les rides et ridules tout en rafra\u00eechissant, hydratant et illuminant rapidement votre peau quand bon vous semble.\" \/>\n<meta property=\"og:url\" content=\"https:\/\/kinamihealth.com\/fr\/product\/sesderma-c-vit-mist\/\" \/>\n<meta property=\"og:site_name\" content=\"Kinami Health\" \/>\n<meta property=\"article:modified_time\" content=\"2026-01-21T15:52:15+00:00\" \/>\n<meta property=\"og:image\" content=\"https:\/\/kinamihealth.com\/wp-content\/uploads\/2025\/02\/SESDERMA-C-VIT-MIST-01.jpg\" \/>\n\t<meta property=\"og:image:width\" content=\"800\" \/>\n\t<meta property=\"og:image:height\" content=\"800\" \/>\n\t<meta property=\"og:image:type\" content=\"image\/jpeg\" \/>\n<meta name=\"twitter:card\" content=\"summary_large_image\" \/>\n<meta name=\"twitter:label1\" content=\"Dur\u00e9e de lecture estim\u00e9e\" \/>\n\t<meta name=\"twitter:data1\" content=\"1 minute\" \/>\n<!-- \/ Yoast SEO plugin. -->","yoast_head_json":{"title":"Commander SESDERMA\u00ae C-VIT MIST en ligne | Boutique en ligne | Kinami Health","description":"Commander C-VIT MIST en ligne et corrigez les rides et ridules tout en rafra\u00eechissant, hydratant et illuminant rapidement votre peau quand bon vous semble.","robots":{"index":"index","follow":"follow","max-snippet":"max-snippet:-1","max-image-preview":"max-image-preview:large","max-video-preview":"max-video-preview:-1"},"canonical":"https:\/\/kinamihealth.com\/fr\/wp-json\/wp\/v2\/product\/110653","og_locale":"fr_FR","og_type":"article","og_title":"Commander SESDERMA\u00ae C-VIT MIST en ligne | Boutique en ligne | Kinami Health","og_description":"Commander C-VIT MIST en ligne et corrigez les rides et ridules tout en rafra\u00eechissant, hydratant et illuminant rapidement votre peau quand bon vous semble.","og_url":"https:\/\/kinamihealth.com\/fr\/product\/sesderma-c-vit-mist\/","og_site_name":"Kinami Health","article_modified_time":"2026-01-21T15:52:15+00:00","og_image":[{"width":800,"height":800,"url":"https:\/\/kinamihealth.com\/wp-content\/uploads\/2025\/02\/SESDERMA-C-VIT-MIST-01.jpg","type":"image\/jpeg"}],"twitter_card":"summary_large_image","twitter_misc":{"Dur\u00e9e de lecture estim\u00e9e":"1 minute"},"schema":{"@context":"https:\/\/schema.org","@graph":[{"@type":"WebPage","@id":"https:\/\/kinamihealth.com\/fr\/product\/sesderma-c-vit-mist\/","url":"https:\/\/kinamihealth.com\/fr\/product\/sesderma-c-vit-mist\/","name":"Commander SESDERMA\u00ae C-VIT MIST en ligne | Boutique en ligne | Kinami Health","isPartOf":{"@id":"https:\/\/kinamihealth.com\/#website"},"primaryImageOfPage":{"@id":"https:\/\/kinamihealth.com\/fr\/product\/sesderma-c-vit-mist\/#primaryimage"},"image":{"@id":"https:\/\/kinamihealth.com\/fr\/product\/sesderma-c-vit-mist\/#primaryimage"},"thumbnailUrl":"https:\/\/kinamihealth.com\/wp-content\/uploads\/2025\/02\/SESDERMA-C-VIT-MIST-01.jpg","datePublished":"2025-02-15T16:54:24+00:00","dateModified":"2026-01-21T15:52:15+00:00","description":"Commander C-VIT MIST en ligne et corrigez les rides et ridules tout en rafra\u00eechissant, hydratant et illuminant rapidement votre peau quand bon vous semble.","breadcrumb":{"@id":"https:\/\/kinamihealth.com\/fr\/product\/sesderma-c-vit-mist\/#breadcrumb"},"inLanguage":"fr-FR","potentialAction":[{"@type":"ReadAction","target":["https:\/\/kinamihealth.com\/fr\/product\/sesderma-c-vit-mist\/"]}]},{"@type":"ImageObject","inLanguage":"fr-FR","@id":"https:\/\/kinamihealth.com\/fr\/product\/sesderma-c-vit-mist\/#primaryimage","url":"https:\/\/kinamihealth.com\/wp-content\/uploads\/2025\/02\/SESDERMA-C-VIT-MIST-01.jpg","contentUrl":"https:\/\/kinamihealth.com\/wp-content\/uploads\/2025\/02\/SESDERMA-C-VIT-MIST-01.jpg","width":800,"height":800},{"@type":"BreadcrumbList","@id":"https:\/\/kinamihealth.com\/fr\/product\/sesderma-c-vit-mist\/#breadcrumb","itemListElement":[{"@type":"ListItem","position":1,"name":"Page d'accueil","item":"https:\/\/kinamihealth.com\/"},{"@type":"ListItem","position":2,"name":"Boutique","item":"https:\/\/kinamihealth.com\/shop\/"},{"@type":"ListItem","position":3,"name":"SESDERMA\u00ae C-VIT MIST"}]},{"@type":"WebSite","@id":"https:\/\/kinamihealth.com\/#website","url":"https:\/\/kinamihealth.com\/","name":"Kinami Health","description":"","publisher":{"@id":"https:\/\/kinamihealth.com\/#organization"},"potentialAction":[{"@type":"SearchAction","target":{"@type":"EntryPoint","urlTemplate":"https:\/\/kinamihealth.com\/?s={search_term_string}"},"query-input":{"@type":"PropertyValueSpecification","valueRequired":true,"valueName":"search_term_string"}}],"inLanguage":"fr-FR"},{"@type":"Organization","@id":"https:\/\/kinamihealth.com\/#organization","name":"Kinami Health","url":"https:\/\/kinamihealth.com\/","logo":{"@type":"ImageObject","inLanguage":"fr-FR","@id":"https:\/\/kinamihealth.com\/#\/schema\/logo\/image\/","url":"https:\/\/kinamihealth.com\/wp-content\/uploads\/2025\/01\/KH_logo_black_2-1.png","contentUrl":"https:\/\/kinamihealth.com\/wp-content\/uploads\/2025\/01\/KH_logo_black_2-1.png","width":339,"height":34,"caption":"Kinami Health"},"image":{"@id":"https:\/\/kinamihealth.com\/#\/schema\/logo\/image\/"}}]}},"_links":{"self":[{"href":"https:\/\/kinamihealth.com\/fr\/wp-json\/wp\/v2\/product\/110653","targetHints":{"allow":["GET"]}}],"collection":[{"href":"https:\/\/kinamihealth.com\/fr\/wp-json\/wp\/v2\/product"}],"about":[{"href":"https:\/\/kinamihealth.com\/fr\/wp-json\/wp\/v2\/types\/product"}],"replies":[{"embeddable":true,"href":"https:\/\/kinamihealth.com\/fr\/wp-json\/wp\/v2\/comments?post=110653"}],"version-history":[{"count":0,"href":"https:\/\/kinamihealth.com\/fr\/wp-json\/wp\/v2\/product\/110653\/revisions"}],"wp:featuredmedia":[{"embeddable":true,"href":"https:\/\/kinamihealth.com\/fr\/wp-json\/wp\/v2\/media\/110654"}],"wp:attachment":[{"href":"https:\/\/kinamihealth.com\/fr\/wp-json\/wp\/v2\/media?parent=110653"}],"wp:term":[{"taxonomy":"product_brand","embeddable":true,"href":"https:\/\/kinamihealth.com\/fr\/wp-json\/wp\/v2\/product_brand?post=110653"},{"taxonomy":"product_cat","embeddable":true,"href":"https:\/\/kinamihealth.com\/fr\/wp-json\/wp\/v2\/product_cat?post=110653"},{"taxonomy":"product_tag","embeddable":true,"href":"https:\/\/kinamihealth.com\/fr\/wp-json\/wp\/v2\/product_tag?post=110653"}],"curies":[{"name":"wp","href":"https:\/\/api.w.org\/{rel}","templated":true}]}}