{"id":110650,"date":"2025-02-15T16:57:42","date_gmt":"2025-02-15T16:57:42","guid":{"rendered":"https:\/\/kinamihealth.com\/product\/sculptra-2-vials\/"},"modified":"2026-04-02T14:06:29","modified_gmt":"2026-04-02T14:06:29","slug":"sculptra-2-vials","status":"publish","type":"product","link":"https:\/\/kinamihealth.com\/fr\/produit\/sculptra-2-vials\/","title":{"rendered":"SCULPTRA\u00ae 2 flacons"},"content":{"rendered":"<p>Sculptra\u00ae est un stimulateur de collag\u00e8ne \u00e0 base d&#8217;acide poly-L-lactique (PLLA) qui agit dans le derme profond de la peau pour aider \u00e0 revitaliser la production de collag\u00e8ne et restaurer la structure interne et le volume de la peau. Lorsque les microparticules d&#8217;acide poly-L-lactique contenues dans Sculptra sont absorb\u00e9es par la peau, elles contribuent \u00e0 stimuler la croissance du collag\u00e8ne. En tant que stimulateur de collag\u00e8ne, les produits de comblement Sculptra sont utilis\u00e9s pour corriger les rides et les plis superficiels \u00e0 profonds du visage en restaurant la structure profonde et sous-jacente de la peau. La revitalisation de la production de collag\u00e8ne se fait progressivement, contribuant \u00e0 restaurer le volume du visage et \u00e0 cr\u00e9er une apparence plus ferme et plus jeune. Ce produit est destin\u00e9 \u00e0 combler les zones creuses, en particulier pour corriger les d\u00e9pressions cutan\u00e9es, telles que les plis, les rides, les cicatrices et le vieillissement cutan\u00e9. Sculptra convient \u00e9galement aux corrections de grande ampleur des signes de perte de graisse faciale.<\/p>\n","protected":false},"excerpt":{"rendered":"<p>Sculptra\u00ae est un stimulateur de collag\u00e8ne \u00e0 base d&#8217;acide poly-L-lactique (PLLA) qui agit dans le derme profond de la peau pour aider \u00e0 revitaliser la production de collag\u00e8ne et restaurer la structure interne et le volume de la peau. Lorsque les microparticules d&#8217;acide poly-L-lactique contenues dans Sculptra sont absorb\u00e9es par la peau, elles contribuent \u00e0 [&hellip;]<\/p>\n","protected":false},"featured_media":130961,"comment_status":"closed","ping_status":"closed","template":"","meta":{"_acf_changed":false,"inline_featured_image":false},"product_brand":[1294],"product_cat":[3613,1217],"product_tag":[1222],"class_list":{"0":"post-110650","1":"product","2":"type-product","3":"status-publish","4":"has-post-thumbnail","6":"product_brand-sculptra","7":"product_cat-biostimulateurs-fr","8":"product_cat-produits-de-comblement-dermique","9":"product_tag-dispositifs-medicaux","11":"first","12":"instock","13":"taxable","14":"shipping-taxable","15":"purchasable","16":"product-type-simple","17":"add-to-wishlist-before_image"},"acf":[],"yoast_head":"<!-- This site is optimized with the Yoast SEO plugin v27.3 - https:\/\/yoast.com\/product\/yoast-seo-wordpress\/ -->\n<title>Commander SCULPTRA\u00ae 2 vials en ligne | Boutique en ligne | Kinami Health<\/title>\n<meta name=\"description\" content=\"Sculptra 2 flacons \u2013 Stimulateur de collag\u00e8ne \u00e0 base d&#039;acide poly-L-lactique pour la restauration du volume facial, la correction des rides et le rajeunissement de la peau avec des effets durables.\" \/>\n<meta name=\"robots\" content=\"index, follow, max-snippet:-1, max-image-preview:large, max-video-preview:-1\" \/>\n<link rel=\"canonical\" href=\"https:\/\/kinamihealth.com\/fr\/wp-json\/wp\/v2\/product\/110650\" \/>\n<meta property=\"og:locale\" content=\"fr_FR\" \/>\n<meta property=\"og:type\" content=\"article\" \/>\n<meta property=\"og:title\" content=\"Commander SCULPTRA\u00ae 2 vials en ligne | Boutique en ligne | Kinami Health\" \/>\n<meta property=\"og:description\" content=\"Sculptra 2 flacons \u2013 Stimulateur de collag\u00e8ne \u00e0 base d&#039;acide poly-L-lactique pour la restauration du volume facial, la correction des rides et le rajeunissement de la peau avec des effets durables.\" \/>\n<meta property=\"og:url\" content=\"https:\/\/kinamihealth.com\/fr\/produit\/sculptra-2-vials\/\" \/>\n<meta property=\"og:site_name\" content=\"Kinami Health\" \/>\n<meta property=\"article:modified_time\" content=\"2026-04-02T14:06:29+00:00\" \/>\n<meta property=\"og:image\" content=\"https:\/\/kinamihealth.com\/wp-content\/uploads\/2025\/02\/Sculptra_back.png\" \/>\n\t<meta property=\"og:image:width\" content=\"2107\" \/>\n\t<meta property=\"og:image:height\" content=\"1982\" \/>\n\t<meta property=\"og:image:type\" content=\"image\/png\" \/>\n<meta name=\"twitter:card\" content=\"summary_large_image\" \/>\n<meta name=\"twitter:label1\" content=\"Dur\u00e9e de lecture estim\u00e9e\" \/>\n\t<meta name=\"twitter:data1\" content=\"1 minute\" \/>\n<!-- \/ Yoast SEO plugin. -->","yoast_head_json":{"title":"Commander SCULPTRA\u00ae 2 vials en ligne | Boutique en ligne | Kinami Health","description":"Sculptra 2 flacons \u2013 Stimulateur de collag\u00e8ne \u00e0 base d'acide poly-L-lactique pour la restauration du volume facial, la correction des rides et le rajeunissement de la peau avec des effets durables.","robots":{"index":"index","follow":"follow","max-snippet":"max-snippet:-1","max-image-preview":"max-image-preview:large","max-video-preview":"max-video-preview:-1"},"canonical":"https:\/\/kinamihealth.com\/fr\/wp-json\/wp\/v2\/product\/110650","og_locale":"fr_FR","og_type":"article","og_title":"Commander SCULPTRA\u00ae 2 vials en ligne | Boutique en ligne | Kinami Health","og_description":"Sculptra 2 flacons \u2013 Stimulateur de collag\u00e8ne \u00e0 base d'acide poly-L-lactique pour la restauration du volume facial, la correction des rides et le rajeunissement de la peau avec des effets durables.","og_url":"https:\/\/kinamihealth.com\/fr\/produit\/sculptra-2-vials\/","og_site_name":"Kinami Health","article_modified_time":"2026-04-02T14:06:29+00:00","og_image":[{"width":2107,"height":1982,"url":"https:\/\/kinamihealth.com\/wp-content\/uploads\/2025\/02\/Sculptra_back.png","type":"image\/png"}],"twitter_card":"summary_large_image","twitter_misc":{"Dur\u00e9e de lecture estim\u00e9e":"1 minute"},"schema":{"@context":"https:\/\/schema.org","@graph":[{"@type":"WebPage","@id":"https:\/\/kinamihealth.com\/fr\/produit\/sculptra-2-vials\/","url":"https:\/\/kinamihealth.com\/fr\/produit\/sculptra-2-vials\/","name":"Commander SCULPTRA\u00ae 2 vials en ligne | Boutique en ligne | Kinami Health","isPartOf":{"@id":"https:\/\/kinamihealth.com\/#website"},"primaryImageOfPage":{"@id":"https:\/\/kinamihealth.com\/fr\/produit\/sculptra-2-vials\/#primaryimage"},"image":{"@id":"https:\/\/kinamihealth.com\/fr\/produit\/sculptra-2-vials\/#primaryimage"},"thumbnailUrl":"https:\/\/kinamihealth.com\/wp-content\/uploads\/2025\/02\/Sculptra_back.png","datePublished":"2025-02-15T16:57:42+00:00","dateModified":"2026-04-02T14:06:29+00:00","description":"Sculptra 2 flacons \u2013 Stimulateur de collag\u00e8ne \u00e0 base d'acide poly-L-lactique pour la restauration du volume facial, la correction des rides et le rajeunissement de la peau avec des effets durables.","breadcrumb":{"@id":"https:\/\/kinamihealth.com\/fr\/produit\/sculptra-2-vials\/#breadcrumb"},"inLanguage":"fr-FR","potentialAction":[{"@type":"ReadAction","target":["https:\/\/kinamihealth.com\/fr\/produit\/sculptra-2-vials\/"]}]},{"@type":"ImageObject","inLanguage":"fr-FR","@id":"https:\/\/kinamihealth.com\/fr\/produit\/sculptra-2-vials\/#primaryimage","url":"https:\/\/kinamihealth.com\/wp-content\/uploads\/2025\/02\/Sculptra_back.png","contentUrl":"https:\/\/kinamihealth.com\/wp-content\/uploads\/2025\/02\/Sculptra_back.png","width":2107,"height":1982},{"@type":"BreadcrumbList","@id":"https:\/\/kinamihealth.com\/fr\/produit\/sculptra-2-vials\/#breadcrumb","itemListElement":[{"@type":"ListItem","position":1,"name":"Page d'accueil","item":"https:\/\/kinamihealth.com\/"},{"@type":"ListItem","position":2,"name":"Boutique","item":"https:\/\/kinamihealth.com\/shop\/"},{"@type":"ListItem","position":3,"name":"SCULPTRA\u00ae 2 flacons"}]},{"@type":"WebSite","@id":"https:\/\/kinamihealth.com\/#website","url":"https:\/\/kinamihealth.com\/","name":"Kinami Health","description":"","publisher":{"@id":"https:\/\/kinamihealth.com\/#organization"},"potentialAction":[{"@type":"SearchAction","target":{"@type":"EntryPoint","urlTemplate":"https:\/\/kinamihealth.com\/?s={search_term_string}"},"query-input":{"@type":"PropertyValueSpecification","valueRequired":true,"valueName":"search_term_string"}}],"inLanguage":"fr-FR"},{"@type":"Organization","@id":"https:\/\/kinamihealth.com\/#organization","name":"Kinami Health","url":"https:\/\/kinamihealth.com\/","logo":{"@type":"ImageObject","inLanguage":"fr-FR","@id":"https:\/\/kinamihealth.com\/#\/schema\/logo\/image\/","url":"https:\/\/kinamihealth.com\/wp-content\/uploads\/2025\/01\/KH_logo_black_2-1.png","contentUrl":"https:\/\/kinamihealth.com\/wp-content\/uploads\/2025\/01\/KH_logo_black_2-1.png","width":339,"height":34,"caption":"Kinami Health"},"image":{"@id":"https:\/\/kinamihealth.com\/#\/schema\/logo\/image\/"}}]}},"_links":{"self":[{"href":"https:\/\/kinamihealth.com\/fr\/wp-json\/wp\/v2\/product\/110650","targetHints":{"allow":["GET"]}}],"collection":[{"href":"https:\/\/kinamihealth.com\/fr\/wp-json\/wp\/v2\/product"}],"about":[{"href":"https:\/\/kinamihealth.com\/fr\/wp-json\/wp\/v2\/types\/product"}],"replies":[{"embeddable":true,"href":"https:\/\/kinamihealth.com\/fr\/wp-json\/wp\/v2\/comments?post=110650"}],"version-history":[{"count":2,"href":"https:\/\/kinamihealth.com\/fr\/wp-json\/wp\/v2\/product\/110650\/revisions"}],"predecessor-version":[{"id":134332,"href":"https:\/\/kinamihealth.com\/fr\/wp-json\/wp\/v2\/product\/110650\/revisions\/134332"}],"wp:featuredmedia":[{"embeddable":true,"href":"https:\/\/kinamihealth.com\/fr\/wp-json\/wp\/v2\/media\/130961"}],"wp:attachment":[{"href":"https:\/\/kinamihealth.com\/fr\/wp-json\/wp\/v2\/media?parent=110650"}],"wp:term":[{"taxonomy":"product_brand","embeddable":true,"href":"https:\/\/kinamihealth.com\/fr\/wp-json\/wp\/v2\/product_brand?post=110650"},{"taxonomy":"product_cat","embeddable":true,"href":"https:\/\/kinamihealth.com\/fr\/wp-json\/wp\/v2\/product_cat?post=110650"},{"taxonomy":"product_tag","embeddable":true,"href":"https:\/\/kinamihealth.com\/fr\/wp-json\/wp\/v2\/product_tag?post=110650"}],"curies":[{"name":"wp","href":"https:\/\/api.w.org\/{rel}","templated":true}]}}