{"id":110648,"date":"2025-02-15T16:58:12","date_gmt":"2025-02-15T16:58:12","guid":{"rendered":"https:\/\/kinamihealth.com\/product\/stylage-s-bi-soft-lidocaine\/"},"modified":"2026-01-21T15:40:20","modified_gmt":"2026-01-21T15:40:20","slug":"stylage-s-bi-soft-lidocaine","status":"publish","type":"product","link":"https:\/\/kinamihealth.com\/fr\/produit\/stylage-s-bi-soft-lidocaine\/","title":{"rendered":"STYLAGE\u00ae S BI-SOFT Lidocaine"},"content":{"rendered":"<p>Stylage Bi-Soft S Lidocaine is designed to improve the appearance of superficial lines and wrinkles. Stylage Bi-Soft S Lidocaine is ideal to use in thin and sensitive areas, where the first visible signs of ageing begin to emerge: around the eyes, lips and between the eyebrows. It contains lidocaine, a powerful anaesthetic, for a more comfortable injection.<\/p>\n","protected":false},"excerpt":{"rendered":"<p><strong>STYLAGE S BI-SOFT avec lidoca\u00efne<\/strong> est un produit de comblement dermique innovant qui utilise les technologies brevet\u00e9es VIVACY pour am\u00e9liorer le processus d&#8217;injection pour les patients et les praticiens. La technologie IPN-Like est utilis\u00e9e pour cr\u00e9er un acide hyaluronique r\u00e9ticul\u00e9 hautement purifi\u00e9 avec une densit\u00e9 sp\u00e9cialement ajust\u00e9e qui traite les rides et ridules superficielles \u00e0 mod\u00e9r\u00e9es autour du visage. Les seringues BI-SOFT utilisent une combinaison de polycarbonate et d&#8217;\u00e9lastom\u00e8re thermoplastique pour assurer la prise en main de la seringue et faciliter la pression lors de l&#8217;injection du produit de comblement dans les tissus. Commandez STYLAGE\u00ae S BI-SOFT Lidocaine chez Kinami Health, une boutique en ligne certifi\u00e9e et agr\u00e9\u00e9e, et procurez-vous des produits STYLAGE de qualit\u00e9 sup\u00e9rieure.<\/p>\n","protected":false},"featured_media":110649,"comment_status":"closed","ping_status":"closed","template":"","meta":{"_acf_changed":false,"inline_featured_image":false},"product_brand":[1299],"product_cat":[1217],"product_tag":[1222],"class_list":{"0":"post-110648","1":"product","2":"type-product","3":"status-publish","4":"has-post-thumbnail","6":"product_brand-stylage","7":"product_cat-produits-de-comblement-dermique","8":"product_tag-dispositifs-medicaux","10":"first","11":"instock","12":"taxable","13":"shipping-taxable","14":"purchasable","15":"product-type-simple","16":"add-to-wishlist-before_image"},"acf":[],"yoast_head":"<!-- This site is optimized with the Yoast SEO plugin v27.1.1 - https:\/\/yoast.com\/product\/yoast-seo-wordpress\/ -->\n<title>Commander STYLAGE\u00ae S BI-SOFT Lidocaine en ligne | Boutique en ligne | Kinami Health<\/title>\n<meta name=\"description\" content=\"Commandez STYLAGE S BI-SOFT avec lidoca\u00efne en ligne pour corriger les rides et ridules l\u00e9g\u00e8res \u00e0 mod\u00e9r\u00e9es du visage et inverser les premiers signes de l&#039;\u00e2ge.\" \/>\n<meta name=\"robots\" content=\"index, follow, max-snippet:-1, max-image-preview:large, max-video-preview:-1\" \/>\n<link rel=\"canonical\" href=\"https:\/\/kinamihealth.com\/fr\/wp-json\/wp\/v2\/product\/110648\" \/>\n<meta property=\"og:locale\" content=\"fr_FR\" \/>\n<meta property=\"og:type\" content=\"article\" \/>\n<meta property=\"og:title\" content=\"Commander STYLAGE\u00ae S BI-SOFT Lidocaine en ligne | Boutique en ligne | Kinami Health\" \/>\n<meta property=\"og:description\" content=\"Commandez STYLAGE S BI-SOFT avec lidoca\u00efne en ligne pour corriger les rides et ridules l\u00e9g\u00e8res \u00e0 mod\u00e9r\u00e9es du visage et inverser les premiers signes de l&#039;\u00e2ge.\" \/>\n<meta property=\"og:url\" content=\"https:\/\/kinamihealth.com\/fr\/product\/stylage-s-bi-soft-lidocaine\/\" \/>\n<meta property=\"og:site_name\" content=\"Kinami Health\" \/>\n<meta property=\"article:modified_time\" content=\"2026-01-21T15:40:20+00:00\" \/>\n<meta property=\"og:image\" content=\"https:\/\/kinamihealth.com\/wp-content\/uploads\/2025\/02\/VIVACY-STYLAGE-S-LIDOCAINE-BISOFT-01.jpg\" \/>\n\t<meta property=\"og:image:width\" content=\"800\" \/>\n\t<meta property=\"og:image:height\" content=\"800\" \/>\n\t<meta property=\"og:image:type\" content=\"image\/jpeg\" \/>\n<meta name=\"twitter:card\" content=\"summary_large_image\" \/>\n<meta name=\"twitter:label1\" content=\"Dur\u00e9e de lecture estim\u00e9e\" \/>\n\t<meta name=\"twitter:data1\" content=\"1 minute\" \/>\n<!-- \/ Yoast SEO plugin. -->","yoast_head_json":{"title":"Commander STYLAGE\u00ae S BI-SOFT Lidocaine en ligne | Boutique en ligne | Kinami Health","description":"Commandez STYLAGE S BI-SOFT avec lidoca\u00efne en ligne pour corriger les rides et ridules l\u00e9g\u00e8res \u00e0 mod\u00e9r\u00e9es du visage et inverser les premiers signes de l'\u00e2ge.","robots":{"index":"index","follow":"follow","max-snippet":"max-snippet:-1","max-image-preview":"max-image-preview:large","max-video-preview":"max-video-preview:-1"},"canonical":"https:\/\/kinamihealth.com\/fr\/wp-json\/wp\/v2\/product\/110648","og_locale":"fr_FR","og_type":"article","og_title":"Commander STYLAGE\u00ae S BI-SOFT Lidocaine en ligne | Boutique en ligne | Kinami Health","og_description":"Commandez STYLAGE S BI-SOFT avec lidoca\u00efne en ligne pour corriger les rides et ridules l\u00e9g\u00e8res \u00e0 mod\u00e9r\u00e9es du visage et inverser les premiers signes de l'\u00e2ge.","og_url":"https:\/\/kinamihealth.com\/fr\/product\/stylage-s-bi-soft-lidocaine\/","og_site_name":"Kinami Health","article_modified_time":"2026-01-21T15:40:20+00:00","og_image":[{"width":800,"height":800,"url":"https:\/\/kinamihealth.com\/wp-content\/uploads\/2025\/02\/VIVACY-STYLAGE-S-LIDOCAINE-BISOFT-01.jpg","type":"image\/jpeg"}],"twitter_card":"summary_large_image","twitter_misc":{"Dur\u00e9e de lecture estim\u00e9e":"1 minute"},"schema":{"@context":"https:\/\/schema.org","@graph":[{"@type":"WebPage","@id":"https:\/\/kinamihealth.com\/fr\/product\/stylage-s-bi-soft-lidocaine\/","url":"https:\/\/kinamihealth.com\/fr\/product\/stylage-s-bi-soft-lidocaine\/","name":"Commander STYLAGE\u00ae S BI-SOFT Lidocaine en ligne | Boutique en ligne | Kinami Health","isPartOf":{"@id":"https:\/\/kinamihealth.com\/#website"},"primaryImageOfPage":{"@id":"https:\/\/kinamihealth.com\/fr\/product\/stylage-s-bi-soft-lidocaine\/#primaryimage"},"image":{"@id":"https:\/\/kinamihealth.com\/fr\/product\/stylage-s-bi-soft-lidocaine\/#primaryimage"},"thumbnailUrl":"https:\/\/kinamihealth.com\/wp-content\/uploads\/2025\/02\/VIVACY-STYLAGE-S-LIDOCAINE-BISOFT-01.jpg","datePublished":"2025-02-15T16:58:12+00:00","dateModified":"2026-01-21T15:40:20+00:00","description":"Commandez STYLAGE S BI-SOFT avec lidoca\u00efne en ligne pour corriger les rides et ridules l\u00e9g\u00e8res \u00e0 mod\u00e9r\u00e9es du visage et inverser les premiers signes de l'\u00e2ge.","breadcrumb":{"@id":"https:\/\/kinamihealth.com\/fr\/product\/stylage-s-bi-soft-lidocaine\/#breadcrumb"},"inLanguage":"fr-FR","potentialAction":[{"@type":"ReadAction","target":["https:\/\/kinamihealth.com\/fr\/product\/stylage-s-bi-soft-lidocaine\/"]}]},{"@type":"ImageObject","inLanguage":"fr-FR","@id":"https:\/\/kinamihealth.com\/fr\/product\/stylage-s-bi-soft-lidocaine\/#primaryimage","url":"https:\/\/kinamihealth.com\/wp-content\/uploads\/2025\/02\/VIVACY-STYLAGE-S-LIDOCAINE-BISOFT-01.jpg","contentUrl":"https:\/\/kinamihealth.com\/wp-content\/uploads\/2025\/02\/VIVACY-STYLAGE-S-LIDOCAINE-BISOFT-01.jpg","width":800,"height":800},{"@type":"BreadcrumbList","@id":"https:\/\/kinamihealth.com\/fr\/product\/stylage-s-bi-soft-lidocaine\/#breadcrumb","itemListElement":[{"@type":"ListItem","position":1,"name":"Page d'accueil","item":"https:\/\/kinamihealth.com\/"},{"@type":"ListItem","position":2,"name":"Boutique","item":"https:\/\/kinamihealth.com\/shop\/"},{"@type":"ListItem","position":3,"name":"STYLAGE\u00ae S BI-SOFT Lidocaine"}]},{"@type":"WebSite","@id":"https:\/\/kinamihealth.com\/#website","url":"https:\/\/kinamihealth.com\/","name":"Kinami Health","description":"","publisher":{"@id":"https:\/\/kinamihealth.com\/#organization"},"potentialAction":[{"@type":"SearchAction","target":{"@type":"EntryPoint","urlTemplate":"https:\/\/kinamihealth.com\/?s={search_term_string}"},"query-input":{"@type":"PropertyValueSpecification","valueRequired":true,"valueName":"search_term_string"}}],"inLanguage":"fr-FR"},{"@type":"Organization","@id":"https:\/\/kinamihealth.com\/#organization","name":"Kinami Health","url":"https:\/\/kinamihealth.com\/","logo":{"@type":"ImageObject","inLanguage":"fr-FR","@id":"https:\/\/kinamihealth.com\/#\/schema\/logo\/image\/","url":"https:\/\/kinamihealth.com\/wp-content\/uploads\/2025\/01\/KH_logo_black_2-1.png","contentUrl":"https:\/\/kinamihealth.com\/wp-content\/uploads\/2025\/01\/KH_logo_black_2-1.png","width":339,"height":34,"caption":"Kinami Health"},"image":{"@id":"https:\/\/kinamihealth.com\/#\/schema\/logo\/image\/"}}]}},"_links":{"self":[{"href":"https:\/\/kinamihealth.com\/fr\/wp-json\/wp\/v2\/product\/110648","targetHints":{"allow":["GET"]}}],"collection":[{"href":"https:\/\/kinamihealth.com\/fr\/wp-json\/wp\/v2\/product"}],"about":[{"href":"https:\/\/kinamihealth.com\/fr\/wp-json\/wp\/v2\/types\/product"}],"replies":[{"embeddable":true,"href":"https:\/\/kinamihealth.com\/fr\/wp-json\/wp\/v2\/comments?post=110648"}],"version-history":[{"count":0,"href":"https:\/\/kinamihealth.com\/fr\/wp-json\/wp\/v2\/product\/110648\/revisions"}],"wp:featuredmedia":[{"embeddable":true,"href":"https:\/\/kinamihealth.com\/fr\/wp-json\/wp\/v2\/media\/110649"}],"wp:attachment":[{"href":"https:\/\/kinamihealth.com\/fr\/wp-json\/wp\/v2\/media?parent=110648"}],"wp:term":[{"taxonomy":"product_brand","embeddable":true,"href":"https:\/\/kinamihealth.com\/fr\/wp-json\/wp\/v2\/product_brand?post=110648"},{"taxonomy":"product_cat","embeddable":true,"href":"https:\/\/kinamihealth.com\/fr\/wp-json\/wp\/v2\/product_cat?post=110648"},{"taxonomy":"product_tag","embeddable":true,"href":"https:\/\/kinamihealth.com\/fr\/wp-json\/wp\/v2\/product_tag?post=110648"}],"curies":[{"name":"wp","href":"https:\/\/api.w.org\/{rel}","templated":true}]}}