{"id":110641,"date":"2025-02-15T16:58:09","date_gmt":"2025-02-15T16:58:09","guid":{"rendered":"https:\/\/kinamihealth.com\/product\/stylage-m-bi-soft-lidocaine\/"},"modified":"2026-03-18T09:54:12","modified_gmt":"2026-03-18T09:54:12","slug":"stylage-m-bi-soft-lidocaine","status":"publish","type":"product","link":"https:\/\/kinamihealth.com\/fr\/produit\/stylage-m-bi-soft-lidocaine\/","title":{"rendered":"STYLAGE\u00ae M BI-SOFT Lidocaine"},"content":{"rendered":"<p>Stylage\u00ae Bi-Soft M Lidoca\u00efne est sp\u00e9cialement con\u00e7u pour corriger instantan\u00e9ment les rides et ridules superficielles. Utilisez Stylage Bi-Soft\u00ae M Lidoca\u00efne pour combler les petits sillons nasog\u00e9niens, traiter les rides superficielles et les plis du menton afin de les lisser et de les raffermir. Il peut \u00e9galement \u00eatre utilis\u00e9 pour les rides d&#8217;amertume, la r\u00e9duction de la bosse nasale ou le lifting de la pointe du nez et le remodelage des lobes d&#8217;oreilles. Stylage\u00ae Bi-Soft\u00ae M avec lidoca\u00efne peut \u00e9galement \u00eatre utilis\u00e9 pour le rajeunissement des mains, notamment pour traiter la perte de volume au dos des mains. Il contient de la lidoca\u00efne, un anesth\u00e9sique puissant, pour une injection plus confortable.<\/p>\n","protected":false},"excerpt":{"rendered":"<p><strong>STYLAGE\u00ae M BI-SOFT\u00ae Lidocaine<\/strong> est un produit de comblement dermique qui utilise les technologies brevet\u00e9es <strong>VIVACY<\/strong> pour am\u00e9liorer la proc\u00e9dure d&#8217;injection tant pour les patients que pour les praticiens. Ajustez la viscosit\u00e9 appropri\u00e9e du gel pour l&#8217;utilisation sp\u00e9cifi\u00e9e gr\u00e2ce \u00e0 la technologie IPN-Like et facilitez le processus d&#8217;administration avec une seringue BI-SOFT qui minimise la pression sur la peau et augmente le contr\u00f4le sur la seringue. R\u00e9duisez la douleur et l&#8217;inconfort du client en incorporant de la lidoca\u00efne comme anesth\u00e9sique. <strong>Commandez STYLAGE M BI-SOFT avec lidoca\u00efne<\/strong> chez Kinami Health, une boutique en ligne fiable et agr\u00e9\u00e9e, et <strong>commandez des produits de la marque STYLAGE<\/strong>.<\/p>\n","protected":false},"featured_media":110643,"comment_status":"closed","ping_status":"closed","template":"","meta":{"_acf_changed":false,"inline_featured_image":false},"product_brand":[1299],"product_cat":[1217],"product_tag":[1222],"class_list":{"0":"post-110641","1":"product","2":"type-product","3":"status-publish","4":"has-post-thumbnail","6":"product_brand-stylage","7":"product_cat-produits-de-comblement-dermique","8":"product_tag-dispositifs-medicaux","10":"first","11":"instock","12":"taxable","13":"shipping-taxable","14":"purchasable","15":"product-type-simple","16":"add-to-wishlist-before_image"},"acf":[],"yoast_head":"<!-- This site is optimized with the Yoast SEO plugin v27.1.1 - https:\/\/yoast.com\/product\/yoast-seo-wordpress\/ -->\n<title>Commander STYLAGE\u00ae M BI-SOFT Lidocaine en ligne | Boutique en ligne | Kinami Health<\/title>\n<meta name=\"description\" content=\"Commander STYLAGE M BI-SOFT avec lidoca\u00efne en ligne et utiliser ce gel AH pour am\u00e9liorer les rides et ridules moyennes \u00e0 profondes du visage.\" \/>\n<meta name=\"robots\" content=\"index, follow, max-snippet:-1, max-image-preview:large, max-video-preview:-1\" \/>\n<link rel=\"canonical\" href=\"https:\/\/kinamihealth.com\/fr\/wp-json\/wp\/v2\/product\/110641\" \/>\n<meta property=\"og:locale\" content=\"fr_FR\" \/>\n<meta property=\"og:type\" content=\"article\" \/>\n<meta property=\"og:title\" content=\"Commander STYLAGE\u00ae M BI-SOFT Lidocaine en ligne | Boutique en ligne | Kinami Health\" \/>\n<meta property=\"og:description\" content=\"Commander STYLAGE M BI-SOFT avec lidoca\u00efne en ligne et utiliser ce gel AH pour am\u00e9liorer les rides et ridules moyennes \u00e0 profondes du visage.\" \/>\n<meta property=\"og:url\" content=\"https:\/\/kinamihealth.com\/fr\/produit\/stylage-m-bi-soft-lidocaine\/\" \/>\n<meta property=\"og:site_name\" content=\"Kinami Health\" \/>\n<meta property=\"article:modified_time\" content=\"2026-03-18T09:54:12+00:00\" \/>\n<meta property=\"og:image\" content=\"https:\/\/kinamihealth.com\/wp-content\/uploads\/2025\/02\/VIVACY-STYLAGE-M-LIDOCAINE-BISOFT-02.jpg\" \/>\n\t<meta property=\"og:image:width\" content=\"800\" \/>\n\t<meta property=\"og:image:height\" content=\"800\" \/>\n\t<meta property=\"og:image:type\" content=\"image\/jpeg\" \/>\n<meta name=\"twitter:card\" content=\"summary_large_image\" \/>\n<meta name=\"twitter:label1\" content=\"Dur\u00e9e de lecture estim\u00e9e\" \/>\n\t<meta name=\"twitter:data1\" content=\"1 minute\" \/>\n<!-- \/ Yoast SEO plugin. -->","yoast_head_json":{"title":"Commander STYLAGE\u00ae M BI-SOFT Lidocaine en ligne | Boutique en ligne | Kinami Health","description":"Commander STYLAGE M BI-SOFT avec lidoca\u00efne en ligne et utiliser ce gel AH pour am\u00e9liorer les rides et ridules moyennes \u00e0 profondes du visage.","robots":{"index":"index","follow":"follow","max-snippet":"max-snippet:-1","max-image-preview":"max-image-preview:large","max-video-preview":"max-video-preview:-1"},"canonical":"https:\/\/kinamihealth.com\/fr\/wp-json\/wp\/v2\/product\/110641","og_locale":"fr_FR","og_type":"article","og_title":"Commander STYLAGE\u00ae M BI-SOFT Lidocaine en ligne | Boutique en ligne | Kinami Health","og_description":"Commander STYLAGE M BI-SOFT avec lidoca\u00efne en ligne et utiliser ce gel AH pour am\u00e9liorer les rides et ridules moyennes \u00e0 profondes du visage.","og_url":"https:\/\/kinamihealth.com\/fr\/produit\/stylage-m-bi-soft-lidocaine\/","og_site_name":"Kinami Health","article_modified_time":"2026-03-18T09:54:12+00:00","og_image":[{"width":800,"height":800,"url":"https:\/\/kinamihealth.com\/wp-content\/uploads\/2025\/02\/VIVACY-STYLAGE-M-LIDOCAINE-BISOFT-02.jpg","type":"image\/jpeg"}],"twitter_card":"summary_large_image","twitter_misc":{"Dur\u00e9e de lecture estim\u00e9e":"1 minute"},"schema":{"@context":"https:\/\/schema.org","@graph":[{"@type":"WebPage","@id":"https:\/\/kinamihealth.com\/fr\/produit\/stylage-m-bi-soft-lidocaine\/","url":"https:\/\/kinamihealth.com\/fr\/produit\/stylage-m-bi-soft-lidocaine\/","name":"Commander STYLAGE\u00ae M BI-SOFT Lidocaine en ligne | Boutique en ligne | Kinami Health","isPartOf":{"@id":"https:\/\/kinamihealth.com\/#website"},"primaryImageOfPage":{"@id":"https:\/\/kinamihealth.com\/fr\/produit\/stylage-m-bi-soft-lidocaine\/#primaryimage"},"image":{"@id":"https:\/\/kinamihealth.com\/fr\/produit\/stylage-m-bi-soft-lidocaine\/#primaryimage"},"thumbnailUrl":"https:\/\/kinamihealth.com\/wp-content\/uploads\/2025\/02\/VIVACY-STYLAGE-M-LIDOCAINE-BISOFT-02.jpg","datePublished":"2025-02-15T16:58:09+00:00","dateModified":"2026-03-18T09:54:12+00:00","description":"Commander STYLAGE M BI-SOFT avec lidoca\u00efne en ligne et utiliser ce gel AH pour am\u00e9liorer les rides et ridules moyennes \u00e0 profondes du visage.","breadcrumb":{"@id":"https:\/\/kinamihealth.com\/fr\/produit\/stylage-m-bi-soft-lidocaine\/#breadcrumb"},"inLanguage":"fr-FR","potentialAction":[{"@type":"ReadAction","target":["https:\/\/kinamihealth.com\/fr\/produit\/stylage-m-bi-soft-lidocaine\/"]}]},{"@type":"ImageObject","inLanguage":"fr-FR","@id":"https:\/\/kinamihealth.com\/fr\/produit\/stylage-m-bi-soft-lidocaine\/#primaryimage","url":"https:\/\/kinamihealth.com\/wp-content\/uploads\/2025\/02\/VIVACY-STYLAGE-M-LIDOCAINE-BISOFT-02.jpg","contentUrl":"https:\/\/kinamihealth.com\/wp-content\/uploads\/2025\/02\/VIVACY-STYLAGE-M-LIDOCAINE-BISOFT-02.jpg","width":800,"height":800},{"@type":"BreadcrumbList","@id":"https:\/\/kinamihealth.com\/fr\/produit\/stylage-m-bi-soft-lidocaine\/#breadcrumb","itemListElement":[{"@type":"ListItem","position":1,"name":"Page d'accueil","item":"https:\/\/kinamihealth.com\/"},{"@type":"ListItem","position":2,"name":"Boutique","item":"https:\/\/kinamihealth.com\/shop\/"},{"@type":"ListItem","position":3,"name":"STYLAGE\u00ae M BI-SOFT Lidocaine"}]},{"@type":"WebSite","@id":"https:\/\/kinamihealth.com\/#website","url":"https:\/\/kinamihealth.com\/","name":"Kinami Health","description":"","publisher":{"@id":"https:\/\/kinamihealth.com\/#organization"},"potentialAction":[{"@type":"SearchAction","target":{"@type":"EntryPoint","urlTemplate":"https:\/\/kinamihealth.com\/?s={search_term_string}"},"query-input":{"@type":"PropertyValueSpecification","valueRequired":true,"valueName":"search_term_string"}}],"inLanguage":"fr-FR"},{"@type":"Organization","@id":"https:\/\/kinamihealth.com\/#organization","name":"Kinami Health","url":"https:\/\/kinamihealth.com\/","logo":{"@type":"ImageObject","inLanguage":"fr-FR","@id":"https:\/\/kinamihealth.com\/#\/schema\/logo\/image\/","url":"https:\/\/kinamihealth.com\/wp-content\/uploads\/2025\/01\/KH_logo_black_2-1.png","contentUrl":"https:\/\/kinamihealth.com\/wp-content\/uploads\/2025\/01\/KH_logo_black_2-1.png","width":339,"height":34,"caption":"Kinami Health"},"image":{"@id":"https:\/\/kinamihealth.com\/#\/schema\/logo\/image\/"}}]}},"_links":{"self":[{"href":"https:\/\/kinamihealth.com\/fr\/wp-json\/wp\/v2\/product\/110641","targetHints":{"allow":["GET"]}}],"collection":[{"href":"https:\/\/kinamihealth.com\/fr\/wp-json\/wp\/v2\/product"}],"about":[{"href":"https:\/\/kinamihealth.com\/fr\/wp-json\/wp\/v2\/types\/product"}],"replies":[{"embeddable":true,"href":"https:\/\/kinamihealth.com\/fr\/wp-json\/wp\/v2\/comments?post=110641"}],"version-history":[{"count":1,"href":"https:\/\/kinamihealth.com\/fr\/wp-json\/wp\/v2\/product\/110641\/revisions"}],"predecessor-version":[{"id":133912,"href":"https:\/\/kinamihealth.com\/fr\/wp-json\/wp\/v2\/product\/110641\/revisions\/133912"}],"wp:featuredmedia":[{"embeddable":true,"href":"https:\/\/kinamihealth.com\/fr\/wp-json\/wp\/v2\/media\/110643"}],"wp:attachment":[{"href":"https:\/\/kinamihealth.com\/fr\/wp-json\/wp\/v2\/media?parent=110641"}],"wp:term":[{"taxonomy":"product_brand","embeddable":true,"href":"https:\/\/kinamihealth.com\/fr\/wp-json\/wp\/v2\/product_brand?post=110641"},{"taxonomy":"product_cat","embeddable":true,"href":"https:\/\/kinamihealth.com\/fr\/wp-json\/wp\/v2\/product_cat?post=110641"},{"taxonomy":"product_tag","embeddable":true,"href":"https:\/\/kinamihealth.com\/fr\/wp-json\/wp\/v2\/product_tag?post=110641"}],"curies":[{"name":"wp","href":"https:\/\/api.w.org\/{rel}","templated":true}]}}