{"id":110638,"date":"2025-02-15T16:58:08","date_gmt":"2025-02-15T16:58:08","guid":{"rendered":"https:\/\/kinamihealth.com\/product\/stylage-m-bi-soft\/"},"modified":"2026-03-18T09:49:46","modified_gmt":"2026-03-18T09:49:46","slug":"stylage-m-bi-soft","status":"publish","type":"product","link":"https:\/\/kinamihealth.com\/fr\/produit\/stylage-m-bi-soft\/","title":{"rendered":"STYLAGE\u00ae M BI-SOFT"},"content":{"rendered":"<p>Avec Stylage\u00ae M Bi-SOFT, vous pouvez lutter parfaitement contre les rides l\u00e9g\u00e8res \u00e0 moyennement profondes. Plus pr\u00e9cis\u00e9ment, les sillons nasog\u00e9niens moyennement profonds, ainsi que les ridules et les rides du front peuvent \u00eatre combl\u00e9s. De plus, Stylage\u00ae M Bi-SOFT\u00ae corrige de mani\u00e8re optimale le rel\u00e2chement du menton et donne \u00e0 vos joues et \u00e0 vos l\u00e8vres un beau contour. En outre, le Hyaluron Filler peut \u00eatre utilis\u00e9 pour rajeunir les mains, mais aussi pour corriger les lobes d&#8217;oreilles et le nez.<\/p>\n","protected":false},"excerpt":{"rendered":"<p>Produit de comblement dermique efficace pour am\u00e9liorer le volume du visage et lisser les rides, <strong>Stylage\u00ae M Bi-Soft\u00ae<\/strong> offre des r\u00e9sultats sup\u00e9rieurs. Ce produit de comblement avanc\u00e9 \u00e0 base d&#8217;acide hyaluronique (AH) offre une <strong>solution non chirurgicale pour les rides moyennes \u00e0 profondes, la perte de volume et le remodelage. <\/strong>Il est con\u00e7u avec la <strong>technologie d&#8217;injection Bi-Soft<\/strong>, qui garantit une application pr\u00e9cise et le confort du patient en permettant aux professionnels d&#8217;obtenir plus facilement des r\u00e9sultats plus lisses et plus uniformes avec moins d&#8217;efforts. Que vous souhaitiez restaurer des traits de jeunesse ou remodeler des zones sp\u00e9cifiques, commandez Stylage M Bi-Soft chez Kinami Health et <strong>offrez \u00e0 vos patients des r\u00e9sultats naturels et durables<\/strong>.<\/p>\n","protected":false},"featured_media":110639,"comment_status":"closed","ping_status":"closed","template":"","meta":{"_acf_changed":false,"inline_featured_image":false},"product_brand":[1299],"product_cat":[1217],"product_tag":[1222],"class_list":{"0":"post-110638","1":"product","2":"type-product","3":"status-publish","4":"has-post-thumbnail","6":"product_brand-stylage","7":"product_cat-produits-de-comblement-dermique","8":"product_tag-dispositifs-medicaux","10":"first","11":"instock","12":"taxable","13":"shipping-taxable","14":"purchasable","15":"product-type-simple","16":"add-to-wishlist-before_image"},"acf":[],"yoast_head":"<!-- This site is optimized with the Yoast SEO plugin v27.3 - https:\/\/yoast.com\/product\/yoast-seo-wordpress\/ -->\n<title>Commander STYLAGE\u00ae M BI-SOFT\u00ae en ligne | Boutique en ligne | Kinami Health<\/title>\n<meta name=\"description\" content=\"Commandez Stylage\u00ae M Bi-Soft en ligne : correction durable des rides et remodelage du visage avec un confort et une efficacit\u00e9 accrus. Commandez d\u00e8s maintenant !\" \/>\n<meta name=\"robots\" content=\"index, follow, max-snippet:-1, max-image-preview:large, max-video-preview:-1\" \/>\n<link rel=\"canonical\" href=\"https:\/\/kinamihealth.com\/fr\/wp-json\/wp\/v2\/product\/110638\" \/>\n<meta property=\"og:locale\" content=\"fr_FR\" \/>\n<meta property=\"og:type\" content=\"article\" \/>\n<meta property=\"og:title\" content=\"Commander STYLAGE\u00ae M BI-SOFT\u00ae en ligne | Boutique en ligne | Kinami Health\" \/>\n<meta property=\"og:description\" content=\"Commandez Stylage\u00ae M Bi-Soft en ligne : correction durable des rides et remodelage du visage avec un confort et une efficacit\u00e9 accrus. Commandez d\u00e8s maintenant !\" \/>\n<meta property=\"og:url\" content=\"https:\/\/kinamihealth.com\/fr\/produit\/stylage-m-bi-soft\/\" \/>\n<meta property=\"og:site_name\" content=\"Kinami Health\" \/>\n<meta property=\"article:modified_time\" content=\"2026-03-18T09:49:46+00:00\" \/>\n<meta property=\"og:image\" content=\"https:\/\/kinamihealth.com\/wp-content\/uploads\/2025\/02\/VIVACY-STYLAGE-M-BISOFT-01.jpg\" \/>\n\t<meta property=\"og:image:width\" content=\"800\" \/>\n\t<meta property=\"og:image:height\" content=\"800\" \/>\n\t<meta property=\"og:image:type\" content=\"image\/jpeg\" \/>\n<meta name=\"twitter:card\" content=\"summary_large_image\" \/>\n<meta name=\"twitter:label1\" content=\"Dur\u00e9e de lecture estim\u00e9e\" \/>\n\t<meta name=\"twitter:data1\" content=\"1 minute\" \/>\n<!-- \/ Yoast SEO plugin. -->","yoast_head_json":{"title":"Commander STYLAGE\u00ae M BI-SOFT\u00ae en ligne | Boutique en ligne | Kinami Health","description":"Commandez Stylage\u00ae M Bi-Soft en ligne : correction durable des rides et remodelage du visage avec un confort et une efficacit\u00e9 accrus. Commandez d\u00e8s maintenant !","robots":{"index":"index","follow":"follow","max-snippet":"max-snippet:-1","max-image-preview":"max-image-preview:large","max-video-preview":"max-video-preview:-1"},"canonical":"https:\/\/kinamihealth.com\/fr\/wp-json\/wp\/v2\/product\/110638","og_locale":"fr_FR","og_type":"article","og_title":"Commander STYLAGE\u00ae M BI-SOFT\u00ae en ligne | Boutique en ligne | Kinami Health","og_description":"Commandez Stylage\u00ae M Bi-Soft en ligne : correction durable des rides et remodelage du visage avec un confort et une efficacit\u00e9 accrus. Commandez d\u00e8s maintenant !","og_url":"https:\/\/kinamihealth.com\/fr\/produit\/stylage-m-bi-soft\/","og_site_name":"Kinami Health","article_modified_time":"2026-03-18T09:49:46+00:00","og_image":[{"width":800,"height":800,"url":"https:\/\/kinamihealth.com\/wp-content\/uploads\/2025\/02\/VIVACY-STYLAGE-M-BISOFT-01.jpg","type":"image\/jpeg"}],"twitter_card":"summary_large_image","twitter_misc":{"Dur\u00e9e de lecture estim\u00e9e":"1 minute"},"schema":{"@context":"https:\/\/schema.org","@graph":[{"@type":"WebPage","@id":"https:\/\/kinamihealth.com\/fr\/produit\/stylage-m-bi-soft\/","url":"https:\/\/kinamihealth.com\/fr\/produit\/stylage-m-bi-soft\/","name":"Commander STYLAGE\u00ae M BI-SOFT\u00ae en ligne | Boutique en ligne | Kinami Health","isPartOf":{"@id":"https:\/\/kinamihealth.com\/#website"},"primaryImageOfPage":{"@id":"https:\/\/kinamihealth.com\/fr\/produit\/stylage-m-bi-soft\/#primaryimage"},"image":{"@id":"https:\/\/kinamihealth.com\/fr\/produit\/stylage-m-bi-soft\/#primaryimage"},"thumbnailUrl":"https:\/\/kinamihealth.com\/wp-content\/uploads\/2025\/02\/VIVACY-STYLAGE-M-BISOFT-01.jpg","datePublished":"2025-02-15T16:58:08+00:00","dateModified":"2026-03-18T09:49:46+00:00","description":"Commandez Stylage\u00ae M Bi-Soft en ligne : correction durable des rides et remodelage du visage avec un confort et une efficacit\u00e9 accrus. Commandez d\u00e8s maintenant !","breadcrumb":{"@id":"https:\/\/kinamihealth.com\/fr\/produit\/stylage-m-bi-soft\/#breadcrumb"},"inLanguage":"fr-FR","potentialAction":[{"@type":"ReadAction","target":["https:\/\/kinamihealth.com\/fr\/produit\/stylage-m-bi-soft\/"]}]},{"@type":"ImageObject","inLanguage":"fr-FR","@id":"https:\/\/kinamihealth.com\/fr\/produit\/stylage-m-bi-soft\/#primaryimage","url":"https:\/\/kinamihealth.com\/wp-content\/uploads\/2025\/02\/VIVACY-STYLAGE-M-BISOFT-01.jpg","contentUrl":"https:\/\/kinamihealth.com\/wp-content\/uploads\/2025\/02\/VIVACY-STYLAGE-M-BISOFT-01.jpg","width":800,"height":800},{"@type":"BreadcrumbList","@id":"https:\/\/kinamihealth.com\/fr\/produit\/stylage-m-bi-soft\/#breadcrumb","itemListElement":[{"@type":"ListItem","position":1,"name":"Page d'accueil","item":"https:\/\/kinamihealth.com\/"},{"@type":"ListItem","position":2,"name":"Boutique","item":"https:\/\/kinamihealth.com\/shop\/"},{"@type":"ListItem","position":3,"name":"STYLAGE\u00ae M BI-SOFT"}]},{"@type":"WebSite","@id":"https:\/\/kinamihealth.com\/#website","url":"https:\/\/kinamihealth.com\/","name":"Kinami Health","description":"","publisher":{"@id":"https:\/\/kinamihealth.com\/#organization"},"potentialAction":[{"@type":"SearchAction","target":{"@type":"EntryPoint","urlTemplate":"https:\/\/kinamihealth.com\/?s={search_term_string}"},"query-input":{"@type":"PropertyValueSpecification","valueRequired":true,"valueName":"search_term_string"}}],"inLanguage":"fr-FR"},{"@type":"Organization","@id":"https:\/\/kinamihealth.com\/#organization","name":"Kinami Health","url":"https:\/\/kinamihealth.com\/","logo":{"@type":"ImageObject","inLanguage":"fr-FR","@id":"https:\/\/kinamihealth.com\/#\/schema\/logo\/image\/","url":"https:\/\/kinamihealth.com\/wp-content\/uploads\/2025\/01\/KH_logo_black_2-1.png","contentUrl":"https:\/\/kinamihealth.com\/wp-content\/uploads\/2025\/01\/KH_logo_black_2-1.png","width":339,"height":34,"caption":"Kinami Health"},"image":{"@id":"https:\/\/kinamihealth.com\/#\/schema\/logo\/image\/"}}]}},"_links":{"self":[{"href":"https:\/\/kinamihealth.com\/fr\/wp-json\/wp\/v2\/product\/110638","targetHints":{"allow":["GET"]}}],"collection":[{"href":"https:\/\/kinamihealth.com\/fr\/wp-json\/wp\/v2\/product"}],"about":[{"href":"https:\/\/kinamihealth.com\/fr\/wp-json\/wp\/v2\/types\/product"}],"replies":[{"embeddable":true,"href":"https:\/\/kinamihealth.com\/fr\/wp-json\/wp\/v2\/comments?post=110638"}],"version-history":[{"count":1,"href":"https:\/\/kinamihealth.com\/fr\/wp-json\/wp\/v2\/product\/110638\/revisions"}],"predecessor-version":[{"id":133904,"href":"https:\/\/kinamihealth.com\/fr\/wp-json\/wp\/v2\/product\/110638\/revisions\/133904"}],"wp:featuredmedia":[{"embeddable":true,"href":"https:\/\/kinamihealth.com\/fr\/wp-json\/wp\/v2\/media\/110639"}],"wp:attachment":[{"href":"https:\/\/kinamihealth.com\/fr\/wp-json\/wp\/v2\/media?parent=110638"}],"wp:term":[{"taxonomy":"product_brand","embeddable":true,"href":"https:\/\/kinamihealth.com\/fr\/wp-json\/wp\/v2\/product_brand?post=110638"},{"taxonomy":"product_cat","embeddable":true,"href":"https:\/\/kinamihealth.com\/fr\/wp-json\/wp\/v2\/product_cat?post=110638"},{"taxonomy":"product_tag","embeddable":true,"href":"https:\/\/kinamihealth.com\/fr\/wp-json\/wp\/v2\/product_tag?post=110638"}],"curies":[{"name":"wp","href":"https:\/\/api.w.org\/{rel}","templated":true}]}}