{"id":110630,"date":"2025-02-15T16:58:03","date_gmt":"2025-02-15T16:58:03","guid":{"rendered":"https:\/\/kinamihealth.com\/product\/stylage-lips-plus-bi-soft-lidocaine\/"},"modified":"2026-01-21T15:47:06","modified_gmt":"2026-01-21T15:47:06","slug":"stylage-lips-plus-bi-soft-lidocaine","status":"publish","type":"product","link":"https:\/\/kinamihealth.com\/fr\/produit\/stylage-lips-plus-bi-soft-lidocaine\/","title":{"rendered":"STYLAGE\u00ae LIPS PLUS BI-SOFT Lidocaine"},"content":{"rendered":"<p>Stylage\u00ae Special Lips Bi-SOFT Lidocaine offre une am\u00e9lioration visible des l\u00e8vres, red\u00e9finissant magnifiquement leur contour. Les proportions de votre l\u00e8vre sup\u00e9rieure et inf\u00e9rieure peuvent \u00eatre am\u00e9lior\u00e9es naturellement. De plus, le produit de comblement \u00e0 base d&#8217;acide hyaluronique apporte \u00e0 vos l\u00e8vres l&#8217;hydratation n\u00e9cessaire et une brillance naturelle.<\/p>\n","protected":false},"excerpt":{"rendered":"<p>L&#8217;augmentation des l\u00e8vres est un \u00e9l\u00e9ment essentiel des traitements esth\u00e9tiques modernes, et <strong>Stylage<\/strong><strong>\u00ae Lips Plus Bi-Soft<\/strong><strong>\u00ae Lidocaine<\/strong> est une solution haut de gamme <strong>pour des r\u00e9sultats naturels et durables<\/strong>. Ce produit de comblement dermique haut de gamme \u00e0 base d&#8217;acide hyaluronique est sp\u00e9cialement con\u00e7u pour augmenter le volume des l\u00e8vres, affiner les contours et maintenir l&#8217;hydratation. Il garantit \u00e9galement une exp\u00e9rience d&#8217;injection confortable gr\u00e2ce \u00e0 l&#8217;ajout de lidoca\u00efne. Les professionnels de sant\u00e9 qui souhaitent commander Stylage Lips Plus Bi-Soft peuvent le faire chez Kinami Health.<\/p>\n","protected":false},"featured_media":110633,"comment_status":"closed","ping_status":"closed","template":"","meta":{"_acf_changed":false,"inline_featured_image":false},"product_brand":[1299],"product_cat":[1217],"product_tag":[1222],"class_list":{"0":"post-110630","1":"product","2":"type-product","3":"status-publish","4":"has-post-thumbnail","6":"product_brand-stylage","7":"product_cat-produits-de-comblement-dermique","8":"product_tag-dispositifs-medicaux","10":"first","11":"instock","12":"taxable","13":"shipping-taxable","14":"purchasable","15":"product-type-simple","16":"add-to-wishlist-before_image"},"acf":[],"yoast_head":"<!-- This site is optimized with the Yoast SEO plugin v27.3 - https:\/\/yoast.com\/product\/yoast-seo-wordpress\/ -->\n<title>Commander STYLAGE\u00ae LIPS PLUS BI-SOFT Lidocaine en ligne | Boutique en ligne | Kinami Health<\/title>\n<meta name=\"description\" content=\"Commandez Stylage Lips Plus Bi-Soft Lidocaine en ligne pour une augmentation naturelle du volume des l\u00e8vres. Am\u00e9liorez le volume, la d\u00e9finition et l&#039;hydratation. Commandez d\u00e8s aujourd&#039;hui !\" \/>\n<meta name=\"robots\" content=\"index, follow, max-snippet:-1, max-image-preview:large, max-video-preview:-1\" \/>\n<link rel=\"canonical\" href=\"https:\/\/kinamihealth.com\/fr\/wp-json\/wp\/v2\/product\/110630\" \/>\n<meta property=\"og:locale\" content=\"fr_FR\" \/>\n<meta property=\"og:type\" content=\"article\" \/>\n<meta property=\"og:title\" content=\"Commander STYLAGE\u00ae LIPS PLUS BI-SOFT Lidocaine en ligne | Boutique en ligne | Kinami Health\" \/>\n<meta property=\"og:description\" content=\"Commandez Stylage Lips Plus Bi-Soft Lidocaine en ligne pour une augmentation naturelle du volume des l\u00e8vres. Am\u00e9liorez le volume, la d\u00e9finition et l&#039;hydratation. Commandez d\u00e8s aujourd&#039;hui !\" \/>\n<meta property=\"og:url\" content=\"https:\/\/kinamihealth.com\/fr\/product\/stylage-lips-plus-bi-soft-lidocaine\/\" \/>\n<meta property=\"og:site_name\" content=\"Kinami Health\" \/>\n<meta property=\"article:modified_time\" content=\"2026-01-21T15:47:06+00:00\" \/>\n<meta property=\"og:image\" content=\"https:\/\/kinamihealth.com\/wp-content\/uploads\/2025\/02\/STYLAGE-LIPS-PLUS-BI-SOFT-with-Lidocaine_Front.webp\" \/>\n\t<meta property=\"og:image:width\" content=\"1500\" \/>\n\t<meta property=\"og:image:height\" content=\"1500\" \/>\n\t<meta property=\"og:image:type\" content=\"image\/webp\" \/>\n<meta name=\"twitter:card\" content=\"summary_large_image\" \/>\n<meta name=\"twitter:label1\" content=\"Dur\u00e9e de lecture estim\u00e9e\" \/>\n\t<meta name=\"twitter:data1\" content=\"1 minute\" \/>\n<!-- \/ Yoast SEO plugin. -->","yoast_head_json":{"title":"Commander STYLAGE\u00ae LIPS PLUS BI-SOFT Lidocaine en ligne | Boutique en ligne | Kinami Health","description":"Commandez Stylage Lips Plus Bi-Soft Lidocaine en ligne pour une augmentation naturelle du volume des l\u00e8vres. Am\u00e9liorez le volume, la d\u00e9finition et l'hydratation. Commandez d\u00e8s aujourd'hui !","robots":{"index":"index","follow":"follow","max-snippet":"max-snippet:-1","max-image-preview":"max-image-preview:large","max-video-preview":"max-video-preview:-1"},"canonical":"https:\/\/kinamihealth.com\/fr\/wp-json\/wp\/v2\/product\/110630","og_locale":"fr_FR","og_type":"article","og_title":"Commander STYLAGE\u00ae LIPS PLUS BI-SOFT Lidocaine en ligne | Boutique en ligne | Kinami Health","og_description":"Commandez Stylage Lips Plus Bi-Soft Lidocaine en ligne pour une augmentation naturelle du volume des l\u00e8vres. Am\u00e9liorez le volume, la d\u00e9finition et l'hydratation. Commandez d\u00e8s aujourd'hui !","og_url":"https:\/\/kinamihealth.com\/fr\/product\/stylage-lips-plus-bi-soft-lidocaine\/","og_site_name":"Kinami Health","article_modified_time":"2026-01-21T15:47:06+00:00","og_image":[{"width":1500,"height":1500,"url":"https:\/\/kinamihealth.com\/wp-content\/uploads\/2025\/02\/STYLAGE-LIPS-PLUS-BI-SOFT-with-Lidocaine_Front.webp","type":"image\/webp"}],"twitter_card":"summary_large_image","twitter_misc":{"Dur\u00e9e de lecture estim\u00e9e":"1 minute"},"schema":{"@context":"https:\/\/schema.org","@graph":[{"@type":"WebPage","@id":"https:\/\/kinamihealth.com\/fr\/product\/stylage-lips-plus-bi-soft-lidocaine\/","url":"https:\/\/kinamihealth.com\/fr\/product\/stylage-lips-plus-bi-soft-lidocaine\/","name":"Commander STYLAGE\u00ae LIPS PLUS BI-SOFT Lidocaine en ligne | Boutique en ligne | Kinami Health","isPartOf":{"@id":"https:\/\/kinamihealth.com\/#website"},"primaryImageOfPage":{"@id":"https:\/\/kinamihealth.com\/fr\/product\/stylage-lips-plus-bi-soft-lidocaine\/#primaryimage"},"image":{"@id":"https:\/\/kinamihealth.com\/fr\/product\/stylage-lips-plus-bi-soft-lidocaine\/#primaryimage"},"thumbnailUrl":"https:\/\/kinamihealth.com\/wp-content\/uploads\/2025\/02\/STYLAGE-LIPS-PLUS-BI-SOFT-with-Lidocaine_Front.webp","datePublished":"2025-02-15T16:58:03+00:00","dateModified":"2026-01-21T15:47:06+00:00","description":"Commandez Stylage Lips Plus Bi-Soft Lidocaine en ligne pour une augmentation naturelle du volume des l\u00e8vres. Am\u00e9liorez le volume, la d\u00e9finition et l'hydratation. Commandez d\u00e8s aujourd'hui !","breadcrumb":{"@id":"https:\/\/kinamihealth.com\/fr\/product\/stylage-lips-plus-bi-soft-lidocaine\/#breadcrumb"},"inLanguage":"fr-FR","potentialAction":[{"@type":"ReadAction","target":["https:\/\/kinamihealth.com\/fr\/product\/stylage-lips-plus-bi-soft-lidocaine\/"]}]},{"@type":"ImageObject","inLanguage":"fr-FR","@id":"https:\/\/kinamihealth.com\/fr\/product\/stylage-lips-plus-bi-soft-lidocaine\/#primaryimage","url":"https:\/\/kinamihealth.com\/wp-content\/uploads\/2025\/02\/STYLAGE-LIPS-PLUS-BI-SOFT-with-Lidocaine_Front.webp","contentUrl":"https:\/\/kinamihealth.com\/wp-content\/uploads\/2025\/02\/STYLAGE-LIPS-PLUS-BI-SOFT-with-Lidocaine_Front.webp","width":1500,"height":1500},{"@type":"BreadcrumbList","@id":"https:\/\/kinamihealth.com\/fr\/product\/stylage-lips-plus-bi-soft-lidocaine\/#breadcrumb","itemListElement":[{"@type":"ListItem","position":1,"name":"Page d'accueil","item":"https:\/\/kinamihealth.com\/"},{"@type":"ListItem","position":2,"name":"Boutique","item":"https:\/\/kinamihealth.com\/shop\/"},{"@type":"ListItem","position":3,"name":"STYLAGE\u00ae LIPS PLUS BI-SOFT Lidocaine"}]},{"@type":"WebSite","@id":"https:\/\/kinamihealth.com\/#website","url":"https:\/\/kinamihealth.com\/","name":"Kinami Health","description":"","publisher":{"@id":"https:\/\/kinamihealth.com\/#organization"},"potentialAction":[{"@type":"SearchAction","target":{"@type":"EntryPoint","urlTemplate":"https:\/\/kinamihealth.com\/?s={search_term_string}"},"query-input":{"@type":"PropertyValueSpecification","valueRequired":true,"valueName":"search_term_string"}}],"inLanguage":"fr-FR"},{"@type":"Organization","@id":"https:\/\/kinamihealth.com\/#organization","name":"Kinami Health","url":"https:\/\/kinamihealth.com\/","logo":{"@type":"ImageObject","inLanguage":"fr-FR","@id":"https:\/\/kinamihealth.com\/#\/schema\/logo\/image\/","url":"https:\/\/kinamihealth.com\/wp-content\/uploads\/2025\/01\/KH_logo_black_2-1.png","contentUrl":"https:\/\/kinamihealth.com\/wp-content\/uploads\/2025\/01\/KH_logo_black_2-1.png","width":339,"height":34,"caption":"Kinami Health"},"image":{"@id":"https:\/\/kinamihealth.com\/#\/schema\/logo\/image\/"}}]}},"_links":{"self":[{"href":"https:\/\/kinamihealth.com\/fr\/wp-json\/wp\/v2\/product\/110630","targetHints":{"allow":["GET"]}}],"collection":[{"href":"https:\/\/kinamihealth.com\/fr\/wp-json\/wp\/v2\/product"}],"about":[{"href":"https:\/\/kinamihealth.com\/fr\/wp-json\/wp\/v2\/types\/product"}],"replies":[{"embeddable":true,"href":"https:\/\/kinamihealth.com\/fr\/wp-json\/wp\/v2\/comments?post=110630"}],"version-history":[{"count":0,"href":"https:\/\/kinamihealth.com\/fr\/wp-json\/wp\/v2\/product\/110630\/revisions"}],"wp:featuredmedia":[{"embeddable":true,"href":"https:\/\/kinamihealth.com\/fr\/wp-json\/wp\/v2\/media\/110633"}],"wp:attachment":[{"href":"https:\/\/kinamihealth.com\/fr\/wp-json\/wp\/v2\/media?parent=110630"}],"wp:term":[{"taxonomy":"product_brand","embeddable":true,"href":"https:\/\/kinamihealth.com\/fr\/wp-json\/wp\/v2\/product_brand?post=110630"},{"taxonomy":"product_cat","embeddable":true,"href":"https:\/\/kinamihealth.com\/fr\/wp-json\/wp\/v2\/product_cat?post=110630"},{"taxonomy":"product_tag","embeddable":true,"href":"https:\/\/kinamihealth.com\/fr\/wp-json\/wp\/v2\/product_tag?post=110630"}],"curies":[{"name":"wp","href":"https:\/\/api.w.org\/{rel}","templated":true}]}}