{"id":110622,"date":"2025-02-15T16:58:00","date_gmt":"2025-02-15T16:58:00","guid":{"rendered":"https:\/\/kinamihealth.com\/product\/stylage-l-bi-soft\/"},"modified":"2026-03-18T09:19:38","modified_gmt":"2026-03-18T09:19:38","slug":"stylage-l-bi-soft","status":"publish","type":"product","link":"https:\/\/kinamihealth.com\/fr\/produit\/stylage-l-bi-soft\/","title":{"rendered":"STYLAGE\u00ae L BI-SOFT"},"content":{"rendered":"<p>Stylage Bi-Soft L est con\u00e7u pour corriger instantan\u00e9ment les rides et les plis profonds du derme profond. Utilisez Stylage Bi-Soft L pour combler les sillons nasog\u00e9niens moyens \u00e0 profonds, lisser les zones rid\u00e9es et rel\u00e2ch\u00e9es, les rides de marionnette, les rides des joues, les tempes creuses, r\u00e9duire la bosse nasale ou relever la pointe du nez, remodeler le lobe de l&#8217;oreille. Stylage Bi-Soft L Lidoca\u00efne peut \u00e9galement \u00eatre utilis\u00e9 pour le rajeunissement des mains, notamment pour traiter la perte de volume au dos des mains.<\/p>\n","protected":false},"excerpt":{"rendered":"<p>STYLAGE\u00ae L BI-SOFT se distingue comme une solution efficace et durable pour les rides profondes et le remodelage du visage. Gr\u00e2ce \u00e0 sa <strong>technologie innovante Bi-Soft<\/strong>, il garantit des <strong>injections pr\u00e9cises, confortables et contr\u00f4l\u00e9es<\/strong>. Les praticiens agr\u00e9\u00e9s qui souhaitent am\u00e9liorer leurs traitements esth\u00e9tiques peuvent<strong> commander Stylage L Bi-Soft<\/strong> <strong>en ligne<\/strong> chez Kinami Health.<\/p>\n","protected":false},"featured_media":110620,"comment_status":"closed","ping_status":"closed","template":"","meta":{"_acf_changed":false,"inline_featured_image":false},"product_brand":[1299],"product_cat":[1217],"product_tag":[1222],"class_list":{"0":"post-110622","1":"product","2":"type-product","3":"status-publish","4":"has-post-thumbnail","6":"product_brand-stylage","7":"product_cat-produits-de-comblement-dermique","8":"product_tag-dispositifs-medicaux","10":"first","11":"instock","12":"taxable","13":"shipping-taxable","14":"purchasable","15":"product-type-simple","16":"add-to-wishlist-before_image"},"acf":[],"yoast_head":"<!-- This site is optimized with the Yoast SEO plugin v27.3 - https:\/\/yoast.com\/product\/yoast-seo-wordpress\/ -->\n<title>Commander STYLAGE\u00ae L BI-SOFT en ligne | Boutique en ligne | Kinami Health<\/title>\n<meta name=\"description\" content=\"Commandez Stylage L Bi-Soft en ligne pour une correction efficace des rides profondes, un remodelage du visage et un rajeunissement des mains. R\u00e9sultats durables !\" \/>\n<meta name=\"robots\" content=\"index, follow, max-snippet:-1, max-image-preview:large, max-video-preview:-1\" \/>\n<link rel=\"canonical\" href=\"https:\/\/kinamihealth.com\/fr\/wp-json\/wp\/v2\/product\/110622\" \/>\n<meta property=\"og:locale\" content=\"fr_FR\" \/>\n<meta property=\"og:type\" content=\"article\" \/>\n<meta property=\"og:title\" content=\"Commander STYLAGE\u00ae L BI-SOFT en ligne | Boutique en ligne | Kinami Health\" \/>\n<meta property=\"og:description\" content=\"Commandez Stylage L Bi-Soft en ligne pour une correction efficace des rides profondes, un remodelage du visage et un rajeunissement des mains. R\u00e9sultats durables !\" \/>\n<meta property=\"og:url\" content=\"https:\/\/kinamihealth.com\/fr\/produit\/stylage-l-bi-soft\/\" \/>\n<meta property=\"og:site_name\" content=\"Kinami Health\" \/>\n<meta property=\"article:modified_time\" content=\"2026-03-18T09:19:38+00:00\" \/>\n<meta property=\"og:image\" content=\"https:\/\/kinamihealth.com\/wp-content\/uploads\/2025\/02\/VIVACY-STYLAGE-L-BISOFT-02.jpg\" \/>\n\t<meta property=\"og:image:width\" content=\"800\" \/>\n\t<meta property=\"og:image:height\" content=\"800\" \/>\n\t<meta property=\"og:image:type\" content=\"image\/jpeg\" \/>\n<meta name=\"twitter:card\" content=\"summary_large_image\" \/>\n<meta name=\"twitter:label1\" content=\"Dur\u00e9e de lecture estim\u00e9e\" \/>\n\t<meta name=\"twitter:data1\" content=\"1 minute\" \/>\n<!-- \/ Yoast SEO plugin. -->","yoast_head_json":{"title":"Commander STYLAGE\u00ae L BI-SOFT en ligne | Boutique en ligne | Kinami Health","description":"Commandez Stylage L Bi-Soft en ligne pour une correction efficace des rides profondes, un remodelage du visage et un rajeunissement des mains. R\u00e9sultats durables !","robots":{"index":"index","follow":"follow","max-snippet":"max-snippet:-1","max-image-preview":"max-image-preview:large","max-video-preview":"max-video-preview:-1"},"canonical":"https:\/\/kinamihealth.com\/fr\/wp-json\/wp\/v2\/product\/110622","og_locale":"fr_FR","og_type":"article","og_title":"Commander STYLAGE\u00ae L BI-SOFT en ligne | Boutique en ligne | Kinami Health","og_description":"Commandez Stylage L Bi-Soft en ligne pour une correction efficace des rides profondes, un remodelage du visage et un rajeunissement des mains. R\u00e9sultats durables !","og_url":"https:\/\/kinamihealth.com\/fr\/produit\/stylage-l-bi-soft\/","og_site_name":"Kinami Health","article_modified_time":"2026-03-18T09:19:38+00:00","og_image":[{"width":800,"height":800,"url":"https:\/\/kinamihealth.com\/wp-content\/uploads\/2025\/02\/VIVACY-STYLAGE-L-BISOFT-02.jpg","type":"image\/jpeg"}],"twitter_card":"summary_large_image","twitter_misc":{"Dur\u00e9e de lecture estim\u00e9e":"1 minute"},"schema":{"@context":"https:\/\/schema.org","@graph":[{"@type":"WebPage","@id":"https:\/\/kinamihealth.com\/fr\/produit\/stylage-l-bi-soft\/","url":"https:\/\/kinamihealth.com\/fr\/produit\/stylage-l-bi-soft\/","name":"Commander STYLAGE\u00ae L BI-SOFT en ligne | Boutique en ligne | Kinami Health","isPartOf":{"@id":"https:\/\/kinamihealth.com\/#website"},"primaryImageOfPage":{"@id":"https:\/\/kinamihealth.com\/fr\/produit\/stylage-l-bi-soft\/#primaryimage"},"image":{"@id":"https:\/\/kinamihealth.com\/fr\/produit\/stylage-l-bi-soft\/#primaryimage"},"thumbnailUrl":"https:\/\/kinamihealth.com\/wp-content\/uploads\/2025\/02\/VIVACY-STYLAGE-L-BISOFT-02.jpg","datePublished":"2025-02-15T16:58:00+00:00","dateModified":"2026-03-18T09:19:38+00:00","description":"Commandez Stylage L Bi-Soft en ligne pour une correction efficace des rides profondes, un remodelage du visage et un rajeunissement des mains. R\u00e9sultats durables !","breadcrumb":{"@id":"https:\/\/kinamihealth.com\/fr\/produit\/stylage-l-bi-soft\/#breadcrumb"},"inLanguage":"fr-FR","potentialAction":[{"@type":"ReadAction","target":["https:\/\/kinamihealth.com\/fr\/produit\/stylage-l-bi-soft\/"]}]},{"@type":"ImageObject","inLanguage":"fr-FR","@id":"https:\/\/kinamihealth.com\/fr\/produit\/stylage-l-bi-soft\/#primaryimage","url":"https:\/\/kinamihealth.com\/wp-content\/uploads\/2025\/02\/VIVACY-STYLAGE-L-BISOFT-02.jpg","contentUrl":"https:\/\/kinamihealth.com\/wp-content\/uploads\/2025\/02\/VIVACY-STYLAGE-L-BISOFT-02.jpg","width":800,"height":800},{"@type":"BreadcrumbList","@id":"https:\/\/kinamihealth.com\/fr\/produit\/stylage-l-bi-soft\/#breadcrumb","itemListElement":[{"@type":"ListItem","position":1,"name":"Page d'accueil","item":"https:\/\/kinamihealth.com\/"},{"@type":"ListItem","position":2,"name":"Boutique","item":"https:\/\/kinamihealth.com\/shop\/"},{"@type":"ListItem","position":3,"name":"STYLAGE\u00ae L BI-SOFT"}]},{"@type":"WebSite","@id":"https:\/\/kinamihealth.com\/#website","url":"https:\/\/kinamihealth.com\/","name":"Kinami Health","description":"","publisher":{"@id":"https:\/\/kinamihealth.com\/#organization"},"potentialAction":[{"@type":"SearchAction","target":{"@type":"EntryPoint","urlTemplate":"https:\/\/kinamihealth.com\/?s={search_term_string}"},"query-input":{"@type":"PropertyValueSpecification","valueRequired":true,"valueName":"search_term_string"}}],"inLanguage":"fr-FR"},{"@type":"Organization","@id":"https:\/\/kinamihealth.com\/#organization","name":"Kinami Health","url":"https:\/\/kinamihealth.com\/","logo":{"@type":"ImageObject","inLanguage":"fr-FR","@id":"https:\/\/kinamihealth.com\/#\/schema\/logo\/image\/","url":"https:\/\/kinamihealth.com\/wp-content\/uploads\/2025\/01\/KH_logo_black_2-1.png","contentUrl":"https:\/\/kinamihealth.com\/wp-content\/uploads\/2025\/01\/KH_logo_black_2-1.png","width":339,"height":34,"caption":"Kinami Health"},"image":{"@id":"https:\/\/kinamihealth.com\/#\/schema\/logo\/image\/"}}]}},"_links":{"self":[{"href":"https:\/\/kinamihealth.com\/fr\/wp-json\/wp\/v2\/product\/110622","targetHints":{"allow":["GET"]}}],"collection":[{"href":"https:\/\/kinamihealth.com\/fr\/wp-json\/wp\/v2\/product"}],"about":[{"href":"https:\/\/kinamihealth.com\/fr\/wp-json\/wp\/v2\/types\/product"}],"replies":[{"embeddable":true,"href":"https:\/\/kinamihealth.com\/fr\/wp-json\/wp\/v2\/comments?post=110622"}],"version-history":[{"count":1,"href":"https:\/\/kinamihealth.com\/fr\/wp-json\/wp\/v2\/product\/110622\/revisions"}],"predecessor-version":[{"id":133888,"href":"https:\/\/kinamihealth.com\/fr\/wp-json\/wp\/v2\/product\/110622\/revisions\/133888"}],"wp:featuredmedia":[{"embeddable":true,"href":"https:\/\/kinamihealth.com\/fr\/wp-json\/wp\/v2\/media\/110620"}],"wp:attachment":[{"href":"https:\/\/kinamihealth.com\/fr\/wp-json\/wp\/v2\/media?parent=110622"}],"wp:term":[{"taxonomy":"product_brand","embeddable":true,"href":"https:\/\/kinamihealth.com\/fr\/wp-json\/wp\/v2\/product_brand?post=110622"},{"taxonomy":"product_cat","embeddable":true,"href":"https:\/\/kinamihealth.com\/fr\/wp-json\/wp\/v2\/product_cat?post=110622"},{"taxonomy":"product_tag","embeddable":true,"href":"https:\/\/kinamihealth.com\/fr\/wp-json\/wp\/v2\/product_tag?post=110622"}],"curies":[{"name":"wp","href":"https:\/\/api.w.org\/{rel}","templated":true}]}}