{"id":110519,"date":"2025-02-15T16:57:53","date_gmt":"2025-02-15T16:57:53","guid":{"rendered":"https:\/\/kinamihealth.com\/product\/softfil-precision-micro-cannula-25g-50mm\/"},"modified":"2026-01-21T15:49:32","modified_gmt":"2026-01-21T15:49:32","slug":"softfil-precision-micro-cannula-25g-50mm","status":"publish","type":"product","link":"https:\/\/kinamihealth.com\/fr\/produit\/softfil-precision-micro-cannula-25g-50mm\/","title":{"rendered":"SOFTFIL\u00ae PRECISION Micro-Cannula 25G\/50mm"},"content":{"rendered":"<p>SoftFil\u00ae Precision Micro-Cannula 25G\/50MM est un dispositif m\u00e9dical st\u00e9rile \u00e0 usage unique con\u00e7u pour le comblement lin\u00e9aire et le nappage dans des zones telles que les joues, le menton, la vall\u00e9e des larmes, le front et les rides de la marionnette. De plus, les canules peuvent \u00eatre utilis\u00e9es pour les cernes, le nez et les mains. La canule doit \u00eatre inject\u00e9e dans le derme moyen.<\/p>\n","protected":false},"excerpt":{"rendered":"<p>Commandez SOFTFIL\u00ae PRECISION Micro-Cannula 25G\/50mm en ligne chez <strong>Kinami Health <\/strong>et am\u00e9liorez votre pratique esth\u00e9tique gr\u00e2ce \u00e0 un <strong>outil d&#8217;injection haut de gamme<\/strong>. Con\u00e7ue pour <strong>la pr\u00e9cision et le confort du patient<\/strong>, cette micro-canule <strong>r\u00e9duit les traumatismes et assure une distribution uniforme du produit de comblement<\/strong>. Les micro-canules Softfil offrent <strong>une flexibilit\u00e9 et une s\u00e9curit\u00e9 sup\u00e9rieures <\/strong>pour des r\u00e9sultats de traitement optimaux.<\/p>\n<p>Achetez d\u00e8s maintenant des <strong>canules fiables et de haute qualit\u00e9, <\/strong>sp\u00e9cialement con\u00e7ues pour les proc\u00e9dures esth\u00e9tiques !<\/p>\n","protected":false},"featured_media":110520,"comment_status":"closed","ping_status":"closed","template":"","meta":{"_acf_changed":false,"inline_featured_image":false},"product_brand":[1298],"product_cat":[1373],"product_tag":[1222],"class_list":{"0":"post-110519","1":"product","2":"type-product","3":"status-publish","4":"has-post-thumbnail","6":"product_brand-softfil","7":"product_cat-canules-et-aiguilles","8":"product_tag-dispositifs-medicaux","10":"first","11":"instock","12":"taxable","13":"shipping-taxable","14":"purchasable","15":"product-type-simple","16":"add-to-wishlist-before_image"},"acf":[],"yoast_head":"<!-- This site is optimized with the Yoast SEO plugin v27.3 - https:\/\/yoast.com\/product\/yoast-seo-wordpress\/ -->\n<title>Commander SOFTFIL\u00ae PRECISION Micro-Cannula 25G\/50mm en ligne | Boutique en ligne | Kinami Health<\/title>\n<meta name=\"description\" content=\"Commandez la micro-canule Softfil Precision 25G\/50 mm en ligne pour des injections pr\u00e9cises de produit de comblement dermique, r\u00e9duisant les traumatismes et assurant le confort du patient. Commandez d\u00e8s maintenant !\" \/>\n<meta name=\"robots\" content=\"index, follow, max-snippet:-1, max-image-preview:large, max-video-preview:-1\" \/>\n<link rel=\"canonical\" href=\"https:\/\/kinamihealth.com\/fr\/wp-json\/wp\/v2\/product\/110519\" \/>\n<meta property=\"og:locale\" content=\"fr_FR\" \/>\n<meta property=\"og:type\" content=\"article\" \/>\n<meta property=\"og:title\" content=\"Commander SOFTFIL\u00ae PRECISION Micro-Cannula 25G\/50mm en ligne | Boutique en ligne | Kinami Health\" \/>\n<meta property=\"og:description\" content=\"Commandez la micro-canule Softfil Precision 25G\/50 mm en ligne pour des injections pr\u00e9cises de produit de comblement dermique, r\u00e9duisant les traumatismes et assurant le confort du patient. Commandez d\u00e8s maintenant !\" \/>\n<meta property=\"og:url\" content=\"https:\/\/kinamihealth.com\/fr\/product\/softfil-precision-micro-cannula-25g-50mm\/\" \/>\n<meta property=\"og:site_name\" content=\"Kinami Health\" \/>\n<meta property=\"article:modified_time\" content=\"2026-01-21T15:49:32+00:00\" \/>\n<meta property=\"og:image\" content=\"https:\/\/kinamihealth.com\/wp-content\/uploads\/2025\/02\/SOFTFILL-PRECISION-25G50MM-01.jpg\" \/>\n\t<meta property=\"og:image:width\" content=\"800\" \/>\n\t<meta property=\"og:image:height\" content=\"800\" \/>\n\t<meta property=\"og:image:type\" content=\"image\/jpeg\" \/>\n<meta name=\"twitter:card\" content=\"summary_large_image\" \/>\n<meta name=\"twitter:label1\" content=\"Dur\u00e9e de lecture estim\u00e9e\" \/>\n\t<meta name=\"twitter:data1\" content=\"1 minute\" \/>\n<!-- \/ Yoast SEO plugin. -->","yoast_head_json":{"title":"Commander SOFTFIL\u00ae PRECISION Micro-Cannula 25G\/50mm en ligne | Boutique en ligne | Kinami Health","description":"Commandez la micro-canule Softfil Precision 25G\/50 mm en ligne pour des injections pr\u00e9cises de produit de comblement dermique, r\u00e9duisant les traumatismes et assurant le confort du patient. Commandez d\u00e8s maintenant !","robots":{"index":"index","follow":"follow","max-snippet":"max-snippet:-1","max-image-preview":"max-image-preview:large","max-video-preview":"max-video-preview:-1"},"canonical":"https:\/\/kinamihealth.com\/fr\/wp-json\/wp\/v2\/product\/110519","og_locale":"fr_FR","og_type":"article","og_title":"Commander SOFTFIL\u00ae PRECISION Micro-Cannula 25G\/50mm en ligne | Boutique en ligne | Kinami Health","og_description":"Commandez la micro-canule Softfil Precision 25G\/50 mm en ligne pour des injections pr\u00e9cises de produit de comblement dermique, r\u00e9duisant les traumatismes et assurant le confort du patient. Commandez d\u00e8s maintenant !","og_url":"https:\/\/kinamihealth.com\/fr\/product\/softfil-precision-micro-cannula-25g-50mm\/","og_site_name":"Kinami Health","article_modified_time":"2026-01-21T15:49:32+00:00","og_image":[{"width":800,"height":800,"url":"https:\/\/kinamihealth.com\/wp-content\/uploads\/2025\/02\/SOFTFILL-PRECISION-25G50MM-01.jpg","type":"image\/jpeg"}],"twitter_card":"summary_large_image","twitter_misc":{"Dur\u00e9e de lecture estim\u00e9e":"1 minute"},"schema":{"@context":"https:\/\/schema.org","@graph":[{"@type":"WebPage","@id":"https:\/\/kinamihealth.com\/fr\/product\/softfil-precision-micro-cannula-25g-50mm\/","url":"https:\/\/kinamihealth.com\/fr\/product\/softfil-precision-micro-cannula-25g-50mm\/","name":"Commander SOFTFIL\u00ae PRECISION Micro-Cannula 25G\/50mm en ligne | Boutique en ligne | Kinami Health","isPartOf":{"@id":"https:\/\/kinamihealth.com\/#website"},"primaryImageOfPage":{"@id":"https:\/\/kinamihealth.com\/fr\/product\/softfil-precision-micro-cannula-25g-50mm\/#primaryimage"},"image":{"@id":"https:\/\/kinamihealth.com\/fr\/product\/softfil-precision-micro-cannula-25g-50mm\/#primaryimage"},"thumbnailUrl":"https:\/\/kinamihealth.com\/wp-content\/uploads\/2025\/02\/SOFTFILL-PRECISION-25G50MM-01.jpg","datePublished":"2025-02-15T16:57:53+00:00","dateModified":"2026-01-21T15:49:32+00:00","description":"Commandez la micro-canule Softfil Precision 25G\/50 mm en ligne pour des injections pr\u00e9cises de produit de comblement dermique, r\u00e9duisant les traumatismes et assurant le confort du patient. Commandez d\u00e8s maintenant !","breadcrumb":{"@id":"https:\/\/kinamihealth.com\/fr\/product\/softfil-precision-micro-cannula-25g-50mm\/#breadcrumb"},"inLanguage":"fr-FR","potentialAction":[{"@type":"ReadAction","target":["https:\/\/kinamihealth.com\/fr\/product\/softfil-precision-micro-cannula-25g-50mm\/"]}]},{"@type":"ImageObject","inLanguage":"fr-FR","@id":"https:\/\/kinamihealth.com\/fr\/product\/softfil-precision-micro-cannula-25g-50mm\/#primaryimage","url":"https:\/\/kinamihealth.com\/wp-content\/uploads\/2025\/02\/SOFTFILL-PRECISION-25G50MM-01.jpg","contentUrl":"https:\/\/kinamihealth.com\/wp-content\/uploads\/2025\/02\/SOFTFILL-PRECISION-25G50MM-01.jpg","width":800,"height":800},{"@type":"BreadcrumbList","@id":"https:\/\/kinamihealth.com\/fr\/product\/softfil-precision-micro-cannula-25g-50mm\/#breadcrumb","itemListElement":[{"@type":"ListItem","position":1,"name":"Page d'accueil","item":"https:\/\/kinamihealth.com\/"},{"@type":"ListItem","position":2,"name":"Boutique","item":"https:\/\/kinamihealth.com\/shop\/"},{"@type":"ListItem","position":3,"name":"SOFTFIL\u00ae PRECISION Micro-Cannula 25G\/50mm"}]},{"@type":"WebSite","@id":"https:\/\/kinamihealth.com\/#website","url":"https:\/\/kinamihealth.com\/","name":"Kinami Health","description":"","publisher":{"@id":"https:\/\/kinamihealth.com\/#organization"},"potentialAction":[{"@type":"SearchAction","target":{"@type":"EntryPoint","urlTemplate":"https:\/\/kinamihealth.com\/?s={search_term_string}"},"query-input":{"@type":"PropertyValueSpecification","valueRequired":true,"valueName":"search_term_string"}}],"inLanguage":"fr-FR"},{"@type":"Organization","@id":"https:\/\/kinamihealth.com\/#organization","name":"Kinami Health","url":"https:\/\/kinamihealth.com\/","logo":{"@type":"ImageObject","inLanguage":"fr-FR","@id":"https:\/\/kinamihealth.com\/#\/schema\/logo\/image\/","url":"https:\/\/kinamihealth.com\/wp-content\/uploads\/2025\/01\/KH_logo_black_2-1.png","contentUrl":"https:\/\/kinamihealth.com\/wp-content\/uploads\/2025\/01\/KH_logo_black_2-1.png","width":339,"height":34,"caption":"Kinami Health"},"image":{"@id":"https:\/\/kinamihealth.com\/#\/schema\/logo\/image\/"}}]}},"_links":{"self":[{"href":"https:\/\/kinamihealth.com\/fr\/wp-json\/wp\/v2\/product\/110519","targetHints":{"allow":["GET"]}}],"collection":[{"href":"https:\/\/kinamihealth.com\/fr\/wp-json\/wp\/v2\/product"}],"about":[{"href":"https:\/\/kinamihealth.com\/fr\/wp-json\/wp\/v2\/types\/product"}],"replies":[{"embeddable":true,"href":"https:\/\/kinamihealth.com\/fr\/wp-json\/wp\/v2\/comments?post=110519"}],"version-history":[{"count":0,"href":"https:\/\/kinamihealth.com\/fr\/wp-json\/wp\/v2\/product\/110519\/revisions"}],"wp:featuredmedia":[{"embeddable":true,"href":"https:\/\/kinamihealth.com\/fr\/wp-json\/wp\/v2\/media\/110520"}],"wp:attachment":[{"href":"https:\/\/kinamihealth.com\/fr\/wp-json\/wp\/v2\/media?parent=110519"}],"wp:term":[{"taxonomy":"product_brand","embeddable":true,"href":"https:\/\/kinamihealth.com\/fr\/wp-json\/wp\/v2\/product_brand?post=110519"},{"taxonomy":"product_cat","embeddable":true,"href":"https:\/\/kinamihealth.com\/fr\/wp-json\/wp\/v2\/product_cat?post=110519"},{"taxonomy":"product_tag","embeddable":true,"href":"https:\/\/kinamihealth.com\/fr\/wp-json\/wp\/v2\/product_tag?post=110519"}],"curies":[{"name":"wp","href":"https:\/\/api.w.org\/{rel}","templated":true}]}}