{"id":110513,"date":"2025-02-15T16:57:52","date_gmt":"2025-02-15T16:57:52","guid":{"rendered":"https:\/\/kinamihealth.com\/product\/softfil-precision-micro-cannula-22g-50mm\/"},"modified":"2026-01-21T15:50:59","modified_gmt":"2026-01-21T15:50:59","slug":"softfil-precision-micro-cannula-22g-50mm","status":"publish","type":"product","link":"https:\/\/kinamihealth.com\/fr\/produit\/softfil-precision-micro-cannula-22g-50mm\/","title":{"rendered":"SOFTFIL\u00ae PRECISION Micro-Cannula 22G\/50mm"},"content":{"rendered":"<p>SoftFil\u00ae Precision 22G\/50MM est un dispositif m\u00e9dical st\u00e9rile \u00e0 usage unique con\u00e7u pour augmenter le volume et le nappage profond dans des zones telles que les bajoues, les joues, le menton, le contour du visage et les mains. La canule doit \u00eatre inject\u00e9e dans le derme profond \u00e0 moyen. La gamme de micro-canules SoftFil\u00ae Precision est bas\u00e9e sur une technologie de pointe et des innovations, ce qui les rend id\u00e9ales pour des proc\u00e9dures pr\u00e9cises. Les canules sont gradu\u00e9es en centim\u00e8tres le long du tube afin de cr\u00e9er une profondeur d&#8217;injection sym\u00e9trique et un traitement de surface permettant un glissement parfait dans la peau. De plus, les canules sont dot\u00e9es d&#8217;un point rouge sur le moyeu pour indiquer l&#8217;emplacement de l&#8217;orifice lat\u00e9ral. Les micro-canules SoftFil\u00ae Precision doivent \u00eatre utilis\u00e9es par des professionnels de l&#8217;esth\u00e9tique certifi\u00e9s.<\/p>\n","protected":false},"excerpt":{"rendered":"<p>Con\u00e7ue pour un contr\u00f4le optimal et le confort du patient, cette <strong>micro-canule \u00e0 bout \u00e9mouss\u00e9 <\/strong>r\u00e9duit les traumatismes tissulaires et <strong>am\u00e9liore l&#8217;int\u00e9gration du produit de comblement <\/strong>pour des r\u00e9sultats impeccables et naturels. Que vous souhaitiez embellir vos l\u00e8vres, restaurer leur volume ou affiner les contours de votre visage, SOFTFIL\u00ae PRECISION Micro-Cannula 22G\/50mm <strong>offre des performances exceptionnelles<\/strong>.<\/p>\n<p>Commandez d\u00e8s aujourd&#8217;hui la micro-canule Softfil Precision 22G\/50 mm sur <strong>la boutique en ligne Kinami Health<\/strong>, votre <strong>fournisseur de confiance de produits esth\u00e9tiques haut de gamme<\/strong>, et faites passer votre pratique au niveau sup\u00e9rieur !<\/p>\n","protected":false},"featured_media":110514,"comment_status":"closed","ping_status":"closed","template":"","meta":{"_acf_changed":false,"inline_featured_image":false},"product_brand":[1298],"product_cat":[1373],"product_tag":[1222],"class_list":{"0":"post-110513","1":"product","2":"type-product","3":"status-publish","4":"has-post-thumbnail","6":"product_brand-softfil","7":"product_cat-canules-et-aiguilles","8":"product_tag-dispositifs-medicaux","10":"first","11":"instock","12":"taxable","13":"shipping-taxable","14":"purchasable","15":"product-type-simple","16":"add-to-wishlist-before_image"},"acf":[],"yoast_head":"<!-- This site is optimized with the Yoast SEO plugin v27.3 - https:\/\/yoast.com\/product\/yoast-seo-wordpress\/ -->\n<title>Commander SOFTFIL\u00ae PRECISION Micro-Cannula 22G\/50mm en ligne | Boutique en ligne | Kinami Health<\/title>\n<meta name=\"description\" content=\"Commandez la micro-canule Softfil Precision 22G\/50 mm en ligne chez Kinami Health, con\u00e7ue pour des applications pr\u00e9cises et peu invasives de produits de comblement.\" \/>\n<meta name=\"robots\" content=\"index, follow, max-snippet:-1, max-image-preview:large, max-video-preview:-1\" \/>\n<link rel=\"canonical\" href=\"https:\/\/kinamihealth.com\/fr\/wp-json\/wp\/v2\/product\/110513\" \/>\n<meta property=\"og:locale\" content=\"fr_FR\" \/>\n<meta property=\"og:type\" content=\"article\" \/>\n<meta property=\"og:title\" content=\"Commander SOFTFIL\u00ae PRECISION Micro-Cannula 22G\/50mm en ligne | Boutique en ligne | Kinami Health\" \/>\n<meta property=\"og:description\" content=\"Commandez la micro-canule Softfil Precision 22G\/50 mm en ligne chez Kinami Health, con\u00e7ue pour des applications pr\u00e9cises et peu invasives de produits de comblement.\" \/>\n<meta property=\"og:url\" content=\"https:\/\/kinamihealth.com\/fr\/product\/softfil-precision-micro-cannula-22g-50mm\/\" \/>\n<meta property=\"og:site_name\" content=\"Kinami Health\" \/>\n<meta property=\"article:modified_time\" content=\"2026-01-21T15:50:59+00:00\" \/>\n<meta property=\"og:image\" content=\"https:\/\/kinamihealth.com\/wp-content\/uploads\/2025\/02\/SOFTFILL-CANNULA-22G50MMXL-01.jpg\" \/>\n\t<meta property=\"og:image:width\" content=\"800\" \/>\n\t<meta property=\"og:image:height\" content=\"800\" \/>\n\t<meta property=\"og:image:type\" content=\"image\/jpeg\" \/>\n<meta name=\"twitter:card\" content=\"summary_large_image\" \/>\n<meta name=\"twitter:label1\" content=\"Dur\u00e9e de lecture estim\u00e9e\" \/>\n\t<meta name=\"twitter:data1\" content=\"1 minute\" \/>\n<!-- \/ Yoast SEO plugin. -->","yoast_head_json":{"title":"Commander SOFTFIL\u00ae PRECISION Micro-Cannula 22G\/50mm en ligne | Boutique en ligne | Kinami Health","description":"Commandez la micro-canule Softfil Precision 22G\/50 mm en ligne chez Kinami Health, con\u00e7ue pour des applications pr\u00e9cises et peu invasives de produits de comblement.","robots":{"index":"index","follow":"follow","max-snippet":"max-snippet:-1","max-image-preview":"max-image-preview:large","max-video-preview":"max-video-preview:-1"},"canonical":"https:\/\/kinamihealth.com\/fr\/wp-json\/wp\/v2\/product\/110513","og_locale":"fr_FR","og_type":"article","og_title":"Commander SOFTFIL\u00ae PRECISION Micro-Cannula 22G\/50mm en ligne | Boutique en ligne | Kinami Health","og_description":"Commandez la micro-canule Softfil Precision 22G\/50 mm en ligne chez Kinami Health, con\u00e7ue pour des applications pr\u00e9cises et peu invasives de produits de comblement.","og_url":"https:\/\/kinamihealth.com\/fr\/product\/softfil-precision-micro-cannula-22g-50mm\/","og_site_name":"Kinami Health","article_modified_time":"2026-01-21T15:50:59+00:00","og_image":[{"width":800,"height":800,"url":"https:\/\/kinamihealth.com\/wp-content\/uploads\/2025\/02\/SOFTFILL-CANNULA-22G50MMXL-01.jpg","type":"image\/jpeg"}],"twitter_card":"summary_large_image","twitter_misc":{"Dur\u00e9e de lecture estim\u00e9e":"1 minute"},"schema":{"@context":"https:\/\/schema.org","@graph":[{"@type":"WebPage","@id":"https:\/\/kinamihealth.com\/fr\/product\/softfil-precision-micro-cannula-22g-50mm\/","url":"https:\/\/kinamihealth.com\/fr\/product\/softfil-precision-micro-cannula-22g-50mm\/","name":"Commander SOFTFIL\u00ae PRECISION Micro-Cannula 22G\/50mm en ligne | Boutique en ligne | Kinami Health","isPartOf":{"@id":"https:\/\/kinamihealth.com\/#website"},"primaryImageOfPage":{"@id":"https:\/\/kinamihealth.com\/fr\/product\/softfil-precision-micro-cannula-22g-50mm\/#primaryimage"},"image":{"@id":"https:\/\/kinamihealth.com\/fr\/product\/softfil-precision-micro-cannula-22g-50mm\/#primaryimage"},"thumbnailUrl":"https:\/\/kinamihealth.com\/wp-content\/uploads\/2025\/02\/SOFTFILL-CANNULA-22G50MMXL-01.jpg","datePublished":"2025-02-15T16:57:52+00:00","dateModified":"2026-01-21T15:50:59+00:00","description":"Commandez la micro-canule Softfil Precision 22G\/50 mm en ligne chez Kinami Health, con\u00e7ue pour des applications pr\u00e9cises et peu invasives de produits de comblement.","breadcrumb":{"@id":"https:\/\/kinamihealth.com\/fr\/product\/softfil-precision-micro-cannula-22g-50mm\/#breadcrumb"},"inLanguage":"fr-FR","potentialAction":[{"@type":"ReadAction","target":["https:\/\/kinamihealth.com\/fr\/product\/softfil-precision-micro-cannula-22g-50mm\/"]}]},{"@type":"ImageObject","inLanguage":"fr-FR","@id":"https:\/\/kinamihealth.com\/fr\/product\/softfil-precision-micro-cannula-22g-50mm\/#primaryimage","url":"https:\/\/kinamihealth.com\/wp-content\/uploads\/2025\/02\/SOFTFILL-CANNULA-22G50MMXL-01.jpg","contentUrl":"https:\/\/kinamihealth.com\/wp-content\/uploads\/2025\/02\/SOFTFILL-CANNULA-22G50MMXL-01.jpg","width":800,"height":800},{"@type":"BreadcrumbList","@id":"https:\/\/kinamihealth.com\/fr\/product\/softfil-precision-micro-cannula-22g-50mm\/#breadcrumb","itemListElement":[{"@type":"ListItem","position":1,"name":"Page d'accueil","item":"https:\/\/kinamihealth.com\/"},{"@type":"ListItem","position":2,"name":"Boutique","item":"https:\/\/kinamihealth.com\/shop\/"},{"@type":"ListItem","position":3,"name":"SOFTFIL\u00ae PRECISION Micro-Cannula 22G\/50mm"}]},{"@type":"WebSite","@id":"https:\/\/kinamihealth.com\/#website","url":"https:\/\/kinamihealth.com\/","name":"Kinami Health","description":"","publisher":{"@id":"https:\/\/kinamihealth.com\/#organization"},"potentialAction":[{"@type":"SearchAction","target":{"@type":"EntryPoint","urlTemplate":"https:\/\/kinamihealth.com\/?s={search_term_string}"},"query-input":{"@type":"PropertyValueSpecification","valueRequired":true,"valueName":"search_term_string"}}],"inLanguage":"fr-FR"},{"@type":"Organization","@id":"https:\/\/kinamihealth.com\/#organization","name":"Kinami Health","url":"https:\/\/kinamihealth.com\/","logo":{"@type":"ImageObject","inLanguage":"fr-FR","@id":"https:\/\/kinamihealth.com\/#\/schema\/logo\/image\/","url":"https:\/\/kinamihealth.com\/wp-content\/uploads\/2025\/01\/KH_logo_black_2-1.png","contentUrl":"https:\/\/kinamihealth.com\/wp-content\/uploads\/2025\/01\/KH_logo_black_2-1.png","width":339,"height":34,"caption":"Kinami Health"},"image":{"@id":"https:\/\/kinamihealth.com\/#\/schema\/logo\/image\/"}}]}},"_links":{"self":[{"href":"https:\/\/kinamihealth.com\/fr\/wp-json\/wp\/v2\/product\/110513","targetHints":{"allow":["GET"]}}],"collection":[{"href":"https:\/\/kinamihealth.com\/fr\/wp-json\/wp\/v2\/product"}],"about":[{"href":"https:\/\/kinamihealth.com\/fr\/wp-json\/wp\/v2\/types\/product"}],"replies":[{"embeddable":true,"href":"https:\/\/kinamihealth.com\/fr\/wp-json\/wp\/v2\/comments?post=110513"}],"version-history":[{"count":0,"href":"https:\/\/kinamihealth.com\/fr\/wp-json\/wp\/v2\/product\/110513\/revisions"}],"wp:featuredmedia":[{"embeddable":true,"href":"https:\/\/kinamihealth.com\/fr\/wp-json\/wp\/v2\/media\/110514"}],"wp:attachment":[{"href":"https:\/\/kinamihealth.com\/fr\/wp-json\/wp\/v2\/media?parent=110513"}],"wp:term":[{"taxonomy":"product_brand","embeddable":true,"href":"https:\/\/kinamihealth.com\/fr\/wp-json\/wp\/v2\/product_brand?post=110513"},{"taxonomy":"product_cat","embeddable":true,"href":"https:\/\/kinamihealth.com\/fr\/wp-json\/wp\/v2\/product_cat?post=110513"},{"taxonomy":"product_tag","embeddable":true,"href":"https:\/\/kinamihealth.com\/fr\/wp-json\/wp\/v2\/product_tag?post=110513"}],"curies":[{"name":"wp","href":"https:\/\/api.w.org\/{rel}","templated":true}]}}