{"id":110511,"date":"2025-02-15T16:57:51","date_gmt":"2025-02-15T16:57:51","guid":{"rendered":"https:\/\/kinamihealth.com\/product\/softfil-precision-micro-cannula-22g-40mm\/"},"modified":"2026-01-21T15:51:05","modified_gmt":"2026-01-21T15:51:05","slug":"softfil-precision-micro-cannula-22g-40mm","status":"publish","type":"product","link":"https:\/\/kinamihealth.com\/fr\/produit\/softfil-precision-micro-cannula-22g-40mm\/","title":{"rendered":"SOFTFIL\u00ae PRECISION Micro-Cannula 22G\/40mm"},"content":{"rendered":"<p>SoftFil\u00ae Classic 22G 40 MM est un dispositif m\u00e9dical st\u00e9rile \u00e0 usage unique con\u00e7u pour augmenter le volume dans des zones telles que les joues, le menton et le contour du visage. Il doit \u00eatre inject\u00e9 dans le derme profond \u00e0 moyen. La gamme de micro-canules SoftFil\u00ae Classic est id\u00e9ale pour les praticiens certifi\u00e9s, qu&#8217;ils soient d\u00e9butants ou exp\u00e9riment\u00e9s. Les canules ont \u00e9t\u00e9 d\u00e9velopp\u00e9es selon la c\u00e9l\u00e8bre technique Soft Filling. Toutes les canules SoftFil\u00ae Classic ont \u00e9t\u00e9 test\u00e9es d&#8217;un point de vue rh\u00e9ologique et clinique avec tous les produits de comblement disponibles sur le march\u00e9 ainsi qu&#8217;avec le PRP. La canule SoftFil haute performance garantit la pr\u00e9cision et la s\u00e9curit\u00e9 de l&#8217;injection. Elle r\u00e9duit la pression d&#8217;injection n\u00e9cessaire tout en permettant un flux plus fluide du produit.<\/p>\n","protected":false},"excerpt":{"rendered":"<p><strong>Am\u00e9liorez vos traitements esth\u00e9tiques <\/strong>avec SOFTFIL\u00ae PRECISION Micro-Cannula 22G\/40mm, un produit indispensable pour les professionnels de sant\u00e9 qui recherchent <strong>pr\u00e9cision, s\u00e9curit\u00e9 et confort pour leurs patients<\/strong>. Cette <strong>micro-canule de haute qualit\u00e9 <\/strong>est con\u00e7ue pour des injections de produit de comblement lisses, contr\u00f4l\u00e9es et <strong>peu invasives<\/strong>.<\/p>\n<p>Sa <strong>pointe \u00e9mouss\u00e9e <\/strong>et <strong>sa structure flexible en acier inoxydable <\/strong>lui permettent de glisser sans effort \u00e0 travers les tissus, <strong>r\u00e9duisant ainsi consid\u00e9rablement les traumatismes<\/strong>, les ecchymoses et l&#8217;inconfort. Pour commander la micro-canule de Softfil Precision 22G\/40 mm en ligne, <strong>rendez-vous chez Kinami Health <\/strong>et \u00e9quipez votre cabinet des <strong>meilleurs outils pour obtenir des r\u00e9sultats sup\u00e9rieurs pour vos patients <\/strong>!<\/p>\n","protected":false},"featured_media":110512,"comment_status":"closed","ping_status":"closed","template":"","meta":{"_acf_changed":false,"inline_featured_image":false},"product_brand":[1298],"product_cat":[1373],"product_tag":[1222],"class_list":{"0":"post-110511","1":"product","2":"type-product","3":"status-publish","4":"has-post-thumbnail","6":"product_brand-softfil","7":"product_cat-canules-et-aiguilles","8":"product_tag-dispositifs-medicaux","10":"first","11":"instock","12":"taxable","13":"shipping-taxable","14":"purchasable","15":"product-type-simple","16":"add-to-wishlist-before_image"},"acf":[],"yoast_head":"<!-- This site is optimized with the Yoast SEO plugin v27.3 - https:\/\/yoast.com\/product\/yoast-seo-wordpress\/ -->\n<title>Commander SOFTFIL\u00ae PRECISION Micro-Cannula 22G\/40mm en ligne | Boutique en ligne | Kinami Health<\/title>\n<meta name=\"description\" content=\"Commandez la micro-canule de pr\u00e9cision Softfil 22G\/40 mm en ligne pour des injections de comblement pr\u00e9cises, fluides et peu invasives, garantissant le confort du patient. Commandez d\u00e8s maintenant !\" \/>\n<meta name=\"robots\" content=\"index, follow, max-snippet:-1, max-image-preview:large, max-video-preview:-1\" \/>\n<link rel=\"canonical\" href=\"https:\/\/kinamihealth.com\/fr\/wp-json\/wp\/v2\/product\/110511\" \/>\n<meta property=\"og:locale\" content=\"fr_FR\" \/>\n<meta property=\"og:type\" content=\"article\" \/>\n<meta property=\"og:title\" content=\"Commander SOFTFIL\u00ae PRECISION Micro-Cannula 22G\/40mm en ligne | Boutique en ligne | Kinami Health\" \/>\n<meta property=\"og:description\" content=\"Commandez la micro-canule de pr\u00e9cision Softfil 22G\/40 mm en ligne pour des injections de comblement pr\u00e9cises, fluides et peu invasives, garantissant le confort du patient. Commandez d\u00e8s maintenant !\" \/>\n<meta property=\"og:url\" content=\"https:\/\/kinamihealth.com\/fr\/product\/softfil-precision-micro-cannula-22g-40mm\/\" \/>\n<meta property=\"og:site_name\" content=\"Kinami Health\" \/>\n<meta property=\"article:modified_time\" content=\"2026-01-21T15:51:05+00:00\" \/>\n<meta property=\"og:image\" content=\"https:\/\/kinamihealth.com\/wp-content\/uploads\/2025\/02\/SOFTFILL-CANNULA-22G40MMXL-01.jpg\" \/>\n\t<meta property=\"og:image:width\" content=\"800\" \/>\n\t<meta property=\"og:image:height\" content=\"800\" \/>\n\t<meta property=\"og:image:type\" content=\"image\/jpeg\" \/>\n<meta name=\"twitter:card\" content=\"summary_large_image\" \/>\n<meta name=\"twitter:label1\" content=\"Dur\u00e9e de lecture estim\u00e9e\" \/>\n\t<meta name=\"twitter:data1\" content=\"1 minute\" \/>\n<!-- \/ Yoast SEO plugin. -->","yoast_head_json":{"title":"Commander SOFTFIL\u00ae PRECISION Micro-Cannula 22G\/40mm en ligne | Boutique en ligne | Kinami Health","description":"Commandez la micro-canule de pr\u00e9cision Softfil 22G\/40 mm en ligne pour des injections de comblement pr\u00e9cises, fluides et peu invasives, garantissant le confort du patient. Commandez d\u00e8s maintenant !","robots":{"index":"index","follow":"follow","max-snippet":"max-snippet:-1","max-image-preview":"max-image-preview:large","max-video-preview":"max-video-preview:-1"},"canonical":"https:\/\/kinamihealth.com\/fr\/wp-json\/wp\/v2\/product\/110511","og_locale":"fr_FR","og_type":"article","og_title":"Commander SOFTFIL\u00ae PRECISION Micro-Cannula 22G\/40mm en ligne | Boutique en ligne | Kinami Health","og_description":"Commandez la micro-canule de pr\u00e9cision Softfil 22G\/40 mm en ligne pour des injections de comblement pr\u00e9cises, fluides et peu invasives, garantissant le confort du patient. Commandez d\u00e8s maintenant !","og_url":"https:\/\/kinamihealth.com\/fr\/product\/softfil-precision-micro-cannula-22g-40mm\/","og_site_name":"Kinami Health","article_modified_time":"2026-01-21T15:51:05+00:00","og_image":[{"width":800,"height":800,"url":"https:\/\/kinamihealth.com\/wp-content\/uploads\/2025\/02\/SOFTFILL-CANNULA-22G40MMXL-01.jpg","type":"image\/jpeg"}],"twitter_card":"summary_large_image","twitter_misc":{"Dur\u00e9e de lecture estim\u00e9e":"1 minute"},"schema":{"@context":"https:\/\/schema.org","@graph":[{"@type":"WebPage","@id":"https:\/\/kinamihealth.com\/fr\/product\/softfil-precision-micro-cannula-22g-40mm\/","url":"https:\/\/kinamihealth.com\/fr\/product\/softfil-precision-micro-cannula-22g-40mm\/","name":"Commander SOFTFIL\u00ae PRECISION Micro-Cannula 22G\/40mm en ligne | Boutique en ligne | Kinami Health","isPartOf":{"@id":"https:\/\/kinamihealth.com\/#website"},"primaryImageOfPage":{"@id":"https:\/\/kinamihealth.com\/fr\/product\/softfil-precision-micro-cannula-22g-40mm\/#primaryimage"},"image":{"@id":"https:\/\/kinamihealth.com\/fr\/product\/softfil-precision-micro-cannula-22g-40mm\/#primaryimage"},"thumbnailUrl":"https:\/\/kinamihealth.com\/wp-content\/uploads\/2025\/02\/SOFTFILL-CANNULA-22G40MMXL-01.jpg","datePublished":"2025-02-15T16:57:51+00:00","dateModified":"2026-01-21T15:51:05+00:00","description":"Commandez la micro-canule de pr\u00e9cision Softfil 22G\/40 mm en ligne pour des injections de comblement pr\u00e9cises, fluides et peu invasives, garantissant le confort du patient. Commandez d\u00e8s maintenant !","breadcrumb":{"@id":"https:\/\/kinamihealth.com\/fr\/product\/softfil-precision-micro-cannula-22g-40mm\/#breadcrumb"},"inLanguage":"fr-FR","potentialAction":[{"@type":"ReadAction","target":["https:\/\/kinamihealth.com\/fr\/product\/softfil-precision-micro-cannula-22g-40mm\/"]}]},{"@type":"ImageObject","inLanguage":"fr-FR","@id":"https:\/\/kinamihealth.com\/fr\/product\/softfil-precision-micro-cannula-22g-40mm\/#primaryimage","url":"https:\/\/kinamihealth.com\/wp-content\/uploads\/2025\/02\/SOFTFILL-CANNULA-22G40MMXL-01.jpg","contentUrl":"https:\/\/kinamihealth.com\/wp-content\/uploads\/2025\/02\/SOFTFILL-CANNULA-22G40MMXL-01.jpg","width":800,"height":800},{"@type":"BreadcrumbList","@id":"https:\/\/kinamihealth.com\/fr\/product\/softfil-precision-micro-cannula-22g-40mm\/#breadcrumb","itemListElement":[{"@type":"ListItem","position":1,"name":"Page d'accueil","item":"https:\/\/kinamihealth.com\/"},{"@type":"ListItem","position":2,"name":"Boutique","item":"https:\/\/kinamihealth.com\/shop\/"},{"@type":"ListItem","position":3,"name":"SOFTFIL\u00ae PRECISION Micro-Cannula 22G\/40mm"}]},{"@type":"WebSite","@id":"https:\/\/kinamihealth.com\/#website","url":"https:\/\/kinamihealth.com\/","name":"Kinami Health","description":"","publisher":{"@id":"https:\/\/kinamihealth.com\/#organization"},"potentialAction":[{"@type":"SearchAction","target":{"@type":"EntryPoint","urlTemplate":"https:\/\/kinamihealth.com\/?s={search_term_string}"},"query-input":{"@type":"PropertyValueSpecification","valueRequired":true,"valueName":"search_term_string"}}],"inLanguage":"fr-FR"},{"@type":"Organization","@id":"https:\/\/kinamihealth.com\/#organization","name":"Kinami Health","url":"https:\/\/kinamihealth.com\/","logo":{"@type":"ImageObject","inLanguage":"fr-FR","@id":"https:\/\/kinamihealth.com\/#\/schema\/logo\/image\/","url":"https:\/\/kinamihealth.com\/wp-content\/uploads\/2025\/01\/KH_logo_black_2-1.png","contentUrl":"https:\/\/kinamihealth.com\/wp-content\/uploads\/2025\/01\/KH_logo_black_2-1.png","width":339,"height":34,"caption":"Kinami Health"},"image":{"@id":"https:\/\/kinamihealth.com\/#\/schema\/logo\/image\/"}}]}},"_links":{"self":[{"href":"https:\/\/kinamihealth.com\/fr\/wp-json\/wp\/v2\/product\/110511","targetHints":{"allow":["GET"]}}],"collection":[{"href":"https:\/\/kinamihealth.com\/fr\/wp-json\/wp\/v2\/product"}],"about":[{"href":"https:\/\/kinamihealth.com\/fr\/wp-json\/wp\/v2\/types\/product"}],"replies":[{"embeddable":true,"href":"https:\/\/kinamihealth.com\/fr\/wp-json\/wp\/v2\/comments?post=110511"}],"version-history":[{"count":0,"href":"https:\/\/kinamihealth.com\/fr\/wp-json\/wp\/v2\/product\/110511\/revisions"}],"wp:featuredmedia":[{"embeddable":true,"href":"https:\/\/kinamihealth.com\/fr\/wp-json\/wp\/v2\/media\/110512"}],"wp:attachment":[{"href":"https:\/\/kinamihealth.com\/fr\/wp-json\/wp\/v2\/media?parent=110511"}],"wp:term":[{"taxonomy":"product_brand","embeddable":true,"href":"https:\/\/kinamihealth.com\/fr\/wp-json\/wp\/v2\/product_brand?post=110511"},{"taxonomy":"product_cat","embeddable":true,"href":"https:\/\/kinamihealth.com\/fr\/wp-json\/wp\/v2\/product_cat?post=110511"},{"taxonomy":"product_tag","embeddable":true,"href":"https:\/\/kinamihealth.com\/fr\/wp-json\/wp\/v2\/product_tag?post=110511"}],"curies":[{"name":"wp","href":"https:\/\/api.w.org\/{rel}","templated":true}]}}