{"id":110496,"date":"2025-02-15T16:57:50","date_gmt":"2025-02-15T16:57:50","guid":{"rendered":"https:\/\/kinamihealth.com\/product\/silhouette-soft-8-cones\/"},"modified":"2026-01-21T15:49:59","modified_gmt":"2026-01-21T15:49:59","slug":"silhouette-soft-8-cones","status":"publish","type":"product","link":"https:\/\/kinamihealth.com\/fr\/produit\/silhouette-soft-8-cones\/","title":{"rendered":"SILHOUETTE SOFT\u00ae 8 CONES"},"content":{"rendered":"<p>Silhouette Soft\u00ae 8 cones est un traitement non chirurgical de lifting instantan\u00e9 bas\u00e9 sur une technologie de innovante de c\u00f4nes. Ce dispositif implantable st\u00e9rile, absorbable et \u00e0 usage unique est destin\u00e9 \u00e0 remodeler la surface de la peau et \u00e0 lifter la peau et les tissus du cou affaiss\u00e9s. De plus, Silhouette Soft\u00ae 8 c\u00f4nes contribue \u00e0 raffermir la peau et \u00e0 restaurer le volume facial perdu en stimulant la production de collag\u00e8ne par l&#8217;organisme. Ce dispositif absorbable \u00e0 usage unique est compos\u00e9 de fils d&#8217;acide polylactique parsem\u00e9s de c\u00f4nes r\u00e9sorbables en polyglycolide et lactide (PLGA), qui se r\u00e9sorbent dans la peau. Les fils agissent comme un \u00e9chafaudage sous la surface de la peau, o\u00f9 ils contribuent \u00e0 lifter la peau affaiss\u00e9e. De plus, les c\u00f4nes maintiennent les fils en place et stimulent la production de collag\u00e8ne par l&#8217;organisme afin de remplacer le volume facial perdu. Utilisez ces sutures sur le visage pour lifter et raffermir la peau vieillissante.<\/p>\n","protected":false},"excerpt":{"rendered":"<p>Silhouette Soft\u00ae 8 Cones est un <strong>dispositif de lifting par fils non chirurgicaux <\/strong>con\u00e7u pour restaurer les contours du visage et rajeunir la peau vieillissante. Compos\u00e9e d&#8217;<strong>acide poly-L-lactique (PLLA) et d&#8217;acide poly-lactique-co-glycolique (PLGA) biod\u00e9gradables<\/strong>, cette solution innovante offre un <strong>effet lifting imm\u00e9diat <\/strong>tout en stimulant la production de collag\u00e8ne pour une am\u00e9lioration durable de la peau.<\/p>\n<p>Commandez Silhouette Soft 8 Cones dans <strong>la boutique en ligne de Kinami Health<\/strong>, qui garantit des produits de haute qualit\u00e9, certifi\u00e9s CE, destin\u00e9s \u00e0 un usage professionnel.<\/p>\n","protected":false},"featured_media":110500,"comment_status":"closed","ping_status":"closed","template":"","meta":{"_acf_changed":false,"inline_featured_image":false},"product_brand":[1296],"product_cat":[1381],"product_tag":[1222],"class_list":{"0":"post-110496","1":"product","2":"type-product","3":"status-publish","4":"has-post-thumbnail","6":"product_brand-silhouette-soft","7":"product_cat-fils-tenseurs-et-sutures","8":"product_tag-dispositifs-medicaux","10":"first","11":"instock","12":"taxable","13":"shipping-taxable","14":"purchasable","15":"product-type-simple","16":"add-to-wishlist-before_image"},"acf":[],"yoast_head":"<!-- This site is optimized with the Yoast SEO plugin v27.1.1 - https:\/\/yoast.com\/product\/yoast-seo-wordpress\/ -->\n<title>Commander SILHOUETTE SOFT\u00ae 8 CONES en ligne | Boutique en ligne | Kinami Health<\/title>\n<meta name=\"description\" content=\"Commandez Silhouette Soft 8 Cones en ligne pour un lifting du visage professionnel sans chirurgie. Atteignez un rajeunissement naturel de la peau gr\u00e2ce \u00e0 des fils stimulant le collag\u00e8ne. Commandez d\u00e8s maintenant !\" \/>\n<meta name=\"robots\" content=\"index, follow, max-snippet:-1, max-image-preview:large, max-video-preview:-1\" \/>\n<link rel=\"canonical\" href=\"https:\/\/kinamihealth.com\/fr\/wp-json\/wp\/v2\/product\/110496\" \/>\n<meta property=\"og:locale\" content=\"fr_FR\" \/>\n<meta property=\"og:type\" content=\"article\" \/>\n<meta property=\"og:title\" content=\"Commander SILHOUETTE SOFT\u00ae 8 CONES en ligne | Boutique en ligne | Kinami Health\" \/>\n<meta property=\"og:description\" content=\"Commandez Silhouette Soft 8 Cones en ligne pour un lifting du visage professionnel sans chirurgie. Atteignez un rajeunissement naturel de la peau gr\u00e2ce \u00e0 des fils stimulant le collag\u00e8ne. Commandez d\u00e8s maintenant !\" \/>\n<meta property=\"og:url\" content=\"https:\/\/kinamihealth.com\/fr\/product\/silhouette-soft-8-cones\/\" \/>\n<meta property=\"og:site_name\" content=\"Kinami Health\" \/>\n<meta property=\"article:modified_time\" content=\"2026-01-21T15:49:59+00:00\" \/>\n<meta property=\"og:image\" content=\"https:\/\/kinamihealth.com\/wp-content\/uploads\/2025\/02\/SILHOUETTE-SOFT-8CONES-04.jpg\" \/>\n\t<meta property=\"og:image:width\" content=\"800\" \/>\n\t<meta property=\"og:image:height\" content=\"800\" \/>\n\t<meta property=\"og:image:type\" content=\"image\/jpeg\" \/>\n<meta name=\"twitter:card\" content=\"summary_large_image\" \/>\n<meta name=\"twitter:label1\" content=\"Dur\u00e9e de lecture estim\u00e9e\" \/>\n\t<meta name=\"twitter:data1\" content=\"1 minute\" \/>\n<!-- \/ Yoast SEO plugin. -->","yoast_head_json":{"title":"Commander SILHOUETTE SOFT\u00ae 8 CONES en ligne | Boutique en ligne | Kinami Health","description":"Commandez Silhouette Soft 8 Cones en ligne pour un lifting du visage professionnel sans chirurgie. Atteignez un rajeunissement naturel de la peau gr\u00e2ce \u00e0 des fils stimulant le collag\u00e8ne. Commandez d\u00e8s maintenant !","robots":{"index":"index","follow":"follow","max-snippet":"max-snippet:-1","max-image-preview":"max-image-preview:large","max-video-preview":"max-video-preview:-1"},"canonical":"https:\/\/kinamihealth.com\/fr\/wp-json\/wp\/v2\/product\/110496","og_locale":"fr_FR","og_type":"article","og_title":"Commander SILHOUETTE SOFT\u00ae 8 CONES en ligne | Boutique en ligne | Kinami Health","og_description":"Commandez Silhouette Soft 8 Cones en ligne pour un lifting du visage professionnel sans chirurgie. Atteignez un rajeunissement naturel de la peau gr\u00e2ce \u00e0 des fils stimulant le collag\u00e8ne. Commandez d\u00e8s maintenant !","og_url":"https:\/\/kinamihealth.com\/fr\/product\/silhouette-soft-8-cones\/","og_site_name":"Kinami Health","article_modified_time":"2026-01-21T15:49:59+00:00","og_image":[{"width":800,"height":800,"url":"https:\/\/kinamihealth.com\/wp-content\/uploads\/2025\/02\/SILHOUETTE-SOFT-8CONES-04.jpg","type":"image\/jpeg"}],"twitter_card":"summary_large_image","twitter_misc":{"Dur\u00e9e de lecture estim\u00e9e":"1 minute"},"schema":{"@context":"https:\/\/schema.org","@graph":[{"@type":"WebPage","@id":"https:\/\/kinamihealth.com\/fr\/product\/silhouette-soft-8-cones\/","url":"https:\/\/kinamihealth.com\/fr\/product\/silhouette-soft-8-cones\/","name":"Commander SILHOUETTE SOFT\u00ae 8 CONES en ligne | Boutique en ligne | Kinami Health","isPartOf":{"@id":"https:\/\/kinamihealth.com\/#website"},"primaryImageOfPage":{"@id":"https:\/\/kinamihealth.com\/fr\/product\/silhouette-soft-8-cones\/#primaryimage"},"image":{"@id":"https:\/\/kinamihealth.com\/fr\/product\/silhouette-soft-8-cones\/#primaryimage"},"thumbnailUrl":"https:\/\/kinamihealth.com\/wp-content\/uploads\/2025\/02\/SILHOUETTE-SOFT-8CONES-04.jpg","datePublished":"2025-02-15T16:57:50+00:00","dateModified":"2026-01-21T15:49:59+00:00","description":"Commandez Silhouette Soft 8 Cones en ligne pour un lifting du visage professionnel sans chirurgie. Atteignez un rajeunissement naturel de la peau gr\u00e2ce \u00e0 des fils stimulant le collag\u00e8ne. Commandez d\u00e8s maintenant !","breadcrumb":{"@id":"https:\/\/kinamihealth.com\/fr\/product\/silhouette-soft-8-cones\/#breadcrumb"},"inLanguage":"fr-FR","potentialAction":[{"@type":"ReadAction","target":["https:\/\/kinamihealth.com\/fr\/product\/silhouette-soft-8-cones\/"]}]},{"@type":"ImageObject","inLanguage":"fr-FR","@id":"https:\/\/kinamihealth.com\/fr\/product\/silhouette-soft-8-cones\/#primaryimage","url":"https:\/\/kinamihealth.com\/wp-content\/uploads\/2025\/02\/SILHOUETTE-SOFT-8CONES-04.jpg","contentUrl":"https:\/\/kinamihealth.com\/wp-content\/uploads\/2025\/02\/SILHOUETTE-SOFT-8CONES-04.jpg","width":800,"height":800},{"@type":"BreadcrumbList","@id":"https:\/\/kinamihealth.com\/fr\/product\/silhouette-soft-8-cones\/#breadcrumb","itemListElement":[{"@type":"ListItem","position":1,"name":"Page d'accueil","item":"https:\/\/kinamihealth.com\/"},{"@type":"ListItem","position":2,"name":"Boutique","item":"https:\/\/kinamihealth.com\/shop\/"},{"@type":"ListItem","position":3,"name":"SILHOUETTE SOFT\u00ae 8 CONES"}]},{"@type":"WebSite","@id":"https:\/\/kinamihealth.com\/#website","url":"https:\/\/kinamihealth.com\/","name":"Kinami Health","description":"","publisher":{"@id":"https:\/\/kinamihealth.com\/#organization"},"potentialAction":[{"@type":"SearchAction","target":{"@type":"EntryPoint","urlTemplate":"https:\/\/kinamihealth.com\/?s={search_term_string}"},"query-input":{"@type":"PropertyValueSpecification","valueRequired":true,"valueName":"search_term_string"}}],"inLanguage":"fr-FR"},{"@type":"Organization","@id":"https:\/\/kinamihealth.com\/#organization","name":"Kinami Health","url":"https:\/\/kinamihealth.com\/","logo":{"@type":"ImageObject","inLanguage":"fr-FR","@id":"https:\/\/kinamihealth.com\/#\/schema\/logo\/image\/","url":"https:\/\/kinamihealth.com\/wp-content\/uploads\/2025\/01\/KH_logo_black_2-1.png","contentUrl":"https:\/\/kinamihealth.com\/wp-content\/uploads\/2025\/01\/KH_logo_black_2-1.png","width":339,"height":34,"caption":"Kinami Health"},"image":{"@id":"https:\/\/kinamihealth.com\/#\/schema\/logo\/image\/"}}]}},"_links":{"self":[{"href":"https:\/\/kinamihealth.com\/fr\/wp-json\/wp\/v2\/product\/110496","targetHints":{"allow":["GET"]}}],"collection":[{"href":"https:\/\/kinamihealth.com\/fr\/wp-json\/wp\/v2\/product"}],"about":[{"href":"https:\/\/kinamihealth.com\/fr\/wp-json\/wp\/v2\/types\/product"}],"replies":[{"embeddable":true,"href":"https:\/\/kinamihealth.com\/fr\/wp-json\/wp\/v2\/comments?post=110496"}],"version-history":[{"count":0,"href":"https:\/\/kinamihealth.com\/fr\/wp-json\/wp\/v2\/product\/110496\/revisions"}],"wp:featuredmedia":[{"embeddable":true,"href":"https:\/\/kinamihealth.com\/fr\/wp-json\/wp\/v2\/media\/110500"}],"wp:attachment":[{"href":"https:\/\/kinamihealth.com\/fr\/wp-json\/wp\/v2\/media?parent=110496"}],"wp:term":[{"taxonomy":"product_brand","embeddable":true,"href":"https:\/\/kinamihealth.com\/fr\/wp-json\/wp\/v2\/product_brand?post=110496"},{"taxonomy":"product_cat","embeddable":true,"href":"https:\/\/kinamihealth.com\/fr\/wp-json\/wp\/v2\/product_cat?post=110496"},{"taxonomy":"product_tag","embeddable":true,"href":"https:\/\/kinamihealth.com\/fr\/wp-json\/wp\/v2\/product_tag?post=110496"}],"curies":[{"name":"wp","href":"https:\/\/api.w.org\/{rel}","templated":true}]}}