{"id":110349,"date":"2025-02-15T16:57:30","date_gmt":"2025-02-15T16:57:30","guid":{"rendered":"https:\/\/kinamihealth.com\/product\/revofil-ultra\/"},"modified":"2026-01-21T15:56:16","modified_gmt":"2026-01-21T15:56:16","slug":"revofil-ultra","status":"publish","type":"product","link":"https:\/\/kinamihealth.com\/fr\/produit\/revofil-ultra\/","title":{"rendered":"REVOFIL\u2122 ULTRA"},"content":{"rendered":"<p>REVOFIL\u2122 ULTRA est recommand\u00e9 pour la correction des rides mod\u00e9r\u00e9es \u00e0 profondes, le lifting du visage, le remodelage du visage, la d\u00e9finition de la m\u00e2choire, l&#8217;augmentation du volume des joues, la correction du menton et l&#8217;hydratation et l&#8217;augmentation du volume des l\u00e8vres.<\/p>\n","protected":false},"excerpt":{"rendered":"<p><strong>Revofil Ultra <\/strong>est un <strong>produit de comblement dermique<\/strong> de pointe con\u00e7u pour <strong>corriger les rides profondes et remodeler le contour du visage<\/strong>. Sa formule avanc\u00e9e associe <strong>de l&#8217;acide hyaluronique<\/strong> r\u00e9ticul\u00e9 (23 mg\/ml) \u00e0 des peptides biom\u00e9triques <strong>(oligopeptide-72 et oligopeptide-50) <\/strong>afin d&#8217;am\u00e9liorer <strong>l&#8217;\u00e9lasticit\u00e9 de la peau <\/strong>et <strong>d&#8217;offrir des r\u00e9sultats naturels et durables<\/strong>. Ce produit de comblement haut de gamme excelle dans le traitement des rides profondes du visage, la restauration du volume et la red\u00e9finition des contours du visage.<\/p>\n","protected":false},"featured_media":110350,"comment_status":"closed","ping_status":"closed","template":"","meta":{"_acf_changed":false,"inline_featured_image":false},"product_brand":[1291],"product_cat":[1217],"product_tag":[1222],"class_list":{"0":"post-110349","1":"product","2":"type-product","3":"status-publish","4":"has-post-thumbnail","6":"product_brand-revofil","7":"product_cat-produits-de-comblement-dermique","8":"product_tag-dispositifs-medicaux","10":"first","11":"instock","12":"taxable","13":"shipping-taxable","14":"purchasable","15":"product-type-simple","16":"add-to-wishlist-before_image"},"acf":[],"yoast_head":"<!-- This site is optimized with the Yoast SEO plugin v27.5 - https:\/\/yoast.com\/product\/yoast-seo-wordpress\/ -->\n<title>Commander REVOFIL\u2122 ULTRA en ligne | Boutique en ligne | Kinami Health<\/title>\n<meta name=\"description\" content=\"Commandez Revofil Ultra, un produit de comblement dermique de qualit\u00e9 professionnelle combinant de l&#039;acide hyaluronique et des peptides biom\u00e9triques pour corriger les rides profondes et restaurer le volume du visage.\" \/>\n<meta name=\"robots\" content=\"index, follow, max-snippet:-1, max-image-preview:large, max-video-preview:-1\" \/>\n<link rel=\"canonical\" href=\"https:\/\/kinamihealth.com\/fr\/wp-json\/wp\/v2\/product\/110349\" \/>\n<meta property=\"og:locale\" content=\"fr_FR\" \/>\n<meta property=\"og:type\" content=\"article\" \/>\n<meta property=\"og:title\" content=\"Commander REVOFIL\u2122 ULTRA en ligne | Boutique en ligne | Kinami Health\" \/>\n<meta property=\"og:description\" content=\"Commandez Revofil Ultra, un produit de comblement dermique de qualit\u00e9 professionnelle combinant de l&#039;acide hyaluronique et des peptides biom\u00e9triques pour corriger les rides profondes et restaurer le volume du visage.\" \/>\n<meta property=\"og:url\" content=\"https:\/\/kinamihealth.com\/fr\/product\/revofil-ultra\/\" \/>\n<meta property=\"og:site_name\" content=\"Kinami Health\" \/>\n<meta property=\"article:modified_time\" content=\"2026-01-21T15:56:16+00:00\" \/>\n<meta property=\"og:image\" content=\"https:\/\/kinamihealth.com\/wp-content\/uploads\/2025\/02\/REVOFIL-ULTRA-01.jpg\" \/>\n\t<meta property=\"og:image:width\" content=\"800\" \/>\n\t<meta property=\"og:image:height\" content=\"800\" \/>\n\t<meta property=\"og:image:type\" content=\"image\/jpeg\" \/>\n<meta name=\"twitter:card\" content=\"summary_large_image\" \/>\n<meta name=\"twitter:label1\" content=\"Dur\u00e9e de lecture estim\u00e9e\" \/>\n\t<meta name=\"twitter:data1\" content=\"1 minute\" \/>\n<!-- \/ Yoast SEO plugin. -->","yoast_head_json":{"title":"Commander REVOFIL\u2122 ULTRA en ligne | Boutique en ligne | Kinami Health","description":"Commandez Revofil Ultra, un produit de comblement dermique de qualit\u00e9 professionnelle combinant de l'acide hyaluronique et des peptides biom\u00e9triques pour corriger les rides profondes et restaurer le volume du visage.","robots":{"index":"index","follow":"follow","max-snippet":"max-snippet:-1","max-image-preview":"max-image-preview:large","max-video-preview":"max-video-preview:-1"},"canonical":"https:\/\/kinamihealth.com\/fr\/wp-json\/wp\/v2\/product\/110349","og_locale":"fr_FR","og_type":"article","og_title":"Commander REVOFIL\u2122 ULTRA en ligne | Boutique en ligne | Kinami Health","og_description":"Commandez Revofil Ultra, un produit de comblement dermique de qualit\u00e9 professionnelle combinant de l'acide hyaluronique et des peptides biom\u00e9triques pour corriger les rides profondes et restaurer le volume du visage.","og_url":"https:\/\/kinamihealth.com\/fr\/product\/revofil-ultra\/","og_site_name":"Kinami Health","article_modified_time":"2026-01-21T15:56:16+00:00","og_image":[{"width":800,"height":800,"url":"https:\/\/kinamihealth.com\/wp-content\/uploads\/2025\/02\/REVOFIL-ULTRA-01.jpg","type":"image\/jpeg"}],"twitter_card":"summary_large_image","twitter_misc":{"Dur\u00e9e de lecture estim\u00e9e":"1 minute"},"schema":{"@context":"https:\/\/schema.org","@graph":[{"@type":"WebPage","@id":"https:\/\/kinamihealth.com\/fr\/product\/revofil-ultra\/","url":"https:\/\/kinamihealth.com\/fr\/product\/revofil-ultra\/","name":"Commander REVOFIL\u2122 ULTRA en ligne | Boutique en ligne | Kinami Health","isPartOf":{"@id":"https:\/\/kinamihealth.com\/#website"},"primaryImageOfPage":{"@id":"https:\/\/kinamihealth.com\/fr\/product\/revofil-ultra\/#primaryimage"},"image":{"@id":"https:\/\/kinamihealth.com\/fr\/product\/revofil-ultra\/#primaryimage"},"thumbnailUrl":"https:\/\/kinamihealth.com\/wp-content\/uploads\/2025\/02\/REVOFIL-ULTRA-01.jpg","datePublished":"2025-02-15T16:57:30+00:00","dateModified":"2026-01-21T15:56:16+00:00","description":"Commandez Revofil Ultra, un produit de comblement dermique de qualit\u00e9 professionnelle combinant de l'acide hyaluronique et des peptides biom\u00e9triques pour corriger les rides profondes et restaurer le volume du visage.","breadcrumb":{"@id":"https:\/\/kinamihealth.com\/fr\/product\/revofil-ultra\/#breadcrumb"},"inLanguage":"fr-FR","potentialAction":[{"@type":"ReadAction","target":["https:\/\/kinamihealth.com\/fr\/product\/revofil-ultra\/"]}]},{"@type":"ImageObject","inLanguage":"fr-FR","@id":"https:\/\/kinamihealth.com\/fr\/product\/revofil-ultra\/#primaryimage","url":"https:\/\/kinamihealth.com\/wp-content\/uploads\/2025\/02\/REVOFIL-ULTRA-01.jpg","contentUrl":"https:\/\/kinamihealth.com\/wp-content\/uploads\/2025\/02\/REVOFIL-ULTRA-01.jpg","width":800,"height":800},{"@type":"BreadcrumbList","@id":"https:\/\/kinamihealth.com\/fr\/product\/revofil-ultra\/#breadcrumb","itemListElement":[{"@type":"ListItem","position":1,"name":"Page d'accueil","item":"https:\/\/kinamihealth.com\/"},{"@type":"ListItem","position":2,"name":"Boutique","item":"https:\/\/kinamihealth.com\/shop\/"},{"@type":"ListItem","position":3,"name":"REVOFIL\u2122 ULTRA"}]},{"@type":"WebSite","@id":"https:\/\/kinamihealth.com\/#website","url":"https:\/\/kinamihealth.com\/","name":"Kinami Health","description":"","publisher":{"@id":"https:\/\/kinamihealth.com\/#organization"},"potentialAction":[{"@type":"SearchAction","target":{"@type":"EntryPoint","urlTemplate":"https:\/\/kinamihealth.com\/?s={search_term_string}"},"query-input":{"@type":"PropertyValueSpecification","valueRequired":true,"valueName":"search_term_string"}}],"inLanguage":"fr-FR"},{"@type":"Organization","@id":"https:\/\/kinamihealth.com\/#organization","name":"Kinami Health","url":"https:\/\/kinamihealth.com\/","logo":{"@type":"ImageObject","inLanguage":"fr-FR","@id":"https:\/\/kinamihealth.com\/#\/schema\/logo\/image\/","url":"https:\/\/kinamihealth.com\/wp-content\/uploads\/2025\/01\/KH_logo_black_2-1.png","contentUrl":"https:\/\/kinamihealth.com\/wp-content\/uploads\/2025\/01\/KH_logo_black_2-1.png","width":339,"height":34,"caption":"Kinami Health"},"image":{"@id":"https:\/\/kinamihealth.com\/#\/schema\/logo\/image\/"}}]}},"_links":{"self":[{"href":"https:\/\/kinamihealth.com\/fr\/wp-json\/wp\/v2\/product\/110349","targetHints":{"allow":["GET"]}}],"collection":[{"href":"https:\/\/kinamihealth.com\/fr\/wp-json\/wp\/v2\/product"}],"about":[{"href":"https:\/\/kinamihealth.com\/fr\/wp-json\/wp\/v2\/types\/product"}],"replies":[{"embeddable":true,"href":"https:\/\/kinamihealth.com\/fr\/wp-json\/wp\/v2\/comments?post=110349"}],"version-history":[{"count":0,"href":"https:\/\/kinamihealth.com\/fr\/wp-json\/wp\/v2\/product\/110349\/revisions"}],"wp:featuredmedia":[{"embeddable":true,"href":"https:\/\/kinamihealth.com\/fr\/wp-json\/wp\/v2\/media\/110350"}],"wp:attachment":[{"href":"https:\/\/kinamihealth.com\/fr\/wp-json\/wp\/v2\/media?parent=110349"}],"wp:term":[{"taxonomy":"product_brand","embeddable":true,"href":"https:\/\/kinamihealth.com\/fr\/wp-json\/wp\/v2\/product_brand?post=110349"},{"taxonomy":"product_cat","embeddable":true,"href":"https:\/\/kinamihealth.com\/fr\/wp-json\/wp\/v2\/product_cat?post=110349"},{"taxonomy":"product_tag","embeddable":true,"href":"https:\/\/kinamihealth.com\/fr\/wp-json\/wp\/v2\/product_tag?post=110349"}],"curies":[{"name":"wp","href":"https:\/\/api.w.org\/{rel}","templated":true}]}}