{"id":110347,"date":"2025-02-15T16:57:30","date_gmt":"2025-02-15T16:57:30","guid":{"rendered":"https:\/\/kinamihealth.com\/product\/revofil-plus\/"},"modified":"2026-01-21T15:58:53","modified_gmt":"2026-01-21T15:58:53","slug":"revofil-plus","status":"publish","type":"product","link":"https:\/\/kinamihealth.com\/fr\/produit\/revofil-plus\/","title":{"rendered":"REVOFIL\u2122 PLUS"},"content":{"rendered":"<p>REVOFIL\u2122 PLUS est recommand\u00e9 pour la correction des rides mod\u00e9r\u00e9es \u00e0 profondes, la revitalisation du visage, l&#8217;\u00e9limination des poches sous les yeux, la d\u00e9finition du contour des l\u00e8vres, l&#8217;am\u00e9lioration des tempes et la correction des paupi\u00e8res.<\/p>\n","protected":false},"excerpt":{"rendered":"<p><strong>Revofil\u2122 Plus <\/strong>est un <strong>produit de comblement dermique <\/strong>qui associe <strong>de l&#8217;acide hyaluronique r\u00e9ticul\u00e9 (23 mg\/ml) <\/strong>\u00e0 <strong>des peptides biomim\u00e9tiques<\/strong> avanc\u00e9s pour <strong>un rajeunissement complet du visage<\/strong>. Cette formule de pointe contient des peptides sp\u00e9cialis\u00e9s (<strong>oligopeptide-72 et oligopeptide-50<\/strong>) qui agissent en synergie pour am\u00e9liorer <strong>l&#8217;\u00e9lasticit\u00e9 de la peau <\/strong>et <strong>maintenir la long\u00e9vit\u00e9 du produit de comblement<\/strong>. Sa composition unique permet non seulement de restaurer imm\u00e9diatement le volume, mais aussi de stimuler <strong>la production naturelle de collag\u00e8ne, <\/strong>pour une peau plus lisse, plus ferme et d&#8217;apparence plus jeune.<\/p>\n","protected":false},"featured_media":110348,"comment_status":"closed","ping_status":"closed","template":"","meta":{"_acf_changed":false,"inline_featured_image":false},"product_brand":[1291],"product_cat":[1217],"product_tag":[1222],"class_list":{"0":"post-110347","1":"product","2":"type-product","3":"status-publish","4":"has-post-thumbnail","6":"product_brand-revofil","7":"product_cat-produits-de-comblement-dermique","8":"product_tag-dispositifs-medicaux","10":"first","11":"instock","12":"taxable","13":"shipping-taxable","14":"purchasable","15":"product-type-simple","16":"add-to-wishlist-before_image"},"acf":[],"yoast_head":"<!-- This site is optimized with the Yoast SEO plugin v27.3 - https:\/\/yoast.com\/product\/yoast-seo-wordpress\/ -->\n<title>Commander REVOFIL\u2122 PLUS en ligne | Boutique en ligne | Kinami Health<\/title>\n<meta name=\"description\" content=\"Commandez Revofil Plus pour le traitement des rides faciales profondes et redonner du volume au visage. Ce produit de comblement \u00e0 base d&#039;acide hyaluronique et de peptides offre des r\u00e9sultats naturels et durables.\" \/>\n<meta name=\"robots\" content=\"index, follow, max-snippet:-1, max-image-preview:large, max-video-preview:-1\" \/>\n<link rel=\"canonical\" href=\"https:\/\/kinamihealth.com\/fr\/wp-json\/wp\/v2\/product\/110347\" \/>\n<meta property=\"og:locale\" content=\"fr_FR\" \/>\n<meta property=\"og:type\" content=\"article\" \/>\n<meta property=\"og:title\" content=\"Commander REVOFIL\u2122 PLUS en ligne | Boutique en ligne | Kinami Health\" \/>\n<meta property=\"og:description\" content=\"Commandez Revofil Plus pour le traitement des rides faciales profondes et redonner du volume au visage. Ce produit de comblement \u00e0 base d&#039;acide hyaluronique et de peptides offre des r\u00e9sultats naturels et durables.\" \/>\n<meta property=\"og:url\" content=\"https:\/\/kinamihealth.com\/fr\/product\/revofil-plus\/\" \/>\n<meta property=\"og:site_name\" content=\"Kinami Health\" \/>\n<meta property=\"article:modified_time\" content=\"2026-01-21T15:58:53+00:00\" \/>\n<meta property=\"og:image\" content=\"https:\/\/kinamihealth.com\/wp-content\/uploads\/2025\/02\/REVOFIL-PLUS-01.jpg\" \/>\n\t<meta property=\"og:image:width\" content=\"800\" \/>\n\t<meta property=\"og:image:height\" content=\"800\" \/>\n\t<meta property=\"og:image:type\" content=\"image\/jpeg\" \/>\n<meta name=\"twitter:card\" content=\"summary_large_image\" \/>\n<meta name=\"twitter:label1\" content=\"Dur\u00e9e de lecture estim\u00e9e\" \/>\n\t<meta name=\"twitter:data1\" content=\"1 minute\" \/>\n<!-- \/ Yoast SEO plugin. -->","yoast_head_json":{"title":"Commander REVOFIL\u2122 PLUS en ligne | Boutique en ligne | Kinami Health","description":"Commandez Revofil Plus pour le traitement des rides faciales profondes et redonner du volume au visage. Ce produit de comblement \u00e0 base d'acide hyaluronique et de peptides offre des r\u00e9sultats naturels et durables.","robots":{"index":"index","follow":"follow","max-snippet":"max-snippet:-1","max-image-preview":"max-image-preview:large","max-video-preview":"max-video-preview:-1"},"canonical":"https:\/\/kinamihealth.com\/fr\/wp-json\/wp\/v2\/product\/110347","og_locale":"fr_FR","og_type":"article","og_title":"Commander REVOFIL\u2122 PLUS en ligne | Boutique en ligne | Kinami Health","og_description":"Commandez Revofil Plus pour le traitement des rides faciales profondes et redonner du volume au visage. Ce produit de comblement \u00e0 base d'acide hyaluronique et de peptides offre des r\u00e9sultats naturels et durables.","og_url":"https:\/\/kinamihealth.com\/fr\/product\/revofil-plus\/","og_site_name":"Kinami Health","article_modified_time":"2026-01-21T15:58:53+00:00","og_image":[{"width":800,"height":800,"url":"https:\/\/kinamihealth.com\/wp-content\/uploads\/2025\/02\/REVOFIL-PLUS-01.jpg","type":"image\/jpeg"}],"twitter_card":"summary_large_image","twitter_misc":{"Dur\u00e9e de lecture estim\u00e9e":"1 minute"},"schema":{"@context":"https:\/\/schema.org","@graph":[{"@type":"WebPage","@id":"https:\/\/kinamihealth.com\/fr\/product\/revofil-plus\/","url":"https:\/\/kinamihealth.com\/fr\/product\/revofil-plus\/","name":"Commander REVOFIL\u2122 PLUS en ligne | Boutique en ligne | Kinami Health","isPartOf":{"@id":"https:\/\/kinamihealth.com\/#website"},"primaryImageOfPage":{"@id":"https:\/\/kinamihealth.com\/fr\/product\/revofil-plus\/#primaryimage"},"image":{"@id":"https:\/\/kinamihealth.com\/fr\/product\/revofil-plus\/#primaryimage"},"thumbnailUrl":"https:\/\/kinamihealth.com\/wp-content\/uploads\/2025\/02\/REVOFIL-PLUS-01.jpg","datePublished":"2025-02-15T16:57:30+00:00","dateModified":"2026-01-21T15:58:53+00:00","description":"Commandez Revofil Plus pour le traitement des rides faciales profondes et redonner du volume au visage. Ce produit de comblement \u00e0 base d'acide hyaluronique et de peptides offre des r\u00e9sultats naturels et durables.","breadcrumb":{"@id":"https:\/\/kinamihealth.com\/fr\/product\/revofil-plus\/#breadcrumb"},"inLanguage":"fr-FR","potentialAction":[{"@type":"ReadAction","target":["https:\/\/kinamihealth.com\/fr\/product\/revofil-plus\/"]}]},{"@type":"ImageObject","inLanguage":"fr-FR","@id":"https:\/\/kinamihealth.com\/fr\/product\/revofil-plus\/#primaryimage","url":"https:\/\/kinamihealth.com\/wp-content\/uploads\/2025\/02\/REVOFIL-PLUS-01.jpg","contentUrl":"https:\/\/kinamihealth.com\/wp-content\/uploads\/2025\/02\/REVOFIL-PLUS-01.jpg","width":800,"height":800},{"@type":"BreadcrumbList","@id":"https:\/\/kinamihealth.com\/fr\/product\/revofil-plus\/#breadcrumb","itemListElement":[{"@type":"ListItem","position":1,"name":"Page d'accueil","item":"https:\/\/kinamihealth.com\/"},{"@type":"ListItem","position":2,"name":"Boutique","item":"https:\/\/kinamihealth.com\/shop\/"},{"@type":"ListItem","position":3,"name":"REVOFIL\u2122 PLUS"}]},{"@type":"WebSite","@id":"https:\/\/kinamihealth.com\/#website","url":"https:\/\/kinamihealth.com\/","name":"Kinami Health","description":"","publisher":{"@id":"https:\/\/kinamihealth.com\/#organization"},"potentialAction":[{"@type":"SearchAction","target":{"@type":"EntryPoint","urlTemplate":"https:\/\/kinamihealth.com\/?s={search_term_string}"},"query-input":{"@type":"PropertyValueSpecification","valueRequired":true,"valueName":"search_term_string"}}],"inLanguage":"fr-FR"},{"@type":"Organization","@id":"https:\/\/kinamihealth.com\/#organization","name":"Kinami Health","url":"https:\/\/kinamihealth.com\/","logo":{"@type":"ImageObject","inLanguage":"fr-FR","@id":"https:\/\/kinamihealth.com\/#\/schema\/logo\/image\/","url":"https:\/\/kinamihealth.com\/wp-content\/uploads\/2025\/01\/KH_logo_black_2-1.png","contentUrl":"https:\/\/kinamihealth.com\/wp-content\/uploads\/2025\/01\/KH_logo_black_2-1.png","width":339,"height":34,"caption":"Kinami Health"},"image":{"@id":"https:\/\/kinamihealth.com\/#\/schema\/logo\/image\/"}}]}},"_links":{"self":[{"href":"https:\/\/kinamihealth.com\/fr\/wp-json\/wp\/v2\/product\/110347","targetHints":{"allow":["GET"]}}],"collection":[{"href":"https:\/\/kinamihealth.com\/fr\/wp-json\/wp\/v2\/product"}],"about":[{"href":"https:\/\/kinamihealth.com\/fr\/wp-json\/wp\/v2\/types\/product"}],"replies":[{"embeddable":true,"href":"https:\/\/kinamihealth.com\/fr\/wp-json\/wp\/v2\/comments?post=110347"}],"version-history":[{"count":0,"href":"https:\/\/kinamihealth.com\/fr\/wp-json\/wp\/v2\/product\/110347\/revisions"}],"wp:featuredmedia":[{"embeddable":true,"href":"https:\/\/kinamihealth.com\/fr\/wp-json\/wp\/v2\/media\/110348"}],"wp:attachment":[{"href":"https:\/\/kinamihealth.com\/fr\/wp-json\/wp\/v2\/media?parent=110347"}],"wp:term":[{"taxonomy":"product_brand","embeddable":true,"href":"https:\/\/kinamihealth.com\/fr\/wp-json\/wp\/v2\/product_brand?post=110347"},{"taxonomy":"product_cat","embeddable":true,"href":"https:\/\/kinamihealth.com\/fr\/wp-json\/wp\/v2\/product_cat?post=110347"},{"taxonomy":"product_tag","embeddable":true,"href":"https:\/\/kinamihealth.com\/fr\/wp-json\/wp\/v2\/product_tag?post=110347"}],"curies":[{"name":"wp","href":"https:\/\/api.w.org\/{rel}","templated":true}]}}