{"id":110340,"date":"2025-02-15T16:57:24","date_gmt":"2025-02-15T16:57:24","guid":{"rendered":"https:\/\/kinamihealth.com\/product\/revofil-aquashine-soft-filler-2ml-x-1-pre-filled-syringe\/"},"modified":"2026-01-21T15:58:59","modified_gmt":"2026-01-21T15:58:59","slug":"revofil-aquashine-soft-filler-2ml-x-1-pre-filled-syringe","status":"publish","type":"product","link":"https:\/\/kinamihealth.com\/fr\/produit\/revofil-aquashine-soft-filler-2ml-x-1-pre-filled-syringe\/","title":{"rendered":"REVOFIL\u2122 AQUASHINE SOFT FILLER &#8211; 2 ml x 1 seringue pr\u00e9-remplie"},"content":{"rendered":"<p>REVOFIL\u2122 AQUASHINE SOFT FILLER &#8211; 2 ml x 1 seringue pr\u00e9-remplie redonne fra\u00eecheur et \u00e9clat aux peaux ternes et fatigu\u00e9es. Le complexe d&#8217;ingr\u00e9dients actifs contient de l&#8217;acide hyaluronique hautement efficace. Celui-ci stimule la formation de nouvelles cellules cutan\u00e9es et garantit ainsi une peau durablement rajeunie, pleine d&#8217;\u00e9lasticit\u00e9 et de fra\u00eecheur. Il am\u00e9liore \u00e9galement la capacit\u00e9 de chaque cellule cutan\u00e9e \u00e0 absorber et \u00e0 retenir l&#8217;eau. Le r\u00e9sultat : une peau magnifiquement nourrie, revitalis\u00e9e et rajeunie. Les principes actifs du produit assurent \u00e9galement le resserrement des pores et contribuent \u00e0 affiner le grain de peau. Outre ses effets rajeunissants sur la peau, Aquashine Soft Filler peut \u00e9galement aider \u00e0 r\u00e9duire la pigmentation. Ce produit est, donc, con\u00e7u pour r\u00e9duire les rides, am\u00e9liorer l&#8217;\u00e9lasticit\u00e9 de la peau, resserrer les pores, hydrater et revitaliser la peau.<\/p>\n","protected":false},"excerpt":{"rendered":"<p><strong>REVOFIL\u2122 AQUASHINE SOFT FILLER <\/strong>est un produit de comblement<strong> dermique <\/strong>qui associe <strong>de l&#8217;acide hyaluronique (23 mg\/ml) <\/strong>\u00e0 un puissant <strong>complexe bioactif <\/strong>pour <strong>un rajeunissement cutan\u00e9<\/strong> am\u00e9lior\u00e9. Il contient une formule compl\u00e8te de <strong>peptides,<\/strong> de <strong>vitamines, <\/strong>de <strong>min\u00e9raux et <\/strong>d&#8217;acides<strong> amin\u00e9s<\/strong>, sp\u00e9cialement con\u00e7ue pour une int\u00e9gration et une revitalisation optimales de la peau. Sa composition unique maximise <strong>l&#8217;hydratation et la r\u00e9g\u00e9n\u00e9ration cellulaire<\/strong>, stimulant efficacement <strong>la production naturelle de collag\u00e8ne<\/strong>.<\/p>\n","protected":false},"featured_media":110344,"comment_status":"closed","ping_status":"closed","template":"","meta":{"_acf_changed":false,"inline_featured_image":false},"product_brand":[1291],"product_cat":[1217],"product_tag":[1222],"class_list":{"0":"post-110340","1":"product","2":"type-product","3":"status-publish","4":"has-post-thumbnail","6":"product_brand-revofil","7":"product_cat-produits-de-comblement-dermique","8":"product_tag-dispositifs-medicaux","10":"first","11":"instock","12":"taxable","13":"shipping-taxable","14":"purchasable","15":"product-type-simple","16":"add-to-wishlist-before_image"},"acf":[],"yoast_head":"<!-- This site is optimized with the Yoast SEO plugin v27.3 - https:\/\/yoast.com\/product\/yoast-seo-wordpress\/ -->\n<title>Commander REVOFIL\u2122 AQUASHINE SOFT FILLER - 2 ml x 1 seringue pr\u00e9-remplie en ligne | Boutique en ligne | Kinami Health<\/title>\n<meta name=\"description\" content=\"Commandez Revofil Aquashine Soft Filler pour un rajeunissement et une hydratation exceptionnels de la peau. B\u00e9n\u00e9ficiez d&#039;une \u00e9lasticit\u00e9 et d&#039;un \u00e9clat am\u00e9lior\u00e9s gr\u00e2ce \u00e0 ce produit de comblement dermique haut de gamme contenant de l&#039;acide hyaluronique.\" \/>\n<meta name=\"robots\" content=\"index, follow, max-snippet:-1, max-image-preview:large, max-video-preview:-1\" \/>\n<link rel=\"canonical\" href=\"https:\/\/kinamihealth.com\/fr\/wp-json\/wp\/v2\/product\/110340\" \/>\n<meta property=\"og:locale\" content=\"fr_FR\" \/>\n<meta property=\"og:type\" content=\"article\" \/>\n<meta property=\"og:title\" content=\"Commander REVOFIL\u2122 AQUASHINE SOFT FILLER - 2 ml x 1 seringue pr\u00e9-remplie en ligne | Boutique en ligne | Kinami Health\" \/>\n<meta property=\"og:description\" content=\"Commandez Revofil Aquashine Soft Filler pour un rajeunissement et une hydratation exceptionnels de la peau. B\u00e9n\u00e9ficiez d&#039;une \u00e9lasticit\u00e9 et d&#039;un \u00e9clat am\u00e9lior\u00e9s gr\u00e2ce \u00e0 ce produit de comblement dermique haut de gamme contenant de l&#039;acide hyaluronique.\" \/>\n<meta property=\"og:url\" content=\"https:\/\/kinamihealth.com\/fr\/product\/revofil-aquashine-soft-filler-2ml-x-1-pre-filled-syringe\/\" \/>\n<meta property=\"og:site_name\" content=\"Kinami Health\" \/>\n<meta property=\"article:modified_time\" content=\"2026-01-21T15:58:59+00:00\" \/>\n<meta property=\"og:image\" content=\"https:\/\/kinamihealth.com\/wp-content\/uploads\/2025\/02\/REVOFIL-AQUASHINE-SOFTFILLER-2ML-04.jpg\" \/>\n\t<meta property=\"og:image:width\" content=\"800\" \/>\n\t<meta property=\"og:image:height\" content=\"800\" \/>\n\t<meta property=\"og:image:type\" content=\"image\/jpeg\" \/>\n<meta name=\"twitter:card\" content=\"summary_large_image\" \/>\n<meta name=\"twitter:label1\" content=\"Dur\u00e9e de lecture estim\u00e9e\" \/>\n\t<meta name=\"twitter:data1\" content=\"1 minute\" \/>\n<!-- \/ Yoast SEO plugin. -->","yoast_head_json":{"title":"Commander REVOFIL\u2122 AQUASHINE SOFT FILLER - 2 ml x 1 seringue pr\u00e9-remplie en ligne | Boutique en ligne | Kinami Health","description":"Commandez Revofil Aquashine Soft Filler pour un rajeunissement et une hydratation exceptionnels de la peau. B\u00e9n\u00e9ficiez d'une \u00e9lasticit\u00e9 et d'un \u00e9clat am\u00e9lior\u00e9s gr\u00e2ce \u00e0 ce produit de comblement dermique haut de gamme contenant de l'acide hyaluronique.","robots":{"index":"index","follow":"follow","max-snippet":"max-snippet:-1","max-image-preview":"max-image-preview:large","max-video-preview":"max-video-preview:-1"},"canonical":"https:\/\/kinamihealth.com\/fr\/wp-json\/wp\/v2\/product\/110340","og_locale":"fr_FR","og_type":"article","og_title":"Commander REVOFIL\u2122 AQUASHINE SOFT FILLER - 2 ml x 1 seringue pr\u00e9-remplie en ligne | Boutique en ligne | Kinami Health","og_description":"Commandez Revofil Aquashine Soft Filler pour un rajeunissement et une hydratation exceptionnels de la peau. B\u00e9n\u00e9ficiez d'une \u00e9lasticit\u00e9 et d'un \u00e9clat am\u00e9lior\u00e9s gr\u00e2ce \u00e0 ce produit de comblement dermique haut de gamme contenant de l'acide hyaluronique.","og_url":"https:\/\/kinamihealth.com\/fr\/product\/revofil-aquashine-soft-filler-2ml-x-1-pre-filled-syringe\/","og_site_name":"Kinami Health","article_modified_time":"2026-01-21T15:58:59+00:00","og_image":[{"width":800,"height":800,"url":"https:\/\/kinamihealth.com\/wp-content\/uploads\/2025\/02\/REVOFIL-AQUASHINE-SOFTFILLER-2ML-04.jpg","type":"image\/jpeg"}],"twitter_card":"summary_large_image","twitter_misc":{"Dur\u00e9e de lecture estim\u00e9e":"1 minute"},"schema":{"@context":"https:\/\/schema.org","@graph":[{"@type":"WebPage","@id":"https:\/\/kinamihealth.com\/fr\/product\/revofil-aquashine-soft-filler-2ml-x-1-pre-filled-syringe\/","url":"https:\/\/kinamihealth.com\/fr\/product\/revofil-aquashine-soft-filler-2ml-x-1-pre-filled-syringe\/","name":"Commander REVOFIL\u2122 AQUASHINE SOFT FILLER - 2 ml x 1 seringue pr\u00e9-remplie en ligne | Boutique en ligne | Kinami Health","isPartOf":{"@id":"https:\/\/kinamihealth.com\/#website"},"primaryImageOfPage":{"@id":"https:\/\/kinamihealth.com\/fr\/product\/revofil-aquashine-soft-filler-2ml-x-1-pre-filled-syringe\/#primaryimage"},"image":{"@id":"https:\/\/kinamihealth.com\/fr\/product\/revofil-aquashine-soft-filler-2ml-x-1-pre-filled-syringe\/#primaryimage"},"thumbnailUrl":"https:\/\/kinamihealth.com\/wp-content\/uploads\/2025\/02\/REVOFIL-AQUASHINE-SOFTFILLER-2ML-04.jpg","datePublished":"2025-02-15T16:57:24+00:00","dateModified":"2026-01-21T15:58:59+00:00","description":"Commandez Revofil Aquashine Soft Filler pour un rajeunissement et une hydratation exceptionnels de la peau. B\u00e9n\u00e9ficiez d'une \u00e9lasticit\u00e9 et d'un \u00e9clat am\u00e9lior\u00e9s gr\u00e2ce \u00e0 ce produit de comblement dermique haut de gamme contenant de l'acide hyaluronique.","breadcrumb":{"@id":"https:\/\/kinamihealth.com\/fr\/product\/revofil-aquashine-soft-filler-2ml-x-1-pre-filled-syringe\/#breadcrumb"},"inLanguage":"fr-FR","potentialAction":[{"@type":"ReadAction","target":["https:\/\/kinamihealth.com\/fr\/product\/revofil-aquashine-soft-filler-2ml-x-1-pre-filled-syringe\/"]}]},{"@type":"ImageObject","inLanguage":"fr-FR","@id":"https:\/\/kinamihealth.com\/fr\/product\/revofil-aquashine-soft-filler-2ml-x-1-pre-filled-syringe\/#primaryimage","url":"https:\/\/kinamihealth.com\/wp-content\/uploads\/2025\/02\/REVOFIL-AQUASHINE-SOFTFILLER-2ML-04.jpg","contentUrl":"https:\/\/kinamihealth.com\/wp-content\/uploads\/2025\/02\/REVOFIL-AQUASHINE-SOFTFILLER-2ML-04.jpg","width":800,"height":800},{"@type":"BreadcrumbList","@id":"https:\/\/kinamihealth.com\/fr\/product\/revofil-aquashine-soft-filler-2ml-x-1-pre-filled-syringe\/#breadcrumb","itemListElement":[{"@type":"ListItem","position":1,"name":"Page d'accueil","item":"https:\/\/kinamihealth.com\/"},{"@type":"ListItem","position":2,"name":"Boutique","item":"https:\/\/kinamihealth.com\/shop\/"},{"@type":"ListItem","position":3,"name":"REVOFIL\u2122 AQUASHINE SOFT FILLER &#8211; 2 ml x 1 seringue pr\u00e9-remplie"}]},{"@type":"WebSite","@id":"https:\/\/kinamihealth.com\/#website","url":"https:\/\/kinamihealth.com\/","name":"Kinami Health","description":"","publisher":{"@id":"https:\/\/kinamihealth.com\/#organization"},"potentialAction":[{"@type":"SearchAction","target":{"@type":"EntryPoint","urlTemplate":"https:\/\/kinamihealth.com\/?s={search_term_string}"},"query-input":{"@type":"PropertyValueSpecification","valueRequired":true,"valueName":"search_term_string"}}],"inLanguage":"fr-FR"},{"@type":"Organization","@id":"https:\/\/kinamihealth.com\/#organization","name":"Kinami Health","url":"https:\/\/kinamihealth.com\/","logo":{"@type":"ImageObject","inLanguage":"fr-FR","@id":"https:\/\/kinamihealth.com\/#\/schema\/logo\/image\/","url":"https:\/\/kinamihealth.com\/wp-content\/uploads\/2025\/01\/KH_logo_black_2-1.png","contentUrl":"https:\/\/kinamihealth.com\/wp-content\/uploads\/2025\/01\/KH_logo_black_2-1.png","width":339,"height":34,"caption":"Kinami Health"},"image":{"@id":"https:\/\/kinamihealth.com\/#\/schema\/logo\/image\/"}}]}},"_links":{"self":[{"href":"https:\/\/kinamihealth.com\/fr\/wp-json\/wp\/v2\/product\/110340","targetHints":{"allow":["GET"]}}],"collection":[{"href":"https:\/\/kinamihealth.com\/fr\/wp-json\/wp\/v2\/product"}],"about":[{"href":"https:\/\/kinamihealth.com\/fr\/wp-json\/wp\/v2\/types\/product"}],"replies":[{"embeddable":true,"href":"https:\/\/kinamihealth.com\/fr\/wp-json\/wp\/v2\/comments?post=110340"}],"version-history":[{"count":0,"href":"https:\/\/kinamihealth.com\/fr\/wp-json\/wp\/v2\/product\/110340\/revisions"}],"wp:featuredmedia":[{"embeddable":true,"href":"https:\/\/kinamihealth.com\/fr\/wp-json\/wp\/v2\/media\/110344"}],"wp:attachment":[{"href":"https:\/\/kinamihealth.com\/fr\/wp-json\/wp\/v2\/media?parent=110340"}],"wp:term":[{"taxonomy":"product_brand","embeddable":true,"href":"https:\/\/kinamihealth.com\/fr\/wp-json\/wp\/v2\/product_brand?post=110340"},{"taxonomy":"product_cat","embeddable":true,"href":"https:\/\/kinamihealth.com\/fr\/wp-json\/wp\/v2\/product_cat?post=110340"},{"taxonomy":"product_tag","embeddable":true,"href":"https:\/\/kinamihealth.com\/fr\/wp-json\/wp\/v2\/product_tag?post=110340"}],"curies":[{"name":"wp","href":"https:\/\/api.w.org\/{rel}","templated":true}]}}