{"id":110332,"date":"2025-02-15T16:57:22","date_gmt":"2025-02-15T16:57:22","guid":{"rendered":"https:\/\/kinamihealth.com\/product\/revofil-aquashine-ptx\/"},"modified":"2026-01-21T15:56:29","modified_gmt":"2026-01-21T15:56:29","slug":"revofil-aquashine-ptx","status":"publish","type":"product","link":"https:\/\/kinamihealth.com\/fr\/produit\/revofil-aquashine-ptx\/","title":{"rendered":"REVOFIL AQUASHINE PTX"},"content":{"rendered":"<p>Revofil Aquashine BTX est un produit de comblement dermique injectable et un skinbooster destin\u00e9 \u00e0 la m\u00e9soth\u00e9rapie. Revofil Aquashine BTX aide la peau rid\u00e9e \u00e0 se d\u00e9tendre, lissant ainsi sa surface. Ce produit de comblement peut contribuer \u00e0 corriger l&#8217;hyperpigmentation et hydrate la peau gr\u00e2ce aux propri\u00e9t\u00e9s de r\u00e9tention d&#8217;eau du hyaluronate de sodium.<\/p>\n","protected":false},"excerpt":{"rendered":"<p>Revofil Aquashine PTX est la <strong>solution ultime pour les professionnels de sant\u00e9 <\/strong>qui souhaitent proposer <strong>des traitements anti-\u00e2ge et de rajeunissement de la peau <\/strong>de qualit\u00e9 sup\u00e9rieure. Ce <strong>produit de comblement dermique et d&#8217;injection de m\u00e9soth\u00e9rapie <\/strong>de pointe exploite le pouvoir de <strong>l&#8217;acide hyaluronique et des peptides biomim\u00e9tiques <\/strong>pour hydrater en profondeur, raffermir et lisser la peau.<\/p>\n<p>Pour une qualit\u00e9 sup\u00e9rieure et une authenticit\u00e9 garantie, commandez Revofil Aquashine PTX sur <strong>la boutique en ligne Kinami Health<\/strong>, fournisseur de confiance de produits esth\u00e9tiques professionnels.<\/p>\n","protected":false},"featured_media":110333,"comment_status":"closed","ping_status":"closed","template":"","meta":{"_acf_changed":false,"inline_featured_image":false},"product_brand":[1291],"product_cat":[1217],"product_tag":[1222],"class_list":{"0":"post-110332","1":"product","2":"type-product","3":"status-publish","4":"has-post-thumbnail","6":"product_brand-revofil","7":"product_cat-produits-de-comblement-dermique","8":"product_tag-dispositifs-medicaux","10":"first","11":"instock","12":"taxable","13":"shipping-taxable","14":"purchasable","15":"product-type-simple","16":"add-to-wishlist-before_image"},"acf":[],"yoast_head":"<!-- This site is optimized with the Yoast SEO plugin v27.3 - https:\/\/yoast.com\/product\/yoast-seo-wordpress\/ -->\n<title>Commander REVOFIL AQUASHINE PTX en ligne | Boutique en ligne | Kinami Health<\/title>\n<meta name=\"description\" content=\"Commandez Revofil Aquashine PTX en ligne pour un rajeunissement avanc\u00e9 de la peau qui redonne du volume, raffermit la peau et r\u00e9duit les rides. Commandez d\u00e8s maintenant chez Kinami Health !\" \/>\n<meta name=\"robots\" content=\"index, follow, max-snippet:-1, max-image-preview:large, max-video-preview:-1\" \/>\n<link rel=\"canonical\" href=\"https:\/\/kinamihealth.com\/fr\/wp-json\/wp\/v2\/product\/110332\" \/>\n<meta property=\"og:locale\" content=\"fr_FR\" \/>\n<meta property=\"og:type\" content=\"article\" \/>\n<meta property=\"og:title\" content=\"Commander REVOFIL AQUASHINE PTX en ligne | Boutique en ligne | Kinami Health\" \/>\n<meta property=\"og:description\" content=\"Commandez Revofil Aquashine PTX en ligne pour un rajeunissement avanc\u00e9 de la peau qui redonne du volume, raffermit la peau et r\u00e9duit les rides. Commandez d\u00e8s maintenant chez Kinami Health !\" \/>\n<meta property=\"og:url\" content=\"https:\/\/kinamihealth.com\/fr\/product\/revofil-aquashine-ptx\/\" \/>\n<meta property=\"og:site_name\" content=\"Kinami Health\" \/>\n<meta property=\"article:modified_time\" content=\"2026-01-21T15:56:29+00:00\" \/>\n<meta property=\"og:image\" content=\"https:\/\/kinamihealth.com\/wp-content\/uploads\/2025\/02\/REVOFIL-AQUASHINE-BTX_PTX-01.jpg\" \/>\n\t<meta property=\"og:image:width\" content=\"800\" \/>\n\t<meta property=\"og:image:height\" content=\"800\" \/>\n\t<meta property=\"og:image:type\" content=\"image\/jpeg\" \/>\n<meta name=\"twitter:card\" content=\"summary_large_image\" \/>\n<meta name=\"twitter:label1\" content=\"Dur\u00e9e de lecture estim\u00e9e\" \/>\n\t<meta name=\"twitter:data1\" content=\"1 minute\" \/>\n<!-- \/ Yoast SEO plugin. -->","yoast_head_json":{"title":"Commander REVOFIL AQUASHINE PTX en ligne | Boutique en ligne | Kinami Health","description":"Commandez Revofil Aquashine PTX en ligne pour un rajeunissement avanc\u00e9 de la peau qui redonne du volume, raffermit la peau et r\u00e9duit les rides. Commandez d\u00e8s maintenant chez Kinami Health !","robots":{"index":"index","follow":"follow","max-snippet":"max-snippet:-1","max-image-preview":"max-image-preview:large","max-video-preview":"max-video-preview:-1"},"canonical":"https:\/\/kinamihealth.com\/fr\/wp-json\/wp\/v2\/product\/110332","og_locale":"fr_FR","og_type":"article","og_title":"Commander REVOFIL AQUASHINE PTX en ligne | Boutique en ligne | Kinami Health","og_description":"Commandez Revofil Aquashine PTX en ligne pour un rajeunissement avanc\u00e9 de la peau qui redonne du volume, raffermit la peau et r\u00e9duit les rides. Commandez d\u00e8s maintenant chez Kinami Health !","og_url":"https:\/\/kinamihealth.com\/fr\/product\/revofil-aquashine-ptx\/","og_site_name":"Kinami Health","article_modified_time":"2026-01-21T15:56:29+00:00","og_image":[{"width":800,"height":800,"url":"https:\/\/kinamihealth.com\/wp-content\/uploads\/2025\/02\/REVOFIL-AQUASHINE-BTX_PTX-01.jpg","type":"image\/jpeg"}],"twitter_card":"summary_large_image","twitter_misc":{"Dur\u00e9e de lecture estim\u00e9e":"1 minute"},"schema":{"@context":"https:\/\/schema.org","@graph":[{"@type":"WebPage","@id":"https:\/\/kinamihealth.com\/fr\/product\/revofil-aquashine-ptx\/","url":"https:\/\/kinamihealth.com\/fr\/product\/revofil-aquashine-ptx\/","name":"Commander REVOFIL AQUASHINE PTX en ligne | Boutique en ligne | Kinami Health","isPartOf":{"@id":"https:\/\/kinamihealth.com\/#website"},"primaryImageOfPage":{"@id":"https:\/\/kinamihealth.com\/fr\/product\/revofil-aquashine-ptx\/#primaryimage"},"image":{"@id":"https:\/\/kinamihealth.com\/fr\/product\/revofil-aquashine-ptx\/#primaryimage"},"thumbnailUrl":"https:\/\/kinamihealth.com\/wp-content\/uploads\/2025\/02\/REVOFIL-AQUASHINE-BTX_PTX-01.jpg","datePublished":"2025-02-15T16:57:22+00:00","dateModified":"2026-01-21T15:56:29+00:00","description":"Commandez Revofil Aquashine PTX en ligne pour un rajeunissement avanc\u00e9 de la peau qui redonne du volume, raffermit la peau et r\u00e9duit les rides. Commandez d\u00e8s maintenant chez Kinami Health !","breadcrumb":{"@id":"https:\/\/kinamihealth.com\/fr\/product\/revofil-aquashine-ptx\/#breadcrumb"},"inLanguage":"fr-FR","potentialAction":[{"@type":"ReadAction","target":["https:\/\/kinamihealth.com\/fr\/product\/revofil-aquashine-ptx\/"]}]},{"@type":"ImageObject","inLanguage":"fr-FR","@id":"https:\/\/kinamihealth.com\/fr\/product\/revofil-aquashine-ptx\/#primaryimage","url":"https:\/\/kinamihealth.com\/wp-content\/uploads\/2025\/02\/REVOFIL-AQUASHINE-BTX_PTX-01.jpg","contentUrl":"https:\/\/kinamihealth.com\/wp-content\/uploads\/2025\/02\/REVOFIL-AQUASHINE-BTX_PTX-01.jpg","width":800,"height":800},{"@type":"BreadcrumbList","@id":"https:\/\/kinamihealth.com\/fr\/product\/revofil-aquashine-ptx\/#breadcrumb","itemListElement":[{"@type":"ListItem","position":1,"name":"Page d'accueil","item":"https:\/\/kinamihealth.com\/"},{"@type":"ListItem","position":2,"name":"Boutique","item":"https:\/\/kinamihealth.com\/shop\/"},{"@type":"ListItem","position":3,"name":"REVOFIL AQUASHINE PTX"}]},{"@type":"WebSite","@id":"https:\/\/kinamihealth.com\/#website","url":"https:\/\/kinamihealth.com\/","name":"Kinami Health","description":"","publisher":{"@id":"https:\/\/kinamihealth.com\/#organization"},"potentialAction":[{"@type":"SearchAction","target":{"@type":"EntryPoint","urlTemplate":"https:\/\/kinamihealth.com\/?s={search_term_string}"},"query-input":{"@type":"PropertyValueSpecification","valueRequired":true,"valueName":"search_term_string"}}],"inLanguage":"fr-FR"},{"@type":"Organization","@id":"https:\/\/kinamihealth.com\/#organization","name":"Kinami Health","url":"https:\/\/kinamihealth.com\/","logo":{"@type":"ImageObject","inLanguage":"fr-FR","@id":"https:\/\/kinamihealth.com\/#\/schema\/logo\/image\/","url":"https:\/\/kinamihealth.com\/wp-content\/uploads\/2025\/01\/KH_logo_black_2-1.png","contentUrl":"https:\/\/kinamihealth.com\/wp-content\/uploads\/2025\/01\/KH_logo_black_2-1.png","width":339,"height":34,"caption":"Kinami Health"},"image":{"@id":"https:\/\/kinamihealth.com\/#\/schema\/logo\/image\/"}}]}},"_links":{"self":[{"href":"https:\/\/kinamihealth.com\/fr\/wp-json\/wp\/v2\/product\/110332","targetHints":{"allow":["GET"]}}],"collection":[{"href":"https:\/\/kinamihealth.com\/fr\/wp-json\/wp\/v2\/product"}],"about":[{"href":"https:\/\/kinamihealth.com\/fr\/wp-json\/wp\/v2\/types\/product"}],"replies":[{"embeddable":true,"href":"https:\/\/kinamihealth.com\/fr\/wp-json\/wp\/v2\/comments?post=110332"}],"version-history":[{"count":0,"href":"https:\/\/kinamihealth.com\/fr\/wp-json\/wp\/v2\/product\/110332\/revisions"}],"wp:featuredmedia":[{"embeddable":true,"href":"https:\/\/kinamihealth.com\/fr\/wp-json\/wp\/v2\/media\/110333"}],"wp:attachment":[{"href":"https:\/\/kinamihealth.com\/fr\/wp-json\/wp\/v2\/media?parent=110332"}],"wp:term":[{"taxonomy":"product_brand","embeddable":true,"href":"https:\/\/kinamihealth.com\/fr\/wp-json\/wp\/v2\/product_brand?post=110332"},{"taxonomy":"product_cat","embeddable":true,"href":"https:\/\/kinamihealth.com\/fr\/wp-json\/wp\/v2\/product_cat?post=110332"},{"taxonomy":"product_tag","embeddable":true,"href":"https:\/\/kinamihealth.com\/fr\/wp-json\/wp\/v2\/product_tag?post=110332"}],"curies":[{"name":"wp","href":"https:\/\/api.w.org\/{rel}","templated":true}]}}