{"id":110316,"date":"2025-02-15T16:57:21","date_gmt":"2025-02-15T16:57:21","guid":{"rendered":"https:\/\/kinamihealth.com\/product\/revofil-aquashine-br-soft-filler-2-ml-x-1-seringue-pre-remplie\/"},"modified":"2026-01-21T15:56:16","modified_gmt":"2026-01-21T15:56:16","slug":"revofil-aquashine-br-soft-filler-2-ml-x-1-seringue-pre-remplie","status":"publish","type":"product","link":"https:\/\/kinamihealth.com\/fr\/produit\/revofil-aquashine-br-soft-filler-2-ml-x-1-seringue-pre-remplie\/","title":{"rendered":"REVOFIL\u2122 AQUASHINE BR SOFT FILLER &#8211; 2 ml x 1 seringue pr\u00e9-remplie"},"content":{"rendered":"<p>Aquashine BR Soft Filler lisse efficacement les rides fines gr\u00e2ce \u00e0 son complexe d&#8217;ingr\u00e9dients actifs. Ce produit permet \u00e9galement d&#8217;att\u00e9nuer les probl\u00e8mes cutan\u00e9s tels que le teint terne et jaun\u00e2tre. Aquashine BR Soft Filler est un gel transparent et st\u00e9rile destin\u00e9 \u00e0 la m\u00e9soth\u00e9rapie. Il contient de l&#8217;acide hyaluronique pur, qui hydrate la peau de mani\u00e8re particuli\u00e8rement intense. La texture de la peau est visiblement affin\u00e9e. En plus de l&#8217;acide hyaluronique, des ingr\u00e9dients bioactifs tels que des acides amin\u00e9s et des multivitamines ont un fort effet rajeunissant. La r\u00e9g\u00e9n\u00e9ration cellulaire est stimul\u00e9e et la peau retrouve son \u00e9lasticit\u00e9 et sa r\u00e9silience. Aquashine BR Soft Filler peut \u00eatre utilis\u00e9 sur le visage, le cou, le d\u00e9collet\u00e9 et les mains. Il procure un effet lifting prononc\u00e9 et un effet d\u00e9pigmentant notable gr\u00e2ce \u00e0 la diminution de la synth\u00e8se de m\u00e9lanine.<\/p>\n","protected":false},"excerpt":{"rendered":"<p>D\u00e9couvrez le rajeunissement de la peau \u00e0 un niveau sup\u00e9rieur avec REVOFIL\u2122 AQUASHINE BR SOFT FILLER &#8211; 2 ml x 1 seringue pr\u00e9-remplie, une <strong>combinaison<\/strong> r\u00e9volutionnaire <strong>de produit de comblement dermique et d&#8217;injection de m\u00e9soth\u00e9rapie<\/strong>. Gr\u00e2ce \u00e0 <strong>l&#8217;acide hyaluronique non r\u00e9ticul\u00e9, <\/strong>aux peptides bioactifs, aux acides amin\u00e9s, aux vitamines et aux min\u00e9raux essentiels, Revofil Aquashine BR Soft Filler va au-del\u00e0 des produits de comblement traditionnels en restaurant non seulement le volume perdu, mais aussi <strong>en stimulant activement la production de collag\u00e8ne. <\/strong>Le r\u00e9sultat ? <strong>Une peau plus pulpeuse, plus ferme et magnifiquement rajeunie, <\/strong>avec une hydratation et un \u00e9clat durables.<\/p>\n<p><strong>Disponible exclusivement pour les praticiens agr\u00e9\u00e9s<\/strong>, les professionnels de sant\u00e9 peuvent commander Revofil Aquashine BR Soft Filler en ligne chez <strong>Kinami Health<\/strong>, votre destination de confiance pour <strong>des solutions esth\u00e9tiques et des produits de comblement dermique <\/strong>haut de gamme.<\/p>\n","protected":false},"featured_media":110323,"comment_status":"closed","ping_status":"closed","template":"","meta":{"_acf_changed":false,"inline_featured_image":false},"product_brand":[1291],"product_cat":[1217],"product_tag":[1222],"class_list":{"0":"post-110316","1":"product","2":"type-product","3":"status-publish","4":"has-post-thumbnail","6":"product_brand-revofil","7":"product_cat-produits-de-comblement-dermique","8":"product_tag-dispositifs-medicaux","10":"first","11":"instock","12":"taxable","13":"shipping-taxable","14":"purchasable","15":"product-type-simple","16":"add-to-wishlist-before_image"},"acf":[],"yoast_head":"<!-- This site is optimized with the Yoast SEO plugin v27.1.1 - https:\/\/yoast.com\/product\/yoast-seo-wordpress\/ -->\n<title>Commander REVOFIL AQUASHINE BR SOFT FILLER - 2 ml x 1 seringue pr\u00e9-remplie en ligne | Boutique en ligne | Kinami Health<\/title>\n<meta name=\"description\" content=\"Commandez Revofil Aquashine BR Soft Filler en ligne pour une hydratation en profondeur, un rajeunissement de la peau et des effets anti-\u00e2ge. Disponible pour les professionnels chez Kinami Health.\" \/>\n<meta name=\"robots\" content=\"index, follow, max-snippet:-1, max-image-preview:large, max-video-preview:-1\" \/>\n<link rel=\"canonical\" href=\"https:\/\/kinamihealth.com\/fr\/wp-json\/wp\/v2\/product\/110316\" \/>\n<meta property=\"og:locale\" content=\"fr_FR\" \/>\n<meta property=\"og:type\" content=\"article\" \/>\n<meta property=\"og:title\" content=\"Commander REVOFIL AQUASHINE BR SOFT FILLER - 2 ml x 1 seringue pr\u00e9-remplie en ligne | Boutique en ligne | Kinami Health\" \/>\n<meta property=\"og:description\" content=\"Commandez Revofil Aquashine BR Soft Filler en ligne pour une hydratation en profondeur, un rajeunissement de la peau et des effets anti-\u00e2ge. Disponible pour les professionnels chez Kinami Health.\" \/>\n<meta property=\"og:url\" content=\"https:\/\/kinamihealth.com\/fr\/product\/revofil-aquashine-br-soft-filler-2-ml-x-1-seringue-pre-remplie\/\" \/>\n<meta property=\"og:site_name\" content=\"Kinami Health\" \/>\n<meta property=\"article:modified_time\" content=\"2026-01-21T15:56:16+00:00\" \/>\n<meta property=\"og:image\" content=\"https:\/\/kinamihealth.com\/wp-content\/uploads\/2025\/02\/REVOFIL-AQUASHINE-SOFTFILLER-2ML-01-1.jpg\" \/>\n\t<meta property=\"og:image:width\" content=\"800\" \/>\n\t<meta property=\"og:image:height\" content=\"800\" \/>\n\t<meta property=\"og:image:type\" content=\"image\/jpeg\" \/>\n<meta name=\"twitter:card\" content=\"summary_large_image\" \/>\n<meta name=\"twitter:label1\" content=\"Dur\u00e9e de lecture estim\u00e9e\" \/>\n\t<meta name=\"twitter:data1\" content=\"1 minute\" \/>\n<!-- \/ Yoast SEO plugin. -->","yoast_head_json":{"title":"Commander REVOFIL AQUASHINE BR SOFT FILLER - 2 ml x 1 seringue pr\u00e9-remplie en ligne | Boutique en ligne | Kinami Health","description":"Commandez Revofil Aquashine BR Soft Filler en ligne pour une hydratation en profondeur, un rajeunissement de la peau et des effets anti-\u00e2ge. Disponible pour les professionnels chez Kinami Health.","robots":{"index":"index","follow":"follow","max-snippet":"max-snippet:-1","max-image-preview":"max-image-preview:large","max-video-preview":"max-video-preview:-1"},"canonical":"https:\/\/kinamihealth.com\/fr\/wp-json\/wp\/v2\/product\/110316","og_locale":"fr_FR","og_type":"article","og_title":"Commander REVOFIL AQUASHINE BR SOFT FILLER - 2 ml x 1 seringue pr\u00e9-remplie en ligne | Boutique en ligne | Kinami Health","og_description":"Commandez Revofil Aquashine BR Soft Filler en ligne pour une hydratation en profondeur, un rajeunissement de la peau et des effets anti-\u00e2ge. Disponible pour les professionnels chez Kinami Health.","og_url":"https:\/\/kinamihealth.com\/fr\/product\/revofil-aquashine-br-soft-filler-2-ml-x-1-seringue-pre-remplie\/","og_site_name":"Kinami Health","article_modified_time":"2026-01-21T15:56:16+00:00","og_image":[{"width":800,"height":800,"url":"https:\/\/kinamihealth.com\/wp-content\/uploads\/2025\/02\/REVOFIL-AQUASHINE-SOFTFILLER-2ML-01-1.jpg","type":"image\/jpeg"}],"twitter_card":"summary_large_image","twitter_misc":{"Dur\u00e9e de lecture estim\u00e9e":"1 minute"},"schema":{"@context":"https:\/\/schema.org","@graph":[{"@type":"WebPage","@id":"https:\/\/kinamihealth.com\/fr\/product\/revofil-aquashine-br-soft-filler-2-ml-x-1-seringue-pre-remplie\/","url":"https:\/\/kinamihealth.com\/fr\/product\/revofil-aquashine-br-soft-filler-2-ml-x-1-seringue-pre-remplie\/","name":"Commander REVOFIL AQUASHINE BR SOFT FILLER - 2 ml x 1 seringue pr\u00e9-remplie en ligne | Boutique en ligne | Kinami Health","isPartOf":{"@id":"https:\/\/kinamihealth.com\/#website"},"primaryImageOfPage":{"@id":"https:\/\/kinamihealth.com\/fr\/product\/revofil-aquashine-br-soft-filler-2-ml-x-1-seringue-pre-remplie\/#primaryimage"},"image":{"@id":"https:\/\/kinamihealth.com\/fr\/product\/revofil-aquashine-br-soft-filler-2-ml-x-1-seringue-pre-remplie\/#primaryimage"},"thumbnailUrl":"https:\/\/kinamihealth.com\/wp-content\/uploads\/2025\/02\/REVOFIL-AQUASHINE-SOFTFILLER-2ML-01-1.jpg","datePublished":"2025-02-15T16:57:21+00:00","dateModified":"2026-01-21T15:56:16+00:00","description":"Commandez Revofil Aquashine BR Soft Filler en ligne pour une hydratation en profondeur, un rajeunissement de la peau et des effets anti-\u00e2ge. Disponible pour les professionnels chez Kinami Health.","breadcrumb":{"@id":"https:\/\/kinamihealth.com\/fr\/product\/revofil-aquashine-br-soft-filler-2-ml-x-1-seringue-pre-remplie\/#breadcrumb"},"inLanguage":"fr-FR","potentialAction":[{"@type":"ReadAction","target":["https:\/\/kinamihealth.com\/fr\/product\/revofil-aquashine-br-soft-filler-2-ml-x-1-seringue-pre-remplie\/"]}]},{"@type":"ImageObject","inLanguage":"fr-FR","@id":"https:\/\/kinamihealth.com\/fr\/product\/revofil-aquashine-br-soft-filler-2-ml-x-1-seringue-pre-remplie\/#primaryimage","url":"https:\/\/kinamihealth.com\/wp-content\/uploads\/2025\/02\/REVOFIL-AQUASHINE-SOFTFILLER-2ML-01-1.jpg","contentUrl":"https:\/\/kinamihealth.com\/wp-content\/uploads\/2025\/02\/REVOFIL-AQUASHINE-SOFTFILLER-2ML-01-1.jpg","width":800,"height":800},{"@type":"BreadcrumbList","@id":"https:\/\/kinamihealth.com\/fr\/product\/revofil-aquashine-br-soft-filler-2-ml-x-1-seringue-pre-remplie\/#breadcrumb","itemListElement":[{"@type":"ListItem","position":1,"name":"Page d'accueil","item":"https:\/\/kinamihealth.com\/"},{"@type":"ListItem","position":2,"name":"Boutique","item":"https:\/\/kinamihealth.com\/shop\/"},{"@type":"ListItem","position":3,"name":"REVOFIL\u2122 AQUASHINE BR SOFT FILLER &#8211; 2 ml x 1 seringue pr\u00e9-remplie"}]},{"@type":"WebSite","@id":"https:\/\/kinamihealth.com\/#website","url":"https:\/\/kinamihealth.com\/","name":"Kinami Health","description":"","publisher":{"@id":"https:\/\/kinamihealth.com\/#organization"},"potentialAction":[{"@type":"SearchAction","target":{"@type":"EntryPoint","urlTemplate":"https:\/\/kinamihealth.com\/?s={search_term_string}"},"query-input":{"@type":"PropertyValueSpecification","valueRequired":true,"valueName":"search_term_string"}}],"inLanguage":"fr-FR"},{"@type":"Organization","@id":"https:\/\/kinamihealth.com\/#organization","name":"Kinami Health","url":"https:\/\/kinamihealth.com\/","logo":{"@type":"ImageObject","inLanguage":"fr-FR","@id":"https:\/\/kinamihealth.com\/#\/schema\/logo\/image\/","url":"https:\/\/kinamihealth.com\/wp-content\/uploads\/2025\/01\/KH_logo_black_2-1.png","contentUrl":"https:\/\/kinamihealth.com\/wp-content\/uploads\/2025\/01\/KH_logo_black_2-1.png","width":339,"height":34,"caption":"Kinami Health"},"image":{"@id":"https:\/\/kinamihealth.com\/#\/schema\/logo\/image\/"}}]}},"_links":{"self":[{"href":"https:\/\/kinamihealth.com\/fr\/wp-json\/wp\/v2\/product\/110316","targetHints":{"allow":["GET"]}}],"collection":[{"href":"https:\/\/kinamihealth.com\/fr\/wp-json\/wp\/v2\/product"}],"about":[{"href":"https:\/\/kinamihealth.com\/fr\/wp-json\/wp\/v2\/types\/product"}],"replies":[{"embeddable":true,"href":"https:\/\/kinamihealth.com\/fr\/wp-json\/wp\/v2\/comments?post=110316"}],"version-history":[{"count":0,"href":"https:\/\/kinamihealth.com\/fr\/wp-json\/wp\/v2\/product\/110316\/revisions"}],"wp:featuredmedia":[{"embeddable":true,"href":"https:\/\/kinamihealth.com\/fr\/wp-json\/wp\/v2\/media\/110323"}],"wp:attachment":[{"href":"https:\/\/kinamihealth.com\/fr\/wp-json\/wp\/v2\/media?parent=110316"}],"wp:term":[{"taxonomy":"product_brand","embeddable":true,"href":"https:\/\/kinamihealth.com\/fr\/wp-json\/wp\/v2\/product_brand?post=110316"},{"taxonomy":"product_cat","embeddable":true,"href":"https:\/\/kinamihealth.com\/fr\/wp-json\/wp\/v2\/product_cat?post=110316"},{"taxonomy":"product_tag","embeddable":true,"href":"https:\/\/kinamihealth.com\/fr\/wp-json\/wp\/v2\/product_tag?post=110316"}],"curies":[{"name":"wp","href":"https:\/\/api.w.org\/{rel}","templated":true}]}}