{"id":110307,"date":"2025-02-15T16:57:32","date_gmt":"2025-02-15T16:57:32","guid":{"rendered":"https:\/\/kinamihealth.com\/product\/revolax-deep-lidocaine\/"},"modified":"2026-01-21T15:58:48","modified_gmt":"2026-01-21T15:58:48","slug":"revolax-deep-lidocaine","status":"publish","type":"product","link":"https:\/\/kinamihealth.com\/fr\/produit\/revolax-deep-lidocaine\/","title":{"rendered":"REVOLAX\u2122 DEEP Lidocaine"},"content":{"rendered":"<p>REVOLAX\u2122 Deep avec lidoca\u00efne est un gel dense de longue dur\u00e9e, d\u00e9velopp\u00e9 pour le traitement des rides profondes. Il est particuli\u00e8rement adapt\u00e9 au traitement des sillons nasog\u00e9niens, \u00e0 la rhinoplastie non chirurgicale et \u00e0 l&#8217;augmentation des joues, du menton et des l\u00e8vres. Ce produit de comblement monophas\u00e9 \u00e0 base d&#8217;acide hyaluronique doit \u00eatre inject\u00e9 dans le derme profond ou le tissu sous-cutan\u00e9.<\/p>\n","protected":false},"excerpt":{"rendered":"<p><strong>Revolax Deep avec lidoca\u00efne <\/strong>est un <strong>produit de comblement dermique<\/strong> avanc\u00e9 formul\u00e9 pour <strong>l&#8217;am\u00e9lioration des tissus profonds et le remodelage du visage<\/strong>. Ce produit injectable haut de gamme associe <strong>de l&#8217;acide hyaluronique<\/strong> r\u00e9ticul\u00e9 hautement purifi\u00e9 <strong>(24 mg\/ml) \u00e0 de la lidoca\u00efne (0,3 %) <\/strong>pour offrir des r\u00e9sultats exceptionnels tout en garantissant le confort du patient. Sa <strong>structure gel monophas\u00e9<\/strong> unique permet une restauration fiable du volume et <strong>des r\u00e9sultats d&#8217;apparence naturelle pour les rides profondes, le remodelage du visage et l&#8217;am\u00e9lioration des tissus<\/strong>.<\/p>\n","protected":false},"featured_media":110308,"comment_status":"closed","ping_status":"closed","template":"","meta":{"_acf_changed":false,"inline_featured_image":false},"product_brand":[1292],"product_cat":[1217],"product_tag":[1222],"class_list":{"0":"post-110307","1":"product","2":"type-product","3":"status-publish","4":"has-post-thumbnail","6":"product_brand-revolax","7":"product_cat-produits-de-comblement-dermique","8":"product_tag-dispositifs-medicaux","10":"first","11":"instock","12":"taxable","13":"shipping-taxable","14":"purchasable","15":"product-type-simple","16":"add-to-wishlist-before_image"},"acf":[],"yoast_head":"<!-- This site is optimized with the Yoast SEO plugin v27.5 - https:\/\/yoast.com\/product\/yoast-seo-wordpress\/ -->\n<title>Commander REVOLAX\u2122 DEEP Lidocaine en ligne | Boutique en ligne | Kinami Health<\/title>\n<meta name=\"description\" content=\"Commandez Revolax Deep avec lidoca\u00efne en ligne. Il contient de l&#039;acide hyaluronique et de la lidoca\u00efne pour corriger les rides et restaurer le volume de mani\u00e8re naturelle et indolore.\" \/>\n<meta name=\"robots\" content=\"index, follow, max-snippet:-1, max-image-preview:large, max-video-preview:-1\" \/>\n<link rel=\"canonical\" href=\"https:\/\/kinamihealth.com\/fr\/wp-json\/wp\/v2\/product\/110307\" \/>\n<meta property=\"og:locale\" content=\"fr_FR\" \/>\n<meta property=\"og:type\" content=\"article\" \/>\n<meta property=\"og:title\" content=\"Commander REVOLAX\u2122 DEEP Lidocaine en ligne | Boutique en ligne | Kinami Health\" \/>\n<meta property=\"og:description\" content=\"Commandez Revolax Deep avec lidoca\u00efne en ligne. Il contient de l&#039;acide hyaluronique et de la lidoca\u00efne pour corriger les rides et restaurer le volume de mani\u00e8re naturelle et indolore.\" \/>\n<meta property=\"og:url\" content=\"https:\/\/kinamihealth.com\/fr\/product\/revolax-deep-lidocaine\/\" \/>\n<meta property=\"og:site_name\" content=\"Kinami Health\" \/>\n<meta property=\"article:modified_time\" content=\"2026-01-21T15:58:48+00:00\" \/>\n<meta property=\"og:image\" content=\"https:\/\/kinamihealth.com\/wp-content\/uploads\/2025\/02\/REVOLAX-DEEP-LIDOCAINE-01.jpg\" \/>\n\t<meta property=\"og:image:width\" content=\"800\" \/>\n\t<meta property=\"og:image:height\" content=\"800\" \/>\n\t<meta property=\"og:image:type\" content=\"image\/jpeg\" \/>\n<meta name=\"twitter:card\" content=\"summary_large_image\" \/>\n<meta name=\"twitter:label1\" content=\"Dur\u00e9e de lecture estim\u00e9e\" \/>\n\t<meta name=\"twitter:data1\" content=\"1 minute\" \/>\n<!-- \/ Yoast SEO plugin. -->","yoast_head_json":{"title":"Commander REVOLAX\u2122 DEEP Lidocaine en ligne | Boutique en ligne | Kinami Health","description":"Commandez Revolax Deep avec lidoca\u00efne en ligne. Il contient de l'acide hyaluronique et de la lidoca\u00efne pour corriger les rides et restaurer le volume de mani\u00e8re naturelle et indolore.","robots":{"index":"index","follow":"follow","max-snippet":"max-snippet:-1","max-image-preview":"max-image-preview:large","max-video-preview":"max-video-preview:-1"},"canonical":"https:\/\/kinamihealth.com\/fr\/wp-json\/wp\/v2\/product\/110307","og_locale":"fr_FR","og_type":"article","og_title":"Commander REVOLAX\u2122 DEEP Lidocaine en ligne | Boutique en ligne | Kinami Health","og_description":"Commandez Revolax Deep avec lidoca\u00efne en ligne. Il contient de l'acide hyaluronique et de la lidoca\u00efne pour corriger les rides et restaurer le volume de mani\u00e8re naturelle et indolore.","og_url":"https:\/\/kinamihealth.com\/fr\/product\/revolax-deep-lidocaine\/","og_site_name":"Kinami Health","article_modified_time":"2026-01-21T15:58:48+00:00","og_image":[{"width":800,"height":800,"url":"https:\/\/kinamihealth.com\/wp-content\/uploads\/2025\/02\/REVOLAX-DEEP-LIDOCAINE-01.jpg","type":"image\/jpeg"}],"twitter_card":"summary_large_image","twitter_misc":{"Dur\u00e9e de lecture estim\u00e9e":"1 minute"},"schema":{"@context":"https:\/\/schema.org","@graph":[{"@type":"WebPage","@id":"https:\/\/kinamihealth.com\/fr\/product\/revolax-deep-lidocaine\/","url":"https:\/\/kinamihealth.com\/fr\/product\/revolax-deep-lidocaine\/","name":"Commander REVOLAX\u2122 DEEP Lidocaine en ligne | Boutique en ligne | Kinami Health","isPartOf":{"@id":"https:\/\/kinamihealth.com\/#website"},"primaryImageOfPage":{"@id":"https:\/\/kinamihealth.com\/fr\/product\/revolax-deep-lidocaine\/#primaryimage"},"image":{"@id":"https:\/\/kinamihealth.com\/fr\/product\/revolax-deep-lidocaine\/#primaryimage"},"thumbnailUrl":"https:\/\/kinamihealth.com\/wp-content\/uploads\/2025\/02\/REVOLAX-DEEP-LIDOCAINE-01.jpg","datePublished":"2025-02-15T16:57:32+00:00","dateModified":"2026-01-21T15:58:48+00:00","description":"Commandez Revolax Deep avec lidoca\u00efne en ligne. Il contient de l'acide hyaluronique et de la lidoca\u00efne pour corriger les rides et restaurer le volume de mani\u00e8re naturelle et indolore.","breadcrumb":{"@id":"https:\/\/kinamihealth.com\/fr\/product\/revolax-deep-lidocaine\/#breadcrumb"},"inLanguage":"fr-FR","potentialAction":[{"@type":"ReadAction","target":["https:\/\/kinamihealth.com\/fr\/product\/revolax-deep-lidocaine\/"]}]},{"@type":"ImageObject","inLanguage":"fr-FR","@id":"https:\/\/kinamihealth.com\/fr\/product\/revolax-deep-lidocaine\/#primaryimage","url":"https:\/\/kinamihealth.com\/wp-content\/uploads\/2025\/02\/REVOLAX-DEEP-LIDOCAINE-01.jpg","contentUrl":"https:\/\/kinamihealth.com\/wp-content\/uploads\/2025\/02\/REVOLAX-DEEP-LIDOCAINE-01.jpg","width":800,"height":800},{"@type":"BreadcrumbList","@id":"https:\/\/kinamihealth.com\/fr\/product\/revolax-deep-lidocaine\/#breadcrumb","itemListElement":[{"@type":"ListItem","position":1,"name":"Page d'accueil","item":"https:\/\/kinamihealth.com\/"},{"@type":"ListItem","position":2,"name":"Boutique","item":"https:\/\/kinamihealth.com\/shop\/"},{"@type":"ListItem","position":3,"name":"REVOLAX\u2122 DEEP Lidocaine"}]},{"@type":"WebSite","@id":"https:\/\/kinamihealth.com\/#website","url":"https:\/\/kinamihealth.com\/","name":"Kinami Health","description":"","publisher":{"@id":"https:\/\/kinamihealth.com\/#organization"},"potentialAction":[{"@type":"SearchAction","target":{"@type":"EntryPoint","urlTemplate":"https:\/\/kinamihealth.com\/?s={search_term_string}"},"query-input":{"@type":"PropertyValueSpecification","valueRequired":true,"valueName":"search_term_string"}}],"inLanguage":"fr-FR"},{"@type":"Organization","@id":"https:\/\/kinamihealth.com\/#organization","name":"Kinami Health","url":"https:\/\/kinamihealth.com\/","logo":{"@type":"ImageObject","inLanguage":"fr-FR","@id":"https:\/\/kinamihealth.com\/#\/schema\/logo\/image\/","url":"https:\/\/kinamihealth.com\/wp-content\/uploads\/2025\/01\/KH_logo_black_2-1.png","contentUrl":"https:\/\/kinamihealth.com\/wp-content\/uploads\/2025\/01\/KH_logo_black_2-1.png","width":339,"height":34,"caption":"Kinami Health"},"image":{"@id":"https:\/\/kinamihealth.com\/#\/schema\/logo\/image\/"}}]}},"_links":{"self":[{"href":"https:\/\/kinamihealth.com\/fr\/wp-json\/wp\/v2\/product\/110307","targetHints":{"allow":["GET"]}}],"collection":[{"href":"https:\/\/kinamihealth.com\/fr\/wp-json\/wp\/v2\/product"}],"about":[{"href":"https:\/\/kinamihealth.com\/fr\/wp-json\/wp\/v2\/types\/product"}],"replies":[{"embeddable":true,"href":"https:\/\/kinamihealth.com\/fr\/wp-json\/wp\/v2\/comments?post=110307"}],"version-history":[{"count":0,"href":"https:\/\/kinamihealth.com\/fr\/wp-json\/wp\/v2\/product\/110307\/revisions"}],"wp:featuredmedia":[{"embeddable":true,"href":"https:\/\/kinamihealth.com\/fr\/wp-json\/wp\/v2\/media\/110308"}],"wp:attachment":[{"href":"https:\/\/kinamihealth.com\/fr\/wp-json\/wp\/v2\/media?parent=110307"}],"wp:term":[{"taxonomy":"product_brand","embeddable":true,"href":"https:\/\/kinamihealth.com\/fr\/wp-json\/wp\/v2\/product_brand?post=110307"},{"taxonomy":"product_cat","embeddable":true,"href":"https:\/\/kinamihealth.com\/fr\/wp-json\/wp\/v2\/product_cat?post=110307"},{"taxonomy":"product_tag","embeddable":true,"href":"https:\/\/kinamihealth.com\/fr\/wp-json\/wp\/v2\/product_tag?post=110307"}],"curies":[{"name":"wp","href":"https:\/\/api.w.org\/{rel}","templated":true}]}}