{"id":110304,"date":"2025-02-15T16:57:42","date_gmt":"2025-02-15T16:57:42","guid":{"rendered":"https:\/\/kinamihealth.com\/product\/saypha-volume-lidocaine\/"},"modified":"2026-01-28T10:35:45","modified_gmt":"2026-01-28T10:35:45","slug":"saypha-volume-lidocaine","status":"publish","type":"product","link":"https:\/\/kinamihealth.com\/fr\/produit\/saypha-volume-lidocaine\/","title":{"rendered":"SAYPHA\u00ae VOLUME Lidocaine"},"content":{"rendered":"<p>L&#8217;ingr\u00e9dient cl\u00e9 de Saypha\u00ae Volume Lidocaine est l&#8217;acide hyaluronique. Ce produit est con\u00e7u pour \u00e9liminer les rides en restaurant le volume du visage. Saypha\u00ae Volume Lidocaine est id\u00e9al pour la correction des rides et plis profonds du visage, des d\u00e9pressions cutan\u00e9es, des contours du visage et la cr\u00e9ation de volume. Ce produit contient de la lidoca\u00efne, un anesth\u00e9sique puissant, pour une injection plus confortable. Il remplace l&#8217;ancien Princess Volume Lidocaine.<\/p>\n","protected":false},"excerpt":{"rendered":"<p>L&#8217;ingr\u00e9dient cl\u00e9 de Saypha\u00ae Volume Lidocaine est l&#8217;acide hyaluronique. Ce produit est con\u00e7u pour \u00e9liminer les rides en restaurant le volume du visage. Saypha\u00ae Volume Lidocaine est id\u00e9al pour la correction des rides et plis profonds du visage, des d\u00e9pressions cutan\u00e9es, des contours du visage et la cr\u00e9ation de volume. Ce produit contient de la [&hellip;]<\/p>\n","protected":false},"featured_media":110299,"comment_status":"closed","ping_status":"closed","template":"","meta":{"_acf_changed":false,"inline_featured_image":false},"product_brand":[1293],"product_cat":[1217],"product_tag":[1222],"class_list":{"0":"post-110304","1":"product","2":"type-product","3":"status-publish","4":"has-post-thumbnail","6":"product_brand-saypha","7":"product_cat-produits-de-comblement-dermique","8":"product_tag-dispositifs-medicaux","10":"first","11":"instock","12":"taxable","13":"shipping-taxable","14":"purchasable","15":"product-type-simple","16":"add-to-wishlist-before_image"},"acf":[],"yoast_head":"<!-- This site is optimized with the Yoast SEO plugin v27.3 - https:\/\/yoast.com\/product\/yoast-seo-wordpress\/ -->\n<title>Commander SAYPHA\u00ae VOLUME Lidocaine en ligne | Boutique en ligne | Kinami Health<\/title>\n<meta name=\"description\" content=\"Saypha Volume avec lidoca\u00efne \u2013 produit de comblement dermique \u00e0 base d&#039;acide hyaluronique pour la restauration du volume facial et le traitement des rides, avec ajout de lidoca\u00efne pour un confort accru du patient.\" \/>\n<meta name=\"robots\" content=\"index, follow, max-snippet:-1, max-image-preview:large, max-video-preview:-1\" \/>\n<link rel=\"canonical\" href=\"https:\/\/kinamihealth.com\/fr\/wp-json\/wp\/v2\/product\/110304\" \/>\n<meta property=\"og:locale\" content=\"fr_FR\" \/>\n<meta property=\"og:type\" content=\"article\" \/>\n<meta property=\"og:title\" content=\"Commander SAYPHA\u00ae VOLUME Lidocaine en ligne | Boutique en ligne | Kinami Health\" \/>\n<meta property=\"og:description\" content=\"Saypha Volume avec lidoca\u00efne \u2013 produit de comblement dermique \u00e0 base d&#039;acide hyaluronique pour la restauration du volume facial et le traitement des rides, avec ajout de lidoca\u00efne pour un confort accru du patient.\" \/>\n<meta property=\"og:url\" content=\"https:\/\/kinamihealth.com\/fr\/produit\/saypha-volume-lidocaine\/\" \/>\n<meta property=\"og:site_name\" content=\"Kinami Health\" \/>\n<meta property=\"article:modified_time\" content=\"2026-01-28T10:35:45+00:00\" \/>\n<meta property=\"og:image\" content=\"https:\/\/kinamihealth.com\/wp-content\/uploads\/2025\/02\/CHROMA-SAYPHA-VOLUME-LIDOCAINE-01.jpg\" \/>\n\t<meta property=\"og:image:width\" content=\"800\" \/>\n\t<meta property=\"og:image:height\" content=\"800\" \/>\n\t<meta property=\"og:image:type\" content=\"image\/jpeg\" \/>\n<meta name=\"twitter:card\" content=\"summary_large_image\" \/>\n<meta name=\"twitter:label1\" content=\"Dur\u00e9e de lecture estim\u00e9e\" \/>\n\t<meta name=\"twitter:data1\" content=\"1 minute\" \/>\n<!-- \/ Yoast SEO plugin. -->","yoast_head_json":{"title":"Commander SAYPHA\u00ae VOLUME Lidocaine en ligne | Boutique en ligne | Kinami Health","description":"Saypha Volume avec lidoca\u00efne \u2013 produit de comblement dermique \u00e0 base d'acide hyaluronique pour la restauration du volume facial et le traitement des rides, avec ajout de lidoca\u00efne pour un confort accru du patient.","robots":{"index":"index","follow":"follow","max-snippet":"max-snippet:-1","max-image-preview":"max-image-preview:large","max-video-preview":"max-video-preview:-1"},"canonical":"https:\/\/kinamihealth.com\/fr\/wp-json\/wp\/v2\/product\/110304","og_locale":"fr_FR","og_type":"article","og_title":"Commander SAYPHA\u00ae VOLUME Lidocaine en ligne | Boutique en ligne | Kinami Health","og_description":"Saypha Volume avec lidoca\u00efne \u2013 produit de comblement dermique \u00e0 base d'acide hyaluronique pour la restauration du volume facial et le traitement des rides, avec ajout de lidoca\u00efne pour un confort accru du patient.","og_url":"https:\/\/kinamihealth.com\/fr\/produit\/saypha-volume-lidocaine\/","og_site_name":"Kinami Health","article_modified_time":"2026-01-28T10:35:45+00:00","og_image":[{"width":800,"height":800,"url":"https:\/\/kinamihealth.com\/wp-content\/uploads\/2025\/02\/CHROMA-SAYPHA-VOLUME-LIDOCAINE-01.jpg","type":"image\/jpeg"}],"twitter_card":"summary_large_image","twitter_misc":{"Dur\u00e9e de lecture estim\u00e9e":"1 minute"},"schema":{"@context":"https:\/\/schema.org","@graph":[{"@type":"WebPage","@id":"https:\/\/kinamihealth.com\/fr\/produit\/saypha-volume-lidocaine\/","url":"https:\/\/kinamihealth.com\/fr\/produit\/saypha-volume-lidocaine\/","name":"Commander SAYPHA\u00ae VOLUME Lidocaine en ligne | Boutique en ligne | Kinami Health","isPartOf":{"@id":"https:\/\/kinamihealth.com\/#website"},"primaryImageOfPage":{"@id":"https:\/\/kinamihealth.com\/fr\/produit\/saypha-volume-lidocaine\/#primaryimage"},"image":{"@id":"https:\/\/kinamihealth.com\/fr\/produit\/saypha-volume-lidocaine\/#primaryimage"},"thumbnailUrl":"https:\/\/kinamihealth.com\/wp-content\/uploads\/2025\/02\/CHROMA-SAYPHA-VOLUME-LIDOCAINE-01.jpg","datePublished":"2025-02-15T16:57:42+00:00","dateModified":"2026-01-28T10:35:45+00:00","description":"Saypha Volume avec lidoca\u00efne \u2013 produit de comblement dermique \u00e0 base d'acide hyaluronique pour la restauration du volume facial et le traitement des rides, avec ajout de lidoca\u00efne pour un confort accru du patient.","breadcrumb":{"@id":"https:\/\/kinamihealth.com\/fr\/produit\/saypha-volume-lidocaine\/#breadcrumb"},"inLanguage":"fr-FR","potentialAction":[{"@type":"ReadAction","target":["https:\/\/kinamihealth.com\/fr\/produit\/saypha-volume-lidocaine\/"]}]},{"@type":"ImageObject","inLanguage":"fr-FR","@id":"https:\/\/kinamihealth.com\/fr\/produit\/saypha-volume-lidocaine\/#primaryimage","url":"https:\/\/kinamihealth.com\/wp-content\/uploads\/2025\/02\/CHROMA-SAYPHA-VOLUME-LIDOCAINE-01.jpg","contentUrl":"https:\/\/kinamihealth.com\/wp-content\/uploads\/2025\/02\/CHROMA-SAYPHA-VOLUME-LIDOCAINE-01.jpg","width":800,"height":800},{"@type":"BreadcrumbList","@id":"https:\/\/kinamihealth.com\/fr\/produit\/saypha-volume-lidocaine\/#breadcrumb","itemListElement":[{"@type":"ListItem","position":1,"name":"Page d'accueil","item":"https:\/\/kinamihealth.com\/"},{"@type":"ListItem","position":2,"name":"Boutique","item":"https:\/\/kinamihealth.com\/shop\/"},{"@type":"ListItem","position":3,"name":"SAYPHA\u00ae VOLUME Lidocaine"}]},{"@type":"WebSite","@id":"https:\/\/kinamihealth.com\/#website","url":"https:\/\/kinamihealth.com\/","name":"Kinami Health","description":"","publisher":{"@id":"https:\/\/kinamihealth.com\/#organization"},"potentialAction":[{"@type":"SearchAction","target":{"@type":"EntryPoint","urlTemplate":"https:\/\/kinamihealth.com\/?s={search_term_string}"},"query-input":{"@type":"PropertyValueSpecification","valueRequired":true,"valueName":"search_term_string"}}],"inLanguage":"fr-FR"},{"@type":"Organization","@id":"https:\/\/kinamihealth.com\/#organization","name":"Kinami Health","url":"https:\/\/kinamihealth.com\/","logo":{"@type":"ImageObject","inLanguage":"fr-FR","@id":"https:\/\/kinamihealth.com\/#\/schema\/logo\/image\/","url":"https:\/\/kinamihealth.com\/wp-content\/uploads\/2025\/01\/KH_logo_black_2-1.png","contentUrl":"https:\/\/kinamihealth.com\/wp-content\/uploads\/2025\/01\/KH_logo_black_2-1.png","width":339,"height":34,"caption":"Kinami Health"},"image":{"@id":"https:\/\/kinamihealth.com\/#\/schema\/logo\/image\/"}}]}},"_links":{"self":[{"href":"https:\/\/kinamihealth.com\/fr\/wp-json\/wp\/v2\/product\/110304","targetHints":{"allow":["GET"]}}],"collection":[{"href":"https:\/\/kinamihealth.com\/fr\/wp-json\/wp\/v2\/product"}],"about":[{"href":"https:\/\/kinamihealth.com\/fr\/wp-json\/wp\/v2\/types\/product"}],"replies":[{"embeddable":true,"href":"https:\/\/kinamihealth.com\/fr\/wp-json\/wp\/v2\/comments?post=110304"}],"version-history":[{"count":0,"href":"https:\/\/kinamihealth.com\/fr\/wp-json\/wp\/v2\/product\/110304\/revisions"}],"wp:featuredmedia":[{"embeddable":true,"href":"https:\/\/kinamihealth.com\/fr\/wp-json\/wp\/v2\/media\/110299"}],"wp:attachment":[{"href":"https:\/\/kinamihealth.com\/fr\/wp-json\/wp\/v2\/media?parent=110304"}],"wp:term":[{"taxonomy":"product_brand","embeddable":true,"href":"https:\/\/kinamihealth.com\/fr\/wp-json\/wp\/v2\/product_brand?post=110304"},{"taxonomy":"product_cat","embeddable":true,"href":"https:\/\/kinamihealth.com\/fr\/wp-json\/wp\/v2\/product_cat?post=110304"},{"taxonomy":"product_tag","embeddable":true,"href":"https:\/\/kinamihealth.com\/fr\/wp-json\/wp\/v2\/product_tag?post=110304"}],"curies":[{"name":"wp","href":"https:\/\/api.w.org\/{rel}","templated":true}]}}