{"id":110302,"date":"2025-02-15T16:57:41","date_gmt":"2025-02-15T16:57:41","guid":{"rendered":"https:\/\/kinamihealth.com\/product\/saypha-volume\/"},"modified":"2026-01-28T10:35:41","modified_gmt":"2026-01-28T10:35:41","slug":"saypha-volume","status":"publish","type":"product","link":"https:\/\/kinamihealth.com\/fr\/produit\/saypha-volume\/","title":{"rendered":"SAYPHA\u00ae VOLUME"},"content":{"rendered":"<p>Saypha\u00ae Volume est id\u00e9al pour la correction des rides et plis profonds, pour le remplissage des d\u00e9pressions cutan\u00e9es, pour le remodelage des contours du visage et pour la cr\u00e9ation de volume. Saypha\u00ae Volume est inject\u00e9 dans le derme profond ou le tissu sous-cutan\u00e9. Il est destin\u00e9 \u00e0 restaurer le volume des traits du visage et \u00e0 corriger l&#8217;apparence des rides profondes.<\/p>\n","protected":false},"excerpt":{"rendered":"<p>Saypha\u00ae Volume est id\u00e9al pour la correction des rides et plis profonds, pour le remplissage des d\u00e9pressions cutan\u00e9es, pour le remodelage des contours du visage et pour la cr\u00e9ation de volume. Saypha\u00ae Volume est inject\u00e9 dans le derme profond ou le tissu sous-cutan\u00e9. Il est destin\u00e9 \u00e0 restaurer le volume des traits du visage et [&hellip;]<\/p>\n","protected":false},"featured_media":110303,"comment_status":"closed","ping_status":"closed","template":"","meta":{"_acf_changed":false,"inline_featured_image":false},"product_brand":[1293],"product_cat":[1217],"product_tag":[1222],"class_list":{"0":"post-110302","1":"product","2":"type-product","3":"status-publish","4":"has-post-thumbnail","6":"product_brand-saypha","7":"product_cat-produits-de-comblement-dermique","8":"product_tag-dispositifs-medicaux","10":"first","11":"instock","12":"taxable","13":"shipping-taxable","14":"purchasable","15":"product-type-simple","16":"add-to-wishlist-before_image"},"acf":[],"yoast_head":"<!-- This site is optimized with the Yoast SEO plugin v27.3 - https:\/\/yoast.com\/product\/yoast-seo-wordpress\/ -->\n<title>Commander SAYPHA\u00ae VOLUME en ligne | Boutique en ligne | Kinami Health<\/title>\n<meta name=\"description\" content=\"Commandez Saypha Volume en ligne \u2013 un produit de comblement dermique de haute qualit\u00e9 pour restaurer le volume du visage, lisser les rides et redessiner les contours, offrant des r\u00e9sultats naturels et durables.\" \/>\n<meta name=\"robots\" content=\"index, follow, max-snippet:-1, max-image-preview:large, max-video-preview:-1\" \/>\n<link rel=\"canonical\" href=\"https:\/\/kinamihealth.com\/fr\/wp-json\/wp\/v2\/product\/110302\" \/>\n<meta property=\"og:locale\" content=\"fr_FR\" \/>\n<meta property=\"og:type\" content=\"article\" \/>\n<meta property=\"og:title\" content=\"Commander SAYPHA\u00ae VOLUME en ligne | Boutique en ligne | Kinami Health\" \/>\n<meta property=\"og:description\" content=\"Commandez Saypha Volume en ligne \u2013 un produit de comblement dermique de haute qualit\u00e9 pour restaurer le volume du visage, lisser les rides et redessiner les contours, offrant des r\u00e9sultats naturels et durables.\" \/>\n<meta property=\"og:url\" content=\"https:\/\/kinamihealth.com\/fr\/produit\/saypha-volume\/\" \/>\n<meta property=\"og:site_name\" content=\"Kinami Health\" \/>\n<meta property=\"article:modified_time\" content=\"2026-01-28T10:35:41+00:00\" \/>\n<meta property=\"og:image\" content=\"https:\/\/kinamihealth.com\/wp-content\/uploads\/2025\/02\/CHROMA-SAYPHA-VOLUME-01.jpg\" \/>\n\t<meta property=\"og:image:width\" content=\"800\" \/>\n\t<meta property=\"og:image:height\" content=\"800\" \/>\n\t<meta property=\"og:image:type\" content=\"image\/jpeg\" \/>\n<meta name=\"twitter:card\" content=\"summary_large_image\" \/>\n<meta name=\"twitter:label1\" content=\"Dur\u00e9e de lecture estim\u00e9e\" \/>\n\t<meta name=\"twitter:data1\" content=\"1 minute\" \/>\n<!-- \/ Yoast SEO plugin. -->","yoast_head_json":{"title":"Commander SAYPHA\u00ae VOLUME en ligne | Boutique en ligne | Kinami Health","description":"Commandez Saypha Volume en ligne \u2013 un produit de comblement dermique de haute qualit\u00e9 pour restaurer le volume du visage, lisser les rides et redessiner les contours, offrant des r\u00e9sultats naturels et durables.","robots":{"index":"index","follow":"follow","max-snippet":"max-snippet:-1","max-image-preview":"max-image-preview:large","max-video-preview":"max-video-preview:-1"},"canonical":"https:\/\/kinamihealth.com\/fr\/wp-json\/wp\/v2\/product\/110302","og_locale":"fr_FR","og_type":"article","og_title":"Commander SAYPHA\u00ae VOLUME en ligne | Boutique en ligne | Kinami Health","og_description":"Commandez Saypha Volume en ligne \u2013 un produit de comblement dermique de haute qualit\u00e9 pour restaurer le volume du visage, lisser les rides et redessiner les contours, offrant des r\u00e9sultats naturels et durables.","og_url":"https:\/\/kinamihealth.com\/fr\/produit\/saypha-volume\/","og_site_name":"Kinami Health","article_modified_time":"2026-01-28T10:35:41+00:00","og_image":[{"width":800,"height":800,"url":"https:\/\/kinamihealth.com\/wp-content\/uploads\/2025\/02\/CHROMA-SAYPHA-VOLUME-01.jpg","type":"image\/jpeg"}],"twitter_card":"summary_large_image","twitter_misc":{"Dur\u00e9e de lecture estim\u00e9e":"1 minute"},"schema":{"@context":"https:\/\/schema.org","@graph":[{"@type":"WebPage","@id":"https:\/\/kinamihealth.com\/fr\/produit\/saypha-volume\/","url":"https:\/\/kinamihealth.com\/fr\/produit\/saypha-volume\/","name":"Commander SAYPHA\u00ae VOLUME en ligne | Boutique en ligne | Kinami Health","isPartOf":{"@id":"https:\/\/kinamihealth.com\/#website"},"primaryImageOfPage":{"@id":"https:\/\/kinamihealth.com\/fr\/produit\/saypha-volume\/#primaryimage"},"image":{"@id":"https:\/\/kinamihealth.com\/fr\/produit\/saypha-volume\/#primaryimage"},"thumbnailUrl":"https:\/\/kinamihealth.com\/wp-content\/uploads\/2025\/02\/CHROMA-SAYPHA-VOLUME-01.jpg","datePublished":"2025-02-15T16:57:41+00:00","dateModified":"2026-01-28T10:35:41+00:00","description":"Commandez Saypha Volume en ligne \u2013 un produit de comblement dermique de haute qualit\u00e9 pour restaurer le volume du visage, lisser les rides et redessiner les contours, offrant des r\u00e9sultats naturels et durables.","breadcrumb":{"@id":"https:\/\/kinamihealth.com\/fr\/produit\/saypha-volume\/#breadcrumb"},"inLanguage":"fr-FR","potentialAction":[{"@type":"ReadAction","target":["https:\/\/kinamihealth.com\/fr\/produit\/saypha-volume\/"]}]},{"@type":"ImageObject","inLanguage":"fr-FR","@id":"https:\/\/kinamihealth.com\/fr\/produit\/saypha-volume\/#primaryimage","url":"https:\/\/kinamihealth.com\/wp-content\/uploads\/2025\/02\/CHROMA-SAYPHA-VOLUME-01.jpg","contentUrl":"https:\/\/kinamihealth.com\/wp-content\/uploads\/2025\/02\/CHROMA-SAYPHA-VOLUME-01.jpg","width":800,"height":800},{"@type":"BreadcrumbList","@id":"https:\/\/kinamihealth.com\/fr\/produit\/saypha-volume\/#breadcrumb","itemListElement":[{"@type":"ListItem","position":1,"name":"Page d'accueil","item":"https:\/\/kinamihealth.com\/"},{"@type":"ListItem","position":2,"name":"Boutique","item":"https:\/\/kinamihealth.com\/shop\/"},{"@type":"ListItem","position":3,"name":"SAYPHA\u00ae VOLUME"}]},{"@type":"WebSite","@id":"https:\/\/kinamihealth.com\/#website","url":"https:\/\/kinamihealth.com\/","name":"Kinami Health","description":"","publisher":{"@id":"https:\/\/kinamihealth.com\/#organization"},"potentialAction":[{"@type":"SearchAction","target":{"@type":"EntryPoint","urlTemplate":"https:\/\/kinamihealth.com\/?s={search_term_string}"},"query-input":{"@type":"PropertyValueSpecification","valueRequired":true,"valueName":"search_term_string"}}],"inLanguage":"fr-FR"},{"@type":"Organization","@id":"https:\/\/kinamihealth.com\/#organization","name":"Kinami Health","url":"https:\/\/kinamihealth.com\/","logo":{"@type":"ImageObject","inLanguage":"fr-FR","@id":"https:\/\/kinamihealth.com\/#\/schema\/logo\/image\/","url":"https:\/\/kinamihealth.com\/wp-content\/uploads\/2025\/01\/KH_logo_black_2-1.png","contentUrl":"https:\/\/kinamihealth.com\/wp-content\/uploads\/2025\/01\/KH_logo_black_2-1.png","width":339,"height":34,"caption":"Kinami Health"},"image":{"@id":"https:\/\/kinamihealth.com\/#\/schema\/logo\/image\/"}}]}},"_links":{"self":[{"href":"https:\/\/kinamihealth.com\/fr\/wp-json\/wp\/v2\/product\/110302","targetHints":{"allow":["GET"]}}],"collection":[{"href":"https:\/\/kinamihealth.com\/fr\/wp-json\/wp\/v2\/product"}],"about":[{"href":"https:\/\/kinamihealth.com\/fr\/wp-json\/wp\/v2\/types\/product"}],"replies":[{"embeddable":true,"href":"https:\/\/kinamihealth.com\/fr\/wp-json\/wp\/v2\/comments?post=110302"}],"version-history":[{"count":0,"href":"https:\/\/kinamihealth.com\/fr\/wp-json\/wp\/v2\/product\/110302\/revisions"}],"wp:featuredmedia":[{"embeddable":true,"href":"https:\/\/kinamihealth.com\/fr\/wp-json\/wp\/v2\/media\/110303"}],"wp:attachment":[{"href":"https:\/\/kinamihealth.com\/fr\/wp-json\/wp\/v2\/media?parent=110302"}],"wp:term":[{"taxonomy":"product_brand","embeddable":true,"href":"https:\/\/kinamihealth.com\/fr\/wp-json\/wp\/v2\/product_brand?post=110302"},{"taxonomy":"product_cat","embeddable":true,"href":"https:\/\/kinamihealth.com\/fr\/wp-json\/wp\/v2\/product_cat?post=110302"},{"taxonomy":"product_tag","embeddable":true,"href":"https:\/\/kinamihealth.com\/fr\/wp-json\/wp\/v2\/product_tag?post=110302"}],"curies":[{"name":"wp","href":"https:\/\/api.w.org\/{rel}","templated":true}]}}