{"id":110293,"date":"2025-02-15T16:57:40","date_gmt":"2025-02-15T16:57:40","guid":{"rendered":"https:\/\/kinamihealth.com\/product\/saypha-rich\/"},"modified":"2026-01-21T15:55:41","modified_gmt":"2026-01-21T15:55:41","slug":"saypha-rich","status":"publish","type":"product","link":"https:\/\/kinamihealth.com\/fr\/produit\/saypha-rich\/","title":{"rendered":"SAYPHA\u00ae RICH"},"content":{"rendered":"<p>Saypha\u00ae Rich remplace l&#8217;ancien produit Princess Rich. Il s&#8217;agit d&#8217;un implant en gel contenant une forte concentration d&#8217;acide hyaluronique stabilis\u00e9 par du glyc\u00e9rol, un hydratant naturel qui retient l&#8217;eau et pr\u00e9serve l&#8217;hydratation. Saypha\u00ae Rich am\u00e9liore l&#8217;\u00e9lasticit\u00e9, le teint et l&#8217;hydratation de la peau, lui donnant ainsi un \u00e9clat naturel. Le gel est inject\u00e9 dans le derme superficiel. Hormis l&#8217;hydratation de la peau, il convient \u00e0 la r\u00e9duction des ridules.<\/p>\n","protected":false},"excerpt":{"rendered":"<p>Saypha\u00ae Rich remplace l&#8217;ancien produit Princess Rich. Il s&#8217;agit d&#8217;un implant en gel contenant une forte concentration d&#8217;acide hyaluronique stabilis\u00e9 par du glyc\u00e9rol, un hydratant naturel qui retient l&#8217;eau et pr\u00e9serve l&#8217;hydratation. Saypha\u00ae Rich am\u00e9liore l&#8217;\u00e9lasticit\u00e9, le teint et l&#8217;hydratation de la peau, lui donnant ainsi un \u00e9clat naturel. Le gel est inject\u00e9 dans le [&hellip;]<\/p>\n","protected":false},"featured_media":110297,"comment_status":"closed","ping_status":"closed","template":"","meta":{"_acf_changed":false,"inline_featured_image":false},"product_brand":[1293],"product_cat":[1217],"product_tag":[1222],"class_list":{"0":"post-110293","1":"product","2":"type-product","3":"status-publish","4":"has-post-thumbnail","6":"product_brand-saypha","7":"product_cat-produits-de-comblement-dermique","8":"product_tag-dispositifs-medicaux","10":"first","11":"instock","12":"taxable","13":"shipping-taxable","14":"purchasable","15":"product-type-simple","16":"add-to-wishlist-before_image"},"acf":[],"yoast_head":"<!-- This site is optimized with the Yoast SEO plugin v27.5 - https:\/\/yoast.com\/product\/yoast-seo-wordpress\/ -->\n<title>Commander SAYPHA\u00ae RICH en ligne | Boutique en ligne | Kinami Health<\/title>\n<meta name=\"description\" content=\"Commandez Saypha Rich en ligne \u2013 un produit stimulant cutan\u00e9 \u00e0 base d&#039;acide hyaluronique, con\u00e7u pour rajeunir la peau gr\u00e2ce \u00e0 une hydratation en profondeur, une \u00e9lasticit\u00e9 am\u00e9lior\u00e9e et une r\u00e9duction des ridules pour une apparence plus jeune.\" \/>\n<meta name=\"robots\" content=\"index, follow, max-snippet:-1, max-image-preview:large, max-video-preview:-1\" \/>\n<link rel=\"canonical\" href=\"https:\/\/kinamihealth.com\/fr\/wp-json\/wp\/v2\/product\/110293\" \/>\n<meta property=\"og:locale\" content=\"fr_FR\" \/>\n<meta property=\"og:type\" content=\"article\" \/>\n<meta property=\"og:title\" content=\"Commander SAYPHA\u00ae RICH en ligne | Boutique en ligne | Kinami Health\" \/>\n<meta property=\"og:description\" content=\"Commandez Saypha Rich en ligne \u2013 un produit stimulant cutan\u00e9 \u00e0 base d&#039;acide hyaluronique, con\u00e7u pour rajeunir la peau gr\u00e2ce \u00e0 une hydratation en profondeur, une \u00e9lasticit\u00e9 am\u00e9lior\u00e9e et une r\u00e9duction des ridules pour une apparence plus jeune.\" \/>\n<meta property=\"og:url\" content=\"https:\/\/kinamihealth.com\/fr\/product\/saypha-rich\/\" \/>\n<meta property=\"og:site_name\" content=\"Kinami Health\" \/>\n<meta property=\"article:modified_time\" content=\"2026-01-21T15:55:41+00:00\" \/>\n<meta property=\"og:image\" content=\"https:\/\/kinamihealth.com\/wp-content\/uploads\/2025\/02\/CHROMA-SAYPHA-RICH-03.jpg\" \/>\n\t<meta property=\"og:image:width\" content=\"800\" \/>\n\t<meta property=\"og:image:height\" content=\"800\" \/>\n\t<meta property=\"og:image:type\" content=\"image\/jpeg\" \/>\n<meta name=\"twitter:card\" content=\"summary_large_image\" \/>\n<meta name=\"twitter:label1\" content=\"Dur\u00e9e de lecture estim\u00e9e\" \/>\n\t<meta name=\"twitter:data1\" content=\"1 minute\" \/>\n<!-- \/ Yoast SEO plugin. -->","yoast_head_json":{"title":"Commander SAYPHA\u00ae RICH en ligne | Boutique en ligne | Kinami Health","description":"Commandez Saypha Rich en ligne \u2013 un produit stimulant cutan\u00e9 \u00e0 base d'acide hyaluronique, con\u00e7u pour rajeunir la peau gr\u00e2ce \u00e0 une hydratation en profondeur, une \u00e9lasticit\u00e9 am\u00e9lior\u00e9e et une r\u00e9duction des ridules pour une apparence plus jeune.","robots":{"index":"index","follow":"follow","max-snippet":"max-snippet:-1","max-image-preview":"max-image-preview:large","max-video-preview":"max-video-preview:-1"},"canonical":"https:\/\/kinamihealth.com\/fr\/wp-json\/wp\/v2\/product\/110293","og_locale":"fr_FR","og_type":"article","og_title":"Commander SAYPHA\u00ae RICH en ligne | Boutique en ligne | Kinami Health","og_description":"Commandez Saypha Rich en ligne \u2013 un produit stimulant cutan\u00e9 \u00e0 base d'acide hyaluronique, con\u00e7u pour rajeunir la peau gr\u00e2ce \u00e0 une hydratation en profondeur, une \u00e9lasticit\u00e9 am\u00e9lior\u00e9e et une r\u00e9duction des ridules pour une apparence plus jeune.","og_url":"https:\/\/kinamihealth.com\/fr\/product\/saypha-rich\/","og_site_name":"Kinami Health","article_modified_time":"2026-01-21T15:55:41+00:00","og_image":[{"width":800,"height":800,"url":"https:\/\/kinamihealth.com\/wp-content\/uploads\/2025\/02\/CHROMA-SAYPHA-RICH-03.jpg","type":"image\/jpeg"}],"twitter_card":"summary_large_image","twitter_misc":{"Dur\u00e9e de lecture estim\u00e9e":"1 minute"},"schema":{"@context":"https:\/\/schema.org","@graph":[{"@type":"WebPage","@id":"https:\/\/kinamihealth.com\/fr\/product\/saypha-rich\/","url":"https:\/\/kinamihealth.com\/fr\/product\/saypha-rich\/","name":"Commander SAYPHA\u00ae RICH en ligne | Boutique en ligne | Kinami Health","isPartOf":{"@id":"https:\/\/kinamihealth.com\/#website"},"primaryImageOfPage":{"@id":"https:\/\/kinamihealth.com\/fr\/product\/saypha-rich\/#primaryimage"},"image":{"@id":"https:\/\/kinamihealth.com\/fr\/product\/saypha-rich\/#primaryimage"},"thumbnailUrl":"https:\/\/kinamihealth.com\/wp-content\/uploads\/2025\/02\/CHROMA-SAYPHA-RICH-03.jpg","datePublished":"2025-02-15T16:57:40+00:00","dateModified":"2026-01-21T15:55:41+00:00","description":"Commandez Saypha Rich en ligne \u2013 un produit stimulant cutan\u00e9 \u00e0 base d'acide hyaluronique, con\u00e7u pour rajeunir la peau gr\u00e2ce \u00e0 une hydratation en profondeur, une \u00e9lasticit\u00e9 am\u00e9lior\u00e9e et une r\u00e9duction des ridules pour une apparence plus jeune.","breadcrumb":{"@id":"https:\/\/kinamihealth.com\/fr\/product\/saypha-rich\/#breadcrumb"},"inLanguage":"fr-FR","potentialAction":[{"@type":"ReadAction","target":["https:\/\/kinamihealth.com\/fr\/product\/saypha-rich\/"]}]},{"@type":"ImageObject","inLanguage":"fr-FR","@id":"https:\/\/kinamihealth.com\/fr\/product\/saypha-rich\/#primaryimage","url":"https:\/\/kinamihealth.com\/wp-content\/uploads\/2025\/02\/CHROMA-SAYPHA-RICH-03.jpg","contentUrl":"https:\/\/kinamihealth.com\/wp-content\/uploads\/2025\/02\/CHROMA-SAYPHA-RICH-03.jpg","width":800,"height":800},{"@type":"BreadcrumbList","@id":"https:\/\/kinamihealth.com\/fr\/product\/saypha-rich\/#breadcrumb","itemListElement":[{"@type":"ListItem","position":1,"name":"Page d'accueil","item":"https:\/\/kinamihealth.com\/"},{"@type":"ListItem","position":2,"name":"Boutique","item":"https:\/\/kinamihealth.com\/shop\/"},{"@type":"ListItem","position":3,"name":"SAYPHA\u00ae RICH"}]},{"@type":"WebSite","@id":"https:\/\/kinamihealth.com\/#website","url":"https:\/\/kinamihealth.com\/","name":"Kinami Health","description":"","publisher":{"@id":"https:\/\/kinamihealth.com\/#organization"},"potentialAction":[{"@type":"SearchAction","target":{"@type":"EntryPoint","urlTemplate":"https:\/\/kinamihealth.com\/?s={search_term_string}"},"query-input":{"@type":"PropertyValueSpecification","valueRequired":true,"valueName":"search_term_string"}}],"inLanguage":"fr-FR"},{"@type":"Organization","@id":"https:\/\/kinamihealth.com\/#organization","name":"Kinami Health","url":"https:\/\/kinamihealth.com\/","logo":{"@type":"ImageObject","inLanguage":"fr-FR","@id":"https:\/\/kinamihealth.com\/#\/schema\/logo\/image\/","url":"https:\/\/kinamihealth.com\/wp-content\/uploads\/2025\/01\/KH_logo_black_2-1.png","contentUrl":"https:\/\/kinamihealth.com\/wp-content\/uploads\/2025\/01\/KH_logo_black_2-1.png","width":339,"height":34,"caption":"Kinami Health"},"image":{"@id":"https:\/\/kinamihealth.com\/#\/schema\/logo\/image\/"}}]}},"_links":{"self":[{"href":"https:\/\/kinamihealth.com\/fr\/wp-json\/wp\/v2\/product\/110293","targetHints":{"allow":["GET"]}}],"collection":[{"href":"https:\/\/kinamihealth.com\/fr\/wp-json\/wp\/v2\/product"}],"about":[{"href":"https:\/\/kinamihealth.com\/fr\/wp-json\/wp\/v2\/types\/product"}],"replies":[{"embeddable":true,"href":"https:\/\/kinamihealth.com\/fr\/wp-json\/wp\/v2\/comments?post=110293"}],"version-history":[{"count":0,"href":"https:\/\/kinamihealth.com\/fr\/wp-json\/wp\/v2\/product\/110293\/revisions"}],"wp:featuredmedia":[{"embeddable":true,"href":"https:\/\/kinamihealth.com\/fr\/wp-json\/wp\/v2\/media\/110297"}],"wp:attachment":[{"href":"https:\/\/kinamihealth.com\/fr\/wp-json\/wp\/v2\/media?parent=110293"}],"wp:term":[{"taxonomy":"product_brand","embeddable":true,"href":"https:\/\/kinamihealth.com\/fr\/wp-json\/wp\/v2\/product_brand?post=110293"},{"taxonomy":"product_cat","embeddable":true,"href":"https:\/\/kinamihealth.com\/fr\/wp-json\/wp\/v2\/product_cat?post=110293"},{"taxonomy":"product_tag","embeddable":true,"href":"https:\/\/kinamihealth.com\/fr\/wp-json\/wp\/v2\/product_tag?post=110293"}],"curies":[{"name":"wp","href":"https:\/\/api.w.org\/{rel}","templated":true}]}}