{"id":110289,"date":"2025-02-15T16:57:39","date_gmt":"2025-02-15T16:57:39","guid":{"rendered":"https:\/\/kinamihealth.com\/product\/saypha-filler-lidocaine\/"},"modified":"2026-01-28T10:35:36","modified_gmt":"2026-01-28T10:35:36","slug":"saypha-filler-lidocaine","status":"publish","type":"product","link":"https:\/\/kinamihealth.com\/fr\/produit\/saypha-filler-lidocaine\/","title":{"rendered":"SAYPHA\u00ae FILLER Lidocaine"},"content":{"rendered":"<p>Saypha\u00ae Filler Lidocaine remplace l&#8217;ancien produit Princess Filler Lidocaine. Il s&#8217;agit d&#8217;un produit de comblement dermique universel qui convient \u00e0 diff\u00e9rents traitements esth\u00e9tiques, tels que la correction des rides et ridules mod\u00e9r\u00e9es du visage ainsi que l&#8217;augmentation du volume des l\u00e8vres. Utilisez Saypha\u00ae Filler Lidocaine pour corriger les rides et ridules, augmenter le volume des l\u00e8vres et am\u00e9liorer les contours du visage. Le produit contient de la lidoca\u00efne, un anesth\u00e9sique puissant, pour une injection plus confortable.<\/p>\n","protected":false},"excerpt":{"rendered":"<p>Saypha\u00ae Filler Lidocaine remplace l&#8217;ancien produit Princess Filler Lidocaine. Il s&#8217;agit d&#8217;un produit de comblement dermique universel qui convient \u00e0 diff\u00e9rents traitements esth\u00e9tiques, tels que la correction des rides et ridules mod\u00e9r\u00e9es du visage ainsi que l&#8217;augmentation du volume des l\u00e8vres. Utilisez Saypha\u00ae Filler Lidocaine pour corriger les rides et ridules, augmenter le volume des [&hellip;]<\/p>\n","protected":false},"featured_media":110290,"comment_status":"closed","ping_status":"closed","template":"","meta":{"_acf_changed":false,"inline_featured_image":false},"product_brand":[1293],"product_cat":[1217],"product_tag":[1222],"class_list":{"0":"post-110289","1":"product","2":"type-product","3":"status-publish","4":"has-post-thumbnail","6":"product_brand-saypha","7":"product_cat-produits-de-comblement-dermique","8":"product_tag-dispositifs-medicaux","10":"first","11":"instock","12":"taxable","13":"shipping-taxable","14":"purchasable","15":"product-type-simple","16":"add-to-wishlist-before_image"},"acf":[],"yoast_head":"<!-- This site is optimized with the Yoast SEO plugin v27.3 - https:\/\/yoast.com\/product\/yoast-seo-wordpress\/ -->\n<title>Commander SAYPHA\u00ae FILLER Lidocaine en ligne | Boutique en ligne | Kinami Health<\/title>\n<meta name=\"description\" content=\"Commandez Saypha Filler avec lidoca\u00efne en ligne \u2013 un produit de comblement dermique \u00e0 base d&#039;acide hyaluronique con\u00e7u pour lisser les rides, restaurer le volume du visage et am\u00e9liorer le contour des l\u00e8vres, avec l&#039;ajout suppl\u00e9mentaire de la lidoca\u00efne pour le confort du patient.\" \/>\n<meta name=\"robots\" content=\"index, follow, max-snippet:-1, max-image-preview:large, max-video-preview:-1\" \/>\n<link rel=\"canonical\" href=\"https:\/\/kinamihealth.com\/fr\/wp-json\/wp\/v2\/product\/110289\" \/>\n<meta property=\"og:locale\" content=\"fr_FR\" \/>\n<meta property=\"og:type\" content=\"article\" \/>\n<meta property=\"og:title\" content=\"Commander SAYPHA\u00ae FILLER Lidocaine en ligne | Boutique en ligne | Kinami Health\" \/>\n<meta property=\"og:description\" content=\"Commandez Saypha Filler avec lidoca\u00efne en ligne \u2013 un produit de comblement dermique \u00e0 base d&#039;acide hyaluronique con\u00e7u pour lisser les rides, restaurer le volume du visage et am\u00e9liorer le contour des l\u00e8vres, avec l&#039;ajout suppl\u00e9mentaire de la lidoca\u00efne pour le confort du patient.\" \/>\n<meta property=\"og:url\" content=\"https:\/\/kinamihealth.com\/fr\/produit\/saypha-filler-lidocaine\/\" \/>\n<meta property=\"og:site_name\" content=\"Kinami Health\" \/>\n<meta property=\"article:modified_time\" content=\"2026-01-28T10:35:36+00:00\" \/>\n<meta property=\"og:image\" content=\"https:\/\/kinamihealth.com\/wp-content\/uploads\/2025\/02\/CHROMA-SAYPHA-FILLER-LIDOCAINE-01.jpg\" \/>\n\t<meta property=\"og:image:width\" content=\"800\" \/>\n\t<meta property=\"og:image:height\" content=\"800\" \/>\n\t<meta property=\"og:image:type\" content=\"image\/jpeg\" \/>\n<meta name=\"twitter:card\" content=\"summary_large_image\" \/>\n<meta name=\"twitter:label1\" content=\"Dur\u00e9e de lecture estim\u00e9e\" \/>\n\t<meta name=\"twitter:data1\" content=\"1 minute\" \/>\n<!-- \/ Yoast SEO plugin. -->","yoast_head_json":{"title":"Commander SAYPHA\u00ae FILLER Lidocaine en ligne | Boutique en ligne | Kinami Health","description":"Commandez Saypha Filler avec lidoca\u00efne en ligne \u2013 un produit de comblement dermique \u00e0 base d'acide hyaluronique con\u00e7u pour lisser les rides, restaurer le volume du visage et am\u00e9liorer le contour des l\u00e8vres, avec l'ajout suppl\u00e9mentaire de la lidoca\u00efne pour le confort du patient.","robots":{"index":"index","follow":"follow","max-snippet":"max-snippet:-1","max-image-preview":"max-image-preview:large","max-video-preview":"max-video-preview:-1"},"canonical":"https:\/\/kinamihealth.com\/fr\/wp-json\/wp\/v2\/product\/110289","og_locale":"fr_FR","og_type":"article","og_title":"Commander SAYPHA\u00ae FILLER Lidocaine en ligne | Boutique en ligne | Kinami Health","og_description":"Commandez Saypha Filler avec lidoca\u00efne en ligne \u2013 un produit de comblement dermique \u00e0 base d'acide hyaluronique con\u00e7u pour lisser les rides, restaurer le volume du visage et am\u00e9liorer le contour des l\u00e8vres, avec l'ajout suppl\u00e9mentaire de la lidoca\u00efne pour le confort du patient.","og_url":"https:\/\/kinamihealth.com\/fr\/produit\/saypha-filler-lidocaine\/","og_site_name":"Kinami Health","article_modified_time":"2026-01-28T10:35:36+00:00","og_image":[{"width":800,"height":800,"url":"https:\/\/kinamihealth.com\/wp-content\/uploads\/2025\/02\/CHROMA-SAYPHA-FILLER-LIDOCAINE-01.jpg","type":"image\/jpeg"}],"twitter_card":"summary_large_image","twitter_misc":{"Dur\u00e9e de lecture estim\u00e9e":"1 minute"},"schema":{"@context":"https:\/\/schema.org","@graph":[{"@type":"WebPage","@id":"https:\/\/kinamihealth.com\/fr\/produit\/saypha-filler-lidocaine\/","url":"https:\/\/kinamihealth.com\/fr\/produit\/saypha-filler-lidocaine\/","name":"Commander SAYPHA\u00ae FILLER Lidocaine en ligne | Boutique en ligne | Kinami Health","isPartOf":{"@id":"https:\/\/kinamihealth.com\/#website"},"primaryImageOfPage":{"@id":"https:\/\/kinamihealth.com\/fr\/produit\/saypha-filler-lidocaine\/#primaryimage"},"image":{"@id":"https:\/\/kinamihealth.com\/fr\/produit\/saypha-filler-lidocaine\/#primaryimage"},"thumbnailUrl":"https:\/\/kinamihealth.com\/wp-content\/uploads\/2025\/02\/CHROMA-SAYPHA-FILLER-LIDOCAINE-01.jpg","datePublished":"2025-02-15T16:57:39+00:00","dateModified":"2026-01-28T10:35:36+00:00","description":"Commandez Saypha Filler avec lidoca\u00efne en ligne \u2013 un produit de comblement dermique \u00e0 base d'acide hyaluronique con\u00e7u pour lisser les rides, restaurer le volume du visage et am\u00e9liorer le contour des l\u00e8vres, avec l'ajout suppl\u00e9mentaire de la lidoca\u00efne pour le confort du patient.","breadcrumb":{"@id":"https:\/\/kinamihealth.com\/fr\/produit\/saypha-filler-lidocaine\/#breadcrumb"},"inLanguage":"fr-FR","potentialAction":[{"@type":"ReadAction","target":["https:\/\/kinamihealth.com\/fr\/produit\/saypha-filler-lidocaine\/"]}]},{"@type":"ImageObject","inLanguage":"fr-FR","@id":"https:\/\/kinamihealth.com\/fr\/produit\/saypha-filler-lidocaine\/#primaryimage","url":"https:\/\/kinamihealth.com\/wp-content\/uploads\/2025\/02\/CHROMA-SAYPHA-FILLER-LIDOCAINE-01.jpg","contentUrl":"https:\/\/kinamihealth.com\/wp-content\/uploads\/2025\/02\/CHROMA-SAYPHA-FILLER-LIDOCAINE-01.jpg","width":800,"height":800},{"@type":"BreadcrumbList","@id":"https:\/\/kinamihealth.com\/fr\/produit\/saypha-filler-lidocaine\/#breadcrumb","itemListElement":[{"@type":"ListItem","position":1,"name":"Page d'accueil","item":"https:\/\/kinamihealth.com\/"},{"@type":"ListItem","position":2,"name":"Boutique","item":"https:\/\/kinamihealth.com\/shop\/"},{"@type":"ListItem","position":3,"name":"SAYPHA\u00ae FILLER Lidocaine"}]},{"@type":"WebSite","@id":"https:\/\/kinamihealth.com\/#website","url":"https:\/\/kinamihealth.com\/","name":"Kinami Health","description":"","publisher":{"@id":"https:\/\/kinamihealth.com\/#organization"},"potentialAction":[{"@type":"SearchAction","target":{"@type":"EntryPoint","urlTemplate":"https:\/\/kinamihealth.com\/?s={search_term_string}"},"query-input":{"@type":"PropertyValueSpecification","valueRequired":true,"valueName":"search_term_string"}}],"inLanguage":"fr-FR"},{"@type":"Organization","@id":"https:\/\/kinamihealth.com\/#organization","name":"Kinami Health","url":"https:\/\/kinamihealth.com\/","logo":{"@type":"ImageObject","inLanguage":"fr-FR","@id":"https:\/\/kinamihealth.com\/#\/schema\/logo\/image\/","url":"https:\/\/kinamihealth.com\/wp-content\/uploads\/2025\/01\/KH_logo_black_2-1.png","contentUrl":"https:\/\/kinamihealth.com\/wp-content\/uploads\/2025\/01\/KH_logo_black_2-1.png","width":339,"height":34,"caption":"Kinami Health"},"image":{"@id":"https:\/\/kinamihealth.com\/#\/schema\/logo\/image\/"}}]}},"_links":{"self":[{"href":"https:\/\/kinamihealth.com\/fr\/wp-json\/wp\/v2\/product\/110289","targetHints":{"allow":["GET"]}}],"collection":[{"href":"https:\/\/kinamihealth.com\/fr\/wp-json\/wp\/v2\/product"}],"about":[{"href":"https:\/\/kinamihealth.com\/fr\/wp-json\/wp\/v2\/types\/product"}],"replies":[{"embeddable":true,"href":"https:\/\/kinamihealth.com\/fr\/wp-json\/wp\/v2\/comments?post=110289"}],"version-history":[{"count":0,"href":"https:\/\/kinamihealth.com\/fr\/wp-json\/wp\/v2\/product\/110289\/revisions"}],"wp:featuredmedia":[{"embeddable":true,"href":"https:\/\/kinamihealth.com\/fr\/wp-json\/wp\/v2\/media\/110290"}],"wp:attachment":[{"href":"https:\/\/kinamihealth.com\/fr\/wp-json\/wp\/v2\/media?parent=110289"}],"wp:term":[{"taxonomy":"product_brand","embeddable":true,"href":"https:\/\/kinamihealth.com\/fr\/wp-json\/wp\/v2\/product_brand?post=110289"},{"taxonomy":"product_cat","embeddable":true,"href":"https:\/\/kinamihealth.com\/fr\/wp-json\/wp\/v2\/product_cat?post=110289"},{"taxonomy":"product_tag","embeddable":true,"href":"https:\/\/kinamihealth.com\/fr\/wp-json\/wp\/v2\/product_tag?post=110289"}],"curies":[{"name":"wp","href":"https:\/\/api.w.org\/{rel}","templated":true}]}}