{"id":110009,"date":"2025-02-15T16:57:11","date_gmt":"2025-02-15T16:57:11","guid":{"rendered":"https:\/\/kinamihealth.com\/product\/restylane-volyme-lidocaine\/"},"modified":"2026-01-28T10:35:05","modified_gmt":"2026-01-28T10:35:05","slug":"restylane-volyme-lidocaine","status":"publish","type":"product","link":"https:\/\/kinamihealth.com\/fr\/produit\/restylane-volyme-lidocaine\/","title":{"rendered":"RESTYLANE\u00ae VOLYME Lidocaine"},"content":{"rendered":"<p>Restylane\u00ae Volyme Lidocaine est un gel de comblement volumateur con\u00e7u pour cr\u00e9er un effet lifting sur le visage. Restylane\u00ae Volyme Lidocaine est une solution destin\u00e9e \u00e0 am\u00e9liorer et \u00e0 restaurer le volume perdu du visage dans des zones telles que les joues, le menton ou la m\u00e2choire, et \u00e0 renforcer les structures faciales. Il contient de la lidoca\u00efne, un anesth\u00e9sique puissant, pour une injection plus confortable. Il s&#8217;utilise comme produit de comblement dermique et convient \u00e0 l&#8217;injection dans la couche sous-cutan\u00e9e pour restaurer les visages affaiss\u00e9s.<\/p>\n","protected":false},"excerpt":{"rendered":"<p>RESTYLANE\u00ae VOLYME Lidocaine est un <strong>produit de comblement dermique haut de gamme, <\/strong>destin\u00e9 \u00e0 restaurer le volume du visage et \u00e0 am\u00e9liorer le contour avec un effet naturel. Fabriqu\u00e9 par Galderma, ce produit de comblement avanc\u00e9 est compos\u00e9 <strong>d&#8217;acide hyaluronique<\/strong> r\u00e9ticul\u00e9 <strong>et de lidoca\u00efne<\/strong>, garantissant \u00e0 la fois un volume optimal et le confort du patient pendant le traitement.<\/p>\n<p><strong>Kinami Health <\/strong>propose aux professionnels des options s\u00fbres et fiables pour <strong>commander Restylane Volyme avec lidoca\u00efne<\/strong>, assurant l&#8217;authenticit\u00e9 de ses produits.<\/p>\n","protected":false},"featured_media":123326,"comment_status":"closed","ping_status":"closed","template":"","meta":{"_acf_changed":false,"inline_featured_image":false},"product_brand":[1200],"product_cat":[1217],"product_tag":[1222],"class_list":{"0":"post-110009","1":"product","2":"type-product","3":"status-publish","4":"has-post-thumbnail","6":"product_brand-restylane","7":"product_cat-produits-de-comblement-dermique","8":"product_tag-dispositifs-medicaux","10":"first","11":"instock","12":"taxable","13":"shipping-taxable","14":"purchasable","15":"product-type-simple","16":"add-to-wishlist-before_image"},"acf":[],"yoast_head":"<!-- This site is optimized with the Yoast SEO plugin v27.1.1 - https:\/\/yoast.com\/product\/yoast-seo-wordpress\/ -->\n<title>Commander RESTYLANE\u00ae VOLYME Lidocaine en ligne | Boutique en ligne | Kinami Health<\/title>\n<meta name=\"description\" content=\"Commandez Restylane Volyme avec lidoca\u00efne en ligne pour restaurer le volume de votre visage et obtenir des r\u00e9sultats naturels gr\u00e2ce \u00e0 ce produit de comblement dermique avanc\u00e9. Commandez d\u00e8s aujourd&#039;hui !\" \/>\n<meta name=\"robots\" content=\"index, follow, max-snippet:-1, max-image-preview:large, max-video-preview:-1\" \/>\n<link rel=\"canonical\" href=\"https:\/\/kinamihealth.com\/fr\/wp-json\/wp\/v2\/product\/110009\" \/>\n<meta property=\"og:locale\" content=\"fr_FR\" \/>\n<meta property=\"og:type\" content=\"article\" \/>\n<meta property=\"og:title\" content=\"Commander RESTYLANE\u00ae VOLYME Lidocaine en ligne | Boutique en ligne | Kinami Health\" \/>\n<meta property=\"og:description\" content=\"Commandez Restylane Volyme avec lidoca\u00efne en ligne pour restaurer le volume de votre visage et obtenir des r\u00e9sultats naturels gr\u00e2ce \u00e0 ce produit de comblement dermique avanc\u00e9. Commandez d\u00e8s aujourd&#039;hui !\" \/>\n<meta property=\"og:url\" content=\"https:\/\/kinamihealth.com\/fr\/produit\/restylane-volyme-lidocaine\/\" \/>\n<meta property=\"og:site_name\" content=\"Kinami Health\" \/>\n<meta property=\"article:modified_time\" content=\"2026-01-28T10:35:05+00:00\" \/>\n<meta property=\"og:image\" content=\"https:\/\/kinamihealth.com\/wp-content\/uploads\/2025\/02\/Restylane-Volyme-with-lido.webp\" \/>\n\t<meta property=\"og:image:width\" content=\"1024\" \/>\n\t<meta property=\"og:image:height\" content=\"1024\" \/>\n\t<meta property=\"og:image:type\" content=\"image\/webp\" \/>\n<meta name=\"twitter:card\" content=\"summary_large_image\" \/>\n<meta name=\"twitter:label1\" content=\"Dur\u00e9e de lecture estim\u00e9e\" \/>\n\t<meta name=\"twitter:data1\" content=\"1 minute\" \/>\n<!-- \/ Yoast SEO plugin. -->","yoast_head_json":{"title":"Commander RESTYLANE\u00ae VOLYME Lidocaine en ligne | Boutique en ligne | Kinami Health","description":"Commandez Restylane Volyme avec lidoca\u00efne en ligne pour restaurer le volume de votre visage et obtenir des r\u00e9sultats naturels gr\u00e2ce \u00e0 ce produit de comblement dermique avanc\u00e9. Commandez d\u00e8s aujourd'hui !","robots":{"index":"index","follow":"follow","max-snippet":"max-snippet:-1","max-image-preview":"max-image-preview:large","max-video-preview":"max-video-preview:-1"},"canonical":"https:\/\/kinamihealth.com\/fr\/wp-json\/wp\/v2\/product\/110009","og_locale":"fr_FR","og_type":"article","og_title":"Commander RESTYLANE\u00ae VOLYME Lidocaine en ligne | Boutique en ligne | Kinami Health","og_description":"Commandez Restylane Volyme avec lidoca\u00efne en ligne pour restaurer le volume de votre visage et obtenir des r\u00e9sultats naturels gr\u00e2ce \u00e0 ce produit de comblement dermique avanc\u00e9. Commandez d\u00e8s aujourd'hui !","og_url":"https:\/\/kinamihealth.com\/fr\/produit\/restylane-volyme-lidocaine\/","og_site_name":"Kinami Health","article_modified_time":"2026-01-28T10:35:05+00:00","og_image":[{"width":1024,"height":1024,"url":"https:\/\/kinamihealth.com\/wp-content\/uploads\/2025\/02\/Restylane-Volyme-with-lido.webp","type":"image\/webp"}],"twitter_card":"summary_large_image","twitter_misc":{"Dur\u00e9e de lecture estim\u00e9e":"1 minute"},"schema":{"@context":"https:\/\/schema.org","@graph":[{"@type":"WebPage","@id":"https:\/\/kinamihealth.com\/fr\/produit\/restylane-volyme-lidocaine\/","url":"https:\/\/kinamihealth.com\/fr\/produit\/restylane-volyme-lidocaine\/","name":"Commander RESTYLANE\u00ae VOLYME Lidocaine en ligne | Boutique en ligne | Kinami Health","isPartOf":{"@id":"https:\/\/kinamihealth.com\/#website"},"primaryImageOfPage":{"@id":"https:\/\/kinamihealth.com\/fr\/produit\/restylane-volyme-lidocaine\/#primaryimage"},"image":{"@id":"https:\/\/kinamihealth.com\/fr\/produit\/restylane-volyme-lidocaine\/#primaryimage"},"thumbnailUrl":"https:\/\/kinamihealth.com\/wp-content\/uploads\/2025\/02\/Restylane-Volyme-with-lido.webp","datePublished":"2025-02-15T16:57:11+00:00","dateModified":"2026-01-28T10:35:05+00:00","description":"Commandez Restylane Volyme avec lidoca\u00efne en ligne pour restaurer le volume de votre visage et obtenir des r\u00e9sultats naturels gr\u00e2ce \u00e0 ce produit de comblement dermique avanc\u00e9. Commandez d\u00e8s aujourd'hui !","breadcrumb":{"@id":"https:\/\/kinamihealth.com\/fr\/produit\/restylane-volyme-lidocaine\/#breadcrumb"},"inLanguage":"fr-FR","potentialAction":[{"@type":"ReadAction","target":["https:\/\/kinamihealth.com\/fr\/produit\/restylane-volyme-lidocaine\/"]}]},{"@type":"ImageObject","inLanguage":"fr-FR","@id":"https:\/\/kinamihealth.com\/fr\/produit\/restylane-volyme-lidocaine\/#primaryimage","url":"https:\/\/kinamihealth.com\/wp-content\/uploads\/2025\/02\/Restylane-Volyme-with-lido.webp","contentUrl":"https:\/\/kinamihealth.com\/wp-content\/uploads\/2025\/02\/Restylane-Volyme-with-lido.webp","width":1024,"height":1024},{"@type":"BreadcrumbList","@id":"https:\/\/kinamihealth.com\/fr\/produit\/restylane-volyme-lidocaine\/#breadcrumb","itemListElement":[{"@type":"ListItem","position":1,"name":"Page d'accueil","item":"https:\/\/kinamihealth.com\/"},{"@type":"ListItem","position":2,"name":"Boutique","item":"https:\/\/kinamihealth.com\/shop\/"},{"@type":"ListItem","position":3,"name":"RESTYLANE\u00ae VOLYME Lidocaine"}]},{"@type":"WebSite","@id":"https:\/\/kinamihealth.com\/#website","url":"https:\/\/kinamihealth.com\/","name":"Kinami Health","description":"","publisher":{"@id":"https:\/\/kinamihealth.com\/#organization"},"potentialAction":[{"@type":"SearchAction","target":{"@type":"EntryPoint","urlTemplate":"https:\/\/kinamihealth.com\/?s={search_term_string}"},"query-input":{"@type":"PropertyValueSpecification","valueRequired":true,"valueName":"search_term_string"}}],"inLanguage":"fr-FR"},{"@type":"Organization","@id":"https:\/\/kinamihealth.com\/#organization","name":"Kinami Health","url":"https:\/\/kinamihealth.com\/","logo":{"@type":"ImageObject","inLanguage":"fr-FR","@id":"https:\/\/kinamihealth.com\/#\/schema\/logo\/image\/","url":"https:\/\/kinamihealth.com\/wp-content\/uploads\/2025\/01\/KH_logo_black_2-1.png","contentUrl":"https:\/\/kinamihealth.com\/wp-content\/uploads\/2025\/01\/KH_logo_black_2-1.png","width":339,"height":34,"caption":"Kinami Health"},"image":{"@id":"https:\/\/kinamihealth.com\/#\/schema\/logo\/image\/"}}]}},"_links":{"self":[{"href":"https:\/\/kinamihealth.com\/fr\/wp-json\/wp\/v2\/product\/110009","targetHints":{"allow":["GET"]}}],"collection":[{"href":"https:\/\/kinamihealth.com\/fr\/wp-json\/wp\/v2\/product"}],"about":[{"href":"https:\/\/kinamihealth.com\/fr\/wp-json\/wp\/v2\/types\/product"}],"replies":[{"embeddable":true,"href":"https:\/\/kinamihealth.com\/fr\/wp-json\/wp\/v2\/comments?post=110009"}],"version-history":[{"count":0,"href":"https:\/\/kinamihealth.com\/fr\/wp-json\/wp\/v2\/product\/110009\/revisions"}],"wp:featuredmedia":[{"embeddable":true,"href":"https:\/\/kinamihealth.com\/fr\/wp-json\/wp\/v2\/media\/123326"}],"wp:attachment":[{"href":"https:\/\/kinamihealth.com\/fr\/wp-json\/wp\/v2\/media?parent=110009"}],"wp:term":[{"taxonomy":"product_brand","embeddable":true,"href":"https:\/\/kinamihealth.com\/fr\/wp-json\/wp\/v2\/product_brand?post=110009"},{"taxonomy":"product_cat","embeddable":true,"href":"https:\/\/kinamihealth.com\/fr\/wp-json\/wp\/v2\/product_cat?post=110009"},{"taxonomy":"product_tag","embeddable":true,"href":"https:\/\/kinamihealth.com\/fr\/wp-json\/wp\/v2\/product_tag?post=110009"}],"curies":[{"name":"wp","href":"https:\/\/api.w.org\/{rel}","templated":true}]}}