{"id":110007,"date":"2025-02-15T16:57:10","date_gmt":"2025-02-15T16:57:10","guid":{"rendered":"https:\/\/kinamihealth.com\/product\/restylane-skinboosters-vital-lidocaine\/"},"modified":"2026-04-03T09:38:06","modified_gmt":"2026-04-03T09:38:06","slug":"restylane-skinboosters-vital-lidocaine","status":"publish","type":"product","link":"https:\/\/kinamihealth.com\/fr\/produit\/restylane-skinboosters-vital-lidocaine\/","title":{"rendered":"RESTYLANE\u00ae SKINBOOSTERS\u2122 VITAL Lidocaine"},"content":{"rendered":"<p>Restylane\u00ae Vital SB Lidocaine is designed specifically for more mature or sun-damaged skin. Use Restylane\u00ae Vital to treat the following areas: Face, lips, hands, neck and d\u00e9colletage. In general, Restylane\u00ae Skinboosters are designed to improve the skin&#8217;s quality by boosting skin hydration and increasing its smoothness, elasticity and firmness. Contains lidocaine, a powerful anaesthetic, for a more comfortable injection.Intended to restore skin hydrobalance, improve skin structure and the elasticity of the skin.<\/p>\n","protected":false},"excerpt":{"rendered":"<p>Restylane\u00ae Vital SB Lidocaine is designed specifically for more mature or sun-damaged skin. Use Restylane\u00ae Vital to treat the following areas: Face, lips, hands, neck and d\u00e9colletage. In general, Restylane\u00ae Skinboosters are designed to improve the skin&#8217;s quality by boosting skin hydration and increasing its smoothness, elasticity and firmness. Contains lidocaine, a powerful anaesthetic, for [&hellip;]<\/p>\n","protected":false},"featured_media":110008,"comment_status":"closed","ping_status":"closed","template":"","meta":{"_acf_changed":false,"inline_featured_image":false},"product_brand":[1200],"product_cat":[1217],"product_tag":[1222],"class_list":{"0":"post-110007","1":"product","2":"type-product","3":"status-publish","4":"has-post-thumbnail","6":"product_brand-restylane","7":"product_cat-produits-de-comblement-dermique","8":"product_tag-dispositifs-medicaux","10":"first","11":"instock","12":"taxable","13":"shipping-taxable","14":"purchasable","15":"product-type-simple","16":"add-to-wishlist-before_image"},"acf":[],"yoast_head":"<!-- This site is optimized with the Yoast SEO plugin v27.5 - https:\/\/yoast.com\/product\/yoast-seo-wordpress\/ -->\n<title>Commander RESTYLANE\u00ae SKINBOOSTERS\u2122 VITAL Lidocaine en ligne | Boutique en ligne | Kinami Health<\/title>\n<meta name=\"description\" content=\"Commandez Restylane Skinboosters Vital avec lidoca\u00efne en ligne \u2013 un skinbooster \u00e0 base d&#039;acide hyaluronique pour une hydratation am\u00e9lior\u00e9e, une texture plus lisse et une \u00e9lasticit\u00e9 renforc\u00e9 de la peau, id\u00e9al pour rajeunir le visage, le cou et les mains.\" \/>\n<meta name=\"robots\" content=\"index, follow, max-snippet:-1, max-image-preview:large, max-video-preview:-1\" \/>\n<link rel=\"canonical\" href=\"https:\/\/kinamihealth.com\/fr\/wp-json\/wp\/v2\/product\/110007\" \/>\n<meta property=\"og:locale\" content=\"fr_FR\" \/>\n<meta property=\"og:type\" content=\"article\" \/>\n<meta property=\"og:title\" content=\"Commander RESTYLANE\u00ae SKINBOOSTERS\u2122 VITAL Lidocaine en ligne | Boutique en ligne | Kinami Health\" \/>\n<meta property=\"og:description\" content=\"Commandez Restylane Skinboosters Vital avec lidoca\u00efne en ligne \u2013 un skinbooster \u00e0 base d&#039;acide hyaluronique pour une hydratation am\u00e9lior\u00e9e, une texture plus lisse et une \u00e9lasticit\u00e9 renforc\u00e9 de la peau, id\u00e9al pour rajeunir le visage, le cou et les mains.\" \/>\n<meta property=\"og:url\" content=\"https:\/\/kinamihealth.com\/fr\/produit\/restylane-skinboosters-vital-lidocaine\/\" \/>\n<meta property=\"og:site_name\" content=\"Kinami Health\" \/>\n<meta property=\"article:modified_time\" content=\"2026-04-03T09:38:06+00:00\" \/>\n<meta property=\"og:image\" content=\"https:\/\/kinamihealth.com\/wp-content\/uploads\/2025\/02\/GALDERMA-RESTYLANE-SKINBOOSTER-VITAL-LIDOCAINE-01.jpg\" \/>\n\t<meta property=\"og:image:width\" content=\"800\" \/>\n\t<meta property=\"og:image:height\" content=\"800\" \/>\n\t<meta property=\"og:image:type\" content=\"image\/jpeg\" \/>\n<meta name=\"twitter:card\" content=\"summary_large_image\" \/>\n<meta name=\"twitter:label1\" content=\"Dur\u00e9e de lecture estim\u00e9e\" \/>\n\t<meta name=\"twitter:data1\" content=\"1 minute\" \/>\n<!-- \/ Yoast SEO plugin. -->","yoast_head_json":{"title":"Commander RESTYLANE\u00ae SKINBOOSTERS\u2122 VITAL Lidocaine en ligne | Boutique en ligne | Kinami Health","description":"Commandez Restylane Skinboosters Vital avec lidoca\u00efne en ligne \u2013 un skinbooster \u00e0 base d'acide hyaluronique pour une hydratation am\u00e9lior\u00e9e, une texture plus lisse et une \u00e9lasticit\u00e9 renforc\u00e9 de la peau, id\u00e9al pour rajeunir le visage, le cou et les mains.","robots":{"index":"index","follow":"follow","max-snippet":"max-snippet:-1","max-image-preview":"max-image-preview:large","max-video-preview":"max-video-preview:-1"},"canonical":"https:\/\/kinamihealth.com\/fr\/wp-json\/wp\/v2\/product\/110007","og_locale":"fr_FR","og_type":"article","og_title":"Commander RESTYLANE\u00ae SKINBOOSTERS\u2122 VITAL Lidocaine en ligne | Boutique en ligne | Kinami Health","og_description":"Commandez Restylane Skinboosters Vital avec lidoca\u00efne en ligne \u2013 un skinbooster \u00e0 base d'acide hyaluronique pour une hydratation am\u00e9lior\u00e9e, une texture plus lisse et une \u00e9lasticit\u00e9 renforc\u00e9 de la peau, id\u00e9al pour rajeunir le visage, le cou et les mains.","og_url":"https:\/\/kinamihealth.com\/fr\/produit\/restylane-skinboosters-vital-lidocaine\/","og_site_name":"Kinami Health","article_modified_time":"2026-04-03T09:38:06+00:00","og_image":[{"width":800,"height":800,"url":"https:\/\/kinamihealth.com\/wp-content\/uploads\/2025\/02\/GALDERMA-RESTYLANE-SKINBOOSTER-VITAL-LIDOCAINE-01.jpg","type":"image\/jpeg"}],"twitter_card":"summary_large_image","twitter_misc":{"Dur\u00e9e de lecture estim\u00e9e":"1 minute"},"schema":{"@context":"https:\/\/schema.org","@graph":[{"@type":"WebPage","@id":"https:\/\/kinamihealth.com\/fr\/produit\/restylane-skinboosters-vital-lidocaine\/","url":"https:\/\/kinamihealth.com\/fr\/produit\/restylane-skinboosters-vital-lidocaine\/","name":"Commander RESTYLANE\u00ae SKINBOOSTERS\u2122 VITAL Lidocaine en ligne | Boutique en ligne | Kinami Health","isPartOf":{"@id":"https:\/\/kinamihealth.com\/#website"},"primaryImageOfPage":{"@id":"https:\/\/kinamihealth.com\/fr\/produit\/restylane-skinboosters-vital-lidocaine\/#primaryimage"},"image":{"@id":"https:\/\/kinamihealth.com\/fr\/produit\/restylane-skinboosters-vital-lidocaine\/#primaryimage"},"thumbnailUrl":"https:\/\/kinamihealth.com\/wp-content\/uploads\/2025\/02\/GALDERMA-RESTYLANE-SKINBOOSTER-VITAL-LIDOCAINE-01.jpg","datePublished":"2025-02-15T16:57:10+00:00","dateModified":"2026-04-03T09:38:06+00:00","description":"Commandez Restylane Skinboosters Vital avec lidoca\u00efne en ligne \u2013 un skinbooster \u00e0 base d'acide hyaluronique pour une hydratation am\u00e9lior\u00e9e, une texture plus lisse et une \u00e9lasticit\u00e9 renforc\u00e9 de la peau, id\u00e9al pour rajeunir le visage, le cou et les mains.","breadcrumb":{"@id":"https:\/\/kinamihealth.com\/fr\/produit\/restylane-skinboosters-vital-lidocaine\/#breadcrumb"},"inLanguage":"fr-FR","potentialAction":[{"@type":"ReadAction","target":["https:\/\/kinamihealth.com\/fr\/produit\/restylane-skinboosters-vital-lidocaine\/"]}]},{"@type":"ImageObject","inLanguage":"fr-FR","@id":"https:\/\/kinamihealth.com\/fr\/produit\/restylane-skinboosters-vital-lidocaine\/#primaryimage","url":"https:\/\/kinamihealth.com\/wp-content\/uploads\/2025\/02\/GALDERMA-RESTYLANE-SKINBOOSTER-VITAL-LIDOCAINE-01.jpg","contentUrl":"https:\/\/kinamihealth.com\/wp-content\/uploads\/2025\/02\/GALDERMA-RESTYLANE-SKINBOOSTER-VITAL-LIDOCAINE-01.jpg","width":800,"height":800},{"@type":"BreadcrumbList","@id":"https:\/\/kinamihealth.com\/fr\/produit\/restylane-skinboosters-vital-lidocaine\/#breadcrumb","itemListElement":[{"@type":"ListItem","position":1,"name":"Page d'accueil","item":"https:\/\/kinamihealth.com\/"},{"@type":"ListItem","position":2,"name":"Boutique","item":"https:\/\/kinamihealth.com\/shop\/"},{"@type":"ListItem","position":3,"name":"RESTYLANE\u00ae SKINBOOSTERS\u2122 VITAL Lidocaine"}]},{"@type":"WebSite","@id":"https:\/\/kinamihealth.com\/#website","url":"https:\/\/kinamihealth.com\/","name":"Kinami Health","description":"","publisher":{"@id":"https:\/\/kinamihealth.com\/#organization"},"potentialAction":[{"@type":"SearchAction","target":{"@type":"EntryPoint","urlTemplate":"https:\/\/kinamihealth.com\/?s={search_term_string}"},"query-input":{"@type":"PropertyValueSpecification","valueRequired":true,"valueName":"search_term_string"}}],"inLanguage":"fr-FR"},{"@type":"Organization","@id":"https:\/\/kinamihealth.com\/#organization","name":"Kinami Health","url":"https:\/\/kinamihealth.com\/","logo":{"@type":"ImageObject","inLanguage":"fr-FR","@id":"https:\/\/kinamihealth.com\/#\/schema\/logo\/image\/","url":"https:\/\/kinamihealth.com\/wp-content\/uploads\/2025\/01\/KH_logo_black_2-1.png","contentUrl":"https:\/\/kinamihealth.com\/wp-content\/uploads\/2025\/01\/KH_logo_black_2-1.png","width":339,"height":34,"caption":"Kinami Health"},"image":{"@id":"https:\/\/kinamihealth.com\/#\/schema\/logo\/image\/"}}]}},"_links":{"self":[{"href":"https:\/\/kinamihealth.com\/fr\/wp-json\/wp\/v2\/product\/110007","targetHints":{"allow":["GET"]}}],"collection":[{"href":"https:\/\/kinamihealth.com\/fr\/wp-json\/wp\/v2\/product"}],"about":[{"href":"https:\/\/kinamihealth.com\/fr\/wp-json\/wp\/v2\/types\/product"}],"replies":[{"embeddable":true,"href":"https:\/\/kinamihealth.com\/fr\/wp-json\/wp\/v2\/comments?post=110007"}],"version-history":[{"count":1,"href":"https:\/\/kinamihealth.com\/fr\/wp-json\/wp\/v2\/product\/110007\/revisions"}],"predecessor-version":[{"id":134480,"href":"https:\/\/kinamihealth.com\/fr\/wp-json\/wp\/v2\/product\/110007\/revisions\/134480"}],"wp:featuredmedia":[{"embeddable":true,"href":"https:\/\/kinamihealth.com\/fr\/wp-json\/wp\/v2\/media\/110008"}],"wp:attachment":[{"href":"https:\/\/kinamihealth.com\/fr\/wp-json\/wp\/v2\/media?parent=110007"}],"wp:term":[{"taxonomy":"product_brand","embeddable":true,"href":"https:\/\/kinamihealth.com\/fr\/wp-json\/wp\/v2\/product_brand?post=110007"},{"taxonomy":"product_cat","embeddable":true,"href":"https:\/\/kinamihealth.com\/fr\/wp-json\/wp\/v2\/product_cat?post=110007"},{"taxonomy":"product_tag","embeddable":true,"href":"https:\/\/kinamihealth.com\/fr\/wp-json\/wp\/v2\/product_tag?post=110007"}],"curies":[{"name":"wp","href":"https:\/\/api.w.org\/{rel}","templated":true}]}}