{"id":110004,"date":"2025-02-15T16:57:09","date_gmt":"2025-02-15T16:57:09","guid":{"rendered":"https:\/\/kinamihealth.com\/product\/restylane-skinboosters-vital-light-lidocaine\/"},"modified":"2026-04-03T11:57:12","modified_gmt":"2026-04-03T11:57:12","slug":"restylane-skinboosters-vital-light-lidocaine","status":"publish","type":"product","link":"https:\/\/kinamihealth.com\/fr\/produit\/restylane-skinboosters-vital-light-lidocaine\/","title":{"rendered":"RESTYLANE\u00ae SKINBOOSTERS\u2122 VITAL LIGHT Lidocaine"},"content":{"rendered":"<p>Restylane\u00ae Vital Light SB Lidocaine est con\u00e7u pour am\u00e9liorer la qualit\u00e9 de la peau en stimulant son hydratation et en augmentant sa douceur, son \u00e9lasticit\u00e9 et sa fermet\u00e9. Restylane\u00ae Vital Light convient aux zones plus d\u00e9licates telles que le cou ou le d\u00e9collet\u00e9. Ce produit peut \u00eatre utilis\u00e9 pour traiter les zones suivantes : visage, l\u00e8vres, mains, cou et d\u00e9collet\u00e9. Il contient de la lidoca\u00efne, un anesth\u00e9sique puissant, pour une injection plus confortable. Ce produit contribue \u00e0 hydrater et \u00e0 rajeunir la peau.<\/p>\n","protected":false},"excerpt":{"rendered":"<p>Restylane\u00ae Vital Light SB Lidocaine est con\u00e7u pour am\u00e9liorer la qualit\u00e9 de la peau en stimulant son hydratation et en augmentant sa douceur, son \u00e9lasticit\u00e9 et sa fermet\u00e9. Restylane\u00ae Vital Light convient aux zones plus d\u00e9licates telles que le cou ou le d\u00e9collet\u00e9. Ce produit peut \u00eatre utilis\u00e9 pour traiter les zones suivantes : visage, [&hellip;]<\/p>\n","protected":false},"featured_media":110005,"comment_status":"closed","ping_status":"closed","template":"","meta":{"_acf_changed":false,"inline_featured_image":false},"product_brand":[1200],"product_cat":[1217],"product_tag":[1222],"class_list":{"0":"post-110004","1":"product","2":"type-product","3":"status-publish","4":"has-post-thumbnail","6":"product_brand-restylane","7":"product_cat-produits-de-comblement-dermique","8":"product_tag-dispositifs-medicaux","10":"first","11":"instock","12":"taxable","13":"shipping-taxable","14":"purchasable","15":"product-type-simple","16":"add-to-wishlist-before_image"},"acf":[],"yoast_head":"<!-- This site is optimized with the Yoast SEO plugin v27.3 - https:\/\/yoast.com\/product\/yoast-seo-wordpress\/ -->\n<title>Commander RESTYLANE\u00ae SKINBOOSTERS\u2122 VITAL LIGHT Lidocaine en ligne | Boutique en ligne | Kinami Health<\/title>\n<meta name=\"description\" content=\"Commandez Restylane Skinboosters Vital Light avec lidoca\u00efne en ligne \u2013 un booster cutan\u00e9 \u00e0 base d&#039;acide hyaluronique con\u00e7u pour hydrater, rajeunir et am\u00e9liorer l&#039;\u00e9lasticit\u00e9 de la peau, id\u00e9al pour les zones d\u00e9licates, exigeant un temps d&#039;arr\u00eat minimal.\" \/>\n<meta name=\"robots\" content=\"index, follow, max-snippet:-1, max-image-preview:large, max-video-preview:-1\" \/>\n<link rel=\"canonical\" href=\"https:\/\/kinamihealth.com\/fr\/wp-json\/wp\/v2\/product\/110004\" \/>\n<meta property=\"og:locale\" content=\"fr_FR\" \/>\n<meta property=\"og:type\" content=\"article\" \/>\n<meta property=\"og:title\" content=\"Commander RESTYLANE\u00ae SKINBOOSTERS\u2122 VITAL LIGHT Lidocaine en ligne | Boutique en ligne | Kinami Health\" \/>\n<meta property=\"og:description\" content=\"Commandez Restylane Skinboosters Vital Light avec lidoca\u00efne en ligne \u2013 un booster cutan\u00e9 \u00e0 base d&#039;acide hyaluronique con\u00e7u pour hydrater, rajeunir et am\u00e9liorer l&#039;\u00e9lasticit\u00e9 de la peau, id\u00e9al pour les zones d\u00e9licates, exigeant un temps d&#039;arr\u00eat minimal.\" \/>\n<meta property=\"og:url\" content=\"https:\/\/kinamihealth.com\/fr\/produit\/restylane-skinboosters-vital-light-lidocaine\/\" \/>\n<meta property=\"og:site_name\" content=\"Kinami Health\" \/>\n<meta property=\"article:modified_time\" content=\"2026-04-03T11:57:12+00:00\" \/>\n<meta property=\"og:image\" content=\"https:\/\/kinamihealth.com\/wp-content\/uploads\/2025\/02\/GALDERMA-RESTYLANE-SKINBOOSTERS-VITALLIGHT-1.5ML-01.jpg\" \/>\n\t<meta property=\"og:image:width\" content=\"800\" \/>\n\t<meta property=\"og:image:height\" content=\"800\" \/>\n\t<meta property=\"og:image:type\" content=\"image\/jpeg\" \/>\n<meta name=\"twitter:card\" content=\"summary_large_image\" \/>\n<meta name=\"twitter:label1\" content=\"Dur\u00e9e de lecture estim\u00e9e\" \/>\n\t<meta name=\"twitter:data1\" content=\"1 minute\" \/>\n<!-- \/ Yoast SEO plugin. -->","yoast_head_json":{"title":"Commander RESTYLANE\u00ae SKINBOOSTERS\u2122 VITAL LIGHT Lidocaine en ligne | Boutique en ligne | Kinami Health","description":"Commandez Restylane Skinboosters Vital Light avec lidoca\u00efne en ligne \u2013 un booster cutan\u00e9 \u00e0 base d'acide hyaluronique con\u00e7u pour hydrater, rajeunir et am\u00e9liorer l'\u00e9lasticit\u00e9 de la peau, id\u00e9al pour les zones d\u00e9licates, exigeant un temps d'arr\u00eat minimal.","robots":{"index":"index","follow":"follow","max-snippet":"max-snippet:-1","max-image-preview":"max-image-preview:large","max-video-preview":"max-video-preview:-1"},"canonical":"https:\/\/kinamihealth.com\/fr\/wp-json\/wp\/v2\/product\/110004","og_locale":"fr_FR","og_type":"article","og_title":"Commander RESTYLANE\u00ae SKINBOOSTERS\u2122 VITAL LIGHT Lidocaine en ligne | Boutique en ligne | Kinami Health","og_description":"Commandez Restylane Skinboosters Vital Light avec lidoca\u00efne en ligne \u2013 un booster cutan\u00e9 \u00e0 base d'acide hyaluronique con\u00e7u pour hydrater, rajeunir et am\u00e9liorer l'\u00e9lasticit\u00e9 de la peau, id\u00e9al pour les zones d\u00e9licates, exigeant un temps d'arr\u00eat minimal.","og_url":"https:\/\/kinamihealth.com\/fr\/produit\/restylane-skinboosters-vital-light-lidocaine\/","og_site_name":"Kinami Health","article_modified_time":"2026-04-03T11:57:12+00:00","og_image":[{"width":800,"height":800,"url":"https:\/\/kinamihealth.com\/wp-content\/uploads\/2025\/02\/GALDERMA-RESTYLANE-SKINBOOSTERS-VITALLIGHT-1.5ML-01.jpg","type":"image\/jpeg"}],"twitter_card":"summary_large_image","twitter_misc":{"Dur\u00e9e de lecture estim\u00e9e":"1 minute"},"schema":{"@context":"https:\/\/schema.org","@graph":[{"@type":"WebPage","@id":"https:\/\/kinamihealth.com\/fr\/produit\/restylane-skinboosters-vital-light-lidocaine\/","url":"https:\/\/kinamihealth.com\/fr\/produit\/restylane-skinboosters-vital-light-lidocaine\/","name":"Commander RESTYLANE\u00ae SKINBOOSTERS\u2122 VITAL LIGHT Lidocaine en ligne | Boutique en ligne | Kinami Health","isPartOf":{"@id":"https:\/\/kinamihealth.com\/#website"},"primaryImageOfPage":{"@id":"https:\/\/kinamihealth.com\/fr\/produit\/restylane-skinboosters-vital-light-lidocaine\/#primaryimage"},"image":{"@id":"https:\/\/kinamihealth.com\/fr\/produit\/restylane-skinboosters-vital-light-lidocaine\/#primaryimage"},"thumbnailUrl":"https:\/\/kinamihealth.com\/wp-content\/uploads\/2025\/02\/GALDERMA-RESTYLANE-SKINBOOSTERS-VITALLIGHT-1.5ML-01.jpg","datePublished":"2025-02-15T16:57:09+00:00","dateModified":"2026-04-03T11:57:12+00:00","description":"Commandez Restylane Skinboosters Vital Light avec lidoca\u00efne en ligne \u2013 un booster cutan\u00e9 \u00e0 base d'acide hyaluronique con\u00e7u pour hydrater, rajeunir et am\u00e9liorer l'\u00e9lasticit\u00e9 de la peau, id\u00e9al pour les zones d\u00e9licates, exigeant un temps d'arr\u00eat minimal.","breadcrumb":{"@id":"https:\/\/kinamihealth.com\/fr\/produit\/restylane-skinboosters-vital-light-lidocaine\/#breadcrumb"},"inLanguage":"fr-FR","potentialAction":[{"@type":"ReadAction","target":["https:\/\/kinamihealth.com\/fr\/produit\/restylane-skinboosters-vital-light-lidocaine\/"]}]},{"@type":"ImageObject","inLanguage":"fr-FR","@id":"https:\/\/kinamihealth.com\/fr\/produit\/restylane-skinboosters-vital-light-lidocaine\/#primaryimage","url":"https:\/\/kinamihealth.com\/wp-content\/uploads\/2025\/02\/GALDERMA-RESTYLANE-SKINBOOSTERS-VITALLIGHT-1.5ML-01.jpg","contentUrl":"https:\/\/kinamihealth.com\/wp-content\/uploads\/2025\/02\/GALDERMA-RESTYLANE-SKINBOOSTERS-VITALLIGHT-1.5ML-01.jpg","width":800,"height":800},{"@type":"BreadcrumbList","@id":"https:\/\/kinamihealth.com\/fr\/produit\/restylane-skinboosters-vital-light-lidocaine\/#breadcrumb","itemListElement":[{"@type":"ListItem","position":1,"name":"Page d'accueil","item":"https:\/\/kinamihealth.com\/"},{"@type":"ListItem","position":2,"name":"Boutique","item":"https:\/\/kinamihealth.com\/shop\/"},{"@type":"ListItem","position":3,"name":"RESTYLANE\u00ae SKINBOOSTERS\u2122 VITAL LIGHT Lidocaine"}]},{"@type":"WebSite","@id":"https:\/\/kinamihealth.com\/#website","url":"https:\/\/kinamihealth.com\/","name":"Kinami Health","description":"","publisher":{"@id":"https:\/\/kinamihealth.com\/#organization"},"potentialAction":[{"@type":"SearchAction","target":{"@type":"EntryPoint","urlTemplate":"https:\/\/kinamihealth.com\/?s={search_term_string}"},"query-input":{"@type":"PropertyValueSpecification","valueRequired":true,"valueName":"search_term_string"}}],"inLanguage":"fr-FR"},{"@type":"Organization","@id":"https:\/\/kinamihealth.com\/#organization","name":"Kinami Health","url":"https:\/\/kinamihealth.com\/","logo":{"@type":"ImageObject","inLanguage":"fr-FR","@id":"https:\/\/kinamihealth.com\/#\/schema\/logo\/image\/","url":"https:\/\/kinamihealth.com\/wp-content\/uploads\/2025\/01\/KH_logo_black_2-1.png","contentUrl":"https:\/\/kinamihealth.com\/wp-content\/uploads\/2025\/01\/KH_logo_black_2-1.png","width":339,"height":34,"caption":"Kinami Health"},"image":{"@id":"https:\/\/kinamihealth.com\/#\/schema\/logo\/image\/"}}]}},"_links":{"self":[{"href":"https:\/\/kinamihealth.com\/fr\/wp-json\/wp\/v2\/product\/110004","targetHints":{"allow":["GET"]}}],"collection":[{"href":"https:\/\/kinamihealth.com\/fr\/wp-json\/wp\/v2\/product"}],"about":[{"href":"https:\/\/kinamihealth.com\/fr\/wp-json\/wp\/v2\/types\/product"}],"replies":[{"embeddable":true,"href":"https:\/\/kinamihealth.com\/fr\/wp-json\/wp\/v2\/comments?post=110004"}],"version-history":[{"count":1,"href":"https:\/\/kinamihealth.com\/fr\/wp-json\/wp\/v2\/product\/110004\/revisions"}],"predecessor-version":[{"id":134625,"href":"https:\/\/kinamihealth.com\/fr\/wp-json\/wp\/v2\/product\/110004\/revisions\/134625"}],"wp:featuredmedia":[{"embeddable":true,"href":"https:\/\/kinamihealth.com\/fr\/wp-json\/wp\/v2\/media\/110005"}],"wp:attachment":[{"href":"https:\/\/kinamihealth.com\/fr\/wp-json\/wp\/v2\/media?parent=110004"}],"wp:term":[{"taxonomy":"product_brand","embeddable":true,"href":"https:\/\/kinamihealth.com\/fr\/wp-json\/wp\/v2\/product_brand?post=110004"},{"taxonomy":"product_cat","embeddable":true,"href":"https:\/\/kinamihealth.com\/fr\/wp-json\/wp\/v2\/product_cat?post=110004"},{"taxonomy":"product_tag","embeddable":true,"href":"https:\/\/kinamihealth.com\/fr\/wp-json\/wp\/v2\/product_tag?post=110004"}],"curies":[{"name":"wp","href":"https:\/\/api.w.org\/{rel}","templated":true}]}}