{"id":110001,"date":"2025-02-15T16:57:09","date_gmt":"2025-02-15T16:57:09","guid":{"rendered":"https:\/\/kinamihealth.com\/product\/restylane-refyne-lidocaine\/"},"modified":"2026-04-02T14:14:45","modified_gmt":"2026-04-02T14:14:45","slug":"restylane-refyne-lidocaine","status":"publish","type":"product","link":"https:\/\/kinamihealth.com\/fr\/produit\/restylane-refyne-lidocaine\/","title":{"rendered":"RESTYLANE\u00ae REFYNE Lidocaine"},"content":{"rendered":"<p>Restylane\u00ae Refyne Lidocaine est un produit de comblement sous forme de gel con\u00e7u pour offrir un effet lifting et r\u00e9duire les rides et ridules mod\u00e9r\u00e9es. La technologie OPT (Optimal Balance Technology) permet au produit de comblement de s&#8217;int\u00e9grer en douceur dans la peau. Il contient de la lidoca\u00efne, un anesth\u00e9sique puissant, pour une injection plus confortable. Ce produit est destin\u00e9 \u00e0 l&#8217;injection dans le derme pour corriger les rides mod\u00e9r\u00e9es.<\/p>\n","protected":false},"excerpt":{"rendered":"<p>Restylane\u00ae Refyne Lidocaine est un produit de comblement sous forme de gel con\u00e7u pour offrir un effet lifting et r\u00e9duire les rides et ridules mod\u00e9r\u00e9es. La technologie OPT (Optimal Balance Technology) permet au produit de comblement de s&#8217;int\u00e9grer en douceur dans la peau. Il contient de la lidoca\u00efne, un anesth\u00e9sique puissant, pour une injection plus [&hellip;]<\/p>\n","protected":false},"featured_media":123372,"comment_status":"closed","ping_status":"closed","template":"","meta":{"_acf_changed":false,"inline_featured_image":false},"product_brand":[1200],"product_cat":[1217],"product_tag":[1222],"class_list":{"0":"post-110001","1":"product","2":"type-product","3":"status-publish","4":"has-post-thumbnail","6":"product_brand-restylane","7":"product_cat-produits-de-comblement-dermique","8":"product_tag-dispositifs-medicaux","10":"first","11":"instock","12":"taxable","13":"shipping-taxable","14":"purchasable","15":"product-type-simple","16":"add-to-wishlist-before_image"},"acf":[],"yoast_head":"<!-- This site is optimized with the Yoast SEO plugin v27.3 - https:\/\/yoast.com\/product\/yoast-seo-wordpress\/ -->\n<title>Commander RESTYLANE\u00ae REFYNE Lidocaine en ligne | Boutique en ligne | Kinami Health<\/title>\n<meta name=\"description\" content=\"Commandez Restylane Refyne avec lidoca\u00efne en ligne \u2013 un produit de comblement dermique \u00e0 base d&#039;acide hyaluronique con\u00e7u pour les rides et les plis mod\u00e9r\u00e9s \u00e0 s\u00e9v\u00e8res du visage, offrant des r\u00e9sultats naturels et lisses tout en am\u00e9liorant le confort du patient.\" \/>\n<meta name=\"robots\" content=\"index, follow, max-snippet:-1, max-image-preview:large, max-video-preview:-1\" \/>\n<link rel=\"canonical\" href=\"https:\/\/kinamihealth.com\/fr\/wp-json\/wp\/v2\/product\/110001\" \/>\n<meta property=\"og:locale\" content=\"fr_FR\" \/>\n<meta property=\"og:type\" content=\"article\" \/>\n<meta property=\"og:title\" content=\"Commander RESTYLANE\u00ae REFYNE Lidocaine en ligne | Boutique en ligne | Kinami Health\" \/>\n<meta property=\"og:description\" content=\"Commandez Restylane Refyne avec lidoca\u00efne en ligne \u2013 un produit de comblement dermique \u00e0 base d&#039;acide hyaluronique con\u00e7u pour les rides et les plis mod\u00e9r\u00e9s \u00e0 s\u00e9v\u00e8res du visage, offrant des r\u00e9sultats naturels et lisses tout en am\u00e9liorant le confort du patient.\" \/>\n<meta property=\"og:url\" content=\"https:\/\/kinamihealth.com\/fr\/produit\/restylane-refyne-lidocaine\/\" \/>\n<meta property=\"og:site_name\" content=\"Kinami Health\" \/>\n<meta property=\"article:modified_time\" content=\"2026-04-02T14:14:45+00:00\" \/>\n<meta property=\"og:image\" content=\"https:\/\/kinamihealth.com\/wp-content\/uploads\/2025\/02\/Restylane-Refyne-with-lido.webp\" \/>\n\t<meta property=\"og:image:width\" content=\"1024\" \/>\n\t<meta property=\"og:image:height\" content=\"1024\" \/>\n\t<meta property=\"og:image:type\" content=\"image\/webp\" \/>\n<meta name=\"twitter:card\" content=\"summary_large_image\" \/>\n<meta name=\"twitter:label1\" content=\"Dur\u00e9e de lecture estim\u00e9e\" \/>\n\t<meta name=\"twitter:data1\" content=\"1 minute\" \/>\n<!-- \/ Yoast SEO plugin. -->","yoast_head_json":{"title":"Commander RESTYLANE\u00ae REFYNE Lidocaine en ligne | Boutique en ligne | Kinami Health","description":"Commandez Restylane Refyne avec lidoca\u00efne en ligne \u2013 un produit de comblement dermique \u00e0 base d'acide hyaluronique con\u00e7u pour les rides et les plis mod\u00e9r\u00e9s \u00e0 s\u00e9v\u00e8res du visage, offrant des r\u00e9sultats naturels et lisses tout en am\u00e9liorant le confort du patient.","robots":{"index":"index","follow":"follow","max-snippet":"max-snippet:-1","max-image-preview":"max-image-preview:large","max-video-preview":"max-video-preview:-1"},"canonical":"https:\/\/kinamihealth.com\/fr\/wp-json\/wp\/v2\/product\/110001","og_locale":"fr_FR","og_type":"article","og_title":"Commander RESTYLANE\u00ae REFYNE Lidocaine en ligne | Boutique en ligne | Kinami Health","og_description":"Commandez Restylane Refyne avec lidoca\u00efne en ligne \u2013 un produit de comblement dermique \u00e0 base d'acide hyaluronique con\u00e7u pour les rides et les plis mod\u00e9r\u00e9s \u00e0 s\u00e9v\u00e8res du visage, offrant des r\u00e9sultats naturels et lisses tout en am\u00e9liorant le confort du patient.","og_url":"https:\/\/kinamihealth.com\/fr\/produit\/restylane-refyne-lidocaine\/","og_site_name":"Kinami Health","article_modified_time":"2026-04-02T14:14:45+00:00","og_image":[{"width":1024,"height":1024,"url":"https:\/\/kinamihealth.com\/wp-content\/uploads\/2025\/02\/Restylane-Refyne-with-lido.webp","type":"image\/webp"}],"twitter_card":"summary_large_image","twitter_misc":{"Dur\u00e9e de lecture estim\u00e9e":"1 minute"},"schema":{"@context":"https:\/\/schema.org","@graph":[{"@type":"WebPage","@id":"https:\/\/kinamihealth.com\/fr\/produit\/restylane-refyne-lidocaine\/","url":"https:\/\/kinamihealth.com\/fr\/produit\/restylane-refyne-lidocaine\/","name":"Commander RESTYLANE\u00ae REFYNE Lidocaine en ligne | Boutique en ligne | Kinami Health","isPartOf":{"@id":"https:\/\/kinamihealth.com\/#website"},"primaryImageOfPage":{"@id":"https:\/\/kinamihealth.com\/fr\/produit\/restylane-refyne-lidocaine\/#primaryimage"},"image":{"@id":"https:\/\/kinamihealth.com\/fr\/produit\/restylane-refyne-lidocaine\/#primaryimage"},"thumbnailUrl":"https:\/\/kinamihealth.com\/wp-content\/uploads\/2025\/02\/Restylane-Refyne-with-lido.webp","datePublished":"2025-02-15T16:57:09+00:00","dateModified":"2026-04-02T14:14:45+00:00","description":"Commandez Restylane Refyne avec lidoca\u00efne en ligne \u2013 un produit de comblement dermique \u00e0 base d'acide hyaluronique con\u00e7u pour les rides et les plis mod\u00e9r\u00e9s \u00e0 s\u00e9v\u00e8res du visage, offrant des r\u00e9sultats naturels et lisses tout en am\u00e9liorant le confort du patient.","breadcrumb":{"@id":"https:\/\/kinamihealth.com\/fr\/produit\/restylane-refyne-lidocaine\/#breadcrumb"},"inLanguage":"fr-FR","potentialAction":[{"@type":"ReadAction","target":["https:\/\/kinamihealth.com\/fr\/produit\/restylane-refyne-lidocaine\/"]}]},{"@type":"ImageObject","inLanguage":"fr-FR","@id":"https:\/\/kinamihealth.com\/fr\/produit\/restylane-refyne-lidocaine\/#primaryimage","url":"https:\/\/kinamihealth.com\/wp-content\/uploads\/2025\/02\/Restylane-Refyne-with-lido.webp","contentUrl":"https:\/\/kinamihealth.com\/wp-content\/uploads\/2025\/02\/Restylane-Refyne-with-lido.webp","width":1024,"height":1024},{"@type":"BreadcrumbList","@id":"https:\/\/kinamihealth.com\/fr\/produit\/restylane-refyne-lidocaine\/#breadcrumb","itemListElement":[{"@type":"ListItem","position":1,"name":"Page d'accueil","item":"https:\/\/kinamihealth.com\/"},{"@type":"ListItem","position":2,"name":"Boutique","item":"https:\/\/kinamihealth.com\/shop\/"},{"@type":"ListItem","position":3,"name":"RESTYLANE\u00ae REFYNE Lidocaine"}]},{"@type":"WebSite","@id":"https:\/\/kinamihealth.com\/#website","url":"https:\/\/kinamihealth.com\/","name":"Kinami Health","description":"","publisher":{"@id":"https:\/\/kinamihealth.com\/#organization"},"potentialAction":[{"@type":"SearchAction","target":{"@type":"EntryPoint","urlTemplate":"https:\/\/kinamihealth.com\/?s={search_term_string}"},"query-input":{"@type":"PropertyValueSpecification","valueRequired":true,"valueName":"search_term_string"}}],"inLanguage":"fr-FR"},{"@type":"Organization","@id":"https:\/\/kinamihealth.com\/#organization","name":"Kinami Health","url":"https:\/\/kinamihealth.com\/","logo":{"@type":"ImageObject","inLanguage":"fr-FR","@id":"https:\/\/kinamihealth.com\/#\/schema\/logo\/image\/","url":"https:\/\/kinamihealth.com\/wp-content\/uploads\/2025\/01\/KH_logo_black_2-1.png","contentUrl":"https:\/\/kinamihealth.com\/wp-content\/uploads\/2025\/01\/KH_logo_black_2-1.png","width":339,"height":34,"caption":"Kinami Health"},"image":{"@id":"https:\/\/kinamihealth.com\/#\/schema\/logo\/image\/"}}]}},"_links":{"self":[{"href":"https:\/\/kinamihealth.com\/fr\/wp-json\/wp\/v2\/product\/110001","targetHints":{"allow":["GET"]}}],"collection":[{"href":"https:\/\/kinamihealth.com\/fr\/wp-json\/wp\/v2\/product"}],"about":[{"href":"https:\/\/kinamihealth.com\/fr\/wp-json\/wp\/v2\/types\/product"}],"replies":[{"embeddable":true,"href":"https:\/\/kinamihealth.com\/fr\/wp-json\/wp\/v2\/comments?post=110001"}],"version-history":[{"count":1,"href":"https:\/\/kinamihealth.com\/fr\/wp-json\/wp\/v2\/product\/110001\/revisions"}],"predecessor-version":[{"id":134352,"href":"https:\/\/kinamihealth.com\/fr\/wp-json\/wp\/v2\/product\/110001\/revisions\/134352"}],"wp:featuredmedia":[{"embeddable":true,"href":"https:\/\/kinamihealth.com\/fr\/wp-json\/wp\/v2\/media\/123372"}],"wp:attachment":[{"href":"https:\/\/kinamihealth.com\/fr\/wp-json\/wp\/v2\/media?parent=110001"}],"wp:term":[{"taxonomy":"product_brand","embeddable":true,"href":"https:\/\/kinamihealth.com\/fr\/wp-json\/wp\/v2\/product_brand?post=110001"},{"taxonomy":"product_cat","embeddable":true,"href":"https:\/\/kinamihealth.com\/fr\/wp-json\/wp\/v2\/product_cat?post=110001"},{"taxonomy":"product_tag","embeddable":true,"href":"https:\/\/kinamihealth.com\/fr\/wp-json\/wp\/v2\/product_tag?post=110001"}],"curies":[{"name":"wp","href":"https:\/\/api.w.org\/{rel}","templated":true}]}}