{"id":109987,"date":"2025-02-15T16:57:03","date_gmt":"2025-02-15T16:57:03","guid":{"rendered":"https:\/\/kinamihealth.com\/product\/restylane-defyne-lidocaine\/"},"modified":"2026-04-02T14:32:35","modified_gmt":"2026-04-02T14:32:35","slug":"restylane-defyne-lidocaine","status":"publish","type":"product","link":"https:\/\/kinamihealth.com\/fr\/produit\/restylane-defyne-lidocaine\/","title":{"rendered":"RESTYLANE\u00ae DEFYNE Lidocaine"},"content":{"rendered":"<p>Restylane\u00ae Defyne Lidocaine est un produit de comblement dermique en gel souple con\u00e7u pour donner un aspect lift\u00e9 et rajeuni. Restylane\u00ae Defyne est une solution pour les rides et les plis profonds du visage ou pour remplacer le volume cutan\u00e9 perdu. Ce produit est id\u00e9al pour traiter les sillons nasog\u00e9niens profonds. La technologie OPT (Optimal Balance Technology) permet au produit de comblement de s&#8217;int\u00e9grer en douceur dans la peau. Il contient de la lidoca\u00efne, un anesth\u00e9sique puissant, pour une injection plus confortable. Ce produit de comblement dermique est principalement destin\u00e9 \u00e0 la correction des rides profondes, des plis ou autres imperfections cutan\u00e9es.<\/p>\n","protected":false},"excerpt":{"rendered":"<p>Restylane\u00ae Defyne Lidocaine est un produit de comblement dermique en gel souple con\u00e7u pour donner un aspect lift\u00e9 et rajeuni. Restylane\u00ae Defyne est une solution pour les rides et les plis profonds du visage ou pour remplacer le volume cutan\u00e9 perdu. Ce produit est id\u00e9al pour traiter les sillons nasog\u00e9niens profonds. La technologie OPT (Optimal [&hellip;]<\/p>\n","protected":false},"featured_media":123386,"comment_status":"closed","ping_status":"closed","template":"","meta":{"_acf_changed":false,"inline_featured_image":false},"product_brand":[1200],"product_cat":[1217],"product_tag":[1222],"class_list":{"0":"post-109987","1":"product","2":"type-product","3":"status-publish","4":"has-post-thumbnail","6":"product_brand-restylane","7":"product_cat-produits-de-comblement-dermique","8":"product_tag-dispositifs-medicaux","10":"first","11":"instock","12":"taxable","13":"shipping-taxable","14":"purchasable","15":"product-type-simple","16":"add-to-wishlist-before_image"},"acf":[],"yoast_head":"<!-- This site is optimized with the Yoast SEO plugin v27.5 - https:\/\/yoast.com\/product\/yoast-seo-wordpress\/ -->\n<title>Commander RESTYLANE\u00ae DEFYNE Lidocaine en ligne | Boutique en ligne | Kinami Health<\/title>\n<meta name=\"description\" content=\"Commandez Restylane Defyne avec lidoca\u00efne en ligne \u2013 un produit de comblement \u00e0 base d&#039;acide hyaluronique con\u00e7u pour lisser les rides d&#039;expression profondes et am\u00e9liorer les contours du visage avec des r\u00e9sultats confortables et durables.\" \/>\n<meta name=\"robots\" content=\"index, follow, max-snippet:-1, max-image-preview:large, max-video-preview:-1\" \/>\n<link rel=\"canonical\" href=\"https:\/\/kinamihealth.com\/fr\/wp-json\/wp\/v2\/product\/109987\" \/>\n<meta property=\"og:locale\" content=\"fr_FR\" \/>\n<meta property=\"og:type\" content=\"article\" \/>\n<meta property=\"og:title\" content=\"Commander RESTYLANE\u00ae DEFYNE Lidocaine en ligne | Boutique en ligne | Kinami Health\" \/>\n<meta property=\"og:description\" content=\"Commandez Restylane Defyne avec lidoca\u00efne en ligne \u2013 un produit de comblement \u00e0 base d&#039;acide hyaluronique con\u00e7u pour lisser les rides d&#039;expression profondes et am\u00e9liorer les contours du visage avec des r\u00e9sultats confortables et durables.\" \/>\n<meta property=\"og:url\" content=\"https:\/\/kinamihealth.com\/fr\/produit\/restylane-defyne-lidocaine\/\" \/>\n<meta property=\"og:site_name\" content=\"Kinami Health\" \/>\n<meta property=\"article:modified_time\" content=\"2026-04-02T14:32:35+00:00\" \/>\n<meta property=\"og:image\" content=\"https:\/\/kinamihealth.com\/wp-content\/uploads\/2025\/02\/Restylane-Defyne-with-lido.webp\" \/>\n\t<meta property=\"og:image:width\" content=\"1024\" \/>\n\t<meta property=\"og:image:height\" content=\"1024\" \/>\n\t<meta property=\"og:image:type\" content=\"image\/webp\" \/>\n<meta name=\"twitter:card\" content=\"summary_large_image\" \/>\n<meta name=\"twitter:label1\" content=\"Dur\u00e9e de lecture estim\u00e9e\" \/>\n\t<meta name=\"twitter:data1\" content=\"1 minute\" \/>\n<!-- \/ Yoast SEO plugin. -->","yoast_head_json":{"title":"Commander RESTYLANE\u00ae DEFYNE Lidocaine en ligne | Boutique en ligne | Kinami Health","description":"Commandez Restylane Defyne avec lidoca\u00efne en ligne \u2013 un produit de comblement \u00e0 base d'acide hyaluronique con\u00e7u pour lisser les rides d'expression profondes et am\u00e9liorer les contours du visage avec des r\u00e9sultats confortables et durables.","robots":{"index":"index","follow":"follow","max-snippet":"max-snippet:-1","max-image-preview":"max-image-preview:large","max-video-preview":"max-video-preview:-1"},"canonical":"https:\/\/kinamihealth.com\/fr\/wp-json\/wp\/v2\/product\/109987","og_locale":"fr_FR","og_type":"article","og_title":"Commander RESTYLANE\u00ae DEFYNE Lidocaine en ligne | Boutique en ligne | Kinami Health","og_description":"Commandez Restylane Defyne avec lidoca\u00efne en ligne \u2013 un produit de comblement \u00e0 base d'acide hyaluronique con\u00e7u pour lisser les rides d'expression profondes et am\u00e9liorer les contours du visage avec des r\u00e9sultats confortables et durables.","og_url":"https:\/\/kinamihealth.com\/fr\/produit\/restylane-defyne-lidocaine\/","og_site_name":"Kinami Health","article_modified_time":"2026-04-02T14:32:35+00:00","og_image":[{"width":1024,"height":1024,"url":"https:\/\/kinamihealth.com\/wp-content\/uploads\/2025\/02\/Restylane-Defyne-with-lido.webp","type":"image\/webp"}],"twitter_card":"summary_large_image","twitter_misc":{"Dur\u00e9e de lecture estim\u00e9e":"1 minute"},"schema":{"@context":"https:\/\/schema.org","@graph":[{"@type":"WebPage","@id":"https:\/\/kinamihealth.com\/fr\/produit\/restylane-defyne-lidocaine\/","url":"https:\/\/kinamihealth.com\/fr\/produit\/restylane-defyne-lidocaine\/","name":"Commander RESTYLANE\u00ae DEFYNE Lidocaine en ligne | Boutique en ligne | Kinami Health","isPartOf":{"@id":"https:\/\/kinamihealth.com\/#website"},"primaryImageOfPage":{"@id":"https:\/\/kinamihealth.com\/fr\/produit\/restylane-defyne-lidocaine\/#primaryimage"},"image":{"@id":"https:\/\/kinamihealth.com\/fr\/produit\/restylane-defyne-lidocaine\/#primaryimage"},"thumbnailUrl":"https:\/\/kinamihealth.com\/wp-content\/uploads\/2025\/02\/Restylane-Defyne-with-lido.webp","datePublished":"2025-02-15T16:57:03+00:00","dateModified":"2026-04-02T14:32:35+00:00","description":"Commandez Restylane Defyne avec lidoca\u00efne en ligne \u2013 un produit de comblement \u00e0 base d'acide hyaluronique con\u00e7u pour lisser les rides d'expression profondes et am\u00e9liorer les contours du visage avec des r\u00e9sultats confortables et durables.","breadcrumb":{"@id":"https:\/\/kinamihealth.com\/fr\/produit\/restylane-defyne-lidocaine\/#breadcrumb"},"inLanguage":"fr-FR","potentialAction":[{"@type":"ReadAction","target":["https:\/\/kinamihealth.com\/fr\/produit\/restylane-defyne-lidocaine\/"]}]},{"@type":"ImageObject","inLanguage":"fr-FR","@id":"https:\/\/kinamihealth.com\/fr\/produit\/restylane-defyne-lidocaine\/#primaryimage","url":"https:\/\/kinamihealth.com\/wp-content\/uploads\/2025\/02\/Restylane-Defyne-with-lido.webp","contentUrl":"https:\/\/kinamihealth.com\/wp-content\/uploads\/2025\/02\/Restylane-Defyne-with-lido.webp","width":1024,"height":1024},{"@type":"BreadcrumbList","@id":"https:\/\/kinamihealth.com\/fr\/produit\/restylane-defyne-lidocaine\/#breadcrumb","itemListElement":[{"@type":"ListItem","position":1,"name":"Page d'accueil","item":"https:\/\/kinamihealth.com\/"},{"@type":"ListItem","position":2,"name":"Boutique","item":"https:\/\/kinamihealth.com\/shop\/"},{"@type":"ListItem","position":3,"name":"RESTYLANE\u00ae DEFYNE Lidocaine"}]},{"@type":"WebSite","@id":"https:\/\/kinamihealth.com\/#website","url":"https:\/\/kinamihealth.com\/","name":"Kinami Health","description":"","publisher":{"@id":"https:\/\/kinamihealth.com\/#organization"},"potentialAction":[{"@type":"SearchAction","target":{"@type":"EntryPoint","urlTemplate":"https:\/\/kinamihealth.com\/?s={search_term_string}"},"query-input":{"@type":"PropertyValueSpecification","valueRequired":true,"valueName":"search_term_string"}}],"inLanguage":"fr-FR"},{"@type":"Organization","@id":"https:\/\/kinamihealth.com\/#organization","name":"Kinami Health","url":"https:\/\/kinamihealth.com\/","logo":{"@type":"ImageObject","inLanguage":"fr-FR","@id":"https:\/\/kinamihealth.com\/#\/schema\/logo\/image\/","url":"https:\/\/kinamihealth.com\/wp-content\/uploads\/2025\/01\/KH_logo_black_2-1.png","contentUrl":"https:\/\/kinamihealth.com\/wp-content\/uploads\/2025\/01\/KH_logo_black_2-1.png","width":339,"height":34,"caption":"Kinami Health"},"image":{"@id":"https:\/\/kinamihealth.com\/#\/schema\/logo\/image\/"}}]}},"_links":{"self":[{"href":"https:\/\/kinamihealth.com\/fr\/wp-json\/wp\/v2\/product\/109987","targetHints":{"allow":["GET"]}}],"collection":[{"href":"https:\/\/kinamihealth.com\/fr\/wp-json\/wp\/v2\/product"}],"about":[{"href":"https:\/\/kinamihealth.com\/fr\/wp-json\/wp\/v2\/types\/product"}],"replies":[{"embeddable":true,"href":"https:\/\/kinamihealth.com\/fr\/wp-json\/wp\/v2\/comments?post=109987"}],"version-history":[{"count":1,"href":"https:\/\/kinamihealth.com\/fr\/wp-json\/wp\/v2\/product\/109987\/revisions"}],"predecessor-version":[{"id":134407,"href":"https:\/\/kinamihealth.com\/fr\/wp-json\/wp\/v2\/product\/109987\/revisions\/134407"}],"wp:featuredmedia":[{"embeddable":true,"href":"https:\/\/kinamihealth.com\/fr\/wp-json\/wp\/v2\/media\/123386"}],"wp:attachment":[{"href":"https:\/\/kinamihealth.com\/fr\/wp-json\/wp\/v2\/media?parent=109987"}],"wp:term":[{"taxonomy":"product_brand","embeddable":true,"href":"https:\/\/kinamihealth.com\/fr\/wp-json\/wp\/v2\/product_brand?post=109987"},{"taxonomy":"product_cat","embeddable":true,"href":"https:\/\/kinamihealth.com\/fr\/wp-json\/wp\/v2\/product_cat?post=109987"},{"taxonomy":"product_tag","embeddable":true,"href":"https:\/\/kinamihealth.com\/fr\/wp-json\/wp\/v2\/product_tag?post=109987"}],"curies":[{"name":"wp","href":"https:\/\/api.w.org\/{rel}","templated":true}]}}