{"id":109981,"date":"2025-02-15T16:57:20","date_gmt":"2025-02-15T16:57:20","guid":{"rendered":"https:\/\/kinamihealth.com\/product\/revanesse-ultra-lidocaine\/"},"modified":"2026-01-21T16:00:50","modified_gmt":"2026-01-21T16:00:50","slug":"revanesse-ultra-lidocaine","status":"publish","type":"product","link":"https:\/\/kinamihealth.com\/fr\/produit\/revanesse-ultra-lidocaine\/","title":{"rendered":"REVANESSE\u00ae ULTRA\u2122 Lidocaine"},"content":{"rendered":"<p>Revanesse\u00ae Ultra\u2122 avec lidoca\u00efne est un gel d&#8217;acide hyaluronique (AH) polyvalent de viscosit\u00e9 moyenne qui peut \u00eatre utilis\u00e9 pour corriger les rides et les plis profonds, en apportant du volume pour aider \u00e0 restaurer et \u00e0 redessiner les traits du visage.<\/p>\n","protected":false},"excerpt":{"rendered":"<p><strong>D\u00e9couvrez Kinami Health <\/strong>et commandez REVANESSE\u00ae ULTRA\u2122 Lidocaine pour <strong>des solutions efficaces <\/strong>de rajeunissement et de remodelage du visage. Fabriqu\u00e9 \u00e0 partir <strong>d&#8217;acide hyaluronique (AH) stabilis\u00e9 non animal<\/strong>, ce produit de comblement est id\u00e9al pour les rides profondes, la perte de volume et le remodelage du visage. <strong>L&#8217;ajout de lidoca\u00efne <\/strong>garantit une exp\u00e9rience plus confortable pour le patient en minimisant l&#8217;inconfort li\u00e9 \u00e0 l&#8217;injection.<\/p>\n","protected":false},"featured_media":109982,"comment_status":"closed","ping_status":"closed","template":"","meta":{"_acf_changed":false,"inline_featured_image":false},"product_brand":[1201],"product_cat":[1217],"product_tag":[1222],"class_list":{"0":"post-109981","1":"product","2":"type-product","3":"status-publish","4":"has-post-thumbnail","6":"product_brand-revanesse","7":"product_cat-produits-de-comblement-dermique","8":"product_tag-dispositifs-medicaux","10":"first","11":"instock","12":"taxable","13":"shipping-taxable","14":"purchasable","15":"product-type-simple","16":"add-to-wishlist-before_image"},"acf":[],"yoast_head":"<!-- This site is optimized with the Yoast SEO plugin v27.5 - https:\/\/yoast.com\/product\/yoast-seo-wordpress\/ -->\n<title>Commander REVANESSE\u00ae ULTRA\u2122 Lidocaine en ligne | Boutique en ligne | Kinami Health<\/title>\n<meta name=\"description\" content=\"Commandez Revanesse Ultra avec lidoca\u00efne en ligne pour un remodelage pr\u00e9cis du visage et une correction des rides profondes. Commandez d\u00e8s maintenant chez Kinami Health.\" \/>\n<meta name=\"robots\" content=\"index, follow, max-snippet:-1, max-image-preview:large, max-video-preview:-1\" \/>\n<link rel=\"canonical\" href=\"https:\/\/kinamihealth.com\/fr\/wp-json\/wp\/v2\/product\/109981\" \/>\n<meta property=\"og:locale\" content=\"fr_FR\" \/>\n<meta property=\"og:type\" content=\"article\" \/>\n<meta property=\"og:title\" content=\"Commander REVANESSE\u00ae ULTRA\u2122 Lidocaine en ligne | Boutique en ligne | Kinami Health\" \/>\n<meta property=\"og:description\" content=\"Commandez Revanesse Ultra avec lidoca\u00efne en ligne pour un remodelage pr\u00e9cis du visage et une correction des rides profondes. Commandez d\u00e8s maintenant chez Kinami Health.\" \/>\n<meta property=\"og:url\" content=\"https:\/\/kinamihealth.com\/fr\/product\/revanesse-ultra-lidocaine\/\" \/>\n<meta property=\"og:site_name\" content=\"Kinami Health\" \/>\n<meta property=\"article:modified_time\" content=\"2026-01-21T16:00:50+00:00\" \/>\n<meta property=\"og:image\" content=\"https:\/\/kinamihealth.com\/wp-content\/uploads\/2025\/02\/REVANESSE-ULTRA-LIDOCAINE-01.jpg\" \/>\n\t<meta property=\"og:image:width\" content=\"800\" \/>\n\t<meta property=\"og:image:height\" content=\"800\" \/>\n\t<meta property=\"og:image:type\" content=\"image\/jpeg\" \/>\n<meta name=\"twitter:card\" content=\"summary_large_image\" \/>\n<meta name=\"twitter:label1\" content=\"Dur\u00e9e de lecture estim\u00e9e\" \/>\n\t<meta name=\"twitter:data1\" content=\"1 minute\" \/>\n<!-- \/ Yoast SEO plugin. -->","yoast_head_json":{"title":"Commander REVANESSE\u00ae ULTRA\u2122 Lidocaine en ligne | Boutique en ligne | Kinami Health","description":"Commandez Revanesse Ultra avec lidoca\u00efne en ligne pour un remodelage pr\u00e9cis du visage et une correction des rides profondes. Commandez d\u00e8s maintenant chez Kinami Health.","robots":{"index":"index","follow":"follow","max-snippet":"max-snippet:-1","max-image-preview":"max-image-preview:large","max-video-preview":"max-video-preview:-1"},"canonical":"https:\/\/kinamihealth.com\/fr\/wp-json\/wp\/v2\/product\/109981","og_locale":"fr_FR","og_type":"article","og_title":"Commander REVANESSE\u00ae ULTRA\u2122 Lidocaine en ligne | Boutique en ligne | Kinami Health","og_description":"Commandez Revanesse Ultra avec lidoca\u00efne en ligne pour un remodelage pr\u00e9cis du visage et une correction des rides profondes. Commandez d\u00e8s maintenant chez Kinami Health.","og_url":"https:\/\/kinamihealth.com\/fr\/product\/revanesse-ultra-lidocaine\/","og_site_name":"Kinami Health","article_modified_time":"2026-01-21T16:00:50+00:00","og_image":[{"width":800,"height":800,"url":"https:\/\/kinamihealth.com\/wp-content\/uploads\/2025\/02\/REVANESSE-ULTRA-LIDOCAINE-01.jpg","type":"image\/jpeg"}],"twitter_card":"summary_large_image","twitter_misc":{"Dur\u00e9e de lecture estim\u00e9e":"1 minute"},"schema":{"@context":"https:\/\/schema.org","@graph":[{"@type":"WebPage","@id":"https:\/\/kinamihealth.com\/fr\/product\/revanesse-ultra-lidocaine\/","url":"https:\/\/kinamihealth.com\/fr\/product\/revanesse-ultra-lidocaine\/","name":"Commander REVANESSE\u00ae ULTRA\u2122 Lidocaine en ligne | Boutique en ligne | Kinami Health","isPartOf":{"@id":"https:\/\/kinamihealth.com\/#website"},"primaryImageOfPage":{"@id":"https:\/\/kinamihealth.com\/fr\/product\/revanesse-ultra-lidocaine\/#primaryimage"},"image":{"@id":"https:\/\/kinamihealth.com\/fr\/product\/revanesse-ultra-lidocaine\/#primaryimage"},"thumbnailUrl":"https:\/\/kinamihealth.com\/wp-content\/uploads\/2025\/02\/REVANESSE-ULTRA-LIDOCAINE-01.jpg","datePublished":"2025-02-15T16:57:20+00:00","dateModified":"2026-01-21T16:00:50+00:00","description":"Commandez Revanesse Ultra avec lidoca\u00efne en ligne pour un remodelage pr\u00e9cis du visage et une correction des rides profondes. Commandez d\u00e8s maintenant chez Kinami Health.","breadcrumb":{"@id":"https:\/\/kinamihealth.com\/fr\/product\/revanesse-ultra-lidocaine\/#breadcrumb"},"inLanguage":"fr-FR","potentialAction":[{"@type":"ReadAction","target":["https:\/\/kinamihealth.com\/fr\/product\/revanesse-ultra-lidocaine\/"]}]},{"@type":"ImageObject","inLanguage":"fr-FR","@id":"https:\/\/kinamihealth.com\/fr\/product\/revanesse-ultra-lidocaine\/#primaryimage","url":"https:\/\/kinamihealth.com\/wp-content\/uploads\/2025\/02\/REVANESSE-ULTRA-LIDOCAINE-01.jpg","contentUrl":"https:\/\/kinamihealth.com\/wp-content\/uploads\/2025\/02\/REVANESSE-ULTRA-LIDOCAINE-01.jpg","width":800,"height":800},{"@type":"BreadcrumbList","@id":"https:\/\/kinamihealth.com\/fr\/product\/revanesse-ultra-lidocaine\/#breadcrumb","itemListElement":[{"@type":"ListItem","position":1,"name":"Page d'accueil","item":"https:\/\/kinamihealth.com\/"},{"@type":"ListItem","position":2,"name":"Boutique","item":"https:\/\/kinamihealth.com\/shop\/"},{"@type":"ListItem","position":3,"name":"REVANESSE\u00ae ULTRA\u2122 Lidocaine"}]},{"@type":"WebSite","@id":"https:\/\/kinamihealth.com\/#website","url":"https:\/\/kinamihealth.com\/","name":"Kinami Health","description":"","publisher":{"@id":"https:\/\/kinamihealth.com\/#organization"},"potentialAction":[{"@type":"SearchAction","target":{"@type":"EntryPoint","urlTemplate":"https:\/\/kinamihealth.com\/?s={search_term_string}"},"query-input":{"@type":"PropertyValueSpecification","valueRequired":true,"valueName":"search_term_string"}}],"inLanguage":"fr-FR"},{"@type":"Organization","@id":"https:\/\/kinamihealth.com\/#organization","name":"Kinami Health","url":"https:\/\/kinamihealth.com\/","logo":{"@type":"ImageObject","inLanguage":"fr-FR","@id":"https:\/\/kinamihealth.com\/#\/schema\/logo\/image\/","url":"https:\/\/kinamihealth.com\/wp-content\/uploads\/2025\/01\/KH_logo_black_2-1.png","contentUrl":"https:\/\/kinamihealth.com\/wp-content\/uploads\/2025\/01\/KH_logo_black_2-1.png","width":339,"height":34,"caption":"Kinami Health"},"image":{"@id":"https:\/\/kinamihealth.com\/#\/schema\/logo\/image\/"}}]}},"_links":{"self":[{"href":"https:\/\/kinamihealth.com\/fr\/wp-json\/wp\/v2\/product\/109981","targetHints":{"allow":["GET"]}}],"collection":[{"href":"https:\/\/kinamihealth.com\/fr\/wp-json\/wp\/v2\/product"}],"about":[{"href":"https:\/\/kinamihealth.com\/fr\/wp-json\/wp\/v2\/types\/product"}],"replies":[{"embeddable":true,"href":"https:\/\/kinamihealth.com\/fr\/wp-json\/wp\/v2\/comments?post=109981"}],"version-history":[{"count":0,"href":"https:\/\/kinamihealth.com\/fr\/wp-json\/wp\/v2\/product\/109981\/revisions"}],"wp:featuredmedia":[{"embeddable":true,"href":"https:\/\/kinamihealth.com\/fr\/wp-json\/wp\/v2\/media\/109982"}],"wp:attachment":[{"href":"https:\/\/kinamihealth.com\/fr\/wp-json\/wp\/v2\/media?parent=109981"}],"wp:term":[{"taxonomy":"product_brand","embeddable":true,"href":"https:\/\/kinamihealth.com\/fr\/wp-json\/wp\/v2\/product_brand?post=109981"},{"taxonomy":"product_cat","embeddable":true,"href":"https:\/\/kinamihealth.com\/fr\/wp-json\/wp\/v2\/product_cat?post=109981"},{"taxonomy":"product_tag","embeddable":true,"href":"https:\/\/kinamihealth.com\/fr\/wp-json\/wp\/v2\/product_tag?post=109981"}],"curies":[{"name":"wp","href":"https:\/\/api.w.org\/{rel}","templated":true}]}}