{"id":109974,"date":"2025-02-15T16:57:19","date_gmt":"2025-02-15T16:57:19","guid":{"rendered":"https:\/\/kinamihealth.com\/product\/revanesse-pure-lidocaine\/"},"modified":"2026-01-21T16:01:00","modified_gmt":"2026-01-21T16:01:00","slug":"revanesse-pure-lidocaine","status":"publish","type":"product","link":"https:\/\/kinamihealth.com\/fr\/produit\/revanesse-pure-lidocaine\/","title":{"rendered":"REVANESSE\u00ae PURE\u2122 Lidocaine"},"content":{"rendered":"<p>REVANESSE\u00ae PURE\u2122 Lidocaine est un gel d&#8217;acide hyaluronique non r\u00e9ticul\u00e9 unique. Revanesse Pure est le gel non r\u00e9ticul\u00e9 le plus pur de la gamme Revanesse. Revanesse Pure s&#8217;injecte dans le derme superficiel et sert \u00e0 r\u00e9hydrater la peau du visage, du cou, des mains et du d\u00e9collet\u00e9. La peau est hydrat\u00e9e et, au fil du temps, son \u00e9lasticit\u00e9 est restaur\u00e9e en lui donnant l&#8217;apparence plus ferme, plus saine et plus jeune.<\/p>\n","protected":false},"excerpt":{"rendered":"<p>REVANESSE\u00ae PURE\u2122 Lidocaine est un <strong>produit de comblement dermique \u00e0 base d&#8217;acide hyaluronique non r\u00e9ticul\u00e9<\/strong> de haute qualit\u00e9, con\u00e7u pour <strong>une hydratation et un rajeunissement <\/strong>profonds <strong>de la peau<\/strong>. Ce produit est <strong>id\u00e9al pour les ridules superficielles <\/strong>et la revitalisation de la peau plut\u00f4t que pour les traitements volumateurs.<\/p>\n<p>Les professionnels de sant\u00e9 qui souhaitent <strong>commander Revanesse Pure avec lidoca\u00efne <\/strong>peuvent <strong>le trouver chez Kinami Health<\/strong>, un fournisseur de confiance de produits de comblement dermique et de dispositifs m\u00e9dicaux esth\u00e9tiques.<\/p>\n","protected":false},"featured_media":109975,"comment_status":"closed","ping_status":"closed","template":"","meta":{"_acf_changed":false,"inline_featured_image":false},"product_brand":[1201],"product_cat":[1217],"product_tag":[1222],"class_list":{"0":"post-109974","1":"product","2":"type-product","3":"status-publish","4":"has-post-thumbnail","6":"product_brand-revanesse","7":"product_cat-produits-de-comblement-dermique","8":"product_tag-dispositifs-medicaux","10":"first","11":"instock","12":"taxable","13":"shipping-taxable","14":"purchasable","15":"product-type-simple","16":"add-to-wishlist-before_image"},"acf":[],"yoast_head":"<!-- This site is optimized with the Yoast SEO plugin v27.5 - https:\/\/yoast.com\/product\/yoast-seo-wordpress\/ -->\n<title>Commander REVANESSE\u00ae PURE\u2122 Lidocaine en ligne | Boutique en ligne | Kinami Health<\/title>\n<meta name=\"description\" content=\"Commandez Revanesse Pure avec lidoca\u00efne en ligne pour une hydratation cibl\u00e9e de la peau et une r\u00e9duction des ridules gr\u00e2ce \u00e0 un produit de comblement de qualit\u00e9 m\u00e9dicale. Maintenant disponible chez Kinami Health.\" \/>\n<meta name=\"robots\" content=\"index, follow, max-snippet:-1, max-image-preview:large, max-video-preview:-1\" \/>\n<link rel=\"canonical\" href=\"https:\/\/kinamihealth.com\/fr\/wp-json\/wp\/v2\/product\/109974\" \/>\n<meta property=\"og:locale\" content=\"fr_FR\" \/>\n<meta property=\"og:type\" content=\"article\" \/>\n<meta property=\"og:title\" content=\"Commander REVANESSE\u00ae PURE\u2122 Lidocaine en ligne | Boutique en ligne | Kinami Health\" \/>\n<meta property=\"og:description\" content=\"Commandez Revanesse Pure avec lidoca\u00efne en ligne pour une hydratation cibl\u00e9e de la peau et une r\u00e9duction des ridules gr\u00e2ce \u00e0 un produit de comblement de qualit\u00e9 m\u00e9dicale. Maintenant disponible chez Kinami Health.\" \/>\n<meta property=\"og:url\" content=\"https:\/\/kinamihealth.com\/fr\/product\/revanesse-pure-lidocaine\/\" \/>\n<meta property=\"og:site_name\" content=\"Kinami Health\" \/>\n<meta property=\"article:modified_time\" content=\"2026-01-21T16:01:00+00:00\" \/>\n<meta property=\"og:image\" content=\"https:\/\/kinamihealth.com\/wp-content\/uploads\/2025\/02\/REVANESSE-PURE-LIDOCAINE-01.jpg\" \/>\n\t<meta property=\"og:image:width\" content=\"800\" \/>\n\t<meta property=\"og:image:height\" content=\"800\" \/>\n\t<meta property=\"og:image:type\" content=\"image\/jpeg\" \/>\n<meta name=\"twitter:card\" content=\"summary_large_image\" \/>\n<meta name=\"twitter:label1\" content=\"Dur\u00e9e de lecture estim\u00e9e\" \/>\n\t<meta name=\"twitter:data1\" content=\"1 minute\" \/>\n<!-- \/ Yoast SEO plugin. -->","yoast_head_json":{"title":"Commander REVANESSE\u00ae PURE\u2122 Lidocaine en ligne | Boutique en ligne | Kinami Health","description":"Commandez Revanesse Pure avec lidoca\u00efne en ligne pour une hydratation cibl\u00e9e de la peau et une r\u00e9duction des ridules gr\u00e2ce \u00e0 un produit de comblement de qualit\u00e9 m\u00e9dicale. Maintenant disponible chez Kinami Health.","robots":{"index":"index","follow":"follow","max-snippet":"max-snippet:-1","max-image-preview":"max-image-preview:large","max-video-preview":"max-video-preview:-1"},"canonical":"https:\/\/kinamihealth.com\/fr\/wp-json\/wp\/v2\/product\/109974","og_locale":"fr_FR","og_type":"article","og_title":"Commander REVANESSE\u00ae PURE\u2122 Lidocaine en ligne | Boutique en ligne | Kinami Health","og_description":"Commandez Revanesse Pure avec lidoca\u00efne en ligne pour une hydratation cibl\u00e9e de la peau et une r\u00e9duction des ridules gr\u00e2ce \u00e0 un produit de comblement de qualit\u00e9 m\u00e9dicale. Maintenant disponible chez Kinami Health.","og_url":"https:\/\/kinamihealth.com\/fr\/product\/revanesse-pure-lidocaine\/","og_site_name":"Kinami Health","article_modified_time":"2026-01-21T16:01:00+00:00","og_image":[{"width":800,"height":800,"url":"https:\/\/kinamihealth.com\/wp-content\/uploads\/2025\/02\/REVANESSE-PURE-LIDOCAINE-01.jpg","type":"image\/jpeg"}],"twitter_card":"summary_large_image","twitter_misc":{"Dur\u00e9e de lecture estim\u00e9e":"1 minute"},"schema":{"@context":"https:\/\/schema.org","@graph":[{"@type":"WebPage","@id":"https:\/\/kinamihealth.com\/fr\/product\/revanesse-pure-lidocaine\/","url":"https:\/\/kinamihealth.com\/fr\/product\/revanesse-pure-lidocaine\/","name":"Commander REVANESSE\u00ae PURE\u2122 Lidocaine en ligne | Boutique en ligne | Kinami Health","isPartOf":{"@id":"https:\/\/kinamihealth.com\/#website"},"primaryImageOfPage":{"@id":"https:\/\/kinamihealth.com\/fr\/product\/revanesse-pure-lidocaine\/#primaryimage"},"image":{"@id":"https:\/\/kinamihealth.com\/fr\/product\/revanesse-pure-lidocaine\/#primaryimage"},"thumbnailUrl":"https:\/\/kinamihealth.com\/wp-content\/uploads\/2025\/02\/REVANESSE-PURE-LIDOCAINE-01.jpg","datePublished":"2025-02-15T16:57:19+00:00","dateModified":"2026-01-21T16:01:00+00:00","description":"Commandez Revanesse Pure avec lidoca\u00efne en ligne pour une hydratation cibl\u00e9e de la peau et une r\u00e9duction des ridules gr\u00e2ce \u00e0 un produit de comblement de qualit\u00e9 m\u00e9dicale. Maintenant disponible chez Kinami Health.","breadcrumb":{"@id":"https:\/\/kinamihealth.com\/fr\/product\/revanesse-pure-lidocaine\/#breadcrumb"},"inLanguage":"fr-FR","potentialAction":[{"@type":"ReadAction","target":["https:\/\/kinamihealth.com\/fr\/product\/revanesse-pure-lidocaine\/"]}]},{"@type":"ImageObject","inLanguage":"fr-FR","@id":"https:\/\/kinamihealth.com\/fr\/product\/revanesse-pure-lidocaine\/#primaryimage","url":"https:\/\/kinamihealth.com\/wp-content\/uploads\/2025\/02\/REVANESSE-PURE-LIDOCAINE-01.jpg","contentUrl":"https:\/\/kinamihealth.com\/wp-content\/uploads\/2025\/02\/REVANESSE-PURE-LIDOCAINE-01.jpg","width":800,"height":800},{"@type":"BreadcrumbList","@id":"https:\/\/kinamihealth.com\/fr\/product\/revanesse-pure-lidocaine\/#breadcrumb","itemListElement":[{"@type":"ListItem","position":1,"name":"Page d'accueil","item":"https:\/\/kinamihealth.com\/"},{"@type":"ListItem","position":2,"name":"Boutique","item":"https:\/\/kinamihealth.com\/shop\/"},{"@type":"ListItem","position":3,"name":"REVANESSE\u00ae PURE\u2122 Lidocaine"}]},{"@type":"WebSite","@id":"https:\/\/kinamihealth.com\/#website","url":"https:\/\/kinamihealth.com\/","name":"Kinami Health","description":"","publisher":{"@id":"https:\/\/kinamihealth.com\/#organization"},"potentialAction":[{"@type":"SearchAction","target":{"@type":"EntryPoint","urlTemplate":"https:\/\/kinamihealth.com\/?s={search_term_string}"},"query-input":{"@type":"PropertyValueSpecification","valueRequired":true,"valueName":"search_term_string"}}],"inLanguage":"fr-FR"},{"@type":"Organization","@id":"https:\/\/kinamihealth.com\/#organization","name":"Kinami Health","url":"https:\/\/kinamihealth.com\/","logo":{"@type":"ImageObject","inLanguage":"fr-FR","@id":"https:\/\/kinamihealth.com\/#\/schema\/logo\/image\/","url":"https:\/\/kinamihealth.com\/wp-content\/uploads\/2025\/01\/KH_logo_black_2-1.png","contentUrl":"https:\/\/kinamihealth.com\/wp-content\/uploads\/2025\/01\/KH_logo_black_2-1.png","width":339,"height":34,"caption":"Kinami Health"},"image":{"@id":"https:\/\/kinamihealth.com\/#\/schema\/logo\/image\/"}}]}},"_links":{"self":[{"href":"https:\/\/kinamihealth.com\/fr\/wp-json\/wp\/v2\/product\/109974","targetHints":{"allow":["GET"]}}],"collection":[{"href":"https:\/\/kinamihealth.com\/fr\/wp-json\/wp\/v2\/product"}],"about":[{"href":"https:\/\/kinamihealth.com\/fr\/wp-json\/wp\/v2\/types\/product"}],"replies":[{"embeddable":true,"href":"https:\/\/kinamihealth.com\/fr\/wp-json\/wp\/v2\/comments?post=109974"}],"version-history":[{"count":0,"href":"https:\/\/kinamihealth.com\/fr\/wp-json\/wp\/v2\/product\/109974\/revisions"}],"wp:featuredmedia":[{"embeddable":true,"href":"https:\/\/kinamihealth.com\/fr\/wp-json\/wp\/v2\/media\/109975"}],"wp:attachment":[{"href":"https:\/\/kinamihealth.com\/fr\/wp-json\/wp\/v2\/media?parent=109974"}],"wp:term":[{"taxonomy":"product_brand","embeddable":true,"href":"https:\/\/kinamihealth.com\/fr\/wp-json\/wp\/v2\/product_brand?post=109974"},{"taxonomy":"product_cat","embeddable":true,"href":"https:\/\/kinamihealth.com\/fr\/wp-json\/wp\/v2\/product_cat?post=109974"},{"taxonomy":"product_tag","embeddable":true,"href":"https:\/\/kinamihealth.com\/fr\/wp-json\/wp\/v2\/product_tag?post=109974"}],"curies":[{"name":"wp","href":"https:\/\/api.w.org\/{rel}","templated":true}]}}