{"id":109964,"date":"2025-02-15T16:56:59","date_gmt":"2025-02-15T16:56:59","guid":{"rendered":"https:\/\/kinamihealth.com\/product\/refine-soft\/"},"modified":"2026-01-21T16:07:20","modified_gmt":"2026-01-21T16:07:20","slug":"refine-soft","status":"publish","type":"product","link":"https:\/\/kinamihealth.com\/fr\/produit\/refine-soft\/","title":{"rendered":"REFINE + SOFT"},"content":{"rendered":"<p>Refine+ Filler Soft est con\u00e7u pour offrir une hydratation durable, stimuler la production de nouveau collag\u00e8ne dans la peau et uniformiser le teint. Refine+ Filler Soft est id\u00e9al pour rajeunir tous les types de peau et peut \u00eatre utilis\u00e9 pour traiter le visage, le cou et les mains.<\/p>\n","protected":false},"excerpt":{"rendered":"<p><strong>Commandez Refine+ Soft <\/strong>et d\u00e9couvrez les avantages de ce <strong>produit de comblement dermique \u00e0 base d&#8217;acide hyaluronique<\/strong>, formul\u00e9 pour <strong>stimuler la production de collag\u00e8ne <\/strong>et <strong>uniformiser le teint<\/strong>. Ce produit est con\u00e7u pour <strong>rajeunir tous les types de peau <\/strong>et peut \u00eatre utilis\u00e9 pour <strong>traiter le visage, le cou et les mains<\/strong>. En tant que professionnel de sant\u00e9, vous pouvez <strong><em>commander des produits de comblement dermique <\/em><\/strong>chez <strong>Kinami Health<\/strong>. En <strong>commandant Refine+ Soft<\/strong>, vos patients b\u00e9n\u00e9ficieront d&#8217;un <strong>traitement non chirurgical efficace <\/strong>avec <strong>des r\u00e9sultats durables.<\/strong><\/p>\n","protected":false},"featured_media":109968,"comment_status":"closed","ping_status":"closed","template":"","meta":{"_acf_changed":false,"inline_featured_image":false},"product_brand":[1199],"product_cat":[1217],"product_tag":[1222],"class_list":{"0":"post-109964","1":"product","2":"type-product","3":"status-publish","4":"has-post-thumbnail","6":"product_brand-refine-fillers","7":"product_cat-produits-de-comblement-dermique","8":"product_tag-dispositifs-medicaux","10":"first","11":"instock","12":"taxable","13":"shipping-taxable","14":"purchasable","15":"product-type-simple","16":"add-to-wishlist-before_image"},"acf":[],"yoast_head":"<!-- This site is optimized with the Yoast SEO plugin v27.5 - https:\/\/yoast.com\/product\/yoast-seo-wordpress\/ -->\n<title>Commander REFINE + SOFT en ligne | Boutique en ligne | Kinami Health<\/title>\n<meta name=\"description\" content=\"Commandez Refine+ Soft pour hydrater et rajeunir la peau. Ce produit de comblement dermique am\u00e9liore l&#039;\u00e9lasticit\u00e9 et r\u00e9duit les rides. Commandez d\u00e8s maintenant chez Kinami Health !\" \/>\n<meta name=\"robots\" content=\"index, follow, max-snippet:-1, max-image-preview:large, max-video-preview:-1\" \/>\n<link rel=\"canonical\" href=\"https:\/\/kinamihealth.com\/fr\/wp-json\/wp\/v2\/product\/109964\" \/>\n<meta property=\"og:locale\" content=\"fr_FR\" \/>\n<meta property=\"og:type\" content=\"article\" \/>\n<meta property=\"og:title\" content=\"Commander REFINE + SOFT en ligne | Boutique en ligne | Kinami Health\" \/>\n<meta property=\"og:description\" content=\"Commandez Refine+ Soft pour hydrater et rajeunir la peau. Ce produit de comblement dermique am\u00e9liore l&#039;\u00e9lasticit\u00e9 et r\u00e9duit les rides. Commandez d\u00e8s maintenant chez Kinami Health !\" \/>\n<meta property=\"og:url\" content=\"https:\/\/kinamihealth.com\/fr\/product\/refine-soft\/\" \/>\n<meta property=\"og:site_name\" content=\"Kinami Health\" \/>\n<meta property=\"article:modified_time\" content=\"2026-01-21T16:07:20+00:00\" \/>\n<meta property=\"og:image\" content=\"https:\/\/kinamihealth.com\/wp-content\/uploads\/2025\/02\/REFINE-PLUS-SOFT-03.jpg\" \/>\n\t<meta property=\"og:image:width\" content=\"800\" \/>\n\t<meta property=\"og:image:height\" content=\"800\" \/>\n\t<meta property=\"og:image:type\" content=\"image\/jpeg\" \/>\n<meta name=\"twitter:card\" content=\"summary_large_image\" \/>\n<meta name=\"twitter:label1\" content=\"Dur\u00e9e de lecture estim\u00e9e\" \/>\n\t<meta name=\"twitter:data1\" content=\"1 minute\" \/>\n<!-- \/ Yoast SEO plugin. -->","yoast_head_json":{"title":"Commander REFINE + SOFT en ligne | Boutique en ligne | Kinami Health","description":"Commandez Refine+ Soft pour hydrater et rajeunir la peau. Ce produit de comblement dermique am\u00e9liore l'\u00e9lasticit\u00e9 et r\u00e9duit les rides. Commandez d\u00e8s maintenant chez Kinami Health !","robots":{"index":"index","follow":"follow","max-snippet":"max-snippet:-1","max-image-preview":"max-image-preview:large","max-video-preview":"max-video-preview:-1"},"canonical":"https:\/\/kinamihealth.com\/fr\/wp-json\/wp\/v2\/product\/109964","og_locale":"fr_FR","og_type":"article","og_title":"Commander REFINE + SOFT en ligne | Boutique en ligne | Kinami Health","og_description":"Commandez Refine+ Soft pour hydrater et rajeunir la peau. Ce produit de comblement dermique am\u00e9liore l'\u00e9lasticit\u00e9 et r\u00e9duit les rides. Commandez d\u00e8s maintenant chez Kinami Health !","og_url":"https:\/\/kinamihealth.com\/fr\/product\/refine-soft\/","og_site_name":"Kinami Health","article_modified_time":"2026-01-21T16:07:20+00:00","og_image":[{"width":800,"height":800,"url":"https:\/\/kinamihealth.com\/wp-content\/uploads\/2025\/02\/REFINE-PLUS-SOFT-03.jpg","type":"image\/jpeg"}],"twitter_card":"summary_large_image","twitter_misc":{"Dur\u00e9e de lecture estim\u00e9e":"1 minute"},"schema":{"@context":"https:\/\/schema.org","@graph":[{"@type":"WebPage","@id":"https:\/\/kinamihealth.com\/fr\/product\/refine-soft\/","url":"https:\/\/kinamihealth.com\/fr\/product\/refine-soft\/","name":"Commander REFINE + SOFT en ligne | Boutique en ligne | Kinami Health","isPartOf":{"@id":"https:\/\/kinamihealth.com\/#website"},"primaryImageOfPage":{"@id":"https:\/\/kinamihealth.com\/fr\/product\/refine-soft\/#primaryimage"},"image":{"@id":"https:\/\/kinamihealth.com\/fr\/product\/refine-soft\/#primaryimage"},"thumbnailUrl":"https:\/\/kinamihealth.com\/wp-content\/uploads\/2025\/02\/REFINE-PLUS-SOFT-03.jpg","datePublished":"2025-02-15T16:56:59+00:00","dateModified":"2026-01-21T16:07:20+00:00","description":"Commandez Refine+ Soft pour hydrater et rajeunir la peau. Ce produit de comblement dermique am\u00e9liore l'\u00e9lasticit\u00e9 et r\u00e9duit les rides. Commandez d\u00e8s maintenant chez Kinami Health !","breadcrumb":{"@id":"https:\/\/kinamihealth.com\/fr\/product\/refine-soft\/#breadcrumb"},"inLanguage":"fr-FR","potentialAction":[{"@type":"ReadAction","target":["https:\/\/kinamihealth.com\/fr\/product\/refine-soft\/"]}]},{"@type":"ImageObject","inLanguage":"fr-FR","@id":"https:\/\/kinamihealth.com\/fr\/product\/refine-soft\/#primaryimage","url":"https:\/\/kinamihealth.com\/wp-content\/uploads\/2025\/02\/REFINE-PLUS-SOFT-03.jpg","contentUrl":"https:\/\/kinamihealth.com\/wp-content\/uploads\/2025\/02\/REFINE-PLUS-SOFT-03.jpg","width":800,"height":800},{"@type":"BreadcrumbList","@id":"https:\/\/kinamihealth.com\/fr\/product\/refine-soft\/#breadcrumb","itemListElement":[{"@type":"ListItem","position":1,"name":"Page d'accueil","item":"https:\/\/kinamihealth.com\/"},{"@type":"ListItem","position":2,"name":"Boutique","item":"https:\/\/kinamihealth.com\/shop\/"},{"@type":"ListItem","position":3,"name":"REFINE + SOFT"}]},{"@type":"WebSite","@id":"https:\/\/kinamihealth.com\/#website","url":"https:\/\/kinamihealth.com\/","name":"Kinami Health","description":"","publisher":{"@id":"https:\/\/kinamihealth.com\/#organization"},"potentialAction":[{"@type":"SearchAction","target":{"@type":"EntryPoint","urlTemplate":"https:\/\/kinamihealth.com\/?s={search_term_string}"},"query-input":{"@type":"PropertyValueSpecification","valueRequired":true,"valueName":"search_term_string"}}],"inLanguage":"fr-FR"},{"@type":"Organization","@id":"https:\/\/kinamihealth.com\/#organization","name":"Kinami Health","url":"https:\/\/kinamihealth.com\/","logo":{"@type":"ImageObject","inLanguage":"fr-FR","@id":"https:\/\/kinamihealth.com\/#\/schema\/logo\/image\/","url":"https:\/\/kinamihealth.com\/wp-content\/uploads\/2025\/01\/KH_logo_black_2-1.png","contentUrl":"https:\/\/kinamihealth.com\/wp-content\/uploads\/2025\/01\/KH_logo_black_2-1.png","width":339,"height":34,"caption":"Kinami Health"},"image":{"@id":"https:\/\/kinamihealth.com\/#\/schema\/logo\/image\/"}}]}},"_links":{"self":[{"href":"https:\/\/kinamihealth.com\/fr\/wp-json\/wp\/v2\/product\/109964","targetHints":{"allow":["GET"]}}],"collection":[{"href":"https:\/\/kinamihealth.com\/fr\/wp-json\/wp\/v2\/product"}],"about":[{"href":"https:\/\/kinamihealth.com\/fr\/wp-json\/wp\/v2\/types\/product"}],"replies":[{"embeddable":true,"href":"https:\/\/kinamihealth.com\/fr\/wp-json\/wp\/v2\/comments?post=109964"}],"version-history":[{"count":0,"href":"https:\/\/kinamihealth.com\/fr\/wp-json\/wp\/v2\/product\/109964\/revisions"}],"wp:featuredmedia":[{"embeddable":true,"href":"https:\/\/kinamihealth.com\/fr\/wp-json\/wp\/v2\/media\/109968"}],"wp:attachment":[{"href":"https:\/\/kinamihealth.com\/fr\/wp-json\/wp\/v2\/media?parent=109964"}],"wp:term":[{"taxonomy":"product_brand","embeddable":true,"href":"https:\/\/kinamihealth.com\/fr\/wp-json\/wp\/v2\/product_brand?post=109964"},{"taxonomy":"product_cat","embeddable":true,"href":"https:\/\/kinamihealth.com\/fr\/wp-json\/wp\/v2\/product_cat?post=109964"},{"taxonomy":"product_tag","embeddable":true,"href":"https:\/\/kinamihealth.com\/fr\/wp-json\/wp\/v2\/product_tag?post=109964"}],"curies":[{"name":"wp","href":"https:\/\/api.w.org\/{rel}","templated":true}]}}