{"id":109942,"date":"2025-02-15T16:57:00","date_gmt":"2025-02-15T16:57:00","guid":{"rendered":"https:\/\/kinamihealth.com\/product\/refine-ultra-soft\/"},"modified":"2026-01-21T16:07:05","modified_gmt":"2026-01-21T16:07:05","slug":"refine-ultra-soft","status":"publish","type":"product","link":"https:\/\/kinamihealth.com\/fr\/produit\/refine-ultra-soft\/","title":{"rendered":"REFINE + ULTRA SOFT"},"content":{"rendered":"<p>Refine+ Filler Ultra Soft est un skinbooster, un type de produit de comblement dermique con\u00e7u pour hydrater imm\u00e9diatement la peau et am\u00e9liorer sa qualit\u00e9 globale. Gr\u00e2ce \u00e0 sa propri\u00e9t\u00e9 bior\u00e9sorbable sp\u00e9ciale, Refine + Filler Ultra Soft corrige les petites d\u00e9pressions cutan\u00e9es du visage et stimule la production de nouveau collag\u00e8ne dans la peau. Il en r\u00e9sulte une harmonisation de la texture et du teint de la peau, une r\u00e9duction de l&#8217;apparence des ridules et une apparence g\u00e9n\u00e9rale plus jeune et rafra\u00eechie.<\/p>\n","protected":false},"excerpt":{"rendered":"<p><strong>Commandez Refine + Ultra Soft<\/strong>, un <strong>produit de comblement dermique avanc\u00e9 <\/strong>formul\u00e9 \u00e0 base <strong>d&#8217;acide hyaluronique r\u00e9ticul\u00e9 <\/strong>pour <strong>restaurer le volume du visage <\/strong>et <strong>corriger les rides et ridules<\/strong>. Ce puissant <strong>skinbooster<\/strong> offre <strong>des r\u00e9sultats lisses et naturels <\/strong>pour <strong>les traitements du visage et du corps<\/strong>. <strong>Les professionnels de sant\u00e9 certifi\u00e9s <\/strong>peuvent <strong><em>commander des produits de comblement Refine <\/em><\/strong>tels que Refine + Ultra Soft chez <strong>Kinami Health <\/strong>et aider leurs patients \u00e0 retrouver <strong>une apparence rafra\u00eechie et rajeunie <\/strong>avec <strong>un minimum d&#8217;inconfort.<\/strong><\/p>\n","protected":false},"featured_media":109946,"comment_status":"closed","ping_status":"closed","template":"","meta":{"_acf_changed":false,"inline_featured_image":false},"product_brand":[1199],"product_cat":[1217],"product_tag":[1222],"class_list":{"0":"post-109942","1":"product","2":"type-product","3":"status-publish","4":"has-post-thumbnail","6":"product_brand-refine-fillers","7":"product_cat-produits-de-comblement-dermique","8":"product_tag-dispositifs-medicaux","10":"first","11":"instock","12":"taxable","13":"shipping-taxable","14":"purchasable","15":"product-type-simple","16":"add-to-wishlist-before_image"},"acf":[],"yoast_head":"<!-- This site is optimized with the Yoast SEO plugin v27.1.1 - https:\/\/yoast.com\/product\/yoast-seo-wordpress\/ -->\n<title>Commander REFINE + ULTRA SOFT en ligne | Boutique en ligne | Kinami Health<\/title>\n<meta name=\"description\" content=\"Commandez Refine + Ultra Soft et redonnez du volume \u00e0 votre peau tout en lissant les ridules. Obtenez des r\u00e9sultats naturels. Commandez d\u00e8s maintenant chez Kinami Health !\" \/>\n<meta name=\"robots\" content=\"index, follow, max-snippet:-1, max-image-preview:large, max-video-preview:-1\" \/>\n<link rel=\"canonical\" href=\"https:\/\/kinamihealth.com\/fr\/wp-json\/wp\/v2\/product\/109942\" \/>\n<meta property=\"og:locale\" content=\"fr_FR\" \/>\n<meta property=\"og:type\" content=\"article\" \/>\n<meta property=\"og:title\" content=\"Commander REFINE + ULTRA SOFT en ligne | Boutique en ligne | Kinami Health\" \/>\n<meta property=\"og:description\" content=\"Commandez Refine + Ultra Soft et redonnez du volume \u00e0 votre peau tout en lissant les ridules. Obtenez des r\u00e9sultats naturels. Commandez d\u00e8s maintenant chez Kinami Health !\" \/>\n<meta property=\"og:url\" content=\"https:\/\/kinamihealth.com\/fr\/product\/refine-ultra-soft\/\" \/>\n<meta property=\"og:site_name\" content=\"Kinami Health\" \/>\n<meta property=\"article:modified_time\" content=\"2026-01-21T16:07:05+00:00\" \/>\n<meta property=\"og:image\" content=\"https:\/\/kinamihealth.com\/wp-content\/uploads\/2025\/02\/REFINE-PLUS-ULTRASOFT-03.jpg\" \/>\n\t<meta property=\"og:image:width\" content=\"800\" \/>\n\t<meta property=\"og:image:height\" content=\"800\" \/>\n\t<meta property=\"og:image:type\" content=\"image\/jpeg\" \/>\n<meta name=\"twitter:card\" content=\"summary_large_image\" \/>\n<meta name=\"twitter:label1\" content=\"Dur\u00e9e de lecture estim\u00e9e\" \/>\n\t<meta name=\"twitter:data1\" content=\"1 minute\" \/>\n<!-- \/ Yoast SEO plugin. -->","yoast_head_json":{"title":"Commander REFINE + ULTRA SOFT en ligne | Boutique en ligne | Kinami Health","description":"Commandez Refine + Ultra Soft et redonnez du volume \u00e0 votre peau tout en lissant les ridules. Obtenez des r\u00e9sultats naturels. Commandez d\u00e8s maintenant chez Kinami Health !","robots":{"index":"index","follow":"follow","max-snippet":"max-snippet:-1","max-image-preview":"max-image-preview:large","max-video-preview":"max-video-preview:-1"},"canonical":"https:\/\/kinamihealth.com\/fr\/wp-json\/wp\/v2\/product\/109942","og_locale":"fr_FR","og_type":"article","og_title":"Commander REFINE + ULTRA SOFT en ligne | Boutique en ligne | Kinami Health","og_description":"Commandez Refine + Ultra Soft et redonnez du volume \u00e0 votre peau tout en lissant les ridules. Obtenez des r\u00e9sultats naturels. Commandez d\u00e8s maintenant chez Kinami Health !","og_url":"https:\/\/kinamihealth.com\/fr\/product\/refine-ultra-soft\/","og_site_name":"Kinami Health","article_modified_time":"2026-01-21T16:07:05+00:00","og_image":[{"width":800,"height":800,"url":"https:\/\/kinamihealth.com\/wp-content\/uploads\/2025\/02\/REFINE-PLUS-ULTRASOFT-03.jpg","type":"image\/jpeg"}],"twitter_card":"summary_large_image","twitter_misc":{"Dur\u00e9e de lecture estim\u00e9e":"1 minute"},"schema":{"@context":"https:\/\/schema.org","@graph":[{"@type":"WebPage","@id":"https:\/\/kinamihealth.com\/fr\/product\/refine-ultra-soft\/","url":"https:\/\/kinamihealth.com\/fr\/product\/refine-ultra-soft\/","name":"Commander REFINE + ULTRA SOFT en ligne | Boutique en ligne | Kinami Health","isPartOf":{"@id":"https:\/\/kinamihealth.com\/#website"},"primaryImageOfPage":{"@id":"https:\/\/kinamihealth.com\/fr\/product\/refine-ultra-soft\/#primaryimage"},"image":{"@id":"https:\/\/kinamihealth.com\/fr\/product\/refine-ultra-soft\/#primaryimage"},"thumbnailUrl":"https:\/\/kinamihealth.com\/wp-content\/uploads\/2025\/02\/REFINE-PLUS-ULTRASOFT-03.jpg","datePublished":"2025-02-15T16:57:00+00:00","dateModified":"2026-01-21T16:07:05+00:00","description":"Commandez Refine + Ultra Soft et redonnez du volume \u00e0 votre peau tout en lissant les ridules. Obtenez des r\u00e9sultats naturels. Commandez d\u00e8s maintenant chez Kinami Health !","breadcrumb":{"@id":"https:\/\/kinamihealth.com\/fr\/product\/refine-ultra-soft\/#breadcrumb"},"inLanguage":"fr-FR","potentialAction":[{"@type":"ReadAction","target":["https:\/\/kinamihealth.com\/fr\/product\/refine-ultra-soft\/"]}]},{"@type":"ImageObject","inLanguage":"fr-FR","@id":"https:\/\/kinamihealth.com\/fr\/product\/refine-ultra-soft\/#primaryimage","url":"https:\/\/kinamihealth.com\/wp-content\/uploads\/2025\/02\/REFINE-PLUS-ULTRASOFT-03.jpg","contentUrl":"https:\/\/kinamihealth.com\/wp-content\/uploads\/2025\/02\/REFINE-PLUS-ULTRASOFT-03.jpg","width":800,"height":800},{"@type":"BreadcrumbList","@id":"https:\/\/kinamihealth.com\/fr\/product\/refine-ultra-soft\/#breadcrumb","itemListElement":[{"@type":"ListItem","position":1,"name":"Page d'accueil","item":"https:\/\/kinamihealth.com\/"},{"@type":"ListItem","position":2,"name":"Boutique","item":"https:\/\/kinamihealth.com\/shop\/"},{"@type":"ListItem","position":3,"name":"REFINE + ULTRA SOFT"}]},{"@type":"WebSite","@id":"https:\/\/kinamihealth.com\/#website","url":"https:\/\/kinamihealth.com\/","name":"Kinami Health","description":"","publisher":{"@id":"https:\/\/kinamihealth.com\/#organization"},"potentialAction":[{"@type":"SearchAction","target":{"@type":"EntryPoint","urlTemplate":"https:\/\/kinamihealth.com\/?s={search_term_string}"},"query-input":{"@type":"PropertyValueSpecification","valueRequired":true,"valueName":"search_term_string"}}],"inLanguage":"fr-FR"},{"@type":"Organization","@id":"https:\/\/kinamihealth.com\/#organization","name":"Kinami Health","url":"https:\/\/kinamihealth.com\/","logo":{"@type":"ImageObject","inLanguage":"fr-FR","@id":"https:\/\/kinamihealth.com\/#\/schema\/logo\/image\/","url":"https:\/\/kinamihealth.com\/wp-content\/uploads\/2025\/01\/KH_logo_black_2-1.png","contentUrl":"https:\/\/kinamihealth.com\/wp-content\/uploads\/2025\/01\/KH_logo_black_2-1.png","width":339,"height":34,"caption":"Kinami Health"},"image":{"@id":"https:\/\/kinamihealth.com\/#\/schema\/logo\/image\/"}}]}},"_links":{"self":[{"href":"https:\/\/kinamihealth.com\/fr\/wp-json\/wp\/v2\/product\/109942","targetHints":{"allow":["GET"]}}],"collection":[{"href":"https:\/\/kinamihealth.com\/fr\/wp-json\/wp\/v2\/product"}],"about":[{"href":"https:\/\/kinamihealth.com\/fr\/wp-json\/wp\/v2\/types\/product"}],"replies":[{"embeddable":true,"href":"https:\/\/kinamihealth.com\/fr\/wp-json\/wp\/v2\/comments?post=109942"}],"version-history":[{"count":0,"href":"https:\/\/kinamihealth.com\/fr\/wp-json\/wp\/v2\/product\/109942\/revisions"}],"wp:featuredmedia":[{"embeddable":true,"href":"https:\/\/kinamihealth.com\/fr\/wp-json\/wp\/v2\/media\/109946"}],"wp:attachment":[{"href":"https:\/\/kinamihealth.com\/fr\/wp-json\/wp\/v2\/media?parent=109942"}],"wp:term":[{"taxonomy":"product_brand","embeddable":true,"href":"https:\/\/kinamihealth.com\/fr\/wp-json\/wp\/v2\/product_brand?post=109942"},{"taxonomy":"product_cat","embeddable":true,"href":"https:\/\/kinamihealth.com\/fr\/wp-json\/wp\/v2\/product_cat?post=109942"},{"taxonomy":"product_tag","embeddable":true,"href":"https:\/\/kinamihealth.com\/fr\/wp-json\/wp\/v2\/product_tag?post=109942"}],"curies":[{"name":"wp","href":"https:\/\/api.w.org\/{rel}","templated":true}]}}