{"id":109722,"date":"2025-02-15T16:56:39","date_gmt":"2025-02-15T16:56:39","guid":{"rendered":"https:\/\/kinamihealth.com\/product\/rainbow-pcla-screw-29g50-70mm\/"},"modified":"2026-01-21T16:07:24","modified_gmt":"2026-01-21T16:07:24","slug":"rainbow-pcla-screw-29g50-70mm","status":"publish","type":"product","link":"https:\/\/kinamihealth.com\/fr\/produit\/rainbow-pcla-screw-29g50-70mm\/","title":{"rendered":"RAINBOW PCLA SCREW 29G50-70mm"},"content":{"rendered":"<p>RAINBOW PCLA SCREW 29G50 repr\u00e9sente un fil qui permet un effet lifting du visage et une r\u00e9duction des rides gr\u00e2ce \u00e0 l&#8217;auto-stimulation des cellules de collag\u00e8ne de type 1. Il est biod\u00e9gradable, biocompatible, s\u00fbr et se dissout dans le corps.<\/p>\n","protected":false},"excerpt":{"rendered":"<p><strong>Commandez RAINBOW PCLA SCREW 29G50-70mm <\/strong>et d\u00e9couvrez les avantages d&#8217;un <strong>fil PDO avanc\u00e9 <\/strong>sous forme de vis qui offre <strong>un lifting et un raffermissement esth\u00e9tiques, une augmentation du volume <\/strong>et <strong>une peau plus lisse<\/strong>. En tant que professionnel de sant\u00e9, vous pouvez <strong><em>commander des produits Rainbow <\/em><\/strong>tels que RAINBOW PCLA SCREW 29G50-70mm chez <strong>Kinami Health en ligne <\/strong>et aider vos patients \u00e0 retrouver une <strong>apparence rajeunie et rafra\u00eechie. <\/strong>Ce produit est id\u00e9al pour les personnes qui recherchent <strong>des traitements cosm\u00e9tiques non invasifs <\/strong>avec des r\u00e9sultats durables.<\/p>\n","protected":false},"featured_media":109724,"comment_status":"closed","ping_status":"closed","template":"","meta":{"_acf_changed":false,"inline_featured_image":false},"product_brand":[1198],"product_cat":[1381],"product_tag":[1222],"class_list":{"0":"post-109722","1":"product","2":"type-product","3":"status-publish","4":"has-post-thumbnail","6":"product_brand-rainbow","7":"product_cat-fils-tenseurs-et-sutures","8":"product_tag-dispositifs-medicaux","10":"first","11":"instock","12":"taxable","13":"shipping-taxable","14":"purchasable","15":"product-type-simple","16":"add-to-wishlist-before_image"},"acf":[],"yoast_head":"<!-- This site is optimized with the Yoast SEO plugin v27.5 - https:\/\/yoast.com\/product\/yoast-seo-wordpress\/ -->\n<title>Commander RAINBOW PCLA SCREW 29G50-70mm en ligne | Boutique en ligne | Kinami Health<\/title>\n<meta name=\"description\" content=\"Commandez RAINBOW PCLA SCREW 29G50-70mm pour le lifting et le rajeunissement de la peau. Il s&#039;agit des fils PDO s\u00fbrs et efficaces disponibles chez Kinami Health. Commandez d\u00e8s maintenant !\" \/>\n<meta name=\"robots\" content=\"index, follow, max-snippet:-1, max-image-preview:large, max-video-preview:-1\" \/>\n<link rel=\"canonical\" href=\"https:\/\/kinamihealth.com\/fr\/wp-json\/wp\/v2\/product\/109722\" \/>\n<meta property=\"og:locale\" content=\"fr_FR\" \/>\n<meta property=\"og:type\" content=\"article\" \/>\n<meta property=\"og:title\" content=\"Commander RAINBOW PCLA SCREW 29G50-70mm en ligne | Boutique en ligne | Kinami Health\" \/>\n<meta property=\"og:description\" content=\"Commandez RAINBOW PCLA SCREW 29G50-70mm pour le lifting et le rajeunissement de la peau. Il s&#039;agit des fils PDO s\u00fbrs et efficaces disponibles chez Kinami Health. Commandez d\u00e8s maintenant !\" \/>\n<meta property=\"og:url\" content=\"https:\/\/kinamihealth.com\/fr\/product\/rainbow-pcla-screw-29g50-70mm\/\" \/>\n<meta property=\"og:site_name\" content=\"Kinami Health\" \/>\n<meta property=\"article:modified_time\" content=\"2026-01-21T16:07:24+00:00\" \/>\n<meta property=\"og:image\" content=\"https:\/\/kinamihealth.com\/wp-content\/uploads\/2025\/02\/RAINBOW-PCLA-SCREW-29G50_70MM-01.jpg\" \/>\n\t<meta property=\"og:image:width\" content=\"800\" \/>\n\t<meta property=\"og:image:height\" content=\"800\" \/>\n\t<meta property=\"og:image:type\" content=\"image\/jpeg\" \/>\n<meta name=\"twitter:card\" content=\"summary_large_image\" \/>\n<meta name=\"twitter:label1\" content=\"Dur\u00e9e de lecture estim\u00e9e\" \/>\n\t<meta name=\"twitter:data1\" content=\"1 minute\" \/>\n<!-- \/ Yoast SEO plugin. -->","yoast_head_json":{"title":"Commander RAINBOW PCLA SCREW 29G50-70mm en ligne | Boutique en ligne | Kinami Health","description":"Commandez RAINBOW PCLA SCREW 29G50-70mm pour le lifting et le rajeunissement de la peau. Il s'agit des fils PDO s\u00fbrs et efficaces disponibles chez Kinami Health. Commandez d\u00e8s maintenant !","robots":{"index":"index","follow":"follow","max-snippet":"max-snippet:-1","max-image-preview":"max-image-preview:large","max-video-preview":"max-video-preview:-1"},"canonical":"https:\/\/kinamihealth.com\/fr\/wp-json\/wp\/v2\/product\/109722","og_locale":"fr_FR","og_type":"article","og_title":"Commander RAINBOW PCLA SCREW 29G50-70mm en ligne | Boutique en ligne | Kinami Health","og_description":"Commandez RAINBOW PCLA SCREW 29G50-70mm pour le lifting et le rajeunissement de la peau. Il s'agit des fils PDO s\u00fbrs et efficaces disponibles chez Kinami Health. Commandez d\u00e8s maintenant !","og_url":"https:\/\/kinamihealth.com\/fr\/product\/rainbow-pcla-screw-29g50-70mm\/","og_site_name":"Kinami Health","article_modified_time":"2026-01-21T16:07:24+00:00","og_image":[{"width":800,"height":800,"url":"https:\/\/kinamihealth.com\/wp-content\/uploads\/2025\/02\/RAINBOW-PCLA-SCREW-29G50_70MM-01.jpg","type":"image\/jpeg"}],"twitter_card":"summary_large_image","twitter_misc":{"Dur\u00e9e de lecture estim\u00e9e":"1 minute"},"schema":{"@context":"https:\/\/schema.org","@graph":[{"@type":"WebPage","@id":"https:\/\/kinamihealth.com\/fr\/product\/rainbow-pcla-screw-29g50-70mm\/","url":"https:\/\/kinamihealth.com\/fr\/product\/rainbow-pcla-screw-29g50-70mm\/","name":"Commander RAINBOW PCLA SCREW 29G50-70mm en ligne | Boutique en ligne | Kinami Health","isPartOf":{"@id":"https:\/\/kinamihealth.com\/#website"},"primaryImageOfPage":{"@id":"https:\/\/kinamihealth.com\/fr\/product\/rainbow-pcla-screw-29g50-70mm\/#primaryimage"},"image":{"@id":"https:\/\/kinamihealth.com\/fr\/product\/rainbow-pcla-screw-29g50-70mm\/#primaryimage"},"thumbnailUrl":"https:\/\/kinamihealth.com\/wp-content\/uploads\/2025\/02\/RAINBOW-PCLA-SCREW-29G50_70MM-01.jpg","datePublished":"2025-02-15T16:56:39+00:00","dateModified":"2026-01-21T16:07:24+00:00","description":"Commandez RAINBOW PCLA SCREW 29G50-70mm pour le lifting et le rajeunissement de la peau. Il s'agit des fils PDO s\u00fbrs et efficaces disponibles chez Kinami Health. Commandez d\u00e8s maintenant !","breadcrumb":{"@id":"https:\/\/kinamihealth.com\/fr\/product\/rainbow-pcla-screw-29g50-70mm\/#breadcrumb"},"inLanguage":"fr-FR","potentialAction":[{"@type":"ReadAction","target":["https:\/\/kinamihealth.com\/fr\/product\/rainbow-pcla-screw-29g50-70mm\/"]}]},{"@type":"ImageObject","inLanguage":"fr-FR","@id":"https:\/\/kinamihealth.com\/fr\/product\/rainbow-pcla-screw-29g50-70mm\/#primaryimage","url":"https:\/\/kinamihealth.com\/wp-content\/uploads\/2025\/02\/RAINBOW-PCLA-SCREW-29G50_70MM-01.jpg","contentUrl":"https:\/\/kinamihealth.com\/wp-content\/uploads\/2025\/02\/RAINBOW-PCLA-SCREW-29G50_70MM-01.jpg","width":800,"height":800},{"@type":"BreadcrumbList","@id":"https:\/\/kinamihealth.com\/fr\/product\/rainbow-pcla-screw-29g50-70mm\/#breadcrumb","itemListElement":[{"@type":"ListItem","position":1,"name":"Page d'accueil","item":"https:\/\/kinamihealth.com\/"},{"@type":"ListItem","position":2,"name":"Boutique","item":"https:\/\/kinamihealth.com\/shop\/"},{"@type":"ListItem","position":3,"name":"RAINBOW PCLA SCREW 29G50-70mm"}]},{"@type":"WebSite","@id":"https:\/\/kinamihealth.com\/#website","url":"https:\/\/kinamihealth.com\/","name":"Kinami Health","description":"","publisher":{"@id":"https:\/\/kinamihealth.com\/#organization"},"potentialAction":[{"@type":"SearchAction","target":{"@type":"EntryPoint","urlTemplate":"https:\/\/kinamihealth.com\/?s={search_term_string}"},"query-input":{"@type":"PropertyValueSpecification","valueRequired":true,"valueName":"search_term_string"}}],"inLanguage":"fr-FR"},{"@type":"Organization","@id":"https:\/\/kinamihealth.com\/#organization","name":"Kinami Health","url":"https:\/\/kinamihealth.com\/","logo":{"@type":"ImageObject","inLanguage":"fr-FR","@id":"https:\/\/kinamihealth.com\/#\/schema\/logo\/image\/","url":"https:\/\/kinamihealth.com\/wp-content\/uploads\/2025\/01\/KH_logo_black_2-1.png","contentUrl":"https:\/\/kinamihealth.com\/wp-content\/uploads\/2025\/01\/KH_logo_black_2-1.png","width":339,"height":34,"caption":"Kinami Health"},"image":{"@id":"https:\/\/kinamihealth.com\/#\/schema\/logo\/image\/"}}]}},"_links":{"self":[{"href":"https:\/\/kinamihealth.com\/fr\/wp-json\/wp\/v2\/product\/109722","targetHints":{"allow":["GET"]}}],"collection":[{"href":"https:\/\/kinamihealth.com\/fr\/wp-json\/wp\/v2\/product"}],"about":[{"href":"https:\/\/kinamihealth.com\/fr\/wp-json\/wp\/v2\/types\/product"}],"replies":[{"embeddable":true,"href":"https:\/\/kinamihealth.com\/fr\/wp-json\/wp\/v2\/comments?post=109722"}],"version-history":[{"count":0,"href":"https:\/\/kinamihealth.com\/fr\/wp-json\/wp\/v2\/product\/109722\/revisions"}],"wp:featuredmedia":[{"embeddable":true,"href":"https:\/\/kinamihealth.com\/fr\/wp-json\/wp\/v2\/media\/109724"}],"wp:attachment":[{"href":"https:\/\/kinamihealth.com\/fr\/wp-json\/wp\/v2\/media?parent=109722"}],"wp:term":[{"taxonomy":"product_brand","embeddable":true,"href":"https:\/\/kinamihealth.com\/fr\/wp-json\/wp\/v2\/product_brand?post=109722"},{"taxonomy":"product_cat","embeddable":true,"href":"https:\/\/kinamihealth.com\/fr\/wp-json\/wp\/v2\/product_cat?post=109722"},{"taxonomy":"product_tag","embeddable":true,"href":"https:\/\/kinamihealth.com\/fr\/wp-json\/wp\/v2\/product_tag?post=109722"}],"curies":[{"name":"wp","href":"https:\/\/api.w.org\/{rel}","templated":true}]}}