{"id":109720,"date":"2025-02-15T16:56:54","date_gmt":"2025-02-15T16:56:54","guid":{"rendered":"https:\/\/kinamihealth.com\/product\/rainbow-gold-embossing-mono-29g38-x20pcs\/"},"modified":"2026-01-21T16:07:43","modified_gmt":"2026-01-21T16:07:43","slug":"rainbow-gold-embossing-mono-29g38-x20pcs","status":"publish","type":"product","link":"https:\/\/kinamihealth.com\/fr\/produit\/rainbow-gold-embossing-mono-29g38-x20pcs\/","title":{"rendered":"RAINBOW GOLD EMBOSSING MONO 29G38 X20pcs"},"content":{"rendered":"<p>Le fil tenseur Rainbow GOLD EMBOSSING MONO 29G38 permet un lifting du visage et une r\u00e9duction des rides gr\u00e2ce \u00e0 l&#8217;auto-stimulation des cellules de collag\u00e8ne. L&#8217;or dont il est dot\u00e9 est pur \u00e0 99,99 % et produit un effet lumineux tout en stimulant la collag\u00e9n\u00e8se. Les fils sont biod\u00e9gradables, biocompatibles, s\u00fbrs et se dissolvent dans le corps.<\/p>\n","protected":false},"excerpt":{"rendered":"<p><strong>Rainbow Gold Embossing Mono 29G38 X20 pi\u00e8ces <\/strong>est un syst\u00e8me innovant <strong>de fils PDO (polydioxanone) <\/strong>con\u00e7u pour les traitements esth\u00e9tiques professionnels. Sa conception unique comprend des barbes h\u00e9lico\u00efdales r\u00e9parties sur un fil de 38 mm, d\u00e9livr\u00e9es \u00e0 l&#8217;aide d&#8217;une canule sp\u00e9cialis\u00e9e de type L 29G. Ce syst\u00e8me de fils avanc\u00e9 offre des effets liftants imm\u00e9diats tout en stimulant la production naturelle de collag\u00e8ne par l&#8217;organisme, pour <strong>des r\u00e9sultats rajeunissants <\/strong>instantan\u00e9s et <strong>durables.<\/strong><\/p>\n","protected":false},"featured_media":109721,"comment_status":"closed","ping_status":"closed","template":"","meta":{"_acf_changed":false,"inline_featured_image":false},"product_brand":[1198],"product_cat":[1381],"product_tag":[1222],"class_list":{"0":"post-109720","1":"product","2":"type-product","3":"status-publish","4":"has-post-thumbnail","6":"product_brand-rainbow","7":"product_cat-fils-tenseurs-et-sutures","8":"product_tag-dispositifs-medicaux","10":"first","11":"instock","12":"taxable","13":"shipping-taxable","14":"purchasable","15":"product-type-simple","16":"add-to-wishlist-before_image"},"acf":[],"yoast_head":"<!-- This site is optimized with the Yoast SEO plugin v27.5 - https:\/\/yoast.com\/product\/yoast-seo-wordpress\/ -->\n<title>Commander RAINBOW GOLD EMBOSSING MONO 29G38 X20pcs en ligne | Boutique en ligne | Kinami Health<\/title>\n<meta name=\"description\" content=\"Commandez les fils Rainbow Gold Embossing Mono 29G38 X20pcs en ligne pour un rajeunissement avanc\u00e9 du visage. Leur rev\u00eatement en or pur offre un effet \u00e9claircissant et rajeunissant sur la peau.\" \/>\n<meta name=\"robots\" content=\"index, follow, max-snippet:-1, max-image-preview:large, max-video-preview:-1\" \/>\n<link rel=\"canonical\" href=\"https:\/\/kinamihealth.com\/fr\/wp-json\/wp\/v2\/product\/109720\" \/>\n<meta property=\"og:locale\" content=\"fr_FR\" \/>\n<meta property=\"og:type\" content=\"article\" \/>\n<meta property=\"og:title\" content=\"Commander RAINBOW GOLD EMBOSSING MONO 29G38 X20pcs en ligne | Boutique en ligne | Kinami Health\" \/>\n<meta property=\"og:description\" content=\"Commandez les fils Rainbow Gold Embossing Mono 29G38 X20pcs en ligne pour un rajeunissement avanc\u00e9 du visage. Leur rev\u00eatement en or pur offre un effet \u00e9claircissant et rajeunissant sur la peau.\" \/>\n<meta property=\"og:url\" content=\"https:\/\/kinamihealth.com\/fr\/product\/rainbow-gold-embossing-mono-29g38-x20pcs\/\" \/>\n<meta property=\"og:site_name\" content=\"Kinami Health\" \/>\n<meta property=\"article:modified_time\" content=\"2026-01-21T16:07:43+00:00\" \/>\n<meta property=\"og:image\" content=\"https:\/\/kinamihealth.com\/wp-content\/uploads\/2025\/02\/RAINBOW-THREAD-GOLD-EMBOSSING-MONO-29G38-01-1.jpg\" \/>\n\t<meta property=\"og:image:width\" content=\"800\" \/>\n\t<meta property=\"og:image:height\" content=\"800\" \/>\n\t<meta property=\"og:image:type\" content=\"image\/jpeg\" \/>\n<meta name=\"twitter:card\" content=\"summary_large_image\" \/>\n<meta name=\"twitter:label1\" content=\"Dur\u00e9e de lecture estim\u00e9e\" \/>\n\t<meta name=\"twitter:data1\" content=\"1 minute\" \/>\n<!-- \/ Yoast SEO plugin. -->","yoast_head_json":{"title":"Commander RAINBOW GOLD EMBOSSING MONO 29G38 X20pcs en ligne | Boutique en ligne | Kinami Health","description":"Commandez les fils Rainbow Gold Embossing Mono 29G38 X20pcs en ligne pour un rajeunissement avanc\u00e9 du visage. Leur rev\u00eatement en or pur offre un effet \u00e9claircissant et rajeunissant sur la peau.","robots":{"index":"index","follow":"follow","max-snippet":"max-snippet:-1","max-image-preview":"max-image-preview:large","max-video-preview":"max-video-preview:-1"},"canonical":"https:\/\/kinamihealth.com\/fr\/wp-json\/wp\/v2\/product\/109720","og_locale":"fr_FR","og_type":"article","og_title":"Commander RAINBOW GOLD EMBOSSING MONO 29G38 X20pcs en ligne | Boutique en ligne | Kinami Health","og_description":"Commandez les fils Rainbow Gold Embossing Mono 29G38 X20pcs en ligne pour un rajeunissement avanc\u00e9 du visage. Leur rev\u00eatement en or pur offre un effet \u00e9claircissant et rajeunissant sur la peau.","og_url":"https:\/\/kinamihealth.com\/fr\/product\/rainbow-gold-embossing-mono-29g38-x20pcs\/","og_site_name":"Kinami Health","article_modified_time":"2026-01-21T16:07:43+00:00","og_image":[{"width":800,"height":800,"url":"https:\/\/kinamihealth.com\/wp-content\/uploads\/2025\/02\/RAINBOW-THREAD-GOLD-EMBOSSING-MONO-29G38-01-1.jpg","type":"image\/jpeg"}],"twitter_card":"summary_large_image","twitter_misc":{"Dur\u00e9e de lecture estim\u00e9e":"1 minute"},"schema":{"@context":"https:\/\/schema.org","@graph":[{"@type":"WebPage","@id":"https:\/\/kinamihealth.com\/fr\/product\/rainbow-gold-embossing-mono-29g38-x20pcs\/","url":"https:\/\/kinamihealth.com\/fr\/product\/rainbow-gold-embossing-mono-29g38-x20pcs\/","name":"Commander RAINBOW GOLD EMBOSSING MONO 29G38 X20pcs en ligne | Boutique en ligne | Kinami Health","isPartOf":{"@id":"https:\/\/kinamihealth.com\/#website"},"primaryImageOfPage":{"@id":"https:\/\/kinamihealth.com\/fr\/product\/rainbow-gold-embossing-mono-29g38-x20pcs\/#primaryimage"},"image":{"@id":"https:\/\/kinamihealth.com\/fr\/product\/rainbow-gold-embossing-mono-29g38-x20pcs\/#primaryimage"},"thumbnailUrl":"https:\/\/kinamihealth.com\/wp-content\/uploads\/2025\/02\/RAINBOW-THREAD-GOLD-EMBOSSING-MONO-29G38-01-1.jpg","datePublished":"2025-02-15T16:56:54+00:00","dateModified":"2026-01-21T16:07:43+00:00","description":"Commandez les fils Rainbow Gold Embossing Mono 29G38 X20pcs en ligne pour un rajeunissement avanc\u00e9 du visage. Leur rev\u00eatement en or pur offre un effet \u00e9claircissant et rajeunissant sur la peau.","breadcrumb":{"@id":"https:\/\/kinamihealth.com\/fr\/product\/rainbow-gold-embossing-mono-29g38-x20pcs\/#breadcrumb"},"inLanguage":"fr-FR","potentialAction":[{"@type":"ReadAction","target":["https:\/\/kinamihealth.com\/fr\/product\/rainbow-gold-embossing-mono-29g38-x20pcs\/"]}]},{"@type":"ImageObject","inLanguage":"fr-FR","@id":"https:\/\/kinamihealth.com\/fr\/product\/rainbow-gold-embossing-mono-29g38-x20pcs\/#primaryimage","url":"https:\/\/kinamihealth.com\/wp-content\/uploads\/2025\/02\/RAINBOW-THREAD-GOLD-EMBOSSING-MONO-29G38-01-1.jpg","contentUrl":"https:\/\/kinamihealth.com\/wp-content\/uploads\/2025\/02\/RAINBOW-THREAD-GOLD-EMBOSSING-MONO-29G38-01-1.jpg","width":800,"height":800},{"@type":"BreadcrumbList","@id":"https:\/\/kinamihealth.com\/fr\/product\/rainbow-gold-embossing-mono-29g38-x20pcs\/#breadcrumb","itemListElement":[{"@type":"ListItem","position":1,"name":"Page d'accueil","item":"https:\/\/kinamihealth.com\/"},{"@type":"ListItem","position":2,"name":"Boutique","item":"https:\/\/kinamihealth.com\/shop\/"},{"@type":"ListItem","position":3,"name":"RAINBOW GOLD EMBOSSING MONO 29G38 X20pcs"}]},{"@type":"WebSite","@id":"https:\/\/kinamihealth.com\/#website","url":"https:\/\/kinamihealth.com\/","name":"Kinami Health","description":"","publisher":{"@id":"https:\/\/kinamihealth.com\/#organization"},"potentialAction":[{"@type":"SearchAction","target":{"@type":"EntryPoint","urlTemplate":"https:\/\/kinamihealth.com\/?s={search_term_string}"},"query-input":{"@type":"PropertyValueSpecification","valueRequired":true,"valueName":"search_term_string"}}],"inLanguage":"fr-FR"},{"@type":"Organization","@id":"https:\/\/kinamihealth.com\/#organization","name":"Kinami Health","url":"https:\/\/kinamihealth.com\/","logo":{"@type":"ImageObject","inLanguage":"fr-FR","@id":"https:\/\/kinamihealth.com\/#\/schema\/logo\/image\/","url":"https:\/\/kinamihealth.com\/wp-content\/uploads\/2025\/01\/KH_logo_black_2-1.png","contentUrl":"https:\/\/kinamihealth.com\/wp-content\/uploads\/2025\/01\/KH_logo_black_2-1.png","width":339,"height":34,"caption":"Kinami Health"},"image":{"@id":"https:\/\/kinamihealth.com\/#\/schema\/logo\/image\/"}}]}},"_links":{"self":[{"href":"https:\/\/kinamihealth.com\/fr\/wp-json\/wp\/v2\/product\/109720","targetHints":{"allow":["GET"]}}],"collection":[{"href":"https:\/\/kinamihealth.com\/fr\/wp-json\/wp\/v2\/product"}],"about":[{"href":"https:\/\/kinamihealth.com\/fr\/wp-json\/wp\/v2\/types\/product"}],"replies":[{"embeddable":true,"href":"https:\/\/kinamihealth.com\/fr\/wp-json\/wp\/v2\/comments?post=109720"}],"version-history":[{"count":0,"href":"https:\/\/kinamihealth.com\/fr\/wp-json\/wp\/v2\/product\/109720\/revisions"}],"wp:featuredmedia":[{"embeddable":true,"href":"https:\/\/kinamihealth.com\/fr\/wp-json\/wp\/v2\/media\/109721"}],"wp:attachment":[{"href":"https:\/\/kinamihealth.com\/fr\/wp-json\/wp\/v2\/media?parent=109720"}],"wp:term":[{"taxonomy":"product_brand","embeddable":true,"href":"https:\/\/kinamihealth.com\/fr\/wp-json\/wp\/v2\/product_brand?post=109720"},{"taxonomy":"product_cat","embeddable":true,"href":"https:\/\/kinamihealth.com\/fr\/wp-json\/wp\/v2\/product_cat?post=109720"},{"taxonomy":"product_tag","embeddable":true,"href":"https:\/\/kinamihealth.com\/fr\/wp-json\/wp\/v2\/product_tag?post=109720"}],"curies":[{"name":"wp","href":"https:\/\/api.w.org\/{rel}","templated":true}]}}