{"id":109716,"date":"2025-02-15T16:56:53","date_gmt":"2025-02-15T16:56:53","guid":{"rendered":"https:\/\/kinamihealth.com\/product\/rainbow-3d-cog-21g90-l\/"},"modified":"2026-04-03T11:32:47","modified_gmt":"2026-04-03T11:32:47","slug":"rainbow-3d-cog-21g90-l","status":"publish","type":"product","link":"https:\/\/kinamihealth.com\/fr\/produit\/rainbow-3d-cog-21g90-l\/","title":{"rendered":"RAINBOW\u00ae 3D COG 21G90-L (8 pcs)"},"content":{"rendered":"<p>Le fill 3D COG 21G90-L est con\u00e7u pour remodeler et lifter la surface de la peau. L&#8217;insertion du fil PDO sous la peau cr\u00e9e un effet cicatrisant, r\u00e9g\u00e9n\u00e8re les cellules cutan\u00e9es et stimule la production de collag\u00e8ne par l&#8217;organisme, ce qui procure un effet volumateur et raffermissant id\u00e9al imm\u00e9diatement apr\u00e8s le traitement. Il est utilis\u00e9 pour le raffermissement de la peau, car il stimule la production naturelle de collag\u00e8ne et restaure le volume perdu. Il est principalement utilis\u00e9 pour des zones telles que la m\u00e2choire, le milieu du visage et les sourcils.<\/p>\n","protected":false},"excerpt":{"rendered":"<p><strong>Rainbow 3D COG 21G90-L <\/strong>est un syst\u00e8me innovant <strong>de fils PDO (polydioxanone) <\/strong>con\u00e7u pour les traitements esth\u00e9tiques professionnels. Sa conception unique comprend des barbes h\u00e9lico\u00efdales r\u00e9parties sur un fil de 150 mm, d\u00e9livr\u00e9es \u00e0 l&#8217;aide d&#8217;une canule sp\u00e9cialis\u00e9e de type L 21G. Ce syst\u00e8me de fils avanc\u00e9 offre des effets de lifting imm\u00e9diats tout en stimulant la production naturelle de collag\u00e8ne par l&#8217;organisme, pour <strong>des r\u00e9sultats de rajeunissement <\/strong>imm\u00e9diats et <strong>durables<\/strong>.<\/p>\n","protected":false},"featured_media":109717,"comment_status":"closed","ping_status":"closed","template":"","meta":{"_acf_changed":false,"inline_featured_image":false},"product_brand":[1198],"product_cat":[1381],"product_tag":[1222],"class_list":{"0":"post-109716","1":"product","2":"type-product","3":"status-publish","4":"has-post-thumbnail","6":"product_brand-rainbow","7":"product_cat-fils-tenseurs-et-sutures","8":"product_tag-dispositifs-medicaux","10":"first","11":"instock","12":"taxable","13":"shipping-taxable","14":"purchasable","15":"product-type-simple","16":"add-to-wishlist-before_image"},"acf":[],"yoast_head":"<!-- This site is optimized with the Yoast SEO plugin v27.5 - https:\/\/yoast.com\/product\/yoast-seo-wordpress\/ -->\n<title>Commander RAINBOW 3D COG 21G90-L en ligne | Boutique en ligne | Kinami Health<\/title>\n<meta name=\"description\" content=\"Commandez Rainbow 3D COG 21G90-L en ligne pour un rajeunissement avanc\u00e9 du visage. Ce fil est dot\u00e9 de barbes h\u00e9lico\u00efdales innovantes \u00e0 360\u00b0 pour un lifting efficace de la peau et des r\u00e9sultats durables.\" \/>\n<meta name=\"robots\" content=\"index, follow, max-snippet:-1, max-image-preview:large, max-video-preview:-1\" \/>\n<link rel=\"canonical\" href=\"https:\/\/kinamihealth.com\/fr\/wp-json\/wp\/v2\/product\/109716\" \/>\n<meta property=\"og:locale\" content=\"fr_FR\" \/>\n<meta property=\"og:type\" content=\"article\" \/>\n<meta property=\"og:title\" content=\"Commander RAINBOW 3D COG 21G90-L en ligne | Boutique en ligne | Kinami Health\" \/>\n<meta property=\"og:description\" content=\"Commandez Rainbow 3D COG 21G90-L en ligne pour un rajeunissement avanc\u00e9 du visage. Ce fil est dot\u00e9 de barbes h\u00e9lico\u00efdales innovantes \u00e0 360\u00b0 pour un lifting efficace de la peau et des r\u00e9sultats durables.\" \/>\n<meta property=\"og:url\" content=\"https:\/\/kinamihealth.com\/fr\/produit\/rainbow-3d-cog-21g90-l\/\" \/>\n<meta property=\"og:site_name\" content=\"Kinami Health\" \/>\n<meta property=\"article:modified_time\" content=\"2026-04-03T11:32:47+00:00\" \/>\n<meta property=\"og:image\" content=\"https:\/\/kinamihealth.com\/wp-content\/uploads\/2025\/02\/RAINBOW-THREAD-3D-COG-21G90-L-01.jpg\" \/>\n\t<meta property=\"og:image:width\" content=\"800\" \/>\n\t<meta property=\"og:image:height\" content=\"800\" \/>\n\t<meta property=\"og:image:type\" content=\"image\/jpeg\" \/>\n<meta name=\"twitter:card\" content=\"summary_large_image\" \/>\n<meta name=\"twitter:label1\" content=\"Dur\u00e9e de lecture estim\u00e9e\" \/>\n\t<meta name=\"twitter:data1\" content=\"1 minute\" \/>\n<!-- \/ Yoast SEO plugin. -->","yoast_head_json":{"title":"Commander RAINBOW 3D COG 21G90-L en ligne | Boutique en ligne | Kinami Health","description":"Commandez Rainbow 3D COG 21G90-L en ligne pour un rajeunissement avanc\u00e9 du visage. Ce fil est dot\u00e9 de barbes h\u00e9lico\u00efdales innovantes \u00e0 360\u00b0 pour un lifting efficace de la peau et des r\u00e9sultats durables.","robots":{"index":"index","follow":"follow","max-snippet":"max-snippet:-1","max-image-preview":"max-image-preview:large","max-video-preview":"max-video-preview:-1"},"canonical":"https:\/\/kinamihealth.com\/fr\/wp-json\/wp\/v2\/product\/109716","og_locale":"fr_FR","og_type":"article","og_title":"Commander RAINBOW 3D COG 21G90-L en ligne | Boutique en ligne | Kinami Health","og_description":"Commandez Rainbow 3D COG 21G90-L en ligne pour un rajeunissement avanc\u00e9 du visage. Ce fil est dot\u00e9 de barbes h\u00e9lico\u00efdales innovantes \u00e0 360\u00b0 pour un lifting efficace de la peau et des r\u00e9sultats durables.","og_url":"https:\/\/kinamihealth.com\/fr\/produit\/rainbow-3d-cog-21g90-l\/","og_site_name":"Kinami Health","article_modified_time":"2026-04-03T11:32:47+00:00","og_image":[{"width":800,"height":800,"url":"https:\/\/kinamihealth.com\/wp-content\/uploads\/2025\/02\/RAINBOW-THREAD-3D-COG-21G90-L-01.jpg","type":"image\/jpeg"}],"twitter_card":"summary_large_image","twitter_misc":{"Dur\u00e9e de lecture estim\u00e9e":"1 minute"},"schema":{"@context":"https:\/\/schema.org","@graph":[{"@type":"WebPage","@id":"https:\/\/kinamihealth.com\/fr\/produit\/rainbow-3d-cog-21g90-l\/","url":"https:\/\/kinamihealth.com\/fr\/produit\/rainbow-3d-cog-21g90-l\/","name":"Commander RAINBOW 3D COG 21G90-L en ligne | Boutique en ligne | Kinami Health","isPartOf":{"@id":"https:\/\/kinamihealth.com\/#website"},"primaryImageOfPage":{"@id":"https:\/\/kinamihealth.com\/fr\/produit\/rainbow-3d-cog-21g90-l\/#primaryimage"},"image":{"@id":"https:\/\/kinamihealth.com\/fr\/produit\/rainbow-3d-cog-21g90-l\/#primaryimage"},"thumbnailUrl":"https:\/\/kinamihealth.com\/wp-content\/uploads\/2025\/02\/RAINBOW-THREAD-3D-COG-21G90-L-01.jpg","datePublished":"2025-02-15T16:56:53+00:00","dateModified":"2026-04-03T11:32:47+00:00","description":"Commandez Rainbow 3D COG 21G90-L en ligne pour un rajeunissement avanc\u00e9 du visage. Ce fil est dot\u00e9 de barbes h\u00e9lico\u00efdales innovantes \u00e0 360\u00b0 pour un lifting efficace de la peau et des r\u00e9sultats durables.","breadcrumb":{"@id":"https:\/\/kinamihealth.com\/fr\/produit\/rainbow-3d-cog-21g90-l\/#breadcrumb"},"inLanguage":"fr-FR","potentialAction":[{"@type":"ReadAction","target":["https:\/\/kinamihealth.com\/fr\/produit\/rainbow-3d-cog-21g90-l\/"]}]},{"@type":"ImageObject","inLanguage":"fr-FR","@id":"https:\/\/kinamihealth.com\/fr\/produit\/rainbow-3d-cog-21g90-l\/#primaryimage","url":"https:\/\/kinamihealth.com\/wp-content\/uploads\/2025\/02\/RAINBOW-THREAD-3D-COG-21G90-L-01.jpg","contentUrl":"https:\/\/kinamihealth.com\/wp-content\/uploads\/2025\/02\/RAINBOW-THREAD-3D-COG-21G90-L-01.jpg","width":800,"height":800},{"@type":"BreadcrumbList","@id":"https:\/\/kinamihealth.com\/fr\/produit\/rainbow-3d-cog-21g90-l\/#breadcrumb","itemListElement":[{"@type":"ListItem","position":1,"name":"Page d'accueil","item":"https:\/\/kinamihealth.com\/"},{"@type":"ListItem","position":2,"name":"Boutique","item":"https:\/\/kinamihealth.com\/shop\/"},{"@type":"ListItem","position":3,"name":"RAINBOW\u00ae 3D COG 21G90-L (8 pcs)"}]},{"@type":"WebSite","@id":"https:\/\/kinamihealth.com\/#website","url":"https:\/\/kinamihealth.com\/","name":"Kinami Health","description":"","publisher":{"@id":"https:\/\/kinamihealth.com\/#organization"},"potentialAction":[{"@type":"SearchAction","target":{"@type":"EntryPoint","urlTemplate":"https:\/\/kinamihealth.com\/?s={search_term_string}"},"query-input":{"@type":"PropertyValueSpecification","valueRequired":true,"valueName":"search_term_string"}}],"inLanguage":"fr-FR"},{"@type":"Organization","@id":"https:\/\/kinamihealth.com\/#organization","name":"Kinami Health","url":"https:\/\/kinamihealth.com\/","logo":{"@type":"ImageObject","inLanguage":"fr-FR","@id":"https:\/\/kinamihealth.com\/#\/schema\/logo\/image\/","url":"https:\/\/kinamihealth.com\/wp-content\/uploads\/2025\/01\/KH_logo_black_2-1.png","contentUrl":"https:\/\/kinamihealth.com\/wp-content\/uploads\/2025\/01\/KH_logo_black_2-1.png","width":339,"height":34,"caption":"Kinami Health"},"image":{"@id":"https:\/\/kinamihealth.com\/#\/schema\/logo\/image\/"}}]}},"_links":{"self":[{"href":"https:\/\/kinamihealth.com\/fr\/wp-json\/wp\/v2\/product\/109716","targetHints":{"allow":["GET"]}}],"collection":[{"href":"https:\/\/kinamihealth.com\/fr\/wp-json\/wp\/v2\/product"}],"about":[{"href":"https:\/\/kinamihealth.com\/fr\/wp-json\/wp\/v2\/types\/product"}],"replies":[{"embeddable":true,"href":"https:\/\/kinamihealth.com\/fr\/wp-json\/wp\/v2\/comments?post=109716"}],"version-history":[{"count":1,"href":"https:\/\/kinamihealth.com\/fr\/wp-json\/wp\/v2\/product\/109716\/revisions"}],"predecessor-version":[{"id":134596,"href":"https:\/\/kinamihealth.com\/fr\/wp-json\/wp\/v2\/product\/109716\/revisions\/134596"}],"wp:featuredmedia":[{"embeddable":true,"href":"https:\/\/kinamihealth.com\/fr\/wp-json\/wp\/v2\/media\/109717"}],"wp:attachment":[{"href":"https:\/\/kinamihealth.com\/fr\/wp-json\/wp\/v2\/media?parent=109716"}],"wp:term":[{"taxonomy":"product_brand","embeddable":true,"href":"https:\/\/kinamihealth.com\/fr\/wp-json\/wp\/v2\/product_brand?post=109716"},{"taxonomy":"product_cat","embeddable":true,"href":"https:\/\/kinamihealth.com\/fr\/wp-json\/wp\/v2\/product_cat?post=109716"},{"taxonomy":"product_tag","embeddable":true,"href":"https:\/\/kinamihealth.com\/fr\/wp-json\/wp\/v2\/product_tag?post=109716"}],"curies":[{"name":"wp","href":"https:\/\/api.w.org\/{rel}","templated":true}]}}