{"id":109711,"date":"2025-02-15T16:56:53","date_gmt":"2025-02-15T16:56:53","guid":{"rendered":"https:\/\/kinamihealth.com\/product\/radiesse-3ml\/"},"modified":"2026-04-28T12:33:16","modified_gmt":"2026-04-28T12:33:16","slug":"radiesse-3ml","status":"publish","type":"product","link":"https:\/\/kinamihealth.com\/fr\/produit\/radiesse-3ml\/","title":{"rendered":"RADIESSE\u00ae 3ml"},"content":{"rendered":"<p>Radiesse 3 ml comble et remod\u00e8le le visage. Radiesse est constitu\u00e9 d&#8217;un micro-implant compos\u00e9 de microsph\u00e8res de CaHA, ou hydroxyapatite de calcium, qui agissent efficacement dans un gel liquide biod\u00e9gradable. Il est indiqu\u00e9 pour la correction des rides et plis mod\u00e9r\u00e9s \u00e0 s\u00e9v\u00e8res du visage, par exemple les sillons nasog\u00e9niens.<\/p>\n","protected":false},"excerpt":{"rendered":"<p><strong>Radiesse 3 ml <\/strong>est un <strong>produit de comblement dermique <\/strong>avanc\u00e9 sp\u00e9cialement formul\u00e9 pour <strong>l\u2019embellissement du visage<\/strong>. \u00c0 la base, il s\u2019agit d&#8217;une composition unique de microsph\u00e8res <strong>d&#8217;hydroxyapatite de calcium (CaHA) <\/strong>en suspension dans un gel sp\u00e9cialis\u00e9. Ce produit restaure imm\u00e9diatement le volume tout en stimulant <strong>la production naturelle de collag\u00e8ne de<\/strong> votre <strong>corps <\/strong>pour des r\u00e9sultats durables.<\/p>\n","protected":false},"featured_media":109715,"comment_status":"closed","ping_status":"closed","template":"","meta":{"_acf_changed":false,"inline_featured_image":false},"product_brand":[1290],"product_cat":[3613,1217],"product_tag":[1222],"class_list":{"0":"post-109711","1":"product","2":"type-product","3":"status-publish","4":"has-post-thumbnail","6":"product_brand-radiesse","7":"product_cat-biostimulateurs-fr","8":"product_cat-produits-de-comblement-dermique","9":"product_tag-dispositifs-medicaux","11":"first","12":"instock","13":"taxable","14":"shipping-taxable","15":"purchasable","16":"product-type-simple","17":"add-to-wishlist-before_image"},"acf":[],"yoast_head":"<!-- This site is optimized with the Yoast SEO plugin v27.5 - https:\/\/yoast.com\/product\/yoast-seo-wordpress\/ -->\n<title>Commander RADIESSE\u00ae 3ml en ligne | Boutique en ligne | Kinami Health<\/title>\n<meta name=\"description\" content=\"Commandez Radiesse\u00ae 3 ml en ligne pour proposer \u00e0 vos patients un remodelage du visage et une restauration du volume efficaces.\" \/>\n<meta name=\"robots\" content=\"index, follow, max-snippet:-1, max-image-preview:large, max-video-preview:-1\" \/>\n<link rel=\"canonical\" href=\"https:\/\/kinamihealth.com\/fr\/wp-json\/wp\/v2\/product\/109711\" \/>\n<meta property=\"og:locale\" content=\"fr_FR\" \/>\n<meta property=\"og:type\" content=\"article\" \/>\n<meta property=\"og:title\" content=\"Commander RADIESSE\u00ae 3ml en ligne | Boutique en ligne | Kinami Health\" \/>\n<meta property=\"og:description\" content=\"Commandez Radiesse\u00ae 3 ml en ligne pour proposer \u00e0 vos patients un remodelage du visage et une restauration du volume efficaces.\" \/>\n<meta property=\"og:url\" content=\"https:\/\/kinamihealth.com\/fr\/produit\/radiesse-3ml\/\" \/>\n<meta property=\"og:site_name\" content=\"Kinami Health\" \/>\n<meta property=\"article:modified_time\" content=\"2026-04-28T12:33:16+00:00\" \/>\n<meta property=\"og:image\" content=\"https:\/\/kinamihealth.com\/wp-content\/uploads\/2025\/02\/MERZ-RADIESSE-3.0-4.jpg\" \/>\n\t<meta property=\"og:image:width\" content=\"800\" \/>\n\t<meta property=\"og:image:height\" content=\"800\" \/>\n\t<meta property=\"og:image:type\" content=\"image\/jpeg\" \/>\n<meta name=\"twitter:card\" content=\"summary_large_image\" \/>\n<meta name=\"twitter:label1\" content=\"Dur\u00e9e de lecture estim\u00e9e\" \/>\n\t<meta name=\"twitter:data1\" content=\"1 minute\" \/>\n<!-- \/ Yoast SEO plugin. -->","yoast_head_json":{"title":"Commander RADIESSE\u00ae 3ml en ligne | Boutique en ligne | Kinami Health","description":"Commandez Radiesse\u00ae 3 ml en ligne pour proposer \u00e0 vos patients un remodelage du visage et une restauration du volume efficaces.","robots":{"index":"index","follow":"follow","max-snippet":"max-snippet:-1","max-image-preview":"max-image-preview:large","max-video-preview":"max-video-preview:-1"},"canonical":"https:\/\/kinamihealth.com\/fr\/wp-json\/wp\/v2\/product\/109711","og_locale":"fr_FR","og_type":"article","og_title":"Commander RADIESSE\u00ae 3ml en ligne | Boutique en ligne | Kinami Health","og_description":"Commandez Radiesse\u00ae 3 ml en ligne pour proposer \u00e0 vos patients un remodelage du visage et une restauration du volume efficaces.","og_url":"https:\/\/kinamihealth.com\/fr\/produit\/radiesse-3ml\/","og_site_name":"Kinami Health","article_modified_time":"2026-04-28T12:33:16+00:00","og_image":[{"width":800,"height":800,"url":"https:\/\/kinamihealth.com\/wp-content\/uploads\/2025\/02\/MERZ-RADIESSE-3.0-4.jpg","type":"image\/jpeg"}],"twitter_card":"summary_large_image","twitter_misc":{"Dur\u00e9e de lecture estim\u00e9e":"1 minute"},"schema":{"@context":"https:\/\/schema.org","@graph":[{"@type":"WebPage","@id":"https:\/\/kinamihealth.com\/fr\/produit\/radiesse-3ml\/","url":"https:\/\/kinamihealth.com\/fr\/produit\/radiesse-3ml\/","name":"Commander RADIESSE\u00ae 3ml en ligne | Boutique en ligne | Kinami Health","isPartOf":{"@id":"https:\/\/kinamihealth.com\/#website"},"primaryImageOfPage":{"@id":"https:\/\/kinamihealth.com\/fr\/produit\/radiesse-3ml\/#primaryimage"},"image":{"@id":"https:\/\/kinamihealth.com\/fr\/produit\/radiesse-3ml\/#primaryimage"},"thumbnailUrl":"https:\/\/kinamihealth.com\/wp-content\/uploads\/2025\/02\/MERZ-RADIESSE-3.0-4.jpg","datePublished":"2025-02-15T16:56:53+00:00","dateModified":"2026-04-28T12:33:16+00:00","description":"Commandez Radiesse\u00ae 3 ml en ligne pour proposer \u00e0 vos patients un remodelage du visage et une restauration du volume efficaces.","breadcrumb":{"@id":"https:\/\/kinamihealth.com\/fr\/produit\/radiesse-3ml\/#breadcrumb"},"inLanguage":"fr-FR","potentialAction":[{"@type":"ReadAction","target":["https:\/\/kinamihealth.com\/fr\/produit\/radiesse-3ml\/"]}]},{"@type":"ImageObject","inLanguage":"fr-FR","@id":"https:\/\/kinamihealth.com\/fr\/produit\/radiesse-3ml\/#primaryimage","url":"https:\/\/kinamihealth.com\/wp-content\/uploads\/2025\/02\/MERZ-RADIESSE-3.0-4.jpg","contentUrl":"https:\/\/kinamihealth.com\/wp-content\/uploads\/2025\/02\/MERZ-RADIESSE-3.0-4.jpg","width":800,"height":800},{"@type":"BreadcrumbList","@id":"https:\/\/kinamihealth.com\/fr\/produit\/radiesse-3ml\/#breadcrumb","itemListElement":[{"@type":"ListItem","position":1,"name":"Page d'accueil","item":"https:\/\/kinamihealth.com\/"},{"@type":"ListItem","position":2,"name":"Boutique","item":"https:\/\/kinamihealth.com\/shop\/"},{"@type":"ListItem","position":3,"name":"RADIESSE\u00ae 3ml"}]},{"@type":"WebSite","@id":"https:\/\/kinamihealth.com\/#website","url":"https:\/\/kinamihealth.com\/","name":"Kinami Health","description":"","publisher":{"@id":"https:\/\/kinamihealth.com\/#organization"},"potentialAction":[{"@type":"SearchAction","target":{"@type":"EntryPoint","urlTemplate":"https:\/\/kinamihealth.com\/?s={search_term_string}"},"query-input":{"@type":"PropertyValueSpecification","valueRequired":true,"valueName":"search_term_string"}}],"inLanguage":"fr-FR"},{"@type":"Organization","@id":"https:\/\/kinamihealth.com\/#organization","name":"Kinami Health","url":"https:\/\/kinamihealth.com\/","logo":{"@type":"ImageObject","inLanguage":"fr-FR","@id":"https:\/\/kinamihealth.com\/#\/schema\/logo\/image\/","url":"https:\/\/kinamihealth.com\/wp-content\/uploads\/2025\/01\/KH_logo_black_2-1.png","contentUrl":"https:\/\/kinamihealth.com\/wp-content\/uploads\/2025\/01\/KH_logo_black_2-1.png","width":339,"height":34,"caption":"Kinami Health"},"image":{"@id":"https:\/\/kinamihealth.com\/#\/schema\/logo\/image\/"}}]}},"_links":{"self":[{"href":"https:\/\/kinamihealth.com\/fr\/wp-json\/wp\/v2\/product\/109711","targetHints":{"allow":["GET"]}}],"collection":[{"href":"https:\/\/kinamihealth.com\/fr\/wp-json\/wp\/v2\/product"}],"about":[{"href":"https:\/\/kinamihealth.com\/fr\/wp-json\/wp\/v2\/types\/product"}],"replies":[{"embeddable":true,"href":"https:\/\/kinamihealth.com\/fr\/wp-json\/wp\/v2\/comments?post=109711"}],"version-history":[{"count":2,"href":"https:\/\/kinamihealth.com\/fr\/wp-json\/wp\/v2\/product\/109711\/revisions"}],"predecessor-version":[{"id":134971,"href":"https:\/\/kinamihealth.com\/fr\/wp-json\/wp\/v2\/product\/109711\/revisions\/134971"}],"wp:featuredmedia":[{"embeddable":true,"href":"https:\/\/kinamihealth.com\/fr\/wp-json\/wp\/v2\/media\/109715"}],"wp:attachment":[{"href":"https:\/\/kinamihealth.com\/fr\/wp-json\/wp\/v2\/media?parent=109711"}],"wp:term":[{"taxonomy":"product_brand","embeddable":true,"href":"https:\/\/kinamihealth.com\/fr\/wp-json\/wp\/v2\/product_brand?post=109711"},{"taxonomy":"product_cat","embeddable":true,"href":"https:\/\/kinamihealth.com\/fr\/wp-json\/wp\/v2\/product_cat?post=109711"},{"taxonomy":"product_tag","embeddable":true,"href":"https:\/\/kinamihealth.com\/fr\/wp-json\/wp\/v2\/product_tag?post=109711"}],"curies":[{"name":"wp","href":"https:\/\/api.w.org\/{rel}","templated":true}]}}