{"id":109706,"date":"2025-02-15T16:56:51","date_gmt":"2025-02-15T16:56:51","guid":{"rendered":"https:\/\/kinamihealth.com\/product\/radiesse-1-5ml-lidocaine\/"},"modified":"2026-04-02T14:26:36","modified_gmt":"2026-04-02T14:26:36","slug":"radiesse-1-5ml-lidocaine","status":"publish","type":"product","link":"https:\/\/kinamihealth.com\/fr\/produit\/radiesse-1-5ml-lidocaine\/","title":{"rendered":"RADIESSE\u00ae (+) 1.5ml Lidocaine"},"content":{"rendered":"<p>Radiesse\u00ae+ Lidocaine est un produit de comblement dermique injectable contenant de la lidoca\u00efne, qui apporte temporairement du volume afin de lisser les rides mod\u00e9r\u00e9es \u00e0 s\u00e9v\u00e8res du visage et procure un effet liftant et raffermissant imm\u00e9diat sur la peau. Une fois inject\u00e9, Radiesse\u00ae apporte le volume et le lifting n\u00e9cessaires pour att\u00e9nuer les signes de l&#8217;\u00e2ge. Le produit contient de la lidoca\u00efne, un anesth\u00e9sique puissant, pour une injection plus confortable.<\/p>\n","protected":false},"excerpt":{"rendered":"<p><strong>RADIESSE\u00ae (+) 1.5ml Lidocaine <\/strong>est un <strong>produit de comblement dermique<\/strong> haut de gamme con\u00e7u pour <strong>restaurer<\/strong> efficacement <strong>le volume du visage et r\u00e9duire les rides mod\u00e9r\u00e9es \u00e0 s\u00e9v\u00e8res<\/strong>. Cette solution esth\u00e9tique avanc\u00e9e combine <strong>des microsph\u00e8res d&#8217;hydroxyapatite de calcium (CaHA) <\/strong>dans un gel sp\u00e9cialis\u00e9, offrant des r\u00e9sultats<strong> volumateurs<\/strong> imm\u00e9diats tout en <strong>favorisant la production naturelle de collag\u00e8ne<\/strong>. Enrichi en lidoca\u00efne pour am\u00e9liorer le confort du patient pendant le traitement, ce <strong>produit approuv\u00e9 par la FDA <\/strong>offre aux professionnels de sant\u00e9 une option fiable pour le rajeunissement et le remodelage du visage.<\/p>\n","protected":false},"featured_media":109710,"comment_status":"closed","ping_status":"closed","template":"","meta":{"_acf_changed":false,"inline_featured_image":false},"product_brand":[1290],"product_cat":[3613,1217],"product_tag":[1222],"class_list":{"0":"post-109706","1":"product","2":"type-product","3":"status-publish","4":"has-post-thumbnail","6":"product_brand-radiesse","7":"product_cat-biostimulateurs-fr","8":"product_cat-produits-de-comblement-dermique","9":"product_tag-dispositifs-medicaux","11":"first","12":"instock","13":"taxable","14":"shipping-taxable","15":"purchasable","16":"product-type-simple","17":"add-to-wishlist-before_image"},"acf":[],"yoast_head":"<!-- This site is optimized with the Yoast SEO plugin v27.3 - https:\/\/yoast.com\/product\/yoast-seo-wordpress\/ -->\n<title>Commander RADIESSE\u00ae (+) 1.5ml Lidocaine en ligne | Boutique en ligne | Kinami Health<\/title>\n<meta name=\"description\" content=\"Commandez Radiesse Plus 1,5 ml avec lidoca\u00efne en ligne pour augmenter efficacement le volume du visage et lisser les rides mod\u00e9r\u00e9es \u00e0 s\u00e9v\u00e8res.\" \/>\n<meta name=\"robots\" content=\"index, follow, max-snippet:-1, max-image-preview:large, max-video-preview:-1\" \/>\n<link rel=\"canonical\" href=\"https:\/\/kinamihealth.com\/fr\/wp-json\/wp\/v2\/product\/109706\" \/>\n<meta property=\"og:locale\" content=\"fr_FR\" \/>\n<meta property=\"og:type\" content=\"article\" \/>\n<meta property=\"og:title\" content=\"Commander RADIESSE\u00ae (+) 1.5ml Lidocaine en ligne | Boutique en ligne | Kinami Health\" \/>\n<meta property=\"og:description\" content=\"Commandez Radiesse Plus 1,5 ml avec lidoca\u00efne en ligne pour augmenter efficacement le volume du visage et lisser les rides mod\u00e9r\u00e9es \u00e0 s\u00e9v\u00e8res.\" \/>\n<meta property=\"og:url\" content=\"https:\/\/kinamihealth.com\/fr\/produit\/radiesse-1-5ml-lidocaine\/\" \/>\n<meta property=\"og:site_name\" content=\"Kinami Health\" \/>\n<meta property=\"article:modified_time\" content=\"2026-04-02T14:26:36+00:00\" \/>\n<meta property=\"og:image\" content=\"https:\/\/kinamihealth.com\/wp-content\/uploads\/2025\/02\/MERZ-RADIESSE-LIDO-1.5-01.jpg\" \/>\n\t<meta property=\"og:image:width\" content=\"800\" \/>\n\t<meta property=\"og:image:height\" content=\"800\" \/>\n\t<meta property=\"og:image:type\" content=\"image\/jpeg\" \/>\n<meta name=\"twitter:card\" content=\"summary_large_image\" \/>\n<meta name=\"twitter:label1\" content=\"Dur\u00e9e de lecture estim\u00e9e\" \/>\n\t<meta name=\"twitter:data1\" content=\"1 minute\" \/>\n<!-- \/ Yoast SEO plugin. -->","yoast_head_json":{"title":"Commander RADIESSE\u00ae (+) 1.5ml Lidocaine en ligne | Boutique en ligne | Kinami Health","description":"Commandez Radiesse Plus 1,5 ml avec lidoca\u00efne en ligne pour augmenter efficacement le volume du visage et lisser les rides mod\u00e9r\u00e9es \u00e0 s\u00e9v\u00e8res.","robots":{"index":"index","follow":"follow","max-snippet":"max-snippet:-1","max-image-preview":"max-image-preview:large","max-video-preview":"max-video-preview:-1"},"canonical":"https:\/\/kinamihealth.com\/fr\/wp-json\/wp\/v2\/product\/109706","og_locale":"fr_FR","og_type":"article","og_title":"Commander RADIESSE\u00ae (+) 1.5ml Lidocaine en ligne | Boutique en ligne | Kinami Health","og_description":"Commandez Radiesse Plus 1,5 ml avec lidoca\u00efne en ligne pour augmenter efficacement le volume du visage et lisser les rides mod\u00e9r\u00e9es \u00e0 s\u00e9v\u00e8res.","og_url":"https:\/\/kinamihealth.com\/fr\/produit\/radiesse-1-5ml-lidocaine\/","og_site_name":"Kinami Health","article_modified_time":"2026-04-02T14:26:36+00:00","og_image":[{"width":800,"height":800,"url":"https:\/\/kinamihealth.com\/wp-content\/uploads\/2025\/02\/MERZ-RADIESSE-LIDO-1.5-01.jpg","type":"image\/jpeg"}],"twitter_card":"summary_large_image","twitter_misc":{"Dur\u00e9e de lecture estim\u00e9e":"1 minute"},"schema":{"@context":"https:\/\/schema.org","@graph":[{"@type":"WebPage","@id":"https:\/\/kinamihealth.com\/fr\/produit\/radiesse-1-5ml-lidocaine\/","url":"https:\/\/kinamihealth.com\/fr\/produit\/radiesse-1-5ml-lidocaine\/","name":"Commander RADIESSE\u00ae (+) 1.5ml Lidocaine en ligne | Boutique en ligne | Kinami Health","isPartOf":{"@id":"https:\/\/kinamihealth.com\/#website"},"primaryImageOfPage":{"@id":"https:\/\/kinamihealth.com\/fr\/produit\/radiesse-1-5ml-lidocaine\/#primaryimage"},"image":{"@id":"https:\/\/kinamihealth.com\/fr\/produit\/radiesse-1-5ml-lidocaine\/#primaryimage"},"thumbnailUrl":"https:\/\/kinamihealth.com\/wp-content\/uploads\/2025\/02\/MERZ-RADIESSE-LIDO-1.5-01.jpg","datePublished":"2025-02-15T16:56:51+00:00","dateModified":"2026-04-02T14:26:36+00:00","description":"Commandez Radiesse Plus 1,5 ml avec lidoca\u00efne en ligne pour augmenter efficacement le volume du visage et lisser les rides mod\u00e9r\u00e9es \u00e0 s\u00e9v\u00e8res.","breadcrumb":{"@id":"https:\/\/kinamihealth.com\/fr\/produit\/radiesse-1-5ml-lidocaine\/#breadcrumb"},"inLanguage":"fr-FR","potentialAction":[{"@type":"ReadAction","target":["https:\/\/kinamihealth.com\/fr\/produit\/radiesse-1-5ml-lidocaine\/"]}]},{"@type":"ImageObject","inLanguage":"fr-FR","@id":"https:\/\/kinamihealth.com\/fr\/produit\/radiesse-1-5ml-lidocaine\/#primaryimage","url":"https:\/\/kinamihealth.com\/wp-content\/uploads\/2025\/02\/MERZ-RADIESSE-LIDO-1.5-01.jpg","contentUrl":"https:\/\/kinamihealth.com\/wp-content\/uploads\/2025\/02\/MERZ-RADIESSE-LIDO-1.5-01.jpg","width":800,"height":800},{"@type":"BreadcrumbList","@id":"https:\/\/kinamihealth.com\/fr\/produit\/radiesse-1-5ml-lidocaine\/#breadcrumb","itemListElement":[{"@type":"ListItem","position":1,"name":"Page d'accueil","item":"https:\/\/kinamihealth.com\/"},{"@type":"ListItem","position":2,"name":"Boutique","item":"https:\/\/kinamihealth.com\/shop\/"},{"@type":"ListItem","position":3,"name":"RADIESSE\u00ae (+) 1.5ml Lidocaine"}]},{"@type":"WebSite","@id":"https:\/\/kinamihealth.com\/#website","url":"https:\/\/kinamihealth.com\/","name":"Kinami Health","description":"","publisher":{"@id":"https:\/\/kinamihealth.com\/#organization"},"potentialAction":[{"@type":"SearchAction","target":{"@type":"EntryPoint","urlTemplate":"https:\/\/kinamihealth.com\/?s={search_term_string}"},"query-input":{"@type":"PropertyValueSpecification","valueRequired":true,"valueName":"search_term_string"}}],"inLanguage":"fr-FR"},{"@type":"Organization","@id":"https:\/\/kinamihealth.com\/#organization","name":"Kinami Health","url":"https:\/\/kinamihealth.com\/","logo":{"@type":"ImageObject","inLanguage":"fr-FR","@id":"https:\/\/kinamihealth.com\/#\/schema\/logo\/image\/","url":"https:\/\/kinamihealth.com\/wp-content\/uploads\/2025\/01\/KH_logo_black_2-1.png","contentUrl":"https:\/\/kinamihealth.com\/wp-content\/uploads\/2025\/01\/KH_logo_black_2-1.png","width":339,"height":34,"caption":"Kinami Health"},"image":{"@id":"https:\/\/kinamihealth.com\/#\/schema\/logo\/image\/"}}]}},"_links":{"self":[{"href":"https:\/\/kinamihealth.com\/fr\/wp-json\/wp\/v2\/product\/109706","targetHints":{"allow":["GET"]}}],"collection":[{"href":"https:\/\/kinamihealth.com\/fr\/wp-json\/wp\/v2\/product"}],"about":[{"href":"https:\/\/kinamihealth.com\/fr\/wp-json\/wp\/v2\/types\/product"}],"replies":[{"embeddable":true,"href":"https:\/\/kinamihealth.com\/fr\/wp-json\/wp\/v2\/comments?post=109706"}],"version-history":[{"count":1,"href":"https:\/\/kinamihealth.com\/fr\/wp-json\/wp\/v2\/product\/109706\/revisions"}],"predecessor-version":[{"id":134380,"href":"https:\/\/kinamihealth.com\/fr\/wp-json\/wp\/v2\/product\/109706\/revisions\/134380"}],"wp:featuredmedia":[{"embeddable":true,"href":"https:\/\/kinamihealth.com\/fr\/wp-json\/wp\/v2\/media\/109710"}],"wp:attachment":[{"href":"https:\/\/kinamihealth.com\/fr\/wp-json\/wp\/v2\/media?parent=109706"}],"wp:term":[{"taxonomy":"product_brand","embeddable":true,"href":"https:\/\/kinamihealth.com\/fr\/wp-json\/wp\/v2\/product_brand?post=109706"},{"taxonomy":"product_cat","embeddable":true,"href":"https:\/\/kinamihealth.com\/fr\/wp-json\/wp\/v2\/product_cat?post=109706"},{"taxonomy":"product_tag","embeddable":true,"href":"https:\/\/kinamihealth.com\/fr\/wp-json\/wp\/v2\/product_tag?post=109706"}],"curies":[{"name":"wp","href":"https:\/\/api.w.org\/{rel}","templated":true}]}}