{"id":109567,"date":"2025-02-15T16:56:48","date_gmt":"2025-02-15T16:56:48","guid":{"rendered":"https:\/\/kinamihealth.com\/product\/profhilo-body-kit\/"},"modified":"2026-01-21T16:10:18","modified_gmt":"2026-01-21T16:10:18","slug":"profhilo-body-kit","status":"publish","type":"product","link":"https:\/\/kinamihealth.com\/fr\/produit\/profhilo-body-kit\/","title":{"rendered":"PROFHILO\u00ae BODY KIT"},"content":{"rendered":"<p>Le kit Profhilo Body est un coffret complet de soins pour le corps. Il contient :<br \/>\nProfhilo Body : le produit injectable Profhilo Body est con\u00e7u pour traiter les peaux qui ont perdu leur structure et leur fermet\u00e9. Les injections Profhilo Body sont particuli\u00e8rement adapt\u00e9es aux zones telles que l&#8217;abdomen, le haut des bras et l&#8217;int\u00e9rieur des cuisses. Le produit injectable Profhilo utilise la technologie NAHYCO\u00ae avec des complexes hybrides coop\u00e9ratifs stables (HCC) \u00e0 haut et bas poids mol\u00e9culaire qui ont d\u00e9montr\u00e9 leur capacit\u00e9 \u00e0 retarder le processus de vieillissement.<br \/>\nProfhilo Figura Body Patch : Profhilo Figura Body Patch, qui peut \u00eatre utilis\u00e9 apr\u00e8s un traitement esth\u00e9tique, est id\u00e9al pour hydrater la peau tout en r\u00e9duisant efficacement les rougeurs. Le patch contient de l&#8217;acide hyaluronique pur de haut et bas poids mol\u00e9culaire. Les extraits de Salvia Haenkei ont une activit\u00e9 antioxydante qui r\u00e9duit le vieillissement cutan\u00e9. De plus, il contient de l&#8217;escine qui emp\u00eache l&#8217;accumulation de liquide dans la peau et de la brom\u00e9la\u00efne, un extrait d&#8217;ananas qui aide \u00e0 restaurer l&#8217;\u00e9tat normal de la peau.<br \/>\nProfhilo Body Cream : La cr\u00e8me pour le corps Profhilo est une cr\u00e8me tonifiante qui hydrate et assouplit les tissus cutan\u00e9s profonds et maintient la vitalit\u00e9 des cellules. La cr\u00e8me est compos\u00e9e d&#8217;acide hyaluronique purifi\u00e9 de poids mol\u00e9culaire \u00e9lev\u00e9 et faible, et de Matrixyl 3000, un peptide dont l&#8217;efficacit\u00e9 \u00e0 minimiser les petites rides en produisant plus de collag\u00e8ne a \u00e9t\u00e9 prouv\u00e9e. Ensemble, ils maintiennent le film hydrolipidique, renforcent la fonction barri\u00e8re de la peau et r\u00e9gulent diverses activit\u00e9s cellulaires qui favorisent le renouvellement cutan\u00e9.<\/p>\n","protected":false},"excerpt":{"rendered":"<p>D\u00e9couvrez <strong>un rajeunissement <\/strong>avanc\u00e9 <strong>de la peau <\/strong>avec le <strong>kit Profhilo Body<\/strong>. Ce kit de traitement complet contient <strong>des injections d&#8217;acide hyaluronique de qualit\u00e9 professionnelle, des patchs nourrissants pour la peau et une cr\u00e8me<\/strong>. Parfait pour am\u00e9liorer <strong>la fermet\u00e9, l&#8217;hydratation et la texture de la peau <\/strong>sur toutes les zones du corps, ce syst\u00e8me innovant offre des r\u00e9sultats remarquables gr\u00e2ce \u00e0 sa combinaison unique de produits. Les professionnels de sant\u00e9 peuvent <strong>commander PROFHILO\u00ae BODY KIT <\/strong>chez <strong>Kinami Health<\/strong>, o\u00f9 ils trouveront les meilleures offres sur des produits de rajeunissement haut de gamme.<\/p>\n","protected":false},"featured_media":109571,"comment_status":"closed","ping_status":"closed","template":"","meta":{"_acf_changed":false,"inline_featured_image":false},"product_brand":[1288],"product_cat":[1372],"product_tag":[1222],"class_list":{"0":"post-109567","1":"product","2":"type-product","3":"status-publish","4":"has-post-thumbnail","6":"product_brand-profhilo","7":"product_cat-remodelage-corporel","8":"product_tag-dispositifs-medicaux","10":"first","11":"instock","12":"taxable","13":"shipping-taxable","14":"purchasable","15":"product-type-simple","16":"add-to-wishlist-before_image"},"acf":[],"yoast_head":"<!-- This site is optimized with the Yoast SEO plugin v27.5 - https:\/\/yoast.com\/product\/yoast-seo-wordpress\/ -->\n<title>Commander PROFHILO\u00ae BODY KIT en ligne | Boutique en ligne | Kinami Health<\/title>\n<meta name=\"description\" content=\"Commandez le kit Profhilo Body en ligne et transformez votre peau vieillissante gr\u00e2ce \u00e0 ce syst\u00e8me de traitement ultime.\" \/>\n<meta name=\"robots\" content=\"index, follow, max-snippet:-1, max-image-preview:large, max-video-preview:-1\" \/>\n<link rel=\"canonical\" href=\"https:\/\/kinamihealth.com\/fr\/wp-json\/wp\/v2\/product\/109567\" \/>\n<meta property=\"og:locale\" content=\"fr_FR\" \/>\n<meta property=\"og:type\" content=\"article\" \/>\n<meta property=\"og:title\" content=\"Commander PROFHILO\u00ae BODY KIT en ligne | Boutique en ligne | Kinami Health\" \/>\n<meta property=\"og:description\" content=\"Commandez le kit Profhilo Body en ligne et transformez votre peau vieillissante gr\u00e2ce \u00e0 ce syst\u00e8me de traitement ultime.\" \/>\n<meta property=\"og:url\" content=\"https:\/\/kinamihealth.com\/fr\/product\/profhilo-body-kit\/\" \/>\n<meta property=\"og:site_name\" content=\"Kinami Health\" \/>\n<meta property=\"article:modified_time\" content=\"2026-01-21T16:10:18+00:00\" \/>\n<meta property=\"og:image\" content=\"https:\/\/kinamihealth.com\/wp-content\/uploads\/2025\/02\/IBSA-PROFHILO-BODYKIT-01.jpg\" \/>\n\t<meta property=\"og:image:width\" content=\"800\" \/>\n\t<meta property=\"og:image:height\" content=\"800\" \/>\n\t<meta property=\"og:image:type\" content=\"image\/jpeg\" \/>\n<meta name=\"twitter:card\" content=\"summary_large_image\" \/>\n<meta name=\"twitter:label1\" content=\"Dur\u00e9e de lecture estim\u00e9e\" \/>\n\t<meta name=\"twitter:data1\" content=\"2 minutes\" \/>\n<!-- \/ Yoast SEO plugin. -->","yoast_head_json":{"title":"Commander PROFHILO\u00ae BODY KIT en ligne | Boutique en ligne | Kinami Health","description":"Commandez le kit Profhilo Body en ligne et transformez votre peau vieillissante gr\u00e2ce \u00e0 ce syst\u00e8me de traitement ultime.","robots":{"index":"index","follow":"follow","max-snippet":"max-snippet:-1","max-image-preview":"max-image-preview:large","max-video-preview":"max-video-preview:-1"},"canonical":"https:\/\/kinamihealth.com\/fr\/wp-json\/wp\/v2\/product\/109567","og_locale":"fr_FR","og_type":"article","og_title":"Commander PROFHILO\u00ae BODY KIT en ligne | Boutique en ligne | Kinami Health","og_description":"Commandez le kit Profhilo Body en ligne et transformez votre peau vieillissante gr\u00e2ce \u00e0 ce syst\u00e8me de traitement ultime.","og_url":"https:\/\/kinamihealth.com\/fr\/product\/profhilo-body-kit\/","og_site_name":"Kinami Health","article_modified_time":"2026-01-21T16:10:18+00:00","og_image":[{"width":800,"height":800,"url":"https:\/\/kinamihealth.com\/wp-content\/uploads\/2025\/02\/IBSA-PROFHILO-BODYKIT-01.jpg","type":"image\/jpeg"}],"twitter_card":"summary_large_image","twitter_misc":{"Dur\u00e9e de lecture estim\u00e9e":"2 minutes"},"schema":{"@context":"https:\/\/schema.org","@graph":[{"@type":"WebPage","@id":"https:\/\/kinamihealth.com\/fr\/product\/profhilo-body-kit\/","url":"https:\/\/kinamihealth.com\/fr\/product\/profhilo-body-kit\/","name":"Commander PROFHILO\u00ae BODY KIT en ligne | Boutique en ligne | Kinami Health","isPartOf":{"@id":"https:\/\/kinamihealth.com\/#website"},"primaryImageOfPage":{"@id":"https:\/\/kinamihealth.com\/fr\/product\/profhilo-body-kit\/#primaryimage"},"image":{"@id":"https:\/\/kinamihealth.com\/fr\/product\/profhilo-body-kit\/#primaryimage"},"thumbnailUrl":"https:\/\/kinamihealth.com\/wp-content\/uploads\/2025\/02\/IBSA-PROFHILO-BODYKIT-01.jpg","datePublished":"2025-02-15T16:56:48+00:00","dateModified":"2026-01-21T16:10:18+00:00","description":"Commandez le kit Profhilo Body en ligne et transformez votre peau vieillissante gr\u00e2ce \u00e0 ce syst\u00e8me de traitement ultime.","breadcrumb":{"@id":"https:\/\/kinamihealth.com\/fr\/product\/profhilo-body-kit\/#breadcrumb"},"inLanguage":"fr-FR","potentialAction":[{"@type":"ReadAction","target":["https:\/\/kinamihealth.com\/fr\/product\/profhilo-body-kit\/"]}]},{"@type":"ImageObject","inLanguage":"fr-FR","@id":"https:\/\/kinamihealth.com\/fr\/product\/profhilo-body-kit\/#primaryimage","url":"https:\/\/kinamihealth.com\/wp-content\/uploads\/2025\/02\/IBSA-PROFHILO-BODYKIT-01.jpg","contentUrl":"https:\/\/kinamihealth.com\/wp-content\/uploads\/2025\/02\/IBSA-PROFHILO-BODYKIT-01.jpg","width":800,"height":800},{"@type":"BreadcrumbList","@id":"https:\/\/kinamihealth.com\/fr\/product\/profhilo-body-kit\/#breadcrumb","itemListElement":[{"@type":"ListItem","position":1,"name":"Page d'accueil","item":"https:\/\/kinamihealth.com\/"},{"@type":"ListItem","position":2,"name":"Boutique","item":"https:\/\/kinamihealth.com\/shop\/"},{"@type":"ListItem","position":3,"name":"PROFHILO\u00ae BODY KIT"}]},{"@type":"WebSite","@id":"https:\/\/kinamihealth.com\/#website","url":"https:\/\/kinamihealth.com\/","name":"Kinami Health","description":"","publisher":{"@id":"https:\/\/kinamihealth.com\/#organization"},"potentialAction":[{"@type":"SearchAction","target":{"@type":"EntryPoint","urlTemplate":"https:\/\/kinamihealth.com\/?s={search_term_string}"},"query-input":{"@type":"PropertyValueSpecification","valueRequired":true,"valueName":"search_term_string"}}],"inLanguage":"fr-FR"},{"@type":"Organization","@id":"https:\/\/kinamihealth.com\/#organization","name":"Kinami Health","url":"https:\/\/kinamihealth.com\/","logo":{"@type":"ImageObject","inLanguage":"fr-FR","@id":"https:\/\/kinamihealth.com\/#\/schema\/logo\/image\/","url":"https:\/\/kinamihealth.com\/wp-content\/uploads\/2025\/01\/KH_logo_black_2-1.png","contentUrl":"https:\/\/kinamihealth.com\/wp-content\/uploads\/2025\/01\/KH_logo_black_2-1.png","width":339,"height":34,"caption":"Kinami Health"},"image":{"@id":"https:\/\/kinamihealth.com\/#\/schema\/logo\/image\/"}}]}},"_links":{"self":[{"href":"https:\/\/kinamihealth.com\/fr\/wp-json\/wp\/v2\/product\/109567","targetHints":{"allow":["GET"]}}],"collection":[{"href":"https:\/\/kinamihealth.com\/fr\/wp-json\/wp\/v2\/product"}],"about":[{"href":"https:\/\/kinamihealth.com\/fr\/wp-json\/wp\/v2\/types\/product"}],"replies":[{"embeddable":true,"href":"https:\/\/kinamihealth.com\/fr\/wp-json\/wp\/v2\/comments?post=109567"}],"version-history":[{"count":0,"href":"https:\/\/kinamihealth.com\/fr\/wp-json\/wp\/v2\/product\/109567\/revisions"}],"wp:featuredmedia":[{"embeddable":true,"href":"https:\/\/kinamihealth.com\/fr\/wp-json\/wp\/v2\/media\/109571"}],"wp:attachment":[{"href":"https:\/\/kinamihealth.com\/fr\/wp-json\/wp\/v2\/media?parent=109567"}],"wp:term":[{"taxonomy":"product_brand","embeddable":true,"href":"https:\/\/kinamihealth.com\/fr\/wp-json\/wp\/v2\/product_brand?post=109567"},{"taxonomy":"product_cat","embeddable":true,"href":"https:\/\/kinamihealth.com\/fr\/wp-json\/wp\/v2\/product_cat?post=109567"},{"taxonomy":"product_tag","embeddable":true,"href":"https:\/\/kinamihealth.com\/fr\/wp-json\/wp\/v2\/product_tag?post=109567"}],"curies":[{"name":"wp","href":"https:\/\/api.w.org\/{rel}","templated":true}]}}