{"id":109561,"date":"2025-02-15T16:56:44","date_gmt":"2025-02-15T16:56:44","guid":{"rendered":"https:\/\/kinamihealth.com\/product\/plasmolifting-prp-gel\/"},"modified":"2026-01-21T16:10:25","modified_gmt":"2026-01-21T16:10:25","slug":"plasmolifting-prp-gel","status":"publish","type":"product","link":"https:\/\/kinamihealth.com\/fr\/produit\/plasmolifting-prp-gel\/","title":{"rendered":"PLASMOLIFTING\u2122 PRP GEL"},"content":{"rendered":"<p>Le gel Plasmolifting PRP est l&#8217;un des composants essentiels du dispositif m\u00e9dical Plasmolifting. Il s&#8217;agit d&#8217;un gel thixotrope st\u00e9rile et jetable qui contient un anticoagulant \u00e0 base de citrate de sodium afin d&#8217;emp\u00eacher la coagulation du sang qu&#8217;il contient. Une fois le sang pr\u00e9lev\u00e9 dans le tube, celui-ci est centrifug\u00e9. Il fait partie d&#8217;un kit qui aide \u00e0 extraire et \u00e0 isoler le plasma riche en plaquettes (PRP).<\/p>\n","protected":false},"excerpt":{"rendered":"<p><strong>PLASMOLIFTING\u2122 PRP GEL <\/strong>est \u00e0 la pointe de la m\u00e9decine esth\u00e9tique r\u00e9g\u00e9n\u00e9rative. Il utilise une technologie innovante pour transformer le sang du client en un puissant traitement rajeunissant. Ce syst\u00e8me avanc\u00e9 combine <strong>un gel de s\u00e9paration thixotrope<\/strong> brevet\u00e9 <strong>avec un anticoagulant \u00e0 base de citrate de sodium <\/strong>pour <strong>isoler le plasma riche en plaquettes<\/strong>, cr\u00e9ant ainsi une solution personnalis\u00e9e qui active <strong>les processus naturels de gu\u00e9rison et de r\u00e9g\u00e9n\u00e9ration du corps.<\/strong><\/p>\n","protected":false},"featured_media":109565,"comment_status":"closed","ping_status":"closed","template":"","meta":{"_acf_changed":false,"inline_featured_image":false},"product_brand":[1286],"product_cat":[1379],"product_tag":[1222],"class_list":{"0":"post-109561","1":"product","2":"type-product","3":"status-publish","4":"has-post-thumbnail","6":"product_brand-plasmolifting","7":"product_cat-kits-prp","8":"product_tag-dispositifs-medicaux","10":"first","11":"instock","12":"taxable","13":"shipping-taxable","14":"purchasable","15":"product-type-simple","16":"add-to-wishlist-before_image"},"acf":[],"yoast_head":"<!-- This site is optimized with the Yoast SEO plugin v27.5 - https:\/\/yoast.com\/product\/yoast-seo-wordpress\/ -->\n<title>Commander PLASMOLIFTING\u2122 PRP GEL en ligne | Boutique en ligne | Kinami Health<\/title>\n<meta name=\"description\" content=\"Commandez le gel Plasmolifting PRP pour exploiter le pouvoir r\u00e9g\u00e9n\u00e9rateur du plasma riche en plaquettes pour des traitements avanc\u00e9s de rajeunissement de la peau.\" \/>\n<meta name=\"robots\" content=\"index, follow, max-snippet:-1, max-image-preview:large, max-video-preview:-1\" \/>\n<link rel=\"canonical\" href=\"https:\/\/kinamihealth.com\/fr\/wp-json\/wp\/v2\/product\/109561\" \/>\n<meta property=\"og:locale\" content=\"fr_FR\" \/>\n<meta property=\"og:type\" content=\"article\" \/>\n<meta property=\"og:title\" content=\"Commander PLASMOLIFTING\u2122 PRP GEL en ligne | Boutique en ligne | Kinami Health\" \/>\n<meta property=\"og:description\" content=\"Commandez le gel Plasmolifting PRP pour exploiter le pouvoir r\u00e9g\u00e9n\u00e9rateur du plasma riche en plaquettes pour des traitements avanc\u00e9s de rajeunissement de la peau.\" \/>\n<meta property=\"og:url\" content=\"https:\/\/kinamihealth.com\/fr\/product\/plasmolifting-prp-gel\/\" \/>\n<meta property=\"og:site_name\" content=\"Kinami Health\" \/>\n<meta property=\"article:modified_time\" content=\"2026-01-21T16:10:25+00:00\" \/>\n<meta property=\"og:image\" content=\"https:\/\/kinamihealth.com\/wp-content\/uploads\/2025\/02\/PRP-PLASMOLIFTINGGEL-01.jpg\" \/>\n\t<meta property=\"og:image:width\" content=\"800\" \/>\n\t<meta property=\"og:image:height\" content=\"800\" \/>\n\t<meta property=\"og:image:type\" content=\"image\/jpeg\" \/>\n<meta name=\"twitter:card\" content=\"summary_large_image\" \/>\n<meta name=\"twitter:label1\" content=\"Dur\u00e9e de lecture estim\u00e9e\" \/>\n\t<meta name=\"twitter:data1\" content=\"1 minute\" \/>\n<!-- \/ Yoast SEO plugin. -->","yoast_head_json":{"title":"Commander PLASMOLIFTING\u2122 PRP GEL en ligne | Boutique en ligne | Kinami Health","description":"Commandez le gel Plasmolifting PRP pour exploiter le pouvoir r\u00e9g\u00e9n\u00e9rateur du plasma riche en plaquettes pour des traitements avanc\u00e9s de rajeunissement de la peau.","robots":{"index":"index","follow":"follow","max-snippet":"max-snippet:-1","max-image-preview":"max-image-preview:large","max-video-preview":"max-video-preview:-1"},"canonical":"https:\/\/kinamihealth.com\/fr\/wp-json\/wp\/v2\/product\/109561","og_locale":"fr_FR","og_type":"article","og_title":"Commander PLASMOLIFTING\u2122 PRP GEL en ligne | Boutique en ligne | Kinami Health","og_description":"Commandez le gel Plasmolifting PRP pour exploiter le pouvoir r\u00e9g\u00e9n\u00e9rateur du plasma riche en plaquettes pour des traitements avanc\u00e9s de rajeunissement de la peau.","og_url":"https:\/\/kinamihealth.com\/fr\/product\/plasmolifting-prp-gel\/","og_site_name":"Kinami Health","article_modified_time":"2026-01-21T16:10:25+00:00","og_image":[{"width":800,"height":800,"url":"https:\/\/kinamihealth.com\/wp-content\/uploads\/2025\/02\/PRP-PLASMOLIFTINGGEL-01.jpg","type":"image\/jpeg"}],"twitter_card":"summary_large_image","twitter_misc":{"Dur\u00e9e de lecture estim\u00e9e":"1 minute"},"schema":{"@context":"https:\/\/schema.org","@graph":[{"@type":"WebPage","@id":"https:\/\/kinamihealth.com\/fr\/product\/plasmolifting-prp-gel\/","url":"https:\/\/kinamihealth.com\/fr\/product\/plasmolifting-prp-gel\/","name":"Commander PLASMOLIFTING\u2122 PRP GEL en ligne | Boutique en ligne | Kinami Health","isPartOf":{"@id":"https:\/\/kinamihealth.com\/#website"},"primaryImageOfPage":{"@id":"https:\/\/kinamihealth.com\/fr\/product\/plasmolifting-prp-gel\/#primaryimage"},"image":{"@id":"https:\/\/kinamihealth.com\/fr\/product\/plasmolifting-prp-gel\/#primaryimage"},"thumbnailUrl":"https:\/\/kinamihealth.com\/wp-content\/uploads\/2025\/02\/PRP-PLASMOLIFTINGGEL-01.jpg","datePublished":"2025-02-15T16:56:44+00:00","dateModified":"2026-01-21T16:10:25+00:00","description":"Commandez le gel Plasmolifting PRP pour exploiter le pouvoir r\u00e9g\u00e9n\u00e9rateur du plasma riche en plaquettes pour des traitements avanc\u00e9s de rajeunissement de la peau.","breadcrumb":{"@id":"https:\/\/kinamihealth.com\/fr\/product\/plasmolifting-prp-gel\/#breadcrumb"},"inLanguage":"fr-FR","potentialAction":[{"@type":"ReadAction","target":["https:\/\/kinamihealth.com\/fr\/product\/plasmolifting-prp-gel\/"]}]},{"@type":"ImageObject","inLanguage":"fr-FR","@id":"https:\/\/kinamihealth.com\/fr\/product\/plasmolifting-prp-gel\/#primaryimage","url":"https:\/\/kinamihealth.com\/wp-content\/uploads\/2025\/02\/PRP-PLASMOLIFTINGGEL-01.jpg","contentUrl":"https:\/\/kinamihealth.com\/wp-content\/uploads\/2025\/02\/PRP-PLASMOLIFTINGGEL-01.jpg","width":800,"height":800},{"@type":"BreadcrumbList","@id":"https:\/\/kinamihealth.com\/fr\/product\/plasmolifting-prp-gel\/#breadcrumb","itemListElement":[{"@type":"ListItem","position":1,"name":"Page d'accueil","item":"https:\/\/kinamihealth.com\/"},{"@type":"ListItem","position":2,"name":"Boutique","item":"https:\/\/kinamihealth.com\/shop\/"},{"@type":"ListItem","position":3,"name":"PLASMOLIFTING\u2122 PRP GEL"}]},{"@type":"WebSite","@id":"https:\/\/kinamihealth.com\/#website","url":"https:\/\/kinamihealth.com\/","name":"Kinami Health","description":"","publisher":{"@id":"https:\/\/kinamihealth.com\/#organization"},"potentialAction":[{"@type":"SearchAction","target":{"@type":"EntryPoint","urlTemplate":"https:\/\/kinamihealth.com\/?s={search_term_string}"},"query-input":{"@type":"PropertyValueSpecification","valueRequired":true,"valueName":"search_term_string"}}],"inLanguage":"fr-FR"},{"@type":"Organization","@id":"https:\/\/kinamihealth.com\/#organization","name":"Kinami Health","url":"https:\/\/kinamihealth.com\/","logo":{"@type":"ImageObject","inLanguage":"fr-FR","@id":"https:\/\/kinamihealth.com\/#\/schema\/logo\/image\/","url":"https:\/\/kinamihealth.com\/wp-content\/uploads\/2025\/01\/KH_logo_black_2-1.png","contentUrl":"https:\/\/kinamihealth.com\/wp-content\/uploads\/2025\/01\/KH_logo_black_2-1.png","width":339,"height":34,"caption":"Kinami Health"},"image":{"@id":"https:\/\/kinamihealth.com\/#\/schema\/logo\/image\/"}}]}},"_links":{"self":[{"href":"https:\/\/kinamihealth.com\/fr\/wp-json\/wp\/v2\/product\/109561","targetHints":{"allow":["GET"]}}],"collection":[{"href":"https:\/\/kinamihealth.com\/fr\/wp-json\/wp\/v2\/product"}],"about":[{"href":"https:\/\/kinamihealth.com\/fr\/wp-json\/wp\/v2\/types\/product"}],"replies":[{"embeddable":true,"href":"https:\/\/kinamihealth.com\/fr\/wp-json\/wp\/v2\/comments?post=109561"}],"version-history":[{"count":0,"href":"https:\/\/kinamihealth.com\/fr\/wp-json\/wp\/v2\/product\/109561\/revisions"}],"wp:featuredmedia":[{"embeddable":true,"href":"https:\/\/kinamihealth.com\/fr\/wp-json\/wp\/v2\/media\/109565"}],"wp:attachment":[{"href":"https:\/\/kinamihealth.com\/fr\/wp-json\/wp\/v2\/media?parent=109561"}],"wp:term":[{"taxonomy":"product_brand","embeddable":true,"href":"https:\/\/kinamihealth.com\/fr\/wp-json\/wp\/v2\/product_brand?post=109561"},{"taxonomy":"product_cat","embeddable":true,"href":"https:\/\/kinamihealth.com\/fr\/wp-json\/wp\/v2\/product_cat?post=109561"},{"taxonomy":"product_tag","embeddable":true,"href":"https:\/\/kinamihealth.com\/fr\/wp-json\/wp\/v2\/product_tag?post=109561"}],"curies":[{"name":"wp","href":"https:\/\/api.w.org\/{rel}","templated":true}]}}