{"id":109558,"date":"2025-02-15T16:56:43","date_gmt":"2025-02-15T16:56:43","guid":{"rendered":"https:\/\/kinamihealth.com\/product\/phosphatidylcholine\/"},"modified":"2026-01-21T16:12:41","modified_gmt":"2026-01-21T16:12:41","slug":"phosphatidylcholine","status":"publish","type":"product","link":"https:\/\/kinamihealth.com\/fr\/produit\/phosphatidylcholine\/","title":{"rendered":"PHOSPHATIDYLCHOLINE"},"content":{"rendered":"<p>La solution de phosphatidylcholine dissout la graisse afin qu&#8217;elle puisse \u00eatre absorb\u00e9e et transport\u00e9e dans la circulation sanguine. Cela en fait la solution id\u00e9ale pour \u00e9liminer les d\u00e9p\u00f4ts graisseux localis\u00e9s ind\u00e9sirables.<\/p>\n","protected":false},"excerpt":{"rendered":"<p><strong>La phosphatidylcholine BCN <\/strong>est une <strong>solution lipolytique<\/strong> avanc\u00e9e d\u00e9velopp\u00e9e pour les traitements esth\u00e9tiques professionnels. Cette formule sp\u00e9cialis\u00e9e utilise de la phosphatidylcholine naturelle pour cibler et dissoudre les d\u00e9p\u00f4ts graisseux tenaces qui r\u00e9sistent aux m\u00e9thodes traditionnelles de r\u00e9gime et d&#8217;exercice physique.<\/p>\n","protected":false},"featured_media":109559,"comment_status":"closed","ping_status":"closed","template":"","meta":{"_acf_changed":false,"inline_featured_image":false},"product_brand":[1163],"product_cat":[1342],"product_tag":[1222],"class_list":{"0":"post-109558","1":"product","2":"type-product","3":"status-publish","4":"has-post-thumbnail","6":"product_brand-bcn","7":"product_cat-agents-lipolytiques","8":"product_tag-dispositifs-medicaux","10":"first","11":"instock","12":"taxable","13":"shipping-taxable","14":"purchasable","15":"product-type-simple","16":"add-to-wishlist-before_image"},"acf":[],"yoast_head":"<!-- This site is optimized with the Yoast SEO plugin v27.3 - https:\/\/yoast.com\/product\/yoast-seo-wordpress\/ -->\n<title>Commander PHOSPHATIDYLCHOLINE en ligne | Boutique en ligne | Kinami Health<\/title>\n<meta name=\"description\" content=\"Commandez de la phosphatidylcholine de BCN pour cibler et \u00e9liminer efficacement les d\u00e9p\u00f4ts graisseux localis\u00e9s sur le visage et le corps gr\u00e2ce \u00e0 des traitements esth\u00e9tiques professionnels.\" \/>\n<meta name=\"robots\" content=\"index, follow, max-snippet:-1, max-image-preview:large, max-video-preview:-1\" \/>\n<link rel=\"canonical\" href=\"https:\/\/kinamihealth.com\/fr\/wp-json\/wp\/v2\/product\/109558\" \/>\n<meta property=\"og:locale\" content=\"fr_FR\" \/>\n<meta property=\"og:type\" content=\"article\" \/>\n<meta property=\"og:title\" content=\"Commander PHOSPHATIDYLCHOLINE en ligne | Boutique en ligne | Kinami Health\" \/>\n<meta property=\"og:description\" content=\"Commandez de la phosphatidylcholine de BCN pour cibler et \u00e9liminer efficacement les d\u00e9p\u00f4ts graisseux localis\u00e9s sur le visage et le corps gr\u00e2ce \u00e0 des traitements esth\u00e9tiques professionnels.\" \/>\n<meta property=\"og:url\" content=\"https:\/\/kinamihealth.com\/fr\/product\/phosphatidylcholine\/\" \/>\n<meta property=\"og:site_name\" content=\"Kinami Health\" \/>\n<meta property=\"article:modified_time\" content=\"2026-01-21T16:12:41+00:00\" \/>\n<meta property=\"og:image\" content=\"https:\/\/kinamihealth.com\/wp-content\/uploads\/2025\/02\/BCN-PHOSPHATIDYCHOLINE-01.jpg\" \/>\n\t<meta property=\"og:image:width\" content=\"800\" \/>\n\t<meta property=\"og:image:height\" content=\"800\" \/>\n\t<meta property=\"og:image:type\" content=\"image\/jpeg\" \/>\n<meta name=\"twitter:card\" content=\"summary_large_image\" \/>\n<meta name=\"twitter:label1\" content=\"Dur\u00e9e de lecture estim\u00e9e\" \/>\n\t<meta name=\"twitter:data1\" content=\"1 minute\" \/>\n<!-- \/ Yoast SEO plugin. -->","yoast_head_json":{"title":"Commander PHOSPHATIDYLCHOLINE en ligne | Boutique en ligne | Kinami Health","description":"Commandez de la phosphatidylcholine de BCN pour cibler et \u00e9liminer efficacement les d\u00e9p\u00f4ts graisseux localis\u00e9s sur le visage et le corps gr\u00e2ce \u00e0 des traitements esth\u00e9tiques professionnels.","robots":{"index":"index","follow":"follow","max-snippet":"max-snippet:-1","max-image-preview":"max-image-preview:large","max-video-preview":"max-video-preview:-1"},"canonical":"https:\/\/kinamihealth.com\/fr\/wp-json\/wp\/v2\/product\/109558","og_locale":"fr_FR","og_type":"article","og_title":"Commander PHOSPHATIDYLCHOLINE en ligne | Boutique en ligne | Kinami Health","og_description":"Commandez de la phosphatidylcholine de BCN pour cibler et \u00e9liminer efficacement les d\u00e9p\u00f4ts graisseux localis\u00e9s sur le visage et le corps gr\u00e2ce \u00e0 des traitements esth\u00e9tiques professionnels.","og_url":"https:\/\/kinamihealth.com\/fr\/product\/phosphatidylcholine\/","og_site_name":"Kinami Health","article_modified_time":"2026-01-21T16:12:41+00:00","og_image":[{"width":800,"height":800,"url":"https:\/\/kinamihealth.com\/wp-content\/uploads\/2025\/02\/BCN-PHOSPHATIDYCHOLINE-01.jpg","type":"image\/jpeg"}],"twitter_card":"summary_large_image","twitter_misc":{"Dur\u00e9e de lecture estim\u00e9e":"1 minute"},"schema":{"@context":"https:\/\/schema.org","@graph":[{"@type":"WebPage","@id":"https:\/\/kinamihealth.com\/fr\/product\/phosphatidylcholine\/","url":"https:\/\/kinamihealth.com\/fr\/product\/phosphatidylcholine\/","name":"Commander PHOSPHATIDYLCHOLINE en ligne | Boutique en ligne | Kinami Health","isPartOf":{"@id":"https:\/\/kinamihealth.com\/#website"},"primaryImageOfPage":{"@id":"https:\/\/kinamihealth.com\/fr\/product\/phosphatidylcholine\/#primaryimage"},"image":{"@id":"https:\/\/kinamihealth.com\/fr\/product\/phosphatidylcholine\/#primaryimage"},"thumbnailUrl":"https:\/\/kinamihealth.com\/wp-content\/uploads\/2025\/02\/BCN-PHOSPHATIDYCHOLINE-01.jpg","datePublished":"2025-02-15T16:56:43+00:00","dateModified":"2026-01-21T16:12:41+00:00","description":"Commandez de la phosphatidylcholine de BCN pour cibler et \u00e9liminer efficacement les d\u00e9p\u00f4ts graisseux localis\u00e9s sur le visage et le corps gr\u00e2ce \u00e0 des traitements esth\u00e9tiques professionnels.","breadcrumb":{"@id":"https:\/\/kinamihealth.com\/fr\/product\/phosphatidylcholine\/#breadcrumb"},"inLanguage":"fr-FR","potentialAction":[{"@type":"ReadAction","target":["https:\/\/kinamihealth.com\/fr\/product\/phosphatidylcholine\/"]}]},{"@type":"ImageObject","inLanguage":"fr-FR","@id":"https:\/\/kinamihealth.com\/fr\/product\/phosphatidylcholine\/#primaryimage","url":"https:\/\/kinamihealth.com\/wp-content\/uploads\/2025\/02\/BCN-PHOSPHATIDYCHOLINE-01.jpg","contentUrl":"https:\/\/kinamihealth.com\/wp-content\/uploads\/2025\/02\/BCN-PHOSPHATIDYCHOLINE-01.jpg","width":800,"height":800},{"@type":"BreadcrumbList","@id":"https:\/\/kinamihealth.com\/fr\/product\/phosphatidylcholine\/#breadcrumb","itemListElement":[{"@type":"ListItem","position":1,"name":"Page d'accueil","item":"https:\/\/kinamihealth.com\/"},{"@type":"ListItem","position":2,"name":"Boutique","item":"https:\/\/kinamihealth.com\/shop\/"},{"@type":"ListItem","position":3,"name":"PHOSPHATIDYLCHOLINE"}]},{"@type":"WebSite","@id":"https:\/\/kinamihealth.com\/#website","url":"https:\/\/kinamihealth.com\/","name":"Kinami Health","description":"","publisher":{"@id":"https:\/\/kinamihealth.com\/#organization"},"potentialAction":[{"@type":"SearchAction","target":{"@type":"EntryPoint","urlTemplate":"https:\/\/kinamihealth.com\/?s={search_term_string}"},"query-input":{"@type":"PropertyValueSpecification","valueRequired":true,"valueName":"search_term_string"}}],"inLanguage":"fr-FR"},{"@type":"Organization","@id":"https:\/\/kinamihealth.com\/#organization","name":"Kinami Health","url":"https:\/\/kinamihealth.com\/","logo":{"@type":"ImageObject","inLanguage":"fr-FR","@id":"https:\/\/kinamihealth.com\/#\/schema\/logo\/image\/","url":"https:\/\/kinamihealth.com\/wp-content\/uploads\/2025\/01\/KH_logo_black_2-1.png","contentUrl":"https:\/\/kinamihealth.com\/wp-content\/uploads\/2025\/01\/KH_logo_black_2-1.png","width":339,"height":34,"caption":"Kinami Health"},"image":{"@id":"https:\/\/kinamihealth.com\/#\/schema\/logo\/image\/"}}]}},"_links":{"self":[{"href":"https:\/\/kinamihealth.com\/fr\/wp-json\/wp\/v2\/product\/109558","targetHints":{"allow":["GET"]}}],"collection":[{"href":"https:\/\/kinamihealth.com\/fr\/wp-json\/wp\/v2\/product"}],"about":[{"href":"https:\/\/kinamihealth.com\/fr\/wp-json\/wp\/v2\/types\/product"}],"replies":[{"embeddable":true,"href":"https:\/\/kinamihealth.com\/fr\/wp-json\/wp\/v2\/comments?post=109558"}],"version-history":[{"count":0,"href":"https:\/\/kinamihealth.com\/fr\/wp-json\/wp\/v2\/product\/109558\/revisions"}],"wp:featuredmedia":[{"embeddable":true,"href":"https:\/\/kinamihealth.com\/fr\/wp-json\/wp\/v2\/media\/109559"}],"wp:attachment":[{"href":"https:\/\/kinamihealth.com\/fr\/wp-json\/wp\/v2\/media?parent=109558"}],"wp:term":[{"taxonomy":"product_brand","embeddable":true,"href":"https:\/\/kinamihealth.com\/fr\/wp-json\/wp\/v2\/product_brand?post=109558"},{"taxonomy":"product_cat","embeddable":true,"href":"https:\/\/kinamihealth.com\/fr\/wp-json\/wp\/v2\/product_cat?post=109558"},{"taxonomy":"product_tag","embeddable":true,"href":"https:\/\/kinamihealth.com\/fr\/wp-json\/wp\/v2\/product_tag?post=109558"}],"curies":[{"name":"wp","href":"https:\/\/api.w.org\/{rel}","templated":true}]}}