{"id":109550,"date":"2025-02-15T16:56:42","date_gmt":"2025-02-15T16:56:42","guid":{"rendered":"https:\/\/kinamihealth.com\/product\/perfectha-finelines\/"},"modified":"2026-01-21T16:11:14","modified_gmt":"2026-01-21T16:11:14","slug":"perfectha-finelines","status":"publish","type":"product","link":"https:\/\/kinamihealth.com\/fr\/produit\/perfectha-finelines\/","title":{"rendered":"PERFECTHA\u00ae FINELINES"},"content":{"rendered":"<p>Perfectha\u00ae Fine Lines 1 ml est un produit de comblement \u00e0 base d&#8217;acide hyaluronique r\u00e9ticul\u00e9, con\u00e7u pour aider \u00e0 corriger les rides superficielles autour des yeux et du visage. Utilisez Perfectha\u00ae Fine Lines 1 ml pour r\u00e9duire les rides p\u00e9riorbitaires fines et cr\u00e9er un effet de comblement \u00e0 faible volume sur le visage afin de masquer les ridules.<br \/>\nAvec un taux de r\u00e9ticulation de 90 %, le gel est inject\u00e9 dans le derme superficiel (premi\u00e8re couche sup\u00e9rieure de la peau). Il est indiqu\u00e9 pour combler les d\u00e9pressions cutan\u00e9es superficielles, r\u00e9duire les rides p\u00e9riorbitaires et p\u00e9ribuccales fines ainsi que les rides du front.<\/p>\n","protected":false},"excerpt":{"rendered":"<p>Perfectha\u00ae Fine Lines 1 ml est un produit de comblement \u00e0 base d&#8217;acide hyaluronique r\u00e9ticul\u00e9, con\u00e7u pour aider \u00e0 corriger les rides superficielles autour des yeux et du visage. Utilisez Perfectha\u00ae Fine Lines 1 ml pour r\u00e9duire les rides p\u00e9riorbitaires fines et cr\u00e9er un effet de comblement \u00e0 faible volume sur le visage afin de [&hellip;]<\/p>\n","protected":false},"featured_media":109551,"comment_status":"closed","ping_status":"closed","template":"","meta":{"_acf_changed":false,"inline_featured_image":false},"product_brand":[1285],"product_cat":[1217],"product_tag":[1222],"class_list":{"0":"post-109550","1":"product","2":"type-product","3":"status-publish","4":"has-post-thumbnail","6":"product_brand-perfectha","7":"product_cat-produits-de-comblement-dermique","8":"product_tag-dispositifs-medicaux","10":"first","11":"instock","12":"taxable","13":"shipping-taxable","14":"purchasable","15":"product-type-simple","16":"add-to-wishlist-before_image"},"acf":[],"yoast_head":"<!-- This site is optimized with the Yoast SEO plugin v27.5 - https:\/\/yoast.com\/product\/yoast-seo-wordpress\/ -->\n<title>Commander PERFECTHA\u00ae FINELINES en ligne | Boutique en ligne | Kinami Health<\/title>\n<meta name=\"description\" content=\"Commandez Perfectha Finelines, un produit de comblement dermique \u00e0 base d&#039;acide hyaluronique haut de gamme sp\u00e9cialement formul\u00e9 pour le contour d\u00e9licat des yeux et les rides fines du visage.\" \/>\n<meta name=\"robots\" content=\"index, follow, max-snippet:-1, max-image-preview:large, max-video-preview:-1\" \/>\n<link rel=\"canonical\" href=\"https:\/\/kinamihealth.com\/fr\/wp-json\/wp\/v2\/product\/109550\" \/>\n<meta property=\"og:locale\" content=\"fr_FR\" \/>\n<meta property=\"og:type\" content=\"article\" \/>\n<meta property=\"og:title\" content=\"Commander PERFECTHA\u00ae FINELINES en ligne | Boutique en ligne | Kinami Health\" \/>\n<meta property=\"og:description\" content=\"Commandez Perfectha Finelines, un produit de comblement dermique \u00e0 base d&#039;acide hyaluronique haut de gamme sp\u00e9cialement formul\u00e9 pour le contour d\u00e9licat des yeux et les rides fines du visage.\" \/>\n<meta property=\"og:url\" content=\"https:\/\/kinamihealth.com\/fr\/product\/perfectha-finelines\/\" \/>\n<meta property=\"og:site_name\" content=\"Kinami Health\" \/>\n<meta property=\"article:modified_time\" content=\"2026-01-21T16:11:14+00:00\" \/>\n<meta property=\"og:image\" content=\"https:\/\/kinamihealth.com\/wp-content\/uploads\/2025\/02\/PERFECTHA-FINELINES-1ML-01.jpg\" \/>\n\t<meta property=\"og:image:width\" content=\"800\" \/>\n\t<meta property=\"og:image:height\" content=\"800\" \/>\n\t<meta property=\"og:image:type\" content=\"image\/jpeg\" \/>\n<meta name=\"twitter:card\" content=\"summary_large_image\" \/>\n<meta name=\"twitter:label1\" content=\"Dur\u00e9e de lecture estim\u00e9e\" \/>\n\t<meta name=\"twitter:data1\" content=\"1 minute\" \/>\n<!-- \/ Yoast SEO plugin. -->","yoast_head_json":{"title":"Commander PERFECTHA\u00ae FINELINES en ligne | Boutique en ligne | Kinami Health","description":"Commandez Perfectha Finelines, un produit de comblement dermique \u00e0 base d'acide hyaluronique haut de gamme sp\u00e9cialement formul\u00e9 pour le contour d\u00e9licat des yeux et les rides fines du visage.","robots":{"index":"index","follow":"follow","max-snippet":"max-snippet:-1","max-image-preview":"max-image-preview:large","max-video-preview":"max-video-preview:-1"},"canonical":"https:\/\/kinamihealth.com\/fr\/wp-json\/wp\/v2\/product\/109550","og_locale":"fr_FR","og_type":"article","og_title":"Commander PERFECTHA\u00ae FINELINES en ligne | Boutique en ligne | Kinami Health","og_description":"Commandez Perfectha Finelines, un produit de comblement dermique \u00e0 base d'acide hyaluronique haut de gamme sp\u00e9cialement formul\u00e9 pour le contour d\u00e9licat des yeux et les rides fines du visage.","og_url":"https:\/\/kinamihealth.com\/fr\/product\/perfectha-finelines\/","og_site_name":"Kinami Health","article_modified_time":"2026-01-21T16:11:14+00:00","og_image":[{"width":800,"height":800,"url":"https:\/\/kinamihealth.com\/wp-content\/uploads\/2025\/02\/PERFECTHA-FINELINES-1ML-01.jpg","type":"image\/jpeg"}],"twitter_card":"summary_large_image","twitter_misc":{"Dur\u00e9e de lecture estim\u00e9e":"1 minute"},"schema":{"@context":"https:\/\/schema.org","@graph":[{"@type":"WebPage","@id":"https:\/\/kinamihealth.com\/fr\/product\/perfectha-finelines\/","url":"https:\/\/kinamihealth.com\/fr\/product\/perfectha-finelines\/","name":"Commander PERFECTHA\u00ae FINELINES en ligne | Boutique en ligne | Kinami Health","isPartOf":{"@id":"https:\/\/kinamihealth.com\/#website"},"primaryImageOfPage":{"@id":"https:\/\/kinamihealth.com\/fr\/product\/perfectha-finelines\/#primaryimage"},"image":{"@id":"https:\/\/kinamihealth.com\/fr\/product\/perfectha-finelines\/#primaryimage"},"thumbnailUrl":"https:\/\/kinamihealth.com\/wp-content\/uploads\/2025\/02\/PERFECTHA-FINELINES-1ML-01.jpg","datePublished":"2025-02-15T16:56:42+00:00","dateModified":"2026-01-21T16:11:14+00:00","description":"Commandez Perfectha Finelines, un produit de comblement dermique \u00e0 base d'acide hyaluronique haut de gamme sp\u00e9cialement formul\u00e9 pour le contour d\u00e9licat des yeux et les rides fines du visage.","breadcrumb":{"@id":"https:\/\/kinamihealth.com\/fr\/product\/perfectha-finelines\/#breadcrumb"},"inLanguage":"fr-FR","potentialAction":[{"@type":"ReadAction","target":["https:\/\/kinamihealth.com\/fr\/product\/perfectha-finelines\/"]}]},{"@type":"ImageObject","inLanguage":"fr-FR","@id":"https:\/\/kinamihealth.com\/fr\/product\/perfectha-finelines\/#primaryimage","url":"https:\/\/kinamihealth.com\/wp-content\/uploads\/2025\/02\/PERFECTHA-FINELINES-1ML-01.jpg","contentUrl":"https:\/\/kinamihealth.com\/wp-content\/uploads\/2025\/02\/PERFECTHA-FINELINES-1ML-01.jpg","width":800,"height":800},{"@type":"BreadcrumbList","@id":"https:\/\/kinamihealth.com\/fr\/product\/perfectha-finelines\/#breadcrumb","itemListElement":[{"@type":"ListItem","position":1,"name":"Page d'accueil","item":"https:\/\/kinamihealth.com\/"},{"@type":"ListItem","position":2,"name":"Boutique","item":"https:\/\/kinamihealth.com\/shop\/"},{"@type":"ListItem","position":3,"name":"PERFECTHA\u00ae FINELINES"}]},{"@type":"WebSite","@id":"https:\/\/kinamihealth.com\/#website","url":"https:\/\/kinamihealth.com\/","name":"Kinami Health","description":"","publisher":{"@id":"https:\/\/kinamihealth.com\/#organization"},"potentialAction":[{"@type":"SearchAction","target":{"@type":"EntryPoint","urlTemplate":"https:\/\/kinamihealth.com\/?s={search_term_string}"},"query-input":{"@type":"PropertyValueSpecification","valueRequired":true,"valueName":"search_term_string"}}],"inLanguage":"fr-FR"},{"@type":"Organization","@id":"https:\/\/kinamihealth.com\/#organization","name":"Kinami Health","url":"https:\/\/kinamihealth.com\/","logo":{"@type":"ImageObject","inLanguage":"fr-FR","@id":"https:\/\/kinamihealth.com\/#\/schema\/logo\/image\/","url":"https:\/\/kinamihealth.com\/wp-content\/uploads\/2025\/01\/KH_logo_black_2-1.png","contentUrl":"https:\/\/kinamihealth.com\/wp-content\/uploads\/2025\/01\/KH_logo_black_2-1.png","width":339,"height":34,"caption":"Kinami Health"},"image":{"@id":"https:\/\/kinamihealth.com\/#\/schema\/logo\/image\/"}}]}},"_links":{"self":[{"href":"https:\/\/kinamihealth.com\/fr\/wp-json\/wp\/v2\/product\/109550","targetHints":{"allow":["GET"]}}],"collection":[{"href":"https:\/\/kinamihealth.com\/fr\/wp-json\/wp\/v2\/product"}],"about":[{"href":"https:\/\/kinamihealth.com\/fr\/wp-json\/wp\/v2\/types\/product"}],"replies":[{"embeddable":true,"href":"https:\/\/kinamihealth.com\/fr\/wp-json\/wp\/v2\/comments?post=109550"}],"version-history":[{"count":0,"href":"https:\/\/kinamihealth.com\/fr\/wp-json\/wp\/v2\/product\/109550\/revisions"}],"wp:featuredmedia":[{"embeddable":true,"href":"https:\/\/kinamihealth.com\/fr\/wp-json\/wp\/v2\/media\/109551"}],"wp:attachment":[{"href":"https:\/\/kinamihealth.com\/fr\/wp-json\/wp\/v2\/media?parent=109550"}],"wp:term":[{"taxonomy":"product_brand","embeddable":true,"href":"https:\/\/kinamihealth.com\/fr\/wp-json\/wp\/v2\/product_brand?post=109550"},{"taxonomy":"product_cat","embeddable":true,"href":"https:\/\/kinamihealth.com\/fr\/wp-json\/wp\/v2\/product_cat?post=109550"},{"taxonomy":"product_tag","embeddable":true,"href":"https:\/\/kinamihealth.com\/fr\/wp-json\/wp\/v2\/product_tag?post=109550"}],"curies":[{"name":"wp","href":"https:\/\/api.w.org\/{rel}","templated":true}]}}