{"id":109543,"date":"2025-02-15T16:56:41","date_gmt":"2025-02-15T16:56:41","guid":{"rendered":"https:\/\/kinamihealth.com\/product\/perfectha-derm-lidocaine\/"},"modified":"2026-01-21T16:11:19","modified_gmt":"2026-01-21T16:11:19","slug":"perfectha-derm-lidocaine","status":"publish","type":"product","link":"https:\/\/kinamihealth.com\/fr\/produit\/perfectha-derm-lidocaine\/","title":{"rendered":"PERFECTHA\u00ae DERM Lidocaine"},"content":{"rendered":"<p>Perfectha Derm Lidocaine est un produit de comblement dermique injectable con\u00e7u pour traiter les rides moyennes, les rides glabellaires et les d\u00e9pressions cutan\u00e9es. Il peut \u00e9galement \u00eatre utilis\u00e9 pour red\u00e9finir le contour des l\u00e8vres. Ce gel d&#8217;acide hyaluronique r\u00e9ticul\u00e9 \u00e0 un taux de r\u00e9ticulation de 90 % est destin\u00e9 \u00e0 \u00eatre inject\u00e9 dans le derme moyen (couche interm\u00e9diaire de la peau).<\/p>\n","protected":false},"excerpt":{"rendered":"<p><strong>PERFECTHA\u00ae DERM Lidocaine <\/strong>est un <strong>produit de comblement injectable<\/strong> avanc\u00e9 con\u00e7u pour <strong>le rajeunissement du visage et des mains<\/strong>, offrant des avantages sup\u00e9rieurs en mati\u00e8re d&#8217;hydratation et de volume. Ce produit de comblement dermique biocompatible, \u00e0 base <strong>d&#8217;acide hyaluronique r\u00e9ticul\u00e9<\/strong>, offre des r\u00e9sultats exceptionnels en mati\u00e8re <strong>d&#8217;augmentation des l\u00e8vres, de correction des rides et de revitalisation de la peau. <\/strong><\/p>\n","protected":false},"featured_media":109540,"comment_status":"closed","ping_status":"closed","template":"","meta":{"_acf_changed":false,"inline_featured_image":false},"product_brand":[1285],"product_cat":[1217],"product_tag":[1222],"class_list":{"0":"post-109543","1":"product","2":"type-product","3":"status-publish","4":"has-post-thumbnail","6":"product_brand-perfectha","7":"product_cat-produits-de-comblement-dermique","8":"product_tag-dispositifs-medicaux","10":"first","11":"instock","12":"taxable","13":"shipping-taxable","14":"purchasable","15":"product-type-simple","16":"add-to-wishlist-before_image"},"acf":[],"yoast_head":"<!-- This site is optimized with the Yoast SEO plugin v27.5 - https:\/\/yoast.com\/product\/yoast-seo-wordpress\/ -->\n<title>Commander PERFECTHA\u00ae DERM Lidocaine en ligne | Boutique en ligne | Kinami Health<\/title>\n<meta name=\"description\" content=\"Commandez Perfectha Derm Lidocaine pour traiter efficacement les rides mod\u00e9r\u00e9es du visage et am\u00e9liorer le volume cutan\u00e9.\" \/>\n<meta name=\"robots\" content=\"index, follow, max-snippet:-1, max-image-preview:large, max-video-preview:-1\" \/>\n<link rel=\"canonical\" href=\"https:\/\/kinamihealth.com\/fr\/wp-json\/wp\/v2\/product\/109543\" \/>\n<meta property=\"og:locale\" content=\"fr_FR\" \/>\n<meta property=\"og:type\" content=\"article\" \/>\n<meta property=\"og:title\" content=\"Commander PERFECTHA\u00ae DERM Lidocaine en ligne | Boutique en ligne | Kinami Health\" \/>\n<meta property=\"og:description\" content=\"Commandez Perfectha Derm Lidocaine pour traiter efficacement les rides mod\u00e9r\u00e9es du visage et am\u00e9liorer le volume cutan\u00e9.\" \/>\n<meta property=\"og:url\" content=\"https:\/\/kinamihealth.com\/fr\/product\/perfectha-derm-lidocaine\/\" \/>\n<meta property=\"og:site_name\" content=\"Kinami Health\" \/>\n<meta property=\"article:modified_time\" content=\"2026-01-21T16:11:19+00:00\" \/>\n<meta property=\"og:image\" content=\"https:\/\/kinamihealth.com\/wp-content\/uploads\/2025\/02\/PERFECTHA-DERM-LIDOCAINE-1ML-03.jpg\" \/>\n\t<meta property=\"og:image:width\" content=\"800\" \/>\n\t<meta property=\"og:image:height\" content=\"800\" \/>\n\t<meta property=\"og:image:type\" content=\"image\/jpeg\" \/>\n<meta name=\"twitter:card\" content=\"summary_large_image\" \/>\n<meta name=\"twitter:label1\" content=\"Dur\u00e9e de lecture estim\u00e9e\" \/>\n\t<meta name=\"twitter:data1\" content=\"1 minute\" \/>\n<!-- \/ Yoast SEO plugin. -->","yoast_head_json":{"title":"Commander PERFECTHA\u00ae DERM Lidocaine en ligne | Boutique en ligne | Kinami Health","description":"Commandez Perfectha Derm Lidocaine pour traiter efficacement les rides mod\u00e9r\u00e9es du visage et am\u00e9liorer le volume cutan\u00e9.","robots":{"index":"index","follow":"follow","max-snippet":"max-snippet:-1","max-image-preview":"max-image-preview:large","max-video-preview":"max-video-preview:-1"},"canonical":"https:\/\/kinamihealth.com\/fr\/wp-json\/wp\/v2\/product\/109543","og_locale":"fr_FR","og_type":"article","og_title":"Commander PERFECTHA\u00ae DERM Lidocaine en ligne | Boutique en ligne | Kinami Health","og_description":"Commandez Perfectha Derm Lidocaine pour traiter efficacement les rides mod\u00e9r\u00e9es du visage et am\u00e9liorer le volume cutan\u00e9.","og_url":"https:\/\/kinamihealth.com\/fr\/product\/perfectha-derm-lidocaine\/","og_site_name":"Kinami Health","article_modified_time":"2026-01-21T16:11:19+00:00","og_image":[{"width":800,"height":800,"url":"https:\/\/kinamihealth.com\/wp-content\/uploads\/2025\/02\/PERFECTHA-DERM-LIDOCAINE-1ML-03.jpg","type":"image\/jpeg"}],"twitter_card":"summary_large_image","twitter_misc":{"Dur\u00e9e de lecture estim\u00e9e":"1 minute"},"schema":{"@context":"https:\/\/schema.org","@graph":[{"@type":"WebPage","@id":"https:\/\/kinamihealth.com\/fr\/product\/perfectha-derm-lidocaine\/","url":"https:\/\/kinamihealth.com\/fr\/product\/perfectha-derm-lidocaine\/","name":"Commander PERFECTHA\u00ae DERM Lidocaine en ligne | Boutique en ligne | Kinami Health","isPartOf":{"@id":"https:\/\/kinamihealth.com\/#website"},"primaryImageOfPage":{"@id":"https:\/\/kinamihealth.com\/fr\/product\/perfectha-derm-lidocaine\/#primaryimage"},"image":{"@id":"https:\/\/kinamihealth.com\/fr\/product\/perfectha-derm-lidocaine\/#primaryimage"},"thumbnailUrl":"https:\/\/kinamihealth.com\/wp-content\/uploads\/2025\/02\/PERFECTHA-DERM-LIDOCAINE-1ML-03.jpg","datePublished":"2025-02-15T16:56:41+00:00","dateModified":"2026-01-21T16:11:19+00:00","description":"Commandez Perfectha Derm Lidocaine pour traiter efficacement les rides mod\u00e9r\u00e9es du visage et am\u00e9liorer le volume cutan\u00e9.","breadcrumb":{"@id":"https:\/\/kinamihealth.com\/fr\/product\/perfectha-derm-lidocaine\/#breadcrumb"},"inLanguage":"fr-FR","potentialAction":[{"@type":"ReadAction","target":["https:\/\/kinamihealth.com\/fr\/product\/perfectha-derm-lidocaine\/"]}]},{"@type":"ImageObject","inLanguage":"fr-FR","@id":"https:\/\/kinamihealth.com\/fr\/product\/perfectha-derm-lidocaine\/#primaryimage","url":"https:\/\/kinamihealth.com\/wp-content\/uploads\/2025\/02\/PERFECTHA-DERM-LIDOCAINE-1ML-03.jpg","contentUrl":"https:\/\/kinamihealth.com\/wp-content\/uploads\/2025\/02\/PERFECTHA-DERM-LIDOCAINE-1ML-03.jpg","width":800,"height":800},{"@type":"BreadcrumbList","@id":"https:\/\/kinamihealth.com\/fr\/product\/perfectha-derm-lidocaine\/#breadcrumb","itemListElement":[{"@type":"ListItem","position":1,"name":"Page d'accueil","item":"https:\/\/kinamihealth.com\/"},{"@type":"ListItem","position":2,"name":"Boutique","item":"https:\/\/kinamihealth.com\/shop\/"},{"@type":"ListItem","position":3,"name":"PERFECTHA\u00ae DERM Lidocaine"}]},{"@type":"WebSite","@id":"https:\/\/kinamihealth.com\/#website","url":"https:\/\/kinamihealth.com\/","name":"Kinami Health","description":"","publisher":{"@id":"https:\/\/kinamihealth.com\/#organization"},"potentialAction":[{"@type":"SearchAction","target":{"@type":"EntryPoint","urlTemplate":"https:\/\/kinamihealth.com\/?s={search_term_string}"},"query-input":{"@type":"PropertyValueSpecification","valueRequired":true,"valueName":"search_term_string"}}],"inLanguage":"fr-FR"},{"@type":"Organization","@id":"https:\/\/kinamihealth.com\/#organization","name":"Kinami Health","url":"https:\/\/kinamihealth.com\/","logo":{"@type":"ImageObject","inLanguage":"fr-FR","@id":"https:\/\/kinamihealth.com\/#\/schema\/logo\/image\/","url":"https:\/\/kinamihealth.com\/wp-content\/uploads\/2025\/01\/KH_logo_black_2-1.png","contentUrl":"https:\/\/kinamihealth.com\/wp-content\/uploads\/2025\/01\/KH_logo_black_2-1.png","width":339,"height":34,"caption":"Kinami Health"},"image":{"@id":"https:\/\/kinamihealth.com\/#\/schema\/logo\/image\/"}}]}},"_links":{"self":[{"href":"https:\/\/kinamihealth.com\/fr\/wp-json\/wp\/v2\/product\/109543","targetHints":{"allow":["GET"]}}],"collection":[{"href":"https:\/\/kinamihealth.com\/fr\/wp-json\/wp\/v2\/product"}],"about":[{"href":"https:\/\/kinamihealth.com\/fr\/wp-json\/wp\/v2\/types\/product"}],"replies":[{"embeddable":true,"href":"https:\/\/kinamihealth.com\/fr\/wp-json\/wp\/v2\/comments?post=109543"}],"version-history":[{"count":0,"href":"https:\/\/kinamihealth.com\/fr\/wp-json\/wp\/v2\/product\/109543\/revisions"}],"wp:featuredmedia":[{"embeddable":true,"href":"https:\/\/kinamihealth.com\/fr\/wp-json\/wp\/v2\/media\/109540"}],"wp:attachment":[{"href":"https:\/\/kinamihealth.com\/fr\/wp-json\/wp\/v2\/media?parent=109543"}],"wp:term":[{"taxonomy":"product_brand","embeddable":true,"href":"https:\/\/kinamihealth.com\/fr\/wp-json\/wp\/v2\/product_brand?post=109543"},{"taxonomy":"product_cat","embeddable":true,"href":"https:\/\/kinamihealth.com\/fr\/wp-json\/wp\/v2\/product_cat?post=109543"},{"taxonomy":"product_tag","embeddable":true,"href":"https:\/\/kinamihealth.com\/fr\/wp-json\/wp\/v2\/product_tag?post=109543"}],"curies":[{"name":"wp","href":"https:\/\/api.w.org\/{rel}","templated":true}]}}