{"id":109536,"date":"2025-02-15T16:56:40","date_gmt":"2025-02-15T16:56:40","guid":{"rendered":"https:\/\/kinamihealth.com\/product\/perfectha-deep-lidocaine\/"},"modified":"2026-01-21T16:11:30","modified_gmt":"2026-01-21T16:11:30","slug":"perfectha-deep-lidocaine","status":"publish","type":"product","link":"https:\/\/kinamihealth.com\/fr\/produit\/perfectha-deep-lidocaine\/","title":{"rendered":"PERFECTHA\u00ae DEEP Lidocaine"},"content":{"rendered":"<p>Perfectha Deep Lidocaine est un gel de comblement \u00e0 base d&#8217;acide hyaluronique r\u00e9ticul\u00e9, formul\u00e9 pour traiter les rides profondes du visage et les d\u00e9pressions cutan\u00e9es. Perfectha Deep peut \u00e9galement \u00eatre utilis\u00e9 pour augmenter le volume des l\u00e8vres, red\u00e9finir le nez et traiter les sillons nasog\u00e9niens et les rides d&#8217;amertume. Avec un taux de r\u00e9ticulation de 90 %, le gel est inject\u00e9 dans le derme profond (couche la plus profonde de la peau).<\/p>\n","protected":false},"excerpt":{"rendered":"<p><strong>PERFECTHA\u00ae DEEP Lidocaine <\/strong>est un <strong>produit de comblement dermique <\/strong>injectable haut de gamme <strong>contenant 20 mg\/ml d&#8217;acide hyaluronique r\u00e9ticul\u00e9 et 0,3 % de lidoca\u00efne<\/strong>, destin\u00e9 aux traitements esth\u00e9tiques professionnels<strong>. <\/strong>Cette formule avanc\u00e9e est sp\u00e9cialement con\u00e7ue pour <strong>la correction des rides profondes, le remodelage du visage et la restauration du volume. <\/strong>Disponible pour les professionnels de sant\u00e9 agr\u00e9\u00e9s, Perfectha Deep avec lidoca\u00efne offre des r\u00e9sultats fiables et durables pour divers besoins d&#8217;am\u00e9lioration esth\u00e9tique.<\/p>\n","protected":false},"featured_media":109542,"comment_status":"closed","ping_status":"closed","template":"","meta":{"_acf_changed":false,"inline_featured_image":false},"product_brand":[1285],"product_cat":[1217],"product_tag":[1222],"class_list":{"0":"post-109536","1":"product","2":"type-product","3":"status-publish","4":"has-post-thumbnail","6":"product_brand-perfectha","7":"product_cat-produits-de-comblement-dermique","8":"product_tag-dispositifs-medicaux","10":"first","11":"instock","12":"taxable","13":"shipping-taxable","14":"purchasable","15":"product-type-simple","16":"add-to-wishlist-before_image"},"acf":[],"yoast_head":"<!-- This site is optimized with the Yoast SEO plugin v27.5 - https:\/\/yoast.com\/product\/yoast-seo-wordpress\/ -->\n<title>Commander PERFECTHA\u00ae DEEP Lidocaine en ligne | Boutique en ligne | Kinami Health<\/title>\n<meta name=\"description\" content=\"Commandez Perfectha Deep Lidocaine pour une correction des rides profondes, un remodelage du visage et une restauration du volume efficaces.\" \/>\n<meta name=\"robots\" content=\"index, follow, max-snippet:-1, max-image-preview:large, max-video-preview:-1\" \/>\n<link rel=\"canonical\" href=\"https:\/\/kinamihealth.com\/fr\/wp-json\/wp\/v2\/product\/109536\" \/>\n<meta property=\"og:locale\" content=\"fr_FR\" \/>\n<meta property=\"og:type\" content=\"article\" \/>\n<meta property=\"og:title\" content=\"Commander PERFECTHA\u00ae DEEP Lidocaine en ligne | Boutique en ligne | Kinami Health\" \/>\n<meta property=\"og:description\" content=\"Commandez Perfectha Deep Lidocaine pour une correction des rides profondes, un remodelage du visage et une restauration du volume efficaces.\" \/>\n<meta property=\"og:url\" content=\"https:\/\/kinamihealth.com\/fr\/product\/perfectha-deep-lidocaine\/\" \/>\n<meta property=\"og:site_name\" content=\"Kinami Health\" \/>\n<meta property=\"article:modified_time\" content=\"2026-01-21T16:11:30+00:00\" \/>\n<meta property=\"og:image\" content=\"https:\/\/kinamihealth.com\/wp-content\/uploads\/2025\/02\/PERFECTHA-DEEP-LIDOCAINE-1ML-03.jpg\" \/>\n\t<meta property=\"og:image:width\" content=\"800\" \/>\n\t<meta property=\"og:image:height\" content=\"800\" \/>\n\t<meta property=\"og:image:type\" content=\"image\/jpeg\" \/>\n<meta name=\"twitter:card\" content=\"summary_large_image\" \/>\n<meta name=\"twitter:label1\" content=\"Dur\u00e9e de lecture estim\u00e9e\" \/>\n\t<meta name=\"twitter:data1\" content=\"1 minute\" \/>\n<!-- \/ Yoast SEO plugin. -->","yoast_head_json":{"title":"Commander PERFECTHA\u00ae DEEP Lidocaine en ligne | Boutique en ligne | Kinami Health","description":"Commandez Perfectha Deep Lidocaine pour une correction des rides profondes, un remodelage du visage et une restauration du volume efficaces.","robots":{"index":"index","follow":"follow","max-snippet":"max-snippet:-1","max-image-preview":"max-image-preview:large","max-video-preview":"max-video-preview:-1"},"canonical":"https:\/\/kinamihealth.com\/fr\/wp-json\/wp\/v2\/product\/109536","og_locale":"fr_FR","og_type":"article","og_title":"Commander PERFECTHA\u00ae DEEP Lidocaine en ligne | Boutique en ligne | Kinami Health","og_description":"Commandez Perfectha Deep Lidocaine pour une correction des rides profondes, un remodelage du visage et une restauration du volume efficaces.","og_url":"https:\/\/kinamihealth.com\/fr\/product\/perfectha-deep-lidocaine\/","og_site_name":"Kinami Health","article_modified_time":"2026-01-21T16:11:30+00:00","og_image":[{"width":800,"height":800,"url":"https:\/\/kinamihealth.com\/wp-content\/uploads\/2025\/02\/PERFECTHA-DEEP-LIDOCAINE-1ML-03.jpg","type":"image\/jpeg"}],"twitter_card":"summary_large_image","twitter_misc":{"Dur\u00e9e de lecture estim\u00e9e":"1 minute"},"schema":{"@context":"https:\/\/schema.org","@graph":[{"@type":"WebPage","@id":"https:\/\/kinamihealth.com\/fr\/product\/perfectha-deep-lidocaine\/","url":"https:\/\/kinamihealth.com\/fr\/product\/perfectha-deep-lidocaine\/","name":"Commander PERFECTHA\u00ae DEEP Lidocaine en ligne | Boutique en ligne | Kinami Health","isPartOf":{"@id":"https:\/\/kinamihealth.com\/#website"},"primaryImageOfPage":{"@id":"https:\/\/kinamihealth.com\/fr\/product\/perfectha-deep-lidocaine\/#primaryimage"},"image":{"@id":"https:\/\/kinamihealth.com\/fr\/product\/perfectha-deep-lidocaine\/#primaryimage"},"thumbnailUrl":"https:\/\/kinamihealth.com\/wp-content\/uploads\/2025\/02\/PERFECTHA-DEEP-LIDOCAINE-1ML-03.jpg","datePublished":"2025-02-15T16:56:40+00:00","dateModified":"2026-01-21T16:11:30+00:00","description":"Commandez Perfectha Deep Lidocaine pour une correction des rides profondes, un remodelage du visage et une restauration du volume efficaces.","breadcrumb":{"@id":"https:\/\/kinamihealth.com\/fr\/product\/perfectha-deep-lidocaine\/#breadcrumb"},"inLanguage":"fr-FR","potentialAction":[{"@type":"ReadAction","target":["https:\/\/kinamihealth.com\/fr\/product\/perfectha-deep-lidocaine\/"]}]},{"@type":"ImageObject","inLanguage":"fr-FR","@id":"https:\/\/kinamihealth.com\/fr\/product\/perfectha-deep-lidocaine\/#primaryimage","url":"https:\/\/kinamihealth.com\/wp-content\/uploads\/2025\/02\/PERFECTHA-DEEP-LIDOCAINE-1ML-03.jpg","contentUrl":"https:\/\/kinamihealth.com\/wp-content\/uploads\/2025\/02\/PERFECTHA-DEEP-LIDOCAINE-1ML-03.jpg","width":800,"height":800},{"@type":"BreadcrumbList","@id":"https:\/\/kinamihealth.com\/fr\/product\/perfectha-deep-lidocaine\/#breadcrumb","itemListElement":[{"@type":"ListItem","position":1,"name":"Page d'accueil","item":"https:\/\/kinamihealth.com\/"},{"@type":"ListItem","position":2,"name":"Boutique","item":"https:\/\/kinamihealth.com\/shop\/"},{"@type":"ListItem","position":3,"name":"PERFECTHA\u00ae DEEP Lidocaine"}]},{"@type":"WebSite","@id":"https:\/\/kinamihealth.com\/#website","url":"https:\/\/kinamihealth.com\/","name":"Kinami Health","description":"","publisher":{"@id":"https:\/\/kinamihealth.com\/#organization"},"potentialAction":[{"@type":"SearchAction","target":{"@type":"EntryPoint","urlTemplate":"https:\/\/kinamihealth.com\/?s={search_term_string}"},"query-input":{"@type":"PropertyValueSpecification","valueRequired":true,"valueName":"search_term_string"}}],"inLanguage":"fr-FR"},{"@type":"Organization","@id":"https:\/\/kinamihealth.com\/#organization","name":"Kinami Health","url":"https:\/\/kinamihealth.com\/","logo":{"@type":"ImageObject","inLanguage":"fr-FR","@id":"https:\/\/kinamihealth.com\/#\/schema\/logo\/image\/","url":"https:\/\/kinamihealth.com\/wp-content\/uploads\/2025\/01\/KH_logo_black_2-1.png","contentUrl":"https:\/\/kinamihealth.com\/wp-content\/uploads\/2025\/01\/KH_logo_black_2-1.png","width":339,"height":34,"caption":"Kinami Health"},"image":{"@id":"https:\/\/kinamihealth.com\/#\/schema\/logo\/image\/"}}]}},"_links":{"self":[{"href":"https:\/\/kinamihealth.com\/fr\/wp-json\/wp\/v2\/product\/109536","targetHints":{"allow":["GET"]}}],"collection":[{"href":"https:\/\/kinamihealth.com\/fr\/wp-json\/wp\/v2\/product"}],"about":[{"href":"https:\/\/kinamihealth.com\/fr\/wp-json\/wp\/v2\/types\/product"}],"replies":[{"embeddable":true,"href":"https:\/\/kinamihealth.com\/fr\/wp-json\/wp\/v2\/comments?post=109536"}],"version-history":[{"count":0,"href":"https:\/\/kinamihealth.com\/fr\/wp-json\/wp\/v2\/product\/109536\/revisions"}],"wp:featuredmedia":[{"embeddable":true,"href":"https:\/\/kinamihealth.com\/fr\/wp-json\/wp\/v2\/media\/109542"}],"wp:attachment":[{"href":"https:\/\/kinamihealth.com\/fr\/wp-json\/wp\/v2\/media?parent=109536"}],"wp:term":[{"taxonomy":"product_brand","embeddable":true,"href":"https:\/\/kinamihealth.com\/fr\/wp-json\/wp\/v2\/product_brand?post=109536"},{"taxonomy":"product_cat","embeddable":true,"href":"https:\/\/kinamihealth.com\/fr\/wp-json\/wp\/v2\/product_cat?post=109536"},{"taxonomy":"product_tag","embeddable":true,"href":"https:\/\/kinamihealth.com\/fr\/wp-json\/wp\/v2\/product_tag?post=109536"}],"curies":[{"name":"wp","href":"https:\/\/api.w.org\/{rel}","templated":true}]}}