{"id":109444,"date":"2025-02-15T16:56:29","date_gmt":"2025-02-15T16:56:29","guid":{"rendered":"https:\/\/kinamihealth.com\/product\/nithya-endless-beauty\/"},"modified":"2026-01-21T16:14:30","modified_gmt":"2026-01-21T16:14:30","slug":"nithya-endless-beauty","status":"publish","type":"product","link":"https:\/\/kinamihealth.com\/fr\/produit\/nithya-endless-beauty\/","title":{"rendered":"NITHYA ENDLESS BEAUTY"},"content":{"rendered":"<p>NITHYA ENDLESS BEAUTY r\u00e9duit les rides sur les zones d\u00e9licates telles que le contour des yeux, tout en pr\u00e9venant la perte de fermet\u00e9 de la peau. Ce produit de comblement dermique est \u00e9galement efficace dans le traitement des cicatrices d&#8217;acn\u00e9.<\/p>\n","protected":false},"excerpt":{"rendered":"<p>Commandez Nithya Endless Beauty, un traitement esth\u00e9tique haut de gamme \u00e0 base de collag\u00e8ne \u00e9quin de type 1, un alli\u00e9 essentiel dans la lutte contre le vieillissement cutan\u00e9. Le collag\u00e8ne est essentiel pour maintenir la fermet\u00e9, le tonus et la sant\u00e9 de la peau. En stimulant les fibroblastes \u00e0 produire du nouveau collag\u00e8ne, ce produit aide \u00e0 soutenir la r\u00e9g\u00e9n\u00e9ration naturelle de la peau.<\/p>\n","protected":false},"featured_media":109447,"comment_status":"closed","ping_status":"closed","template":"","meta":{"_acf_changed":false,"inline_featured_image":false},"product_brand":[1195],"product_cat":[1217],"product_tag":[1222],"class_list":{"0":"post-109444","1":"product","2":"type-product","3":"status-publish","4":"has-post-thumbnail","6":"product_brand-nithya","7":"product_cat-produits-de-comblement-dermique","8":"product_tag-dispositifs-medicaux","10":"first","11":"instock","12":"taxable","13":"shipping-taxable","14":"purchasable","15":"product-type-simple","16":"add-to-wishlist-before_image"},"acf":[],"yoast_head":"<!-- This site is optimized with the Yoast SEO plugin v27.3 - https:\/\/yoast.com\/product\/yoast-seo-wordpress\/ -->\n<title>Commander NITHYA ENDLESS BEAUTY en ligne | Boutique en ligne | Kinami Health<\/title>\n<meta name=\"description\" content=\"Commandez Nithya Endless Beauty en ligne \u2013 un traitement haut de gamme \u00e0 base de collag\u00e8ne qui am\u00e9liore l&#039;\u00e9lasticit\u00e9 de la peau, r\u00e9duit les rides et favorise la r\u00e9g\u00e9n\u00e9ration naturelle.\" \/>\n<meta name=\"robots\" content=\"index, follow, max-snippet:-1, max-image-preview:large, max-video-preview:-1\" \/>\n<link rel=\"canonical\" href=\"https:\/\/kinamihealth.com\/fr\/wp-json\/wp\/v2\/product\/109444\" \/>\n<meta property=\"og:locale\" content=\"fr_FR\" \/>\n<meta property=\"og:type\" content=\"article\" \/>\n<meta property=\"og:title\" content=\"Commander NITHYA ENDLESS BEAUTY en ligne | Boutique en ligne | Kinami Health\" \/>\n<meta property=\"og:description\" content=\"Commandez Nithya Endless Beauty en ligne \u2013 un traitement haut de gamme \u00e0 base de collag\u00e8ne qui am\u00e9liore l&#039;\u00e9lasticit\u00e9 de la peau, r\u00e9duit les rides et favorise la r\u00e9g\u00e9n\u00e9ration naturelle.\" \/>\n<meta property=\"og:url\" content=\"https:\/\/kinamihealth.com\/fr\/product\/nithya-endless-beauty\/\" \/>\n<meta property=\"og:site_name\" content=\"Kinami Health\" \/>\n<meta property=\"article:modified_time\" content=\"2026-01-21T16:14:30+00:00\" \/>\n<meta property=\"og:image\" content=\"https:\/\/kinamihealth.com\/wp-content\/uploads\/2025\/02\/Nithya_Endless-Beauty_F.webp\" \/>\n\t<meta property=\"og:image:width\" content=\"1500\" \/>\n\t<meta property=\"og:image:height\" content=\"1500\" \/>\n\t<meta property=\"og:image:type\" content=\"image\/webp\" \/>\n<meta name=\"twitter:card\" content=\"summary_large_image\" \/>\n<meta name=\"twitter:label1\" content=\"Dur\u00e9e de lecture estim\u00e9e\" \/>\n\t<meta name=\"twitter:data1\" content=\"1 minute\" \/>\n<!-- \/ Yoast SEO plugin. -->","yoast_head_json":{"title":"Commander NITHYA ENDLESS BEAUTY en ligne | Boutique en ligne | Kinami Health","description":"Commandez Nithya Endless Beauty en ligne \u2013 un traitement haut de gamme \u00e0 base de collag\u00e8ne qui am\u00e9liore l'\u00e9lasticit\u00e9 de la peau, r\u00e9duit les rides et favorise la r\u00e9g\u00e9n\u00e9ration naturelle.","robots":{"index":"index","follow":"follow","max-snippet":"max-snippet:-1","max-image-preview":"max-image-preview:large","max-video-preview":"max-video-preview:-1"},"canonical":"https:\/\/kinamihealth.com\/fr\/wp-json\/wp\/v2\/product\/109444","og_locale":"fr_FR","og_type":"article","og_title":"Commander NITHYA ENDLESS BEAUTY en ligne | Boutique en ligne | Kinami Health","og_description":"Commandez Nithya Endless Beauty en ligne \u2013 un traitement haut de gamme \u00e0 base de collag\u00e8ne qui am\u00e9liore l'\u00e9lasticit\u00e9 de la peau, r\u00e9duit les rides et favorise la r\u00e9g\u00e9n\u00e9ration naturelle.","og_url":"https:\/\/kinamihealth.com\/fr\/product\/nithya-endless-beauty\/","og_site_name":"Kinami Health","article_modified_time":"2026-01-21T16:14:30+00:00","og_image":[{"width":1500,"height":1500,"url":"https:\/\/kinamihealth.com\/wp-content\/uploads\/2025\/02\/Nithya_Endless-Beauty_F.webp","type":"image\/webp"}],"twitter_card":"summary_large_image","twitter_misc":{"Dur\u00e9e de lecture estim\u00e9e":"1 minute"},"schema":{"@context":"https:\/\/schema.org","@graph":[{"@type":"WebPage","@id":"https:\/\/kinamihealth.com\/fr\/product\/nithya-endless-beauty\/","url":"https:\/\/kinamihealth.com\/fr\/product\/nithya-endless-beauty\/","name":"Commander NITHYA ENDLESS BEAUTY en ligne | Boutique en ligne | Kinami Health","isPartOf":{"@id":"https:\/\/kinamihealth.com\/#website"},"primaryImageOfPage":{"@id":"https:\/\/kinamihealth.com\/fr\/product\/nithya-endless-beauty\/#primaryimage"},"image":{"@id":"https:\/\/kinamihealth.com\/fr\/product\/nithya-endless-beauty\/#primaryimage"},"thumbnailUrl":"https:\/\/kinamihealth.com\/wp-content\/uploads\/2025\/02\/Nithya_Endless-Beauty_F.webp","datePublished":"2025-02-15T16:56:29+00:00","dateModified":"2026-01-21T16:14:30+00:00","description":"Commandez Nithya Endless Beauty en ligne \u2013 un traitement haut de gamme \u00e0 base de collag\u00e8ne qui am\u00e9liore l'\u00e9lasticit\u00e9 de la peau, r\u00e9duit les rides et favorise la r\u00e9g\u00e9n\u00e9ration naturelle.","breadcrumb":{"@id":"https:\/\/kinamihealth.com\/fr\/product\/nithya-endless-beauty\/#breadcrumb"},"inLanguage":"fr-FR","potentialAction":[{"@type":"ReadAction","target":["https:\/\/kinamihealth.com\/fr\/product\/nithya-endless-beauty\/"]}]},{"@type":"ImageObject","inLanguage":"fr-FR","@id":"https:\/\/kinamihealth.com\/fr\/product\/nithya-endless-beauty\/#primaryimage","url":"https:\/\/kinamihealth.com\/wp-content\/uploads\/2025\/02\/Nithya_Endless-Beauty_F.webp","contentUrl":"https:\/\/kinamihealth.com\/wp-content\/uploads\/2025\/02\/Nithya_Endless-Beauty_F.webp","width":1500,"height":1500},{"@type":"BreadcrumbList","@id":"https:\/\/kinamihealth.com\/fr\/product\/nithya-endless-beauty\/#breadcrumb","itemListElement":[{"@type":"ListItem","position":1,"name":"Page d'accueil","item":"https:\/\/kinamihealth.com\/"},{"@type":"ListItem","position":2,"name":"Boutique","item":"https:\/\/kinamihealth.com\/shop\/"},{"@type":"ListItem","position":3,"name":"NITHYA ENDLESS BEAUTY"}]},{"@type":"WebSite","@id":"https:\/\/kinamihealth.com\/#website","url":"https:\/\/kinamihealth.com\/","name":"Kinami Health","description":"","publisher":{"@id":"https:\/\/kinamihealth.com\/#organization"},"potentialAction":[{"@type":"SearchAction","target":{"@type":"EntryPoint","urlTemplate":"https:\/\/kinamihealth.com\/?s={search_term_string}"},"query-input":{"@type":"PropertyValueSpecification","valueRequired":true,"valueName":"search_term_string"}}],"inLanguage":"fr-FR"},{"@type":"Organization","@id":"https:\/\/kinamihealth.com\/#organization","name":"Kinami Health","url":"https:\/\/kinamihealth.com\/","logo":{"@type":"ImageObject","inLanguage":"fr-FR","@id":"https:\/\/kinamihealth.com\/#\/schema\/logo\/image\/","url":"https:\/\/kinamihealth.com\/wp-content\/uploads\/2025\/01\/KH_logo_black_2-1.png","contentUrl":"https:\/\/kinamihealth.com\/wp-content\/uploads\/2025\/01\/KH_logo_black_2-1.png","width":339,"height":34,"caption":"Kinami Health"},"image":{"@id":"https:\/\/kinamihealth.com\/#\/schema\/logo\/image\/"}}]}},"_links":{"self":[{"href":"https:\/\/kinamihealth.com\/fr\/wp-json\/wp\/v2\/product\/109444","targetHints":{"allow":["GET"]}}],"collection":[{"href":"https:\/\/kinamihealth.com\/fr\/wp-json\/wp\/v2\/product"}],"about":[{"href":"https:\/\/kinamihealth.com\/fr\/wp-json\/wp\/v2\/types\/product"}],"replies":[{"embeddable":true,"href":"https:\/\/kinamihealth.com\/fr\/wp-json\/wp\/v2\/comments?post=109444"}],"version-history":[{"count":0,"href":"https:\/\/kinamihealth.com\/fr\/wp-json\/wp\/v2\/product\/109444\/revisions"}],"wp:featuredmedia":[{"embeddable":true,"href":"https:\/\/kinamihealth.com\/fr\/wp-json\/wp\/v2\/media\/109447"}],"wp:attachment":[{"href":"https:\/\/kinamihealth.com\/fr\/wp-json\/wp\/v2\/media?parent=109444"}],"wp:term":[{"taxonomy":"product_brand","embeddable":true,"href":"https:\/\/kinamihealth.com\/fr\/wp-json\/wp\/v2\/product_brand?post=109444"},{"taxonomy":"product_cat","embeddable":true,"href":"https:\/\/kinamihealth.com\/fr\/wp-json\/wp\/v2\/product_cat?post=109444"},{"taxonomy":"product_tag","embeddable":true,"href":"https:\/\/kinamihealth.com\/fr\/wp-json\/wp\/v2\/product_tag?post=109444"}],"curies":[{"name":"wp","href":"https:\/\/api.w.org\/{rel}","templated":true}]}}